{"id":2239,"date":"2025-09-20T09:13:23","date_gmt":"2025-09-20T09:13:23","guid":{"rendered":"https:\/\/dutchchemlabs.com\/?post_type=product&#038;p=2239"},"modified":"2025-11-08T07:39:15","modified_gmt":"2025-11-08T07:39:15","slug":"cbd-pilulky-25mg","status":"publish","type":"product","link":"https:\/\/dutchchemlabs.com\/cs\/product\/cbd-pilulky-25mg\/","title":{"rendered":"CBD tablety (25 mg)"},"content":{"rendered":"<h1><strong>CBD pilulky kope<\/strong><strong>n - 25 mg<\/strong><\/h1>\n<p>Na dutchchemlabs.com jsme hrd\u00ed na to, \u017ee m\u016f\u017eeme nab\u00eddnout na\u0161e vysoce kvalitn\u00ed CBD Pills 25 mg. Tyto tablety p\u0159edstavuj\u00ed snadn\u00fd a \u00fa\u010dinn\u00fd zp\u016fsob, jak za\u010dlenit v\u00fdhody kanabidiolu (CBD) do sv\u00e9ho ka\u017edodenn\u00edho \u017eivota. Na\u0161e CBD tablety jsou vyrobeny z \u010dist\u00e9ho a p\u0159\u00edrodn\u00edho extraktu CBD a jsou navr\u017eeny tak, aby v\u00e1s podpo\u0159ily v podpo\u0159e va\u0161eho celkov\u00e9ho zdrav\u00ed a pohody.<\/p>\n<h2>Pro\u010d si vybrat CBD Pills?<\/h2>\n<ul>\n<li><strong>Vysok\u00e1 kvalita:<\/strong> Na\u0161e pilulky CBD jsou vyrobeny z nejlep\u0161\u00edch rostlin konop\u00ed a obsahuj\u00ed \u010dist\u00fd p\u0159\u00edrodn\u00ed extrakt CBD. Ka\u017ed\u00e1 tableta obsahuje p\u0159esn\u011b 25 mg CBD pro p\u0159esn\u00e9 d\u00e1vkov\u00e1n\u00ed.<\/li>\n<li><strong>Snadn\u00e9 pou\u017eit\u00ed:<\/strong> Tablety CBD p\u0159edstavuj\u00ed jednoduch\u00fd a diskr\u00e9tn\u00ed zp\u016fsob, jak u\u017e\u00edvat denn\u00ed d\u00e1vku CBD. \u017d\u00e1dn\u00e9 pot\u00ed\u017ee s oleji nebo tinkturami, sta\u010d\u00ed zap\u00edt pilulku vodou.<\/li>\n<li><strong>Zdravotn\u00ed v\u00fdhody:<\/strong> CBD je zn\u00e1m\u00fd pro sv\u00e9 \u010detn\u00e9 zdravotn\u00ed \u00fa\u010dinky, v\u010detn\u011b podpory relaxace, zdrav\u00e9ho sp\u00e1nku a sni\u017eov\u00e1n\u00ed stresu a \u00fazkosti.<\/li>\n<li><strong>\u017d\u00e1dn\u00e9 psychoaktivn\u00ed \u00fa\u010dinky:<\/strong> Na\u0161e tablety CBD neobsahuj\u00ed THC, tak\u017ee si m\u016f\u017eete u\u017e\u00edvat v\u00fdhod CBD bez psychoaktivn\u00edch \u00fa\u010dink\u016f.<\/li>\n<li><strong>Laboratorn\u011b testov\u00e1no:<\/strong> Zaru\u010dujeme nejvy\u0161\u0161\u00ed kvalitu a \u010distotu na\u0161ich v\u00fdrobk\u016f. Na\u0161e pilulky CBD jsou testov\u00e1ny nez\u00e1visl\u00fdmi laborato\u0159emi, aby byla zaji\u0161t\u011bna konzistence a bezpe\u010dnost.<\/li>\n<\/ul>\n<p><strong>Tipy pro pou\u017eit\u00ed:<\/strong><\/p>\n<ul>\n<li><strong>D\u00e1vkov\u00e1n\u00ed:<\/strong> Za\u010dn\u011bte s jednou pilulkou 25 mg denn\u011b. D\u00e1vkov\u00e1n\u00ed upravte podle sv\u00fdch pot\u0159eb a reakce na CBD.<\/li>\n<li><strong>P\u0159\u00edjem:<\/strong> Tabletu zapijte sklenic\u00ed vody, nejl\u00e9pe b\u011bhem j\u00eddla, aby se optim\u00e1ln\u011b vst\u0159eb\u00e1vala.<\/li>\n<li><strong>Rady pro skladov\u00e1n\u00ed:<\/strong> Tablety CBD skladujte na chladn\u00e9m a such\u00e9m m\u00edst\u011b, mimo dosah p\u0159\u00edm\u00e9ho slune\u010dn\u00edho sv\u011btla a vlhkosti, abyste zachovali jejich kvalitu.<\/li>\n<\/ul>\n<h2>Pro\u010d objedn\u00e1vat z dutchchemlabs.com?<\/h2>\n<ul>\n<li><strong>Diskr\u00e9tn\u011b zabalen\u00e9:<\/strong> Respektujeme va\u0161e soukrom\u00ed a db\u00e1me na to, aby v\u0161echny na\u0161e objedn\u00e1vky byly zabaleny a odesl\u00e1ny diskr\u00e9tn\u011b.<\/li>\n<li><strong>Rychl\u00e9 dod\u00e1n\u00ed:<\/strong> Ve spole\u010dnosti dutchchemlabs.com usilujeme o rychl\u00e9 a spolehliv\u00e9 dod\u00e1n\u00ed. Objednejte si je\u0161t\u011b dnes a obdr\u017e\u00edte CBD Pills 25 mg rychle a bezpe\u010dn\u011b a\u017e k v\u00e1m dom\u016f.<\/li>\n<li><strong>Vynikaj\u00edc\u00ed z\u00e1kaznick\u00fd servis:<\/strong> N\u00e1\u0161 specializovan\u00fd t\u00fdm je zde, aby v\u00e1m pomohl se v\u0161emi va\u0161imi dotazy a obavami. A\u0165 u\u017e pot\u0159ebujete poradit s pou\u017e\u00edv\u00e1n\u00edm na\u0161ich v\u00fdrobk\u016f nebo pomoci s objedn\u00e1vkou, jsme tu pro v\u00e1s.<\/li>\n<\/ul>\n<h2>Objednejte si nyn\u00ed a za\u017eijte v\u00fdhody CBD Pills!<\/h2>\n<p>P\u0159idejte si CBD Pills 25mg do ko\u0161\u00edku na dutchchemlabs.com a objevte zdravotn\u00ed v\u00fdhody CBD na vlastn\u00ed k\u016f\u017ei. Nechte dutchchemlabs.com b\u00fdt va\u0161\u00edm d\u016fv\u011bryhodn\u00fdm zdrojem t\u011bch nejlep\u0161\u00edch CBD produkt\u016f na trhu!<\/p>\n<hr \/>\n<p>Koupit CBD Pills 25mg na dutchchemlabs.com. U\u017eijte si zdravotn\u00ed v\u00fdhody vysoce kvalitn\u00edch CBD tablet. Rychl\u00e9 a diskr\u00e9tn\u00ed dod\u00e1n\u00ed!<\/p>\n<p>CBD pilulky, CBD 25mg, kanabidiol, CBD zdrav\u00ed, CBD v\u00fdhody, koupit CBD, dutchchemlabs.com, p\u0159\u00edrodn\u00ed CBD, vysoce kvalitn\u00ed CBD pilulky, diskr\u00e9tn\u00ed doru\u010den\u00ed.<\/p>\n<hr \/>\n<h2>Objedn\u00e1no do 18:00 = doru\u010deno z\u00edtra!<\/h2>\n<p><strong>Objedn\u00e1no do 18:00 = doru\u010deno z\u00edtra! <\/strong>Va\u0161e objedn\u00e1vka bude odesl\u00e1na anonymn\u011b a diskr\u00e9tn\u011b prost\u0159ednictv\u00edm na\u0161eho st\u00e1l\u00e9ho partnera, spole\u010dnosti PostNL. Krom\u011b toho m\u016f\u017eete snadno a rychle zaplatit pomoc\u00ed iDEAL nebo Bancontact. Objedn\u00e1vejte prost\u0159ednictv\u00edm webu nebo n\u00e1s kontaktujte p\u0159es chat. V p\u0159\u00edpad\u011b jak\u00fdchkoli dotaz\u016f a\/nebo p\u0159ipom\u00ednek n\u00e1m m\u016f\u017eete kdykoli zavolat, napsat e-mail nebo zavolat. V p\u0159\u00edpad\u011b objedn\u00e1vek v\u011bt\u0161\u00edho mno\u017estv\u00ed za\u0161lete e-mail na adresu info@dutchchemlabs.com. T\u011b\u0161\u00edme se na va\u0161i objedn\u00e1vku!<\/p>\n<h2>Dod\u00e1v\u00e1me tak\u00e9 velk\u00e9 mno\u017estv\u00ed<\/h2>\n<p>Chcete si objednat pelety ve v\u011bt\u0161\u00edm mno\u017estv\u00ed? Pak n\u00e1s kontaktujte prost\u0159ednictv\u00edm chatu. dutchchemlabs.com nab\u00edz\u00ed konkurenceschopn\u00e9 ceny za v\u011bt\u0161\u00ed mno\u017estv\u00ed. Ne\u010dekejte d\u00e9le a kontaktujte n\u00e1s je\u0161t\u011b dnes.<\/p>\n<div id=\"ConnectiveDocSignExtentionInstalled\" data-extension-version=\"1.0.4\"><\/div>","protected":false},"excerpt":{"rendered":"<ul>\n<li><strong>Diskr\u00e9tn\u00ed a anonymn\u00ed p\u0159eprava<\/strong><\/li>\n<li><strong>Objedn\u00e1no do 18:00 = doru\u010deno z\u00edtra!<\/strong><\/li>\n<li><strong>Doprava zdarma nad 50 \u20ac<\/strong><\/li>\n<\/ul>\n<div id=\"ConnectiveDocSignExtentionInstalled\" data-extension-version=\"1.0.4\"><\/div>","protected":false},"featured_media":8966,"comment_status":"open","ping_status":"closed","template":"","meta":[],"product_brand":[],"product_cat":[89,188],"product_tag":[],"class_list":{"0":"post-2239","1":"product","2":"type-product","3":"status-publish","4":"has-post-thumbnail","6":"product_cat-gefluoreerden","7":"product_cat-pentedrone-nep","9":"first","10":"instock","11":"taxable","12":"shipping-taxable","13":"purchasable","14":"product-type-variable"},"jetpack_sharing_enabled":true,"_links":{"self":[{"href":"https:\/\/dutchchemlabs.com\/cs\/wp-json\/wp\/v2\/product\/2239","targetHints":{"allow":["GET"]}}],"collection":[{"href":"https:\/\/dutchchemlabs.com\/cs\/wp-json\/wp\/v2\/product"}],"about":[{"href":"https:\/\/dutchchemlabs.com\/cs\/wp-json\/wp\/v2\/types\/product"}],"replies":[{"embeddable":true,"href":"https:\/\/dutchchemlabs.com\/cs\/wp-json\/wp\/v2\/comments?post=2239"}],"version-history":[{"count":2,"href":"https:\/\/dutchchemlabs.com\/cs\/wp-json\/wp\/v2\/product\/2239\/revisions"}],"predecessor-version":[{"id":8967,"href":"https:\/\/dutchchemlabs.com\/cs\/wp-json\/wp\/v2\/product\/2239\/revisions\/8967"}],"wp:featuredmedia":[{"embeddable":true,"href":"https:\/\/dutchchemlabs.com\/cs\/wp-json\/wp\/v2\/media\/8966"}],"wp:attachment":[{"href":"https:\/\/dutchchemlabs.com\/cs\/wp-json\/wp\/v2\/media?parent=2239"}],"wp:term":[{"taxonomy":"product_brand","embeddable":true,"href":"https:\/\/dutchchemlabs.com\/cs\/wp-json\/wp\/v2\/product_brand?post=2239"},{"taxonomy":"product_cat","embeddable":true,"href":"https:\/\/dutchchemlabs.com\/cs\/wp-json\/wp\/v2\/product_cat?post=2239"},{"taxonomy":"product_tag","embeddable":true,"href":"https:\/\/dutchchemlabs.com\/cs\/wp-json\/wp\/v2\/product_tag?post=2239"}],"curies":[{"name":"wp","href":"https:\/\/api.w.org\/{rel}","templated":true}]}}