{"id":3144,"date":"2025-09-20T09:18:08","date_gmt":"2025-09-20T09:18:08","guid":{"rendered":"https:\/\/dutchchemlabs.com\/?post_type=product&#038;p=3144"},"modified":"2025-11-08T07:39:14","modified_gmt":"2025-11-08T07:39:14","slug":"1cp-lsd-art-blotters-150mcg","status":"publish","type":"product","link":"https:\/\/dutchchemlabs.com\/cs\/product\/1cp-lsd-art-blotters-150mcg\/","title":{"rendered":"1cP-LSD Art Blotters - 150mcg"},"content":{"rendered":"<h1>Koupit 1cP-LSD Art Blotters<\/h1>\n<p>Oboha\u0165te sv\u016fj v\u00fdzkum o exkluzivn\u00ed um\u011bleck\u00e9 skvrny 1cP-LSD (150mcg), kter\u00e9 jsou nyn\u00ed k dispozici na dutchchemlabs.com. Tyto blottery kombinuj\u00ed v\u00fdkonnou p\u0159esnost s um\u011bleck\u00fdm vkusem a jsou ide\u00e1ln\u00ed pro v\u00fdzkumn\u00edky, kte\u0159\u00ed si cen\u00ed nejen kvality, ale tak\u00e9 estetiky.<\/p>\n<h3>Co je 1cP-LSD Art Blotters?<\/h3>\n<p>N\u00e1\u0161 1cP-LSD, kter\u00fd je k dispozici v kr\u00e1sn\u011b navr\u017een\u00fdch skvrn\u00e1ch, zaru\u010duje \u010distotu a konzistenci. A\u0165 u\u017e m\u00e1te z\u00e1jem o strukturn\u00ed srovn\u00e1n\u00ed s 1P-LSD nebo o hloubkovou anal\u00fdzu \u00fa\u010dink\u016f, tyto blottery poskytuj\u00ed spolehliv\u00fd z\u00e1klad pro v\u00e1\u0161 v\u00fdzkum.<\/p>\n<h3>1cP-LSD Recenze<\/h3>\n<p>Pokud si pro objedn\u00e1n\u00ed LSD vyberete dutchchemlabs.com, m\u00e1te jistotu bezpe\u010dn\u00e9ho a diskr\u00e9tn\u00edho vy\u0159\u00edzen\u00ed va\u0161\u00ed objedn\u00e1vky. Ch\u00e1peme d\u016fle\u017eitost soukrom\u00ed a bezpe\u010dnosti pro na\u0161e z\u00e1kazn\u00edky a sna\u017e\u00edme se ji zajistit na ka\u017ed\u00e9m kroku.<\/p>\n<h3>Z\u00e1\u017eitky s 1cP-LSD<\/h3>\n<p>Tyto speci\u00e1ln\u011b navr\u017een\u00e9 um\u011bleck\u00e9 skvrny jsou nejen p\u0159\u00edjemn\u00e9 na pohled, ale tak\u00e9 pokladem kvality. Ka\u017ed\u00e1 skvrna p\u0159esn\u011b obsahuje 150mcg 1cP-LSD, co\u017e je ide\u00e1ln\u00ed pro p\u0159esn\u00e9 d\u00e1vkov\u00e1n\u00ed a efektivn\u00ed v\u00fdsledky va\u0161eho v\u011bdeck\u00e9ho v\u00fdzkumu.<\/p>\n<h3>Objednat 1cP-LSD z dutchchemlabs.com?<\/h3>\n<ol>\n<li>Nav\u0161tivte na\u0161e webov\u00e9 str\u00e1nky a p\u0159ejd\u011bte do sekce produkt\u016f 1cP-LSD.<\/li>\n<li>Vyberte 1cP-LSD Art Blotters (150mcg) a p\u0159idejte jej do ko\u0161\u00edku.<\/li>\n<li>Dokon\u010dete objedn\u00e1vku zad\u00e1n\u00edm platebn\u00edch \u00fadaj\u016f a bezpe\u010dn\u011b dokon\u010dete objedn\u00e1vku.<\/li>\n<\/ol>\n<h3>Koupit LSD<\/h3>\n<p>Jste p\u0159ipraveni obohatit sv\u016fj v\u00fdzkum o na\u0161e vysoce kvalitn\u00ed 1cP-LSD Art Blotters? Nav\u0161tivte dutchchemlabs.com a objednejte si je\u0161t\u011b dnes! P\u0159esv\u011bd\u010dte se sami, pro\u010d tolik v\u00fdzkumn\u00edk\u016f d\u016fv\u011b\u0159uje spole\u010dnosti dutchchemlabs.com, pokud jde o jejich v\u00fdzkumn\u00e9 chemik\u00e1lie.<\/p>","protected":false},"excerpt":{"rendered":"<ul>\n<li><strong>Diskr\u00e9tn\u00ed a anonymn\u00ed p\u0159eprava<\/strong><\/li>\n<li><strong>Objedn\u00e1no do 18:00 = doru\u010deno z\u00edtra!<\/strong><\/li>\n<li><strong>Doprava zdarma nad 50 \u20ac<\/strong><\/li>\n<\/ul>\n<div id=\"ConnectiveDocSignExtentionInstalled\" data-extension-version=\"1.0.4\"><\/div>","protected":false},"featured_media":8877,"comment_status":"open","ping_status":"closed","template":"","meta":[],"product_brand":[],"product_cat":[87,574,91],"product_tag":[],"class_list":{"0":"post-3144","1":"product","2":"type-product","3":"status-publish","4":"has-post-thumbnail","6":"product_cat-1cp-lsd","7":"product_cat-blotters","8":"product_cat-lysergamides","10":"first","11":"instock","12":"taxable","13":"shipping-taxable","14":"purchasable","15":"product-type-variable"},"jetpack_sharing_enabled":true,"_links":{"self":[{"href":"https:\/\/dutchchemlabs.com\/cs\/wp-json\/wp\/v2\/product\/3144","targetHints":{"allow":["GET"]}}],"collection":[{"href":"https:\/\/dutchchemlabs.com\/cs\/wp-json\/wp\/v2\/product"}],"about":[{"href":"https:\/\/dutchchemlabs.com\/cs\/wp-json\/wp\/v2\/types\/product"}],"replies":[{"embeddable":true,"href":"https:\/\/dutchchemlabs.com\/cs\/wp-json\/wp\/v2\/comments?post=3144"}],"version-history":[{"count":2,"href":"https:\/\/dutchchemlabs.com\/cs\/wp-json\/wp\/v2\/product\/3144\/revisions"}],"predecessor-version":[{"id":8879,"href":"https:\/\/dutchchemlabs.com\/cs\/wp-json\/wp\/v2\/product\/3144\/revisions\/8879"}],"wp:featuredmedia":[{"embeddable":true,"href":"https:\/\/dutchchemlabs.com\/cs\/wp-json\/wp\/v2\/media\/8877"}],"wp:attachment":[{"href":"https:\/\/dutchchemlabs.com\/cs\/wp-json\/wp\/v2\/media?parent=3144"}],"wp:term":[{"taxonomy":"product_brand","embeddable":true,"href":"https:\/\/dutchchemlabs.com\/cs\/wp-json\/wp\/v2\/product_brand?post=3144"},{"taxonomy":"product_cat","embeddable":true,"href":"https:\/\/dutchchemlabs.com\/cs\/wp-json\/wp\/v2\/product_cat?post=3144"},{"taxonomy":"product_tag","embeddable":true,"href":"https:\/\/dutchchemlabs.com\/cs\/wp-json\/wp\/v2\/product_tag?post=3144"}],"curies":[{"name":"wp","href":"https:\/\/api.w.org\/{rel}","templated":true}]}}