{"id":3745,"date":"2025-09-20T09:20:37","date_gmt":"2025-09-20T09:20:37","guid":{"rendered":"https:\/\/dutchchemlabs.com\/?post_type=product&#038;p=3745"},"modified":"2025-11-08T07:39:12","modified_gmt":"2025-11-08T07:39:12","slug":"the-real-amsterdam-15ml","status":"publish","type":"product","link":"https:\/\/dutchchemlabs.com\/cs\/product\/the-real-amsterdam-15ml\/","title":{"rendered":"The Real Amsterdam 15ml"},"content":{"rendered":"<h1><strong>The Real Amsterdam 15ml<\/strong><\/h1>\n<p>Stap in de wereld van ongeremde opwinding met Poppers The Real Amsterdam 15ml, verkrijgbaar bij dutchchemlabs.com! Deze krachtige poppers brengen de kenmerkende sfeer van Amsterdam rechtstreeks naar jouw avonturen, met een explosie van stimulerende sensaties die je naar nieuwe hoogten van genot zullen tillen.<\/p>\n<p>De unieke mix van isopropyl nitriet in Poppers The Real Amsterdam 15ml biedt een snelle en intense rush die je zintuigen zal prikkelen en je zal laten genieten van een ongekende sensatie. Of je nu op zoek bent naar een extra stimulans tijdens intieme momenten of naar een spannende toevoeging aan je feestjes, deze poppers bieden een onvergetelijke ervaring.<\/p>\n<p>Met zijn handige fles van 15ml is Poppers The Real Amsterdam perfect voor onderweg. Of je nu een avondje uitgaat met vrienden, een feestje hebt of gewoon wat extra plezier wilt toevoegen aan je priv\u00e9momenten, deze poppers zijn jouw ultieme metgezel.<\/p>\n<p>Kies voor plezier en opwinding met Poppers The Real Amsterdam 15ml van dutchchemlabs.com. Bestel vandaag nog en ontdek de grenzeloze mogelijkheden van genot met deze sensationele poppers!<\/p>\n<h2>Objedn\u00e1no do 18:00 = doru\u010deno z\u00edtra!<\/h2>\n<p><strong>Objedn\u00e1no do 18:00 = doru\u010deno z\u00edtra! <\/strong>Va\u0161e objedn\u00e1vka bude odesl\u00e1na anonymn\u011b a diskr\u00e9tn\u011b prost\u0159ednictv\u00edm na\u0161eho st\u00e1l\u00e9ho partnera, spole\u010dnosti PostNL. Krom\u011b toho m\u016f\u017eete snadno a rychle zaplatit pomoc\u00ed iDEAL nebo Bancontact. Objedn\u00e1vejte prost\u0159ednictv\u00edm webu nebo n\u00e1s kontaktujte p\u0159es chat. V p\u0159\u00edpad\u011b jak\u00fdchkoli dotaz\u016f a\/nebo p\u0159ipom\u00ednek n\u00e1m m\u016f\u017eete kdykoli zavolat, napsat e-mail nebo zavolat. V p\u0159\u00edpad\u011b objedn\u00e1vek v\u011bt\u0161\u00edho mno\u017estv\u00ed za\u0161lete e-mail na adresu info@dutchchemlabs.com. T\u011b\u0161\u00edme se na va\u0161i objedn\u00e1vku!<\/p>\n<p>dutchchemlabs.com prod\u00e1v\u00e1 <a href=\"https:\/\/dutchchemlabs.com\/product-categorie\/research-chemicals\/\">V\u00fdzkumn\u00e9 chemik\u00e1lie<\/a> a dal\u0161\u00ed.<\/p>\n<div id=\"ConnectiveDocSignExtentionInstalled\" data-extension-version=\"1.0.4\"><\/div>","protected":false},"excerpt":{"rendered":"<ul>\n<li><strong>Diskr\u00e9tn\u00ed a anonymn\u00ed p\u0159eprava<\/strong><\/li>\n<li><strong>Objedn\u00e1no do 18:00 = doru\u010deno z\u00edtra!<\/strong><\/li>\n<li><strong>Doprava zdarma nad 50 \u20ac<\/strong><\/li>\n<\/ul>\n<div id=\"ConnectiveDocSignExtentionInstalled\" data-extension-version=\"1.0.4\"><\/div>","protected":false},"featured_media":3769,"comment_status":"open","ping_status":"closed","template":"","meta":[],"product_brand":[],"product_cat":[206,208],"product_tag":[],"class_list":{"0":"post-3745","1":"product","2":"type-product","3":"status-publish","4":"has-post-thumbnail","6":"product_cat-poppers","7":"product_cat-poppers-medium","9":"first","10":"instock","11":"taxable","12":"shipping-taxable","13":"purchasable","14":"product-type-simple"},"jetpack_sharing_enabled":true,"_links":{"self":[{"href":"https:\/\/dutchchemlabs.com\/cs\/wp-json\/wp\/v2\/product\/3745","targetHints":{"allow":["GET"]}}],"collection":[{"href":"https:\/\/dutchchemlabs.com\/cs\/wp-json\/wp\/v2\/product"}],"about":[{"href":"https:\/\/dutchchemlabs.com\/cs\/wp-json\/wp\/v2\/types\/product"}],"replies":[{"embeddable":true,"href":"https:\/\/dutchchemlabs.com\/cs\/wp-json\/wp\/v2\/comments?post=3745"}],"version-history":[{"count":1,"href":"https:\/\/dutchchemlabs.com\/cs\/wp-json\/wp\/v2\/product\/3745\/revisions"}],"predecessor-version":[{"id":3770,"href":"https:\/\/dutchchemlabs.com\/cs\/wp-json\/wp\/v2\/product\/3745\/revisions\/3770"}],"wp:featuredmedia":[{"embeddable":true,"href":"https:\/\/dutchchemlabs.com\/cs\/wp-json\/wp\/v2\/media\/3769"}],"wp:attachment":[{"href":"https:\/\/dutchchemlabs.com\/cs\/wp-json\/wp\/v2\/media?parent=3745"}],"wp:term":[{"taxonomy":"product_brand","embeddable":true,"href":"https:\/\/dutchchemlabs.com\/cs\/wp-json\/wp\/v2\/product_brand?post=3745"},{"taxonomy":"product_cat","embeddable":true,"href":"https:\/\/dutchchemlabs.com\/cs\/wp-json\/wp\/v2\/product_cat?post=3745"},{"taxonomy":"product_tag","embeddable":true,"href":"https:\/\/dutchchemlabs.com\/cs\/wp-json\/wp\/v2\/product_tag?post=3745"}],"curies":[{"name":"wp","href":"https:\/\/api.w.org\/{rel}","templated":true}]}}