{"id":3914,"date":"2025-09-20T09:21:12","date_gmt":"2025-09-20T09:21:12","guid":{"rendered":"https:\/\/dutchchemlabs.com\/?post_type=product&#038;p=3914"},"modified":"2025-11-08T07:39:11","modified_gmt":"2025-11-08T07:39:11","slug":"4-mpd-poeder","status":"publish","type":"product","link":"https:\/\/dutchchemlabs.com\/cs\/product\/4-mpd-poeder\/","title":{"rendered":"4-MPD Poeder"},"content":{"rendered":"<h1>4MPD poeder kopen<\/h1>\n<p>4MPD is een onderzoekschemische stof en niet bedoeld voor menselijke consumptie. Je kunt 4MPD kopen bij dutchchemlabs.com. Als je v\u00f3\u00f3r 18:00 uur bestelt, wordt het de volgende dag al geleverd! Bij ons kun je veilig en gemakkelijk betalen met iDEAL, CreditCard, bankoverschrijving en crypto, zoals je gewend bent. 4MPD bestellen doe je bij dutchchemlabs.com. Wij bieden ook <a href=\"https:\/\/dutchchemlabs.com\/product-categorie\/research-chemicals\/cathinonen\/2mmc-kopen\/\">2MMC<\/a>, <a href=\"https:\/\/dutchchemlabs.com\/product-categorie\/research-chemicals\/cathinonen\/pentedrone-nep\/\">Pentedrone (NEP)<\/a>,\u00a0<a href=\"https:\/\/dutchchemlabs.com\/product-categorie\/research-chemicals\/cathinonen\/3fmc\/\">3FMC<\/a> en andere research chemicals aan.<\/p>\n<h3>Wat is 4MPD?<\/h3>\n<p>4-Methylpentedrone (4MPD), ook bekend als 4-MPD en 4-Methyl-\u03b1-methylamino-valerophenone, is een stimulerend middel dat behoort tot de cathinonklasse. 4MPD is een hogere homoloog van 4-methylmethcathinon (mephedrone) en 4-methylbuphedrone (4-MeMABP), en de p-methylderivaat van pentedrone. Het kan ook worden gezien als de methylamino-analoog van pyrovalerone.<\/p>\n<h3>4MPD effecten<\/h3>\n<div class=\"flex flex-grow flex-col max-w-full\">\n<div class=\"min-h-[20px] text-message flex flex-col items-start gap-3 whitespace-pre-wrap break-words [.text-message+&amp;]:mt-5 overflow-x-auto\" data-message-author-role=\"assistant\" data-message-id=\"19546f54-98f5-41f3-afea-60f7240160bc\">\n<div class=\"markdown prose w-full break-words dark:prose-invert light\">\n<p>4MPD (4-methylpentedrone) is een synthetische cathinone, een klasse van psychoactieve stoffen die structureel vergelijkbaar zijn met amfetaminen. Net als andere cathinonen werkt 4MPD door het be\u00efnvloeden van neurotransmitters in de hersenen, met name door de heropname van dopamine, noradrenaline en serotonine te remmen. Dit leidt tot een verhoogde concentratie van deze neurotransmitters in de synaptische spleet, wat euforische en stimulerende effecten veroorzaakt.<\/p>\n<p>Let op! De exacte effecten en risico\u2019s van 4MPD vereisen echter verdere klinische evaluatie om volledig begrepen te worden.<\/p>\n<\/div>\n<\/div>\n<\/div>\n<h3>Voor 18:00 besteld = morgen in huis!<\/h3>\n<p><strong>Voor 18:00 besteld = morgen in huis! <\/strong>Je bestelling wordt anoniem en discreet verzonden met onze vaste partner, PostNL. Daarnaast kun je gemakkelijk en snel betalen met iDEAL of Bancontact. Bestel via de site of neem contact met ons op via de chat. Ook voor vragen en\/of opmerkingen kun je altijd met een van onze experts bellen, appen of mailen. Voor bestellingen in grotere hoeveelheden kun je een mail sturen naar info@dutchchemlabs.com. We zien graag je bestelling tegemoet!<\/p>\n<h3>We leveren ook grote hoeveelheden<\/h3>\n<p>Wil je graag 4MPD Kristallen bestellen in grotere hoeveelheden? Neem dan via de chat contact met ons op. dutchchemlabs.com biedt scherpe tarieven voor grote hoeveelheden Research Chemicals. Wacht niet langer en neem vandaag nog contact met onze experts op.<\/p>\n<div id=\"ConnectiveDocSignExtentionInstalled\" data-extension-version=\"1.0.4\"><\/div>\n","protected":false},"excerpt":{"rendered":"<ul>\n<li><strong>Diskr\u00e9tn\u00ed a anonymn\u00ed p\u0159eprava<\/strong><\/li>\n<li><strong>Objedn\u00e1no do 18:00 = doru\u010deno z\u00edtra!<\/strong><\/li>\n<li><strong>Doprava zdarma nad 50 \u20ac<\/strong><\/li>\n<\/ul>\n<div id=\"ConnectiveDocSignExtentionInstalled\" data-extension-version=\"1.0.4\"><\/div>","protected":false},"featured_media":8827,"comment_status":"open","ping_status":"closed","template":"","meta":[],"product_brand":[],"product_cat":[271,102,187],"product_tag":[],"class_list":{"0":"post-3914","1":"product","2":"type-product","3":"status-publish","4":"has-post-thumbnail","6":"product_cat-4mpd","7":"product_cat-cathinonen","8":"product_cat-populair","10":"first","11":"instock","12":"taxable","13":"shipping-taxable","14":"purchasable","15":"product-type-variable"},"jetpack_sharing_enabled":true,"_links":{"self":[{"href":"https:\/\/dutchchemlabs.com\/cs\/wp-json\/wp\/v2\/product\/3914","targetHints":{"allow":["GET"]}}],"collection":[{"href":"https:\/\/dutchchemlabs.com\/cs\/wp-json\/wp\/v2\/product"}],"about":[{"href":"https:\/\/dutchchemlabs.com\/cs\/wp-json\/wp\/v2\/types\/product"}],"replies":[{"embeddable":true,"href":"https:\/\/dutchchemlabs.com\/cs\/wp-json\/wp\/v2\/comments?post=3914"}],"version-history":[{"count":2,"href":"https:\/\/dutchchemlabs.com\/cs\/wp-json\/wp\/v2\/product\/3914\/revisions"}],"predecessor-version":[{"id":8828,"href":"https:\/\/dutchchemlabs.com\/cs\/wp-json\/wp\/v2\/product\/3914\/revisions\/8828"}],"wp:featuredmedia":[{"embeddable":true,"href":"https:\/\/dutchchemlabs.com\/cs\/wp-json\/wp\/v2\/media\/8827"}],"wp:attachment":[{"href":"https:\/\/dutchchemlabs.com\/cs\/wp-json\/wp\/v2\/media?parent=3914"}],"wp:term":[{"taxonomy":"product_brand","embeddable":true,"href":"https:\/\/dutchchemlabs.com\/cs\/wp-json\/wp\/v2\/product_brand?post=3914"},{"taxonomy":"product_cat","embeddable":true,"href":"https:\/\/dutchchemlabs.com\/cs\/wp-json\/wp\/v2\/product_cat?post=3914"},{"taxonomy":"product_tag","embeddable":true,"href":"https:\/\/dutchchemlabs.com\/cs\/wp-json\/wp\/v2\/product_tag?post=3914"}],"curies":[{"name":"wp","href":"https:\/\/api.w.org\/{rel}","templated":true}]}}