{"id":5104,"date":"2025-09-20T09:24:48","date_gmt":"2025-09-20T09:24:48","guid":{"rendered":"https:\/\/dutchchemlabs.com\/?post_type=product&#038;p=5104"},"modified":"2025-11-08T07:39:11","modified_gmt":"2025-11-08T07:39:11","slug":"1cp-lsd-micro-blotters-20mcg","status":"publish","type":"product","link":"https:\/\/dutchchemlabs.com\/cs\/product\/1cp-lsd-micro-blotters-20mcg\/","title":{"rendered":"1cP-LSD Micro Blotters (20mcg)"},"content":{"rendered":"<h1>1cP-LSD micro blotters kopen<\/h1>\n<p>1cP-LSD is een onderzoekschemische stof en niet bedoeld voor menselijke consumptie. Je kunt 1cP-LSD kopen bij dutchchemlabs.com. Als je v\u00f3\u00f3r 18:00 uur bestelt, wordt het de volgende dag al geleverd! Bij ons kun je veilig en gemakkelijk betalen met iDEAL, CreditCard, bankoverschrijving en crypto, zoals je gewend bent. 1cP-LSD bestellen doe je bij dutchchemlabs.com. Wij bieden ook <a href=\"https:\/\/dutchchemlabs.com\/product-categorie\/research-chemicals\/cathinonen\/2mmc-kopen\/\">2MMC<\/a>, <a href=\"https:\/\/dutchchemlabs.com\/product-categorie\/research-chemicals\/cathinonen\/pentedrone-nep\/\">Pentedrone (NEP)<\/a>,\u00a0<a href=\"https:\/\/dutchchemlabs.com\/product-categorie\/research-chemicals\/cathinonen\/3fmc\/\">3FMC<\/a> en andere research chemicals aan.<\/p>\n<h2>Wat is 1cP-LSD?<\/h2>\n<div class=\"flex flex-grow flex-col max-w-full gap-3 gizmo:gap-0\">\n<div class=\"min-h-[20px] text-message flex flex-col items-start gap-3 whitespace-pre-wrap break-words [.text-message+&amp;]:mt-5 overflow-x-auto\" data-message-author-role=\"assistant\" data-message-id=\"880fb0fb-dc1c-4ee2-a573-444e7ae6bb5a\">\n<div class=\"markdown prose w-full break-words dark:prose-invert dark\">\n<p>1-Propionyl-d-lysergic acid diethylamide (1P-LSD), een lid van de lysergamideklasse, heeft bekendheid verworven als een nieuw psychedelisch middel dat structureel verwant is aan LSD. Het wordt verondersteld te interageren met serotonine-receptoren in de hersenen, en hoewel de exacte synthese datum onbekend is, kwam het in 2015 op de online onderzoekschemiemarkt. Ondanks het ontbreken van een voorgeschiedenis in onderzoeksliteratuur, werd het op de markt gebracht als een legaal alternatief voor LSD. Het wordt voorgesteld als een prodrug voor LSD, ondersteund door een studie die aantoonde dat het in ratten wordt gemetaboliseerd tot LSD. Er is beperkte informatie over de farmacologie, metabolisme en toxiciteit, wat voorzichtigheid en het toepassen van harm reduction-praktijken bij gebruik van deze stof in jouw onderzoek noodzakelijk maakt.<\/p>\n<\/div>\n<\/div>\n<\/div>\n<h2>1cP-LSD effecten<\/h2>\n<p>De subjectieve effecten van 1P-LSD lijken volgens veel gebruikers zo sterk op die van LSD dat ze vrijwel niet van elkaar te onderscheiden zijn. In vergelijking met andere psychedelica zoals psilocybine, LSA en ayahuasca, is 1P-LSD aanzienlijk meer stimulerend en snel in de specifieke stijl van de fysieke en cognitieve effecten. De effecten omvatten intense euforie, verbeterde introspectie, conceptueel denken, fysieke stimulatie en visuele hallucinaties. Het leidt tot een gevoel van fysiek comfort, warmte, liefde en zaligheid, terwijl het deels ook stimulerende eigenschappen heeft die fysieke activiteiten zoals rennen, lopen, klimmen of dansen kunnen aanmoedigen. Tactiele sensaties worden versterkt en een verbetering van uithoudingsvermogen kan optreden.<\/p>\n<p>Let op! Het is echter van belang om op mogelijke risico\u2019s te letten bij het uitvoeren van jouw onderzoek, zoals toenemende hartslag, vasoconstrictie, nausea en de potentie voor verslaving en ernstige ongevallen bij hoge doses. 1P-LSD\u2019s visuele effecten vari\u00ebren van verhoogd kleurwaarneming, patroonherkenning en visuele scherpte tot visuele vervormingen zoals bewegende patronen, kleurverschuivingen en tracers.<\/p>\n<h2>Voor 18:00 besteld = morgen in huis!<\/h2>\n<p><strong>Voor 18:00 besteld = morgen in huis! <\/strong>Je bestelling wordt anoniem en discreet verzonden met onze vaste partner, PostNL. Daarnaast kan je gemakkelijk en snel betalen met iDeal of Bancontact. Bestel via de site of neem contact met ons op via de chat. Ook voor vragen en\/of opmerkingen kan je ons altijd bellen, appen of mailen. Voor bestellingen in grotere hoeveelheden kan je een mail sturen naar info@dutchchemlabs.com. We zien graag je bestelling tegemoet!<\/p>\n<h2>We leveren ook grote hoeveelheden<\/h2>\n<p>Wil je graag 1P-LSD 20mcg Blotters bestellen in grotere hoeveelheden? Neem dan via de chat contact met ons op. dutchchemlabs.com bied scherpe tarieven voor grotere hoeveelheden. Wacht niet langer en neem vandaag nog contact op.<\/p>\n<div id=\"ConnectiveDocSignExtentionInstalled\" data-extension-version=\"1.0.4\"><\/div>\n","protected":false},"excerpt":{"rendered":"<ul>\n<li><strong>Diskr\u00e9tn\u00ed a anonymn\u00ed p\u0159eprava<\/strong><\/li>\n<li><strong>Objedn\u00e1no do 18:00 = doru\u010deno z\u00edtra!<\/strong><\/li>\n<li><strong>Doprava zdarma nad 50 \u20ac<\/strong><\/li>\n<\/ul>\n<div id=\"ConnectiveDocSignExtentionInstalled\" data-extension-version=\"1.0.4\"><\/div>","protected":false},"featured_media":8880,"comment_status":"open","ping_status":"closed","template":"","meta":[],"product_brand":[],"product_cat":[87,574,91,187],"product_tag":[],"class_list":{"0":"post-5104","1":"product","2":"type-product","3":"status-publish","4":"has-post-thumbnail","6":"product_cat-1cp-lsd","7":"product_cat-blotters","8":"product_cat-lysergamides","9":"product_cat-populair","11":"first","12":"instock","13":"taxable","14":"shipping-taxable","15":"purchasable","16":"product-type-variable"},"jetpack_sharing_enabled":true,"_links":{"self":[{"href":"https:\/\/dutchchemlabs.com\/cs\/wp-json\/wp\/v2\/product\/5104","targetHints":{"allow":["GET"]}}],"collection":[{"href":"https:\/\/dutchchemlabs.com\/cs\/wp-json\/wp\/v2\/product"}],"about":[{"href":"https:\/\/dutchchemlabs.com\/cs\/wp-json\/wp\/v2\/types\/product"}],"replies":[{"embeddable":true,"href":"https:\/\/dutchchemlabs.com\/cs\/wp-json\/wp\/v2\/comments?post=5104"}],"version-history":[{"count":2,"href":"https:\/\/dutchchemlabs.com\/cs\/wp-json\/wp\/v2\/product\/5104\/revisions"}],"predecessor-version":[{"id":8881,"href":"https:\/\/dutchchemlabs.com\/cs\/wp-json\/wp\/v2\/product\/5104\/revisions\/8881"}],"wp:featuredmedia":[{"embeddable":true,"href":"https:\/\/dutchchemlabs.com\/cs\/wp-json\/wp\/v2\/media\/8880"}],"wp:attachment":[{"href":"https:\/\/dutchchemlabs.com\/cs\/wp-json\/wp\/v2\/media?parent=5104"}],"wp:term":[{"taxonomy":"product_brand","embeddable":true,"href":"https:\/\/dutchchemlabs.com\/cs\/wp-json\/wp\/v2\/product_brand?post=5104"},{"taxonomy":"product_cat","embeddable":true,"href":"https:\/\/dutchchemlabs.com\/cs\/wp-json\/wp\/v2\/product_cat?post=5104"},{"taxonomy":"product_tag","embeddable":true,"href":"https:\/\/dutchchemlabs.com\/cs\/wp-json\/wp\/v2\/product_tag?post=5104"}],"curies":[{"name":"wp","href":"https:\/\/api.w.org\/{rel}","templated":true}]}}