{"id":5503,"date":"2025-09-20T11:29:48","date_gmt":"2025-09-20T11:29:48","guid":{"rendered":"https:\/\/dutchchemlabs.com\/?post_type=product&#038;p=5503"},"modified":"2025-11-08T07:39:10","modified_gmt":"2025-11-08T07:39:10","slug":"noopept-pellets-10mg","status":"publish","type":"product","link":"https:\/\/dutchchemlabs.com\/cs\/product\/noopept-pellets-10mg\/","title":{"rendered":"Noopept Pellets 10mg"},"content":{"rendered":"<h1>Noopept Pellets 10mg kopen?<\/h1>\n<p>Ben je op zoek naar een research chemical om je cognitieve prestaties naar een hoger niveau tillen? Verken onze hoogwaardige Noopept, beschikbaar bij dutchchemlabs.com! Noopept behoort tot de Nootropics-klasse en staat bekend om zijn cognitieve eigenschappen.<\/p>\n<h2>Wat zijn Noopept pellets?<\/h2>\n<p>Noopept is een no\u00f6tropische stof die bekend staat om haar potenti\u00eble cognitieve voordelen. Deze verbinding staat bekend om het verbeteren van het geheugen, de concentratie, en de algehele mentale helderheid. Ons Noopept poeder is van de hoogste kwaliteit en zorgvuldig geproduceerd om je een veilige en stimulerende ervaring te bieden.<\/p>\n<h2>Noopept pellets effecten<\/h2>\n<p>De effecten van Noopept kunnen indrukwekkend zijn en hebben velen aangetrokken vanwege de potenti\u00eble voordelen voor cognitieve functies. Gebruikers melden vaak een verhoogde alertheid, scherper geheugen en verbeterde concentratie na het nemen van Noopept. Het vermogen om complexe taken aan te pakken wordt vaak vergroot, en sommigen ervaren zelfs een toename van motivatie en productiviteit. Dit maakt Noopept aantrekkelijk voor studenten, professionals en iedereen die hun mentale scherpte wil verbeteren.<\/p>\n<p>Let op! Toch is voorzichtigheid geboden. Hoewel de positieve effecten over het algemeen als gunstig worden ervaren, kunnen er ook enkele minder gewenste effecten optreden bij het uitvoeren van jouw onderzoek, zoals hoofdpijn, prikkelbaarheid en in sommige gevallen slaapproblemen.<\/p>\n<p>Bovendien zijn de effecten van Noopept niet voor iedereen hetzelfde, en de dosering speelt een cruciale rol bij het ervaren van deze effecten. Het is van het grootste belang om Noopept verstandig te gebruiken en te beginnen met een lage dosis om te zien hoe uw lichaam erop reageert.<\/p>\n<p>Onthoud altijd dat verantwoord gebruik van no\u00f6tropica de sleutel is tot het benutten van hun potenti\u00eble voordelen terwijl mogelijke risico\u2019s worden geminimaliseerd.<\/p>\n<h2>Objedn\u00e1no do 18:00 = doru\u010deno z\u00edtra!<\/h2>\n<p><strong>Objedn\u00e1no do 18:00 = doru\u010deno z\u00edtra! <\/strong>Va\u0161e objedn\u00e1vka bude odesl\u00e1na anonymn\u011b a diskr\u00e9tn\u011b prost\u0159ednictv\u00edm na\u0161eho st\u00e1l\u00e9ho partnera, spole\u010dnosti PostNL. Krom\u011b toho m\u016f\u017eete snadno a rychle zaplatit pomoc\u00ed iDEAL nebo Bancontact. Objedn\u00e1vejte prost\u0159ednictv\u00edm webu nebo n\u00e1s kontaktujte p\u0159es chat. M\u016f\u017eete n\u00e1m tak\u00e9 kdykoli zaslat zpr\u00e1vu s dotazy a\/nebo p\u0159ipom\u00ednkami. V p\u0159\u00edpad\u011b objedn\u00e1vek v\u011bt\u0161\u00edho mno\u017estv\u00ed za\u0161lete e-mail na adresu info@dutchchemlabs.com. T\u011b\u0161\u00edme se na va\u0161i objedn\u00e1vku!<\/p>\n<h2>Dod\u00e1v\u00e1me tak\u00e9 velk\u00e9 mno\u017estv\u00ed<\/h2>\n<p>Wil je graag Noopept Pellets bestellen in grotere hoeveelheden? Neem dan via de chat contact met ons op. dutchchemlabs.com bied scherpe tarieven voor grotere hoeveelheden. Neem dan via de chat contact met ons op. dutchchemlabs.com bied scherpe tarieven voor grotere hoeveelheden. Wacht niet langer en neem vandaag nog contact op.<\/p>\n<p>&nbsp;<\/p>\n<div id=\"ConnectiveDocSignExtentionInstalled\" data-extension-version=\"1.0.4\"><\/div>","protected":false},"excerpt":{"rendered":"<ul>\n<li><strong>Diskr\u00e9tn\u00ed a anonymn\u00ed p\u0159eprava<\/strong><\/li>\n<li><strong>Objedn\u00e1no do 18:00 = doru\u010deno z\u00edtra!<\/strong><\/li>\n<li><strong>Doprava zdarma nad 50 \u20ac<\/strong><\/li>\n<\/ul>\n<div id=\"ConnectiveDocSignExtentionInstalled\" data-extension-version=\"1.0.4\"><\/div>","protected":false},"featured_media":8951,"comment_status":"open","ping_status":"closed","template":"","meta":[],"product_brand":[],"product_cat":[317,316,573],"product_tag":[],"class_list":{"0":"post-5503","1":"product","2":"type-product","3":"status-publish","4":"has-post-thumbnail","6":"product_cat-noopept","7":"product_cat-nootropics","8":"product_cat-pellets","10":"first","11":"instock","12":"taxable","13":"shipping-taxable","14":"purchasable","15":"product-type-variable"},"jetpack_sharing_enabled":true,"_links":{"self":[{"href":"https:\/\/dutchchemlabs.com\/cs\/wp-json\/wp\/v2\/product\/5503","targetHints":{"allow":["GET"]}}],"collection":[{"href":"https:\/\/dutchchemlabs.com\/cs\/wp-json\/wp\/v2\/product"}],"about":[{"href":"https:\/\/dutchchemlabs.com\/cs\/wp-json\/wp\/v2\/types\/product"}],"replies":[{"embeddable":true,"href":"https:\/\/dutchchemlabs.com\/cs\/wp-json\/wp\/v2\/comments?post=5503"}],"version-history":[{"count":2,"href":"https:\/\/dutchchemlabs.com\/cs\/wp-json\/wp\/v2\/product\/5503\/revisions"}],"predecessor-version":[{"id":8952,"href":"https:\/\/dutchchemlabs.com\/cs\/wp-json\/wp\/v2\/product\/5503\/revisions\/8952"}],"wp:featuredmedia":[{"embeddable":true,"href":"https:\/\/dutchchemlabs.com\/cs\/wp-json\/wp\/v2\/media\/8951"}],"wp:attachment":[{"href":"https:\/\/dutchchemlabs.com\/cs\/wp-json\/wp\/v2\/media?parent=5503"}],"wp:term":[{"taxonomy":"product_brand","embeddable":true,"href":"https:\/\/dutchchemlabs.com\/cs\/wp-json\/wp\/v2\/product_brand?post=5503"},{"taxonomy":"product_cat","embeddable":true,"href":"https:\/\/dutchchemlabs.com\/cs\/wp-json\/wp\/v2\/product_cat?post=5503"},{"taxonomy":"product_tag","embeddable":true,"href":"https:\/\/dutchchemlabs.com\/cs\/wp-json\/wp\/v2\/product_tag?post=5503"}],"curies":[{"name":"wp","href":"https:\/\/api.w.org\/{rel}","templated":true}]}}