{"id":6374,"date":"2025-09-20T11:34:09","date_gmt":"2025-09-20T11:34:09","guid":{"rendered":"https:\/\/dutchchemlabs.com\/?post_type=product&#038;p=6374"},"modified":"2025-11-08T07:39:08","modified_gmt":"2025-11-08T07:39:08","slug":"fluorovane-kombinovane-baleni","status":"publish","type":"product","link":"https:\/\/dutchchemlabs.com\/cs\/product\/fluorovane-kombinovane-baleni\/","title":{"rendered":"Fluorovan\u00e9 kombinovan\u00e9 balen\u00ed"},"content":{"rendered":"<p><strong>Chcete si koupit fluorovan\u00e9 kombinovan\u00e9 balen\u00ed? Nev\u00edte, kter\u00fd Gefluoridae je pro v\u00e1s nejvhodn\u011bj\u0161\u00ed? Pak si je\u0161t\u011b dnes objednejte Fluorescen\u010dn\u00ed kombinovan\u00e9 balen\u00ed. V kombinovan\u00e9m balen\u00ed najdete 5 r\u016fzn\u00fdch fluorescenc\u00ed.<br \/>\n<\/strong><\/p>\n<p>Fluorovan\u00e9 l\u00e1tky jsou v\u00fdzkumn\u00e9 chemik\u00e1lie a nejsou vhodn\u00e9 pro lidskou spot\u0159ebu. Objedn\u00e1no do 18:00 je doru\u010deno z\u00edtra! Platit m\u016f\u017eete snadno a bezpe\u010dn\u011b pomoc\u00ed iDEAL, jak jste zvykl\u00ed. Kupte si fluorovan\u00e9 chemik\u00e1lie na dutchchemlabs.com, nejrychlej\u0161\u00edm, nejlep\u0161\u00edm a nejlevn\u011bj\u0161\u00edm specialistovi na v\u00fdzkumn\u00e9 chemik\u00e1lie v Nizozemsku! Nab\u00edz\u00edme tak\u00e9 dal\u0161\u00ed <a href=\"https:\/\/dutchchemlabs.com\/product-categorie\/research-chemicals\/\"> V\u00fdzkumn\u00e9 chemik\u00e1lie<\/a> na.<\/p>\n<p>Nab\u00edz\u00edme tak\u00e9 <a href=\"https:\/\/dutchchemlabs.com\/product-categorie\/research-chemicals\/cathinonen\/2mmc-kopen\/\">2MMC<\/a>, <a href=\"https:\/\/dutchchemlabs.com\/product-categorie\/research-chemicals\/cathinonen\/pentedrone-nep\/\">Pentedrone (NEP)<\/a>,\u00a0<a href=\"https:\/\/dutchchemlabs.com\/product\/dck-deschloroketamine-kristallen-kopen\/\">Pr\u00e1\u0161ek DCK<\/a>\u00a0a dal\u0161\u00ed v\u00fdzkumn\u00e9 chemik\u00e1lie na.<\/p>\n<h2>Co obsahuje fluorovan\u00e9 kombinovan\u00e9 balen\u00ed?<\/h2>\n<h4>Fluorovan\u00e9 kombinovan\u00e9 balen\u00ed mal\u00e9:<\/h4>\n<ul>\n<li>1 gram pr\u00e1\u0161ku 4F-MPH<\/li>\n<li>1 gram pr\u00e1\u0161ku 2-FEA<\/li>\n<li>1 gram pr\u00e1\u0161ku 3-MMA<\/li>\n<li>5x 4F-MPH 25 mg pelety<\/li>\n<li>5x 3-FPM 60 mg pelety<\/li>\n<\/ul>\n<h4>Fluorovan\u00e9 kombinovan\u00e9 balen\u00ed Medium:<\/h4>\n<ul>\n<li>2 gramy pr\u00e1\u0161ku 4F-MPH<\/li>\n<li>2 gramy pr\u00e1\u0161ku 2-FEA<\/li>\n<li>2 gramy pr\u00e1\u0161ku 3-MMA<\/li>\n<li>10x 4F-MPH 25 mg pelety<\/li>\n<li>10x 3-FPM 60 mg pelety<\/li>\n<\/ul>\n<h4>Fluorovan\u00e9 kombinovan\u00e9 balen\u00ed velk\u00e9:<\/h4>\n<ul>\n<li>5 gram\u016f pr\u00e1\u0161ku 4F-MPH<\/li>\n<li>5 gram\u016f pr\u00e1\u0161ku 2-FEA<\/li>\n<li>5 gram\u016f pr\u00e1\u0161ku 3-MMA<\/li>\n<li>20x 4F-MPH 25 mg pelety<\/li>\n<li>20x 3-FPM 60 mg pelety<\/li>\n<\/ul>\n<h2>Koupit fluorovan\u00e9<\/h2>\n<p>Bal\u00ed\u010dek Fluorinated Pack je skv\u011bl\u00fdm \u0159e\u0161en\u00edm pro lidi, kte\u0159\u00ed cht\u011bj\u00ed prozkoumat r\u016fzn\u00e9 typy fluorinovan\u00fdch. Toto balen\u00ed obsahuje r\u016fzn\u00e9 v\u016fn\u011b, tak\u017ee jich m\u016f\u017eete vyzkou\u0161et n\u011bkolik a naj\u00edt tu, kter\u00e1 v\u00e1m bude nejl\u00e9pe vyhovovat. D\u00edky kombinovan\u00e9mu balen\u00ed Fluorinated m\u016f\u017eete naj\u00edt Fluorinated, kter\u00fd v\u00e1m nejv\u00edce vyhovuje, ani\u017e byste museli objedn\u00e1vat r\u016fzn\u00e1 balen\u00ed.<\/p>\n<h2>Objedn\u00e1no do 18:00 = doru\u010deno z\u00edtra!<\/h2>\n<p><strong>Objedn\u00e1no do 18:00 = doru\u010deno z\u00edtra! <\/strong>Va\u0161e objedn\u00e1vka bude odesl\u00e1na anonymn\u011b a diskr\u00e9tn\u011b. Krom\u011b toho m\u016f\u017eete snadno a rychle zaplatit pomoc\u00ed iDEAL nebo Bancontact. Objedn\u00e1vejte prost\u0159ednictv\u00edm webu nebo n\u00e1s kontaktujte p\u0159es chat. V p\u0159\u00edpad\u011b jak\u00fdchkoli dotaz\u016f a\/nebo p\u0159ipom\u00ednek n\u00e1m m\u016f\u017eete kdykoli zavolat, napsat e-mail nebo zavolat. V p\u0159\u00edpad\u011b objedn\u00e1vek v\u011bt\u0161\u00edho mno\u017estv\u00ed za\u0161lete e-mail na adresu info@dutchchemlabs.com. T\u011b\u0161\u00edme se na va\u0161i objedn\u00e1vku! Na\u0161e benzodiazepiny jsou laboratorn\u011b testovan\u00e9 a 100% \u010dist\u00e9.<\/p>\n<h2>Dod\u00e1v\u00e1me tak\u00e9 velk\u00e9 mno\u017estv\u00ed<\/h2>\n<p>Chcete si objednat benzodiazepiny ve v\u011bt\u0161\u00edm mno\u017estv\u00ed? Pak n\u00e1s kontaktujte prost\u0159ednictv\u00edm chatu. dutchchemlabs.com nab\u00edz\u00ed konkurenceschopn\u00e9 ceny za v\u011bt\u0161\u00ed mno\u017estv\u00ed. Ne\u010dekejte d\u00e9le a kontaktujte n\u00e1s je\u0161t\u011b dnes. <a href=\"https:\/\/dutchchemlabs.com\/contact\">Klikn\u011bte zde a kontaktujte n\u00e1s p\u0159\u00edmo.<\/a><\/p>\n<div id=\"ConnectiveDocSignExtentionInstalled\" data-extension-version=\"1.0.4\"><\/div>","protected":false},"excerpt":{"rendered":"<ul>\n<li><strong>Diskr\u00e9tn\u00ed a anonymn\u00ed p\u0159eprava<\/strong><\/li>\n<li><strong>Objedn\u00e1no do 18:00 = doru\u010deno z\u00edtra!<\/strong><\/li>\n<li><strong>Doprava zdarma nad 50 \u20ac<\/strong><\/li>\n<\/ul>\n<div id=\"ConnectiveDocSignExtentionInstalled\" data-extension-version=\"1.0.4\"><\/div>","protected":false},"featured_media":8768,"comment_status":"open","ping_status":"closed","template":"","meta":[],"product_brand":[],"product_cat":[216,325,336,326,190,89,189,187,84],"product_tag":[],"class_list":{"0":"post-6374","1":"product","2":"type-product","3":"status-publish","4":"has-post-thumbnail","6":"product_cat-2fea","7":"product_cat-3fpm","8":"product_cat-3mma","9":"product_cat-4fmph","10":"product_cat-combi-packs","11":"product_cat-gefluoreerden","12":"product_cat-overig","13":"product_cat-populair","14":"product_cat-sale","16":"first","17":"instock","18":"sale","19":"taxable","20":"shipping-taxable","21":"purchasable","22":"product-type-variable"},"jetpack_sharing_enabled":true,"_links":{"self":[{"href":"https:\/\/dutchchemlabs.com\/cs\/wp-json\/wp\/v2\/product\/6374","targetHints":{"allow":["GET"]}}],"collection":[{"href":"https:\/\/dutchchemlabs.com\/cs\/wp-json\/wp\/v2\/product"}],"about":[{"href":"https:\/\/dutchchemlabs.com\/cs\/wp-json\/wp\/v2\/types\/product"}],"replies":[{"embeddable":true,"href":"https:\/\/dutchchemlabs.com\/cs\/wp-json\/wp\/v2\/comments?post=6374"}],"version-history":[{"count":2,"href":"https:\/\/dutchchemlabs.com\/cs\/wp-json\/wp\/v2\/product\/6374\/revisions"}],"predecessor-version":[{"id":8772,"href":"https:\/\/dutchchemlabs.com\/cs\/wp-json\/wp\/v2\/product\/6374\/revisions\/8772"}],"wp:featuredmedia":[{"embeddable":true,"href":"https:\/\/dutchchemlabs.com\/cs\/wp-json\/wp\/v2\/media\/8768"}],"wp:attachment":[{"href":"https:\/\/dutchchemlabs.com\/cs\/wp-json\/wp\/v2\/media?parent=6374"}],"wp:term":[{"taxonomy":"product_brand","embeddable":true,"href":"https:\/\/dutchchemlabs.com\/cs\/wp-json\/wp\/v2\/product_brand?post=6374"},{"taxonomy":"product_cat","embeddable":true,"href":"https:\/\/dutchchemlabs.com\/cs\/wp-json\/wp\/v2\/product_cat?post=6374"},{"taxonomy":"product_tag","embeddable":true,"href":"https:\/\/dutchchemlabs.com\/cs\/wp-json\/wp\/v2\/product_tag?post=6374"}],"curies":[{"name":"wp","href":"https:\/\/api.w.org\/{rel}","templated":true}]}}