{"id":6789,"date":"2025-09-20T19:25:52","date_gmt":"2025-09-20T19:25:52","guid":{"rendered":"https:\/\/dutchchemlabs.com\/?post_type=product&#038;p=6789"},"modified":"2025-11-08T07:39:07","modified_gmt":"2025-11-08T07:39:07","slug":"eagle-poppers-10-ml","status":"publish","type":"product","link":"https:\/\/dutchchemlabs.com\/cs\/product\/eagle-poppers-10-ml\/","title":{"rendered":"Eagle Poppers (10 ml)"},"content":{"rendered":"<h2>Eagle 10ml<\/h2>\n<p>Poppers kopen? De Eagle10 ml popper is de favoriete popper van vele popper fans. Poppers maken je intieme momenten nog leuker en spannender! Wanneer je direct uit het flesje snuift voel je direct het effect. Het effect duurt enkele minuten. Eagle 10 ml poppers zijn een aantal keren gedistilleerd, waardoor de kwaliteit zeer zuiver is. Let op: Gebruik dit product niet in combinatie met erectiemiddelen.<\/p>\n<p>Wil je ook <a href=\"https:\/\/dutchchemlabs.com\/product-categorie\/research-chemicals\/cathinonen\/pentedrone-nep\/\"><span class=\"breadcrumb_last\" aria-current=\"page\">Pentedrone (NEP)<\/span><\/a> of <a href=\"https:\/\/dutchchemlabs.com\/product-categorie\/research-chemicals\/cathinonen\/2mmc-kopen\/\">2MMC kopen<\/a> of? Bij dutchchemlabs.com verkopen we ook meerdere types research chemicals.<\/p>\n<h2>Eagle poppers review<\/h2>\n<div class=\"flex flex-grow flex-col gap-3\">\n<div class=\"min-h-[20px] flex flex-col items-start gap-4 whitespace-pre-wrap break-words\">\n<div class=\"markdown prose w-full break-words dark:prose-invert light\">\n<p>Eagle Poppers zijn krachtige en sensationele poppers die je meenemen op een intense geurervaring. Deze poppers staan bekend om hun ultra sterke mix en worden vaak gebruikt in nachtclubs, sekspartijen en avontuurlijke ontmoetingen. Met Eagle Poppers hoef je je geen zorgen te maken over remmingen, want ze zorgen voor intense orgasmes en een heerlijk warm en ontspannen gevoel. Bestel snel jouw flesje(s) van deze opvallende adelaar en profiteer van de voordelige prijs en kortingen bij dutchchemlabs.com. Bovendien werkt Eagle ook als een spierontspanner, waardoor penetrerende seks gemakkelijker kan worden. Kies voor Eagle Poppers en laat je meeslepen door hun onge\u00ebvenaarde kracht en opwinding.<\/p>\n<\/p><\/div>\n<\/p><\/div>\n<\/p><\/div>\n<h2>Poppers kopen doe je bij dutchchemlabs.com<\/h2>\n<p>Bij dutchchemlabs.com kan je sinds kort ook poppers bestellen. Wij zijn nog druk bezig ons assortiment uit te breiden. Heb jij nog suggesties over welke poppers of overige producten wij nog meer aan kunnen bieden? <a href=\"https:\/\/dutchchemlabs.com\/contact\">Neem contact met ons<\/a> op en laat het ons weten! Naast de Eagle 10ml bieden wij <a href=\"https:\/\/dutchchemlabs.com\/product-categorie\/poppers\/\">meerdere soorten poppers aan.<\/a><\/p>\n<h2>Voor 18:00 besteld = morgen in huis!<\/h2>\n<p><strong>Voor 18:00 besteld = morgen in huis! <\/strong>Je bestelling wordt anoniem en discreet verzonden met onze vaste partner, PostNL. Daarnaast kun je gemakkelijk en snel betalen met iDEAL of Bancontact. Bestel via de site of neem contact met ons op via de chat. Ook voor vragen en\/of opmerkingen kun je ons altijd bellen, appen of mailen. Voor bestellingen in grotere hoeveelheden kun je een mail sturen naar info@dutchchemlabs.com. We zien graag je bestelling tegemoet!<\/p>\n<p>dutchchemlabs.com verkoopt <a href=\"https:\/\/dutchchemlabs.com\/product-categorie\/research-chemicals\/\">Research Chemicals<\/a> en meer.<\/p>\n<div id=\"ConnectiveDocSignExtentionInstalled\" data-extension-version=\"1.0.4\"><\/div>\n","protected":false},"excerpt":{"rendered":"<ul>\n<li><strong>Diskr\u00e9tn\u00ed a anonymn\u00ed p\u0159eprava<\/strong><\/li>\n<li><strong>Objedn\u00e1no do 18:00 = doru\u010deno z\u00edtra!<\/strong><\/li>\n<li><strong>Doprava zdarma nad 50 \u20ac<\/strong><\/li>\n<\/ul>\n<div id=\"ConnectiveDocSignExtentionInstalled\" data-extension-version=\"1.0.4\"><\/div>","protected":false},"featured_media":6870,"comment_status":"open","ping_status":"closed","template":"","meta":[],"product_brand":[],"product_cat":[206,209],"product_tag":[],"class_list":{"0":"post-6789","1":"product","2":"type-product","3":"status-publish","4":"has-post-thumbnail","6":"product_cat-poppers","7":"product_cat-poppers-small","9":"first","10":"instock","11":"taxable","12":"shipping-taxable","13":"purchasable","14":"product-type-simple"},"jetpack_sharing_enabled":true,"_links":{"self":[{"href":"https:\/\/dutchchemlabs.com\/cs\/wp-json\/wp\/v2\/product\/6789","targetHints":{"allow":["GET"]}}],"collection":[{"href":"https:\/\/dutchchemlabs.com\/cs\/wp-json\/wp\/v2\/product"}],"about":[{"href":"https:\/\/dutchchemlabs.com\/cs\/wp-json\/wp\/v2\/types\/product"}],"replies":[{"embeddable":true,"href":"https:\/\/dutchchemlabs.com\/cs\/wp-json\/wp\/v2\/comments?post=6789"}],"version-history":[{"count":1,"href":"https:\/\/dutchchemlabs.com\/cs\/wp-json\/wp\/v2\/product\/6789\/revisions"}],"predecessor-version":[{"id":6871,"href":"https:\/\/dutchchemlabs.com\/cs\/wp-json\/wp\/v2\/product\/6789\/revisions\/6871"}],"wp:featuredmedia":[{"embeddable":true,"href":"https:\/\/dutchchemlabs.com\/cs\/wp-json\/wp\/v2\/media\/6870"}],"wp:attachment":[{"href":"https:\/\/dutchchemlabs.com\/cs\/wp-json\/wp\/v2\/media?parent=6789"}],"wp:term":[{"taxonomy":"product_brand","embeddable":true,"href":"https:\/\/dutchchemlabs.com\/cs\/wp-json\/wp\/v2\/product_brand?post=6789"},{"taxonomy":"product_cat","embeddable":true,"href":"https:\/\/dutchchemlabs.com\/cs\/wp-json\/wp\/v2\/product_cat?post=6789"},{"taxonomy":"product_tag","embeddable":true,"href":"https:\/\/dutchchemlabs.com\/cs\/wp-json\/wp\/v2\/product_tag?post=6789"}],"curies":[{"name":"wp","href":"https:\/\/api.w.org\/{rel}","templated":true}]}}