{"id":6900,"date":"2025-09-20T19:26:08","date_gmt":"2025-09-20T19:26:08","guid":{"rendered":"https:\/\/dutchchemlabs.com\/?post_type=product&#038;p=6900"},"modified":"2025-11-08T07:39:07","modified_gmt":"2025-11-08T07:39:07","slug":"jungle-juice-platinum-retro-25ml-poppers","status":"publish","type":"product","link":"https:\/\/dutchchemlabs.com\/cs\/product\/jungle-juice-platinum-retro-25ml-poppers\/","title":{"rendered":"Jungle Juice Platinum Retro 25ml  Poppers"},"content":{"rendered":"<h2>Jungle Juice Platinum poppers bestellen<\/h2>\n<p>Bij dutchchemlabs.com hebben wij de populaire Jungle Juice in ons assortiment opgenomen en dat is niet zonder reden. Jungle Juice is al jarenlang \u00e9\u00e9n van de meest populaire aroma&#8217;s en dat is vanwege zijn sterkte, effectiviteit en het vermogen om je nieuwe manieren van plezier te laten ervaren!<\/p>\n<p>Maak nu kennis met Jungle Juice Platinum Retro, de meest stijlvolle geur die je kunt krijgen. Deze geur is niet alleen sterk en effectief, maar heeft ook een geweldige reputatie en de verpakking is prachtig decadent. Herbeleef de herinneringen aan deze poppers met de originele Jungle Juice Platinum Retro en laat je verrassen door zijn kracht.<\/p>\n<p>Koop nu jouw Jungle Juice Platinum Retro bij dutchchemlabs.com en beleef zelf waarom deze geur zo populair is onder onze klanten. Bij ons ben je verzekerd van snelle en discrete verzending, dus waar wacht je nog op? Bestel nu en ontdek de intense en sensationele ervaring van Jungle Juice Platinum Retro!<\/p>\n<h2>Jungle Juice Platinum Retro poppers review<\/h2>\n<div class=\"flex flex-grow flex-col gap-3\">\n<div class=\"min-h-[20px] flex flex-col items-start gap-4 whitespace-pre-wrap\">\n<div class=\"markdown prose w-full break-words dark:prose-invert light\">\n<div class=\"flex flex-grow flex-col gap-3\">\n<div class=\"min-h-[20px] flex flex-col items-start gap-4 whitespace-pre-wrap break-words\">\n<div class=\"markdown prose w-full break-words dark:prose-invert light\">\n<p>Jungle Juice Platinum Retro is een populaire popper met een stijlvolle geur en een prachtige verpakking. Het biedt een intense en plezierige ervaring die je meeneemt naar nieuwe hoogtes van genot. Jungle Juice Platinum Retro is een krachtige popper met een intense en zoete geur die het onderscheidt van andere poppers. Zodra je het blik opent, word je overweldigd door een intense geur die de toon zet voor de avond. Bij inhalatie zorgt het voor een intense bedwelming die een euforisch en energiek gevoel kan geven. Geniet van de intense sensatie van Jungle Juice Black Label en ontdek een wereld van zinnelijk genot. Let op: het gebruik van poppers in combinatie met erectiemiddelen zoals Viagra kan gevaarlijk zijn.<\/p>\n<\/p><\/div>\n<\/p><\/div>\n<\/p><\/div>\n<\/p><\/div>\n<\/p><\/div>\n<\/p><\/div>\n<h2>Poppers kopen doe je bij dutchchemlabs.com<\/h2>\n<p>Bij dutchchemlabs.com kan je sinds kort ook poppers bestellen. Wij zijn nog druk bezig ons assortiment uit te breiden. Heb jij nog suggesties over welke poppers of overige producten wij nog meer aan kunnen bieden? <a href=\"https:\/\/dutchchemlabs.com\/contact\">Neem contact met ons<\/a> op en laat het ons weten! Naast de Jungle Juice Platinum Retro 25ml\u00a0 poppers bieden wij <a href=\"https:\/\/dutchchemlabs.com\/product-categorie\/poppers\/\">meerdere soorten poppers aan.<\/a><\/p>\n<h2>Voor 18:00 besteld = morgen in huis!<\/h2>\n<p><strong>Voor 18:00 besteld = morgen in huis! <\/strong>Je bestelling wordt anoniem en discreet verzonden met onze vaste partner, PostNL. Daarnaast kun je gemakkelijk en snel betalen met iDEAL of Bancontact. Bestel via de site of neem contact met ons op via de chat. Ook voor vragen en\/of opmerkingen kun je ons altijd bellen, appen of mailen. Voor bestellingen in grotere hoeveelheden kun je een mail sturen naar info@dutchchemlabs.com. We zien graag je bestelling tegemoet!<\/p>\n<p>Wij bieden meerdere soorten<a href=\"https:\/\/dutchchemlabs.com\/product-categorie\/poppers\/\">\u00a0Poppers<\/a>\u00a0aan. Ook zijn wij\u00a0<a href=\"https:\/\/dutchchemlabs.com\/product-categorie\/research-chemicals\/\">Research Chemicals<\/a>\u00a0Specialist.<\/p>\n<div id=\"ConnectiveDocSignExtentionInstalled\" data-extension-version=\"1.0.4\"><\/div>\n","protected":false},"excerpt":{"rendered":"<ul>\n<li><strong>Diskr\u00e9tn\u00ed a anonymn\u00ed p\u0159eprava<\/strong><\/li>\n<li><strong>Objedn\u00e1no do 18:00 = doru\u010deno z\u00edtra!<\/strong><\/li>\n<li><strong>Doprava zdarma nad 50 \u20ac<\/strong><\/li>\n<\/ul>\n<div id=\"ConnectiveDocSignExtentionInstalled\" data-extension-version=\"1.0.4\"><\/div>","protected":false},"featured_media":6953,"comment_status":"open","ping_status":"closed","template":"","meta":[],"product_brand":[],"product_cat":[206,207],"product_tag":[],"class_list":{"0":"post-6900","1":"product","2":"type-product","3":"status-publish","4":"has-post-thumbnail","6":"product_cat-poppers","7":"product_cat-poppers-large","9":"first","10":"instock","11":"taxable","12":"shipping-taxable","13":"purchasable","14":"product-type-simple"},"jetpack_sharing_enabled":true,"_links":{"self":[{"href":"https:\/\/dutchchemlabs.com\/cs\/wp-json\/wp\/v2\/product\/6900","targetHints":{"allow":["GET"]}}],"collection":[{"href":"https:\/\/dutchchemlabs.com\/cs\/wp-json\/wp\/v2\/product"}],"about":[{"href":"https:\/\/dutchchemlabs.com\/cs\/wp-json\/wp\/v2\/types\/product"}],"replies":[{"embeddable":true,"href":"https:\/\/dutchchemlabs.com\/cs\/wp-json\/wp\/v2\/comments?post=6900"}],"version-history":[{"count":1,"href":"https:\/\/dutchchemlabs.com\/cs\/wp-json\/wp\/v2\/product\/6900\/revisions"}],"predecessor-version":[{"id":6954,"href":"https:\/\/dutchchemlabs.com\/cs\/wp-json\/wp\/v2\/product\/6900\/revisions\/6954"}],"wp:featuredmedia":[{"embeddable":true,"href":"https:\/\/dutchchemlabs.com\/cs\/wp-json\/wp\/v2\/media\/6953"}],"wp:attachment":[{"href":"https:\/\/dutchchemlabs.com\/cs\/wp-json\/wp\/v2\/media?parent=6900"}],"wp:term":[{"taxonomy":"product_brand","embeddable":true,"href":"https:\/\/dutchchemlabs.com\/cs\/wp-json\/wp\/v2\/product_brand?post=6900"},{"taxonomy":"product_cat","embeddable":true,"href":"https:\/\/dutchchemlabs.com\/cs\/wp-json\/wp\/v2\/product_cat?post=6900"},{"taxonomy":"product_tag","embeddable":true,"href":"https:\/\/dutchchemlabs.com\/cs\/wp-json\/wp\/v2\/product_tag?post=6900"}],"curies":[{"name":"wp","href":"https:\/\/api.w.org\/{rel}","templated":true}]}}