{"id":7051,"date":"2025-09-20T19:26:35","date_gmt":"2025-09-20T19:26:35","guid":{"rendered":"https:\/\/dutchchemlabs.com\/?post_type=product&#038;p=7051"},"modified":"2025-11-08T07:39:05","modified_gmt":"2025-11-08T07:39:05","slug":"3cec-kristalbrokken","status":"publish","type":"product","link":"https:\/\/dutchchemlabs.com\/cs\/product\/3cec-kristalbrokken\/","title":{"rendered":"3CEC Kristalbrokken"},"content":{"rendered":"<h2>3CEC kristalbrokken kopen<\/h2>\n<p>3CEC is een onderzoekschemische stof en niet bedoeld voor menselijke consumptie. Je kunt 3CEC kopen bij dutchchemlabs.com. Als je v\u00f3\u00f3r 18:00 uur bestelt, wordt het de volgende dag al geleverd! Bij ons kun je veilig en gemakkelijk betalen met iDEAL, CreditCard, bankoverschrijving en crypto, zoals je gewend bent. 3CEC bestellen doe je bij dutchchemlabs.com. Wij bieden ook <a href=\"https:\/\/dutchchemlabs.com\/product-categorie\/research-chemicals\/cathinonen\/2mmc-kopen\/\">2MMC<\/a>, <a href=\"https:\/\/dutchchemlabs.com\/product-categorie\/research-chemicals\/cathinonen\/pentedrone-nep\/\">Pentedrone (NEP)<\/a>,\u00a0<a href=\"https:\/\/dutchchemlabs.com\/product-categorie\/research-chemicals\/cathinonen\/3fmc\/\">3FMC<\/a> en andere research chemicals aan.<\/p>\n<h2>Wat is 3CEC?<\/h2>\n<p>3CEC, bekend onder de chemische naam 3-Chloroethcathinone, is een synthetische verbinding met de moleculaire formule C11H14ClNO. Het heeft een PubChem CID van 90645581 en wordt gekenmerkt door een unieke structuur, die zowel in een vereenvoudigde vorm als in een driedimensionale structuur beschikbaar is. Deze stof, met een molecuulgewicht van 211.69 g\/mol, is ook bekend onder andere synoniemen zoals 3-Chloroethcathinone, 3-Cec, en 3-Chloro-N-ethylcathinone. De chemische benaming, 1-(3-Chlorophenyl)-2-(ethylamino)propan-1-one, duidt op de aanwezigheid van een chlooratoom in de 3-positie op de phenylring, wat een significant effect heeft op de eigenschappen van de verbinding. Hoewel de exacte toepassingen en effecten van 3CEC in veel contexten nog onderzocht worden, is het duidelijk dat deze stof een interessant voorbeeld is van de complexiteit en diversiteit van chemische synthese.<\/p>\n<h2>3CEC effecten<\/h2>\n<div class=\"flex flex-grow flex-col gap-3\">\n<div class=\"min-h-[20px] flex flex-col items-start gap-4 whitespace-pre-wrap break-words\">\n<div class=\"markdown prose w-full break-words dark:prose-invert light\">3CEC (3-chloorethcathinone) is een synthetische cathinone, chemisch verwant aan stoffen zoals mephedrone en andere designer drugs. Het werkt als een stimulant door de heropname van neurotransmitters zoals dopamine, serotonine en noradrenaline in de hersenen te remmen, wat leidt tot verhoogde niveaus van deze stoffen in de synaptische spleet. Dit veroorzaakt een stimulerend en euforisch effect, vergelijkbaar met andere cathinonen.<\/div>\n<div><\/div>\n<div class=\"markdown prose w-full break-words dark:prose-invert light\">Let op! Verdere klinische en toxicologische studies zijn noodzakelijk om de volledige risico\u2019s en effecten van 3CEC te begrijpen.<\/div>\n<\/div>\n<\/div>\n<h2>Voor 18:00 besteld = morgen in huis!<\/h2>\n<p><strong>Voor 18:00 besteld = morgen in huis! <\/strong>Je bestelling wordt anoniem en discreet verzonden met onze vaste partner, PostNL. Daarnaast kun je gemakkelijk en snel betalen met iDEAL of Bancontact. Bestel via de site of neem contact met ons op via de chat. Ook voor vragen en\/of opmerkingen kun je ons altijd een berichtje sturen. Voor bestellingen in grotere hoeveelheden kun je een mail sturen naar info@dutchchemlabs.com. We zien graag je bestelling tegemoet!<\/p>\n<h2>We leveren ook grote hoeveelheden<\/h2>\n<p>Wil je graag 3CEC Kristalbrokken bestellen in grotere hoeveelheden? Neem dan via de chat contact met ons op. dutchchemlabs.com bied scherpe tarieven voor grotere hoeveelheden. Neem dan via de chat contact met ons op. dutchchemlabs.com bied scherpe tarieven voor grotere hoeveelheden. Wacht niet langer en neem vandaag nog contact op.<\/p>\n<div id=\"ConnectiveDocSignExtentionInstalled\" data-extension-version=\"1.0.4\"><\/div>\n","protected":false},"excerpt":{"rendered":"<ul>\n<li><strong>Diskr\u00e9tn\u00ed a anonymn\u00ed p\u0159eprava<\/strong><\/li>\n<li><strong>Objedn\u00e1no do 18:00 = doru\u010deno z\u00edtra!<\/strong><\/li>\n<li><strong>Doprava zdarma nad 50 \u20ac<\/strong><\/li>\n<\/ul>\n<div id=\"ConnectiveDocSignExtentionInstalled\" data-extension-version=\"1.0.4\"><\/div>","protected":false},"featured_media":8816,"comment_status":"open","ping_status":"closed","template":"","meta":[],"product_brand":[],"product_cat":[349,102],"product_tag":[],"class_list":{"0":"post-7051","1":"product","2":"type-product","3":"status-publish","4":"has-post-thumbnail","6":"product_cat-3cec","7":"product_cat-cathinonen","9":"first","10":"instock","11":"taxable","12":"shipping-taxable","13":"purchasable","14":"product-type-variable"},"jetpack_sharing_enabled":true,"_links":{"self":[{"href":"https:\/\/dutchchemlabs.com\/cs\/wp-json\/wp\/v2\/product\/7051","targetHints":{"allow":["GET"]}}],"collection":[{"href":"https:\/\/dutchchemlabs.com\/cs\/wp-json\/wp\/v2\/product"}],"about":[{"href":"https:\/\/dutchchemlabs.com\/cs\/wp-json\/wp\/v2\/types\/product"}],"replies":[{"embeddable":true,"href":"https:\/\/dutchchemlabs.com\/cs\/wp-json\/wp\/v2\/comments?post=7051"}],"version-history":[{"count":2,"href":"https:\/\/dutchchemlabs.com\/cs\/wp-json\/wp\/v2\/product\/7051\/revisions"}],"predecessor-version":[{"id":8817,"href":"https:\/\/dutchchemlabs.com\/cs\/wp-json\/wp\/v2\/product\/7051\/revisions\/8817"}],"wp:featuredmedia":[{"embeddable":true,"href":"https:\/\/dutchchemlabs.com\/cs\/wp-json\/wp\/v2\/media\/8816"}],"wp:attachment":[{"href":"https:\/\/dutchchemlabs.com\/cs\/wp-json\/wp\/v2\/media?parent=7051"}],"wp:term":[{"taxonomy":"product_brand","embeddable":true,"href":"https:\/\/dutchchemlabs.com\/cs\/wp-json\/wp\/v2\/product_brand?post=7051"},{"taxonomy":"product_cat","embeddable":true,"href":"https:\/\/dutchchemlabs.com\/cs\/wp-json\/wp\/v2\/product_cat?post=7051"},{"taxonomy":"product_tag","embeddable":true,"href":"https:\/\/dutchchemlabs.com\/cs\/wp-json\/wp\/v2\/product_tag?post=7051"}],"curies":[{"name":"wp","href":"https:\/\/api.w.org\/{rel}","templated":true}]}}