{"id":7358,"date":"2025-09-20T19:27:36","date_gmt":"2025-09-20T19:27:36","guid":{"rendered":"https:\/\/dutchchemlabs.com\/?post_type=product&#038;p=7358"},"modified":"2025-11-08T07:39:04","modified_gmt":"2025-11-08T07:39:04","slug":"poppers-super-rush-red-9ml","status":"publish","type":"product","link":"https:\/\/dutchchemlabs.com\/cs\/product\/poppers-super-rush-red-9ml\/","title":{"rendered":"Poppers Super Rush Red 9ml"},"content":{"rendered":"<h2>Super Rush Red 9 ml<\/h2>\n<p>Poppers kopen? De Super Rush Red 9 ml popper is de favoriete popper van vele popper fans. Super Rush Red is ook een van de meest verkochte poppers ter wereld. Poppers maken je intieme momenten nog leuker en spannender! Wanneer je direct uit het flesje snuift voel je direct het effect. Het effect duurt enkele minuten. Super Rush Red 9 ml poppers zijn een aantal keren gedistilleerd, waardoor de kwaliteit zeer zuiver is. Let op: Gebruik dit product niet in combinatie met erectiemiddelen.<\/p>\n<p>Wil je ook <a href=\"https:\/\/dutchchemlabs.com\/product-categorie\/research-chemicals\/cathinonen\/pentedrone-nep\/\"><span class=\"breadcrumb_last\" aria-current=\"page\">Pentedrone (NEP)<\/span><\/a> of <a href=\"https:\/\/dutchchemlabs.com\/product-categorie\/research-chemicals\/cathinonen\/2mmc-kopen\/\">2MMC kopen<\/a> of? Bij dutchchemlabs.com verkopen we ook meerdere types research chemicals.<\/p>\n<h2>Super Rush Red kopen<\/h2>\n<div class=\"flex flex-grow flex-col gap-3\">\n<div class=\"min-h-[20px] flex flex-col items-start gap-4 whitespace-pre-wrap break-words\">\n<div class=\"markdown prose w-full break-words dark:prose-invert light\">Super Rush Red is een populaire popper die bekendstaat om zijn opvallende rode kleur en aantrekkelijk ontwerp. Deze popper biedt een hoogwaardige ervaring dankzij zijn krachtige vloeistof en mega pellet, wat resulteert in zuiverheid en langdurige effecten. Ontwikkeld door het gerenommeerde merk Rush, is deze vasodilatator een gewaardeerd product binnen de poppergemeenschap, geschikt voor diverse gelegenheden, van feestelijk tot ontspannend en intiem.<\/div>\n<\/p><\/div>\n<\/p><\/div>\n<h2>Heb je suggesties?<\/h2>\n<p>We zijn nog druk bezig ons assortiment uit te breiden. Heb je nog suggesties over welke poppers of overige producten wij nog meer aan kunnen bieden? <a href=\"https:\/\/dutchchemlabs.com\/contact\">Neem contact met ons<\/a> op en laat het ons weten!<\/p>\n<h2>Voor 18:00 besteld = morgen in huis!<\/h2>\n<p><strong>Voor 18:00 besteld = morgen in huis! <\/strong>Je bestelling wordt anoniem en discreet verzonden met onze vaste partner, PostNL. Daarnaast kun je gemakkelijk en snel betalen met iDEAL of Bancontact. Voor bestellingen in grotere hoeveelheden kun je een mail sturen naar info@dutchchemlabs.com. We zien graag je bestelling tegemoet!<\/p>\n<p>dutchchemlabs.com verkoopt <a href=\"https:\/\/dutchchemlabs.com\/product-categorie\/research-chemicals\/\">Research Chemicals<\/a> en meer.<\/p>\n<div id=\"ConnectiveDocSignExtentionInstalled\" data-extension-version=\"1.0.4\"><\/div>\n","protected":false},"excerpt":{"rendered":"<ul>\n<li><strong>Diskr\u00e9tn\u00ed a anonymn\u00ed p\u0159eprava<\/strong><\/li>\n<li><strong>Objedn\u00e1no do 18:00 = doru\u010deno z\u00edtra!<\/strong><\/li>\n<li><strong>Doprava zdarma nad 50 \u20ac<\/strong><\/li>\n<\/ul>\n<div id=\"ConnectiveDocSignExtentionInstalled\" data-extension-version=\"1.0.4\"><\/div>","protected":false},"featured_media":7378,"comment_status":"open","ping_status":"closed","template":"","meta":[],"product_brand":[],"product_cat":[206,209],"product_tag":[],"class_list":{"0":"post-7358","1":"product","2":"type-product","3":"status-publish","4":"has-post-thumbnail","6":"product_cat-poppers","7":"product_cat-poppers-small","9":"first","10":"instock","11":"taxable","12":"shipping-taxable","13":"purchasable","14":"product-type-simple"},"jetpack_sharing_enabled":true,"_links":{"self":[{"href":"https:\/\/dutchchemlabs.com\/cs\/wp-json\/wp\/v2\/product\/7358","targetHints":{"allow":["GET"]}}],"collection":[{"href":"https:\/\/dutchchemlabs.com\/cs\/wp-json\/wp\/v2\/product"}],"about":[{"href":"https:\/\/dutchchemlabs.com\/cs\/wp-json\/wp\/v2\/types\/product"}],"replies":[{"embeddable":true,"href":"https:\/\/dutchchemlabs.com\/cs\/wp-json\/wp\/v2\/comments?post=7358"}],"version-history":[{"count":1,"href":"https:\/\/dutchchemlabs.com\/cs\/wp-json\/wp\/v2\/product\/7358\/revisions"}],"predecessor-version":[{"id":7379,"href":"https:\/\/dutchchemlabs.com\/cs\/wp-json\/wp\/v2\/product\/7358\/revisions\/7379"}],"wp:featuredmedia":[{"embeddable":true,"href":"https:\/\/dutchchemlabs.com\/cs\/wp-json\/wp\/v2\/media\/7378"}],"wp:attachment":[{"href":"https:\/\/dutchchemlabs.com\/cs\/wp-json\/wp\/v2\/media?parent=7358"}],"wp:term":[{"taxonomy":"product_brand","embeddable":true,"href":"https:\/\/dutchchemlabs.com\/cs\/wp-json\/wp\/v2\/product_brand?post=7358"},{"taxonomy":"product_cat","embeddable":true,"href":"https:\/\/dutchchemlabs.com\/cs\/wp-json\/wp\/v2\/product_cat?post=7358"},{"taxonomy":"product_tag","embeddable":true,"href":"https:\/\/dutchchemlabs.com\/cs\/wp-json\/wp\/v2\/product_tag?post=7358"}],"curies":[{"name":"wp","href":"https:\/\/api.w.org\/{rel}","templated":true}]}}