{"id":7399,"date":"2025-09-20T19:27:49","date_gmt":"2025-09-20T19:27:49","guid":{"rendered":"https:\/\/dutchchemlabs.com\/?post_type=product&#038;p=7399"},"modified":"2025-11-08T07:39:04","modified_gmt":"2025-11-08T07:39:04","slug":"1p-lsd-blotters-100mcg","status":"publish","type":"product","link":"https:\/\/dutchchemlabs.com\/cs\/product\/1p-lsd-blotters-100mcg\/","title":{"rendered":"1P-LSD Blotters (100mcg)"},"content":{"rendered":"<h2>Koupit 1P-LSD Blotters<\/h2>\n<p>1P-LSD is een onderzoekschemische stof en niet bedoeld voor menselijke consumptie. Je kunt 1P-LSD kopen bij dutchchemlabs.com. Als je v\u00f3\u00f3r 18:00 uur bestelt, wordt het de volgende dag al geleverd! Bij ons kun je veilig en gemakkelijk betalen met iDEAL, CreditCard, bankoverschrijving en crypto, zoals je gewend bent. 1P-LSD bestellen doe je bij dutchchemlabs.com. Wij bieden ook <a href=\"https:\/\/dutchchemlabs.com\/product-categorie\/research-chemicals\/cathinonen\/2mmc-kopen\/\">2MMC<\/a>, <a href=\"https:\/\/dutchchemlabs.com\/product-categorie\/research-chemicals\/cathinonen\/pentedrone-nep\/\">Pentedrone (NEP)<\/a>,\u00a0<a href=\"https:\/\/dutchchemlabs.com\/product-categorie\/research-chemicals\/cathinonen\/3fmc\/\">3FMC<\/a> a dal\u0161\u00ed v\u00fdzkumn\u00e9 chemik\u00e1lie na.<\/p>\n<h2>Wat is 1P-LSD?<\/h2>\n<p>1-Propionyl-d-lysergic acid diethylamide (1P-LSD), een lid van de lysergamideklasse, heeft bekendheid verworven als een nieuw psychedelisch middel dat structureel verwant is aan LSD. Het wordt verondersteld te interageren met serotonine-receptoren in de hersenen, en hoewel de exacte synthese datum onbekend is, kwam het in 2015 op de online onderzoekschemiemarkt. Ondanks het ontbreken van een voorgeschiedenis in onderzoeksliteratuur, werd het op de markt gebracht als een legaal alternatief voor LSD. Het wordt voorgesteld als een prodrug voor LSD, ondersteund door een studie die aantoonde dat het in ratten wordt gemetaboliseerd tot LSD. Er is beperkte informatie over de farmacologie, metabolisme en toxiciteit, wat voorzichtigheid en het toepassen van harm reduction-praktijken bij gebruik van deze stof in jouw onderzoek noodzakelijk maakt.<\/p>\n<h2>1P-LSD effecten<\/h2>\n<p>De subjectieve effecten van 1P-LSD lijken volgens veel gebruikers zo sterk op die van LSD dat ze vrijwel niet van elkaar te onderscheiden zijn. In vergelijking met andere psychedelica zoals psilocybine, LSA en ayahuasca, is 1P-LSD aanzienlijk meer stimulerend en snel in de specifieke stijl van de fysieke en cognitieve effecten. De effecten omvatten intense euforie, verbeterde introspectie, conceptueel denken, fysieke stimulatie en visuele hallucinaties. Het leidt tot een gevoel van fysiek comfort, warmte, liefde en zaligheid, terwijl het deels ook stimulerende eigenschappen heeft die fysieke activiteiten zoals rennen, lopen, klimmen of dansen kunnen aanmoedigen. Tactiele sensaties worden versterkt en een verbetering van uithoudingsvermogen kan optreden.<\/p>\n<p>Let op! Het is echter van belang om op mogelijke risico\u2019s te letten bij het uitvoeren van jouw onderzoek, zoals toenemende hartslag, vasoconstrictie, nausea en de potentie voor verslaving en ernstige ongevallen bij hoge doses. 1P-LSD\u2019s visuele effecten vari\u00ebren van verhoogd kleurwaarneming, patroonherkenning en visuele scherpte tot visuele vervormingen zoals bewegende patronen, kleurverschuivingen en tracers.<\/p>\n<h2>Objedn\u00e1no do 18:00 = doru\u010deno z\u00edtra!<\/h2>\n<p><strong>Objedn\u00e1no do 18:00 = doru\u010deno z\u00edtra! <\/strong>Va\u0161e objedn\u00e1vka bude odesl\u00e1na anonymn\u011b a diskr\u00e9tn\u011b prost\u0159ednictv\u00edm na\u0161eho st\u00e1l\u00e9ho partnera, spole\u010dnosti PostNL. Krom\u011b toho m\u016f\u017eete snadno a rychle zaplatit pomoc\u00ed iDEAL nebo Bancontact. Objedn\u00e1vejte prost\u0159ednictv\u00edm webu nebo n\u00e1s kontaktujte p\u0159es chat. V p\u0159\u00edpad\u011b jak\u00fdchkoli dotaz\u016f a\/nebo p\u0159ipom\u00ednek n\u00e1m m\u016f\u017eete kdykoli zavolat, napsat e-mail nebo zavolat. V p\u0159\u00edpad\u011b objedn\u00e1vek v\u011bt\u0161\u00edho mno\u017estv\u00ed za\u0161lete e-mail na adresu info@dutchchemlabs.com. T\u011b\u0161\u00edme se na va\u0161i objedn\u00e1vku!<\/p>\n<h2>Dod\u00e1v\u00e1me tak\u00e9 velk\u00e9 mno\u017estv\u00ed<\/h2>\n<p>1P-LSD wordt verkocht in verschillende hoeveelheden. Wil je graag 1P-LSD bestellen in grotere hoeveelheden? Neem dan via de chat contact met ons op. dutchchemlabs.com bied scherpe tarieven voor grotere hoeveelheden. Wacht niet langer en neem vandaag nog contact op.<\/p>\n<div id=\"ConnectiveDocSignExtentionInstalled\" data-extension-version=\"1.0.4\"><\/div>","protected":false},"excerpt":{"rendered":"<ul>\n<li><strong>Diskr\u00e9tn\u00ed a anonymn\u00ed p\u0159eprava<\/strong><\/li>\n<li><strong>Objedn\u00e1no do 18:00 = doru\u010deno z\u00edtra!<\/strong><\/li>\n<li><strong>Doprava zdarma nad 50 \u20ac<\/strong><\/li>\n<\/ul>\n<div id=\"ConnectiveDocSignExtentionInstalled\" data-extension-version=\"1.0.4\"><\/div>","protected":false},"featured_media":8970,"comment_status":"open","ping_status":"closed","template":"","meta":[],"product_brand":[],"product_cat":[232,574,91,187],"product_tag":[],"class_list":{"0":"post-7399","1":"product","2":"type-product","3":"status-publish","4":"has-post-thumbnail","6":"product_cat-1p-lsd","7":"product_cat-blotters","8":"product_cat-lysergamides","9":"product_cat-populair","11":"first","12":"instock","13":"taxable","14":"shipping-taxable","15":"purchasable","16":"product-type-variable"},"jetpack_sharing_enabled":true,"_links":{"self":[{"href":"https:\/\/dutchchemlabs.com\/cs\/wp-json\/wp\/v2\/product\/7399","targetHints":{"allow":["GET"]}}],"collection":[{"href":"https:\/\/dutchchemlabs.com\/cs\/wp-json\/wp\/v2\/product"}],"about":[{"href":"https:\/\/dutchchemlabs.com\/cs\/wp-json\/wp\/v2\/types\/product"}],"replies":[{"embeddable":true,"href":"https:\/\/dutchchemlabs.com\/cs\/wp-json\/wp\/v2\/comments?post=7399"}],"version-history":[{"count":2,"href":"https:\/\/dutchchemlabs.com\/cs\/wp-json\/wp\/v2\/product\/7399\/revisions"}],"predecessor-version":[{"id":8971,"href":"https:\/\/dutchchemlabs.com\/cs\/wp-json\/wp\/v2\/product\/7399\/revisions\/8971"}],"wp:featuredmedia":[{"embeddable":true,"href":"https:\/\/dutchchemlabs.com\/cs\/wp-json\/wp\/v2\/media\/8970"}],"wp:attachment":[{"href":"https:\/\/dutchchemlabs.com\/cs\/wp-json\/wp\/v2\/media?parent=7399"}],"wp:term":[{"taxonomy":"product_brand","embeddable":true,"href":"https:\/\/dutchchemlabs.com\/cs\/wp-json\/wp\/v2\/product_brand?post=7399"},{"taxonomy":"product_cat","embeddable":true,"href":"https:\/\/dutchchemlabs.com\/cs\/wp-json\/wp\/v2\/product_cat?post=7399"},{"taxonomy":"product_tag","embeddable":true,"href":"https:\/\/dutchchemlabs.com\/cs\/wp-json\/wp\/v2\/product_tag?post=7399"}],"curies":[{"name":"wp","href":"https:\/\/api.w.org\/{rel}","templated":true}]}}