{"id":7655,"date":"2025-09-20T19:28:33","date_gmt":"2025-09-20T19:28:33","guid":{"rendered":"https:\/\/dutchchemlabs.com\/?post_type=product&#038;p=7655"},"modified":"2025-11-08T07:39:03","modified_gmt":"2025-11-08T07:39:03","slug":"4-fmph-pellets","status":"publish","type":"product","link":"https:\/\/dutchchemlabs.com\/cs\/product\/4-fmph-pellets\/","title":{"rendered":"Pelety 4-FMPH"},"content":{"rendered":"<h2>4-FMPH pellets kopen<\/h2>\n<p>4-FMPH je v\u00fdzkumn\u00e1 chemick\u00e1 l\u00e1tka a nen\u00ed ur\u010dena k lidsk\u00e9 spot\u0159eb\u011b. 4-FMPH si m\u016f\u017eete zakoupit na adrese dutchchemlabs.com. Pokud si jej objedn\u00e1te do 18:00, bude v\u00e1m doru\u010den n\u00e1sleduj\u00edc\u00ed den! U n\u00e1s m\u016f\u017eete platit bezpe\u010dn\u011b a snadno pomoc\u00ed iDEAL, kreditn\u00ed karty, bankovn\u00edm p\u0159evodem a kryptom\u011bnami, jak jste zvykl\u00ed. Objednejte si 4-FMPH na dutchchemlabs.com. Nab\u00edz\u00edme tak\u00e9 <a href=\"https:\/\/dutchchemlabs.com\/product-categorie\/research-chemicals\/cathinonen\/2mmc-kopen\/\">2MMC<\/a>, <a href=\"https:\/\/dutchchemlabs.com\/product-categorie\/research-chemicals\/cathinonen\/pentedrone-nep\/\">Pentedrone (NEP)<\/a>,\u00a0<a href=\"https:\/\/dutchchemlabs.com\/product-categorie\/research-chemicals\/cathinonen\/3fmc\/\">3FMC<\/a> a dal\u0161\u00ed v\u00fdzkumn\u00e9 chemik\u00e1lie na.<\/p>\n<h2>Co je 4-FMPH?<\/h2>\n<p>4-fluormethylfenid\u00e1t, zn\u00e1m\u00fd tak\u00e9 jako 4-FMPH, je syntetick\u00fd stimulant pat\u0159\u00edc\u00ed do skupiny fenid\u00e1t\u016f. Na rozd\u00edl od sv\u00fdch farmaceutick\u00fdch prot\u011bj\u0161k\u016f je 4-FMPH nov\u00e1 slou\u010denina s kr\u00e1tkou histori\u00ed jako v\u00fdzkumn\u00e1 chemik\u00e1lie. Jako v\u00fdzkumn\u00e1 chemick\u00e1 l\u00e1tka se dostala do pop\u0159ed\u00ed pot\u00e9, co byla vyvinuta jako n\u00e1hrada za ethylfenid\u00e1t, kter\u00fd podl\u00e9hal regula\u010dn\u00edm omezen\u00edm.<\/p>\n<h2>\u00da\u010dinky 4-FMPH<\/h2>\n<p>De effecten van 4-Fluoromethylphenidate (4-FMPH) zijn gerelateerd aan stimulatie en energie, hoewel met belangrijke voorzichtigheid benaderd moeten worden. In matige doses wordt 4-FMPH vaak ervaren als energiek en stimulerend, wat de algemene productiviteit kan bevorderen. Gebruikers melden verbeterde alertheid en focus, en het kan de motivatie verhogen. Bij hogere doseringen kan het leiden tot fysieke activiteiten zoals dansen, socialiseren, rennen of schoonmaken. Het stimulerende effect wordt echter als \u2018geforceerd\u2019 ervaren en kan onwillekeurige bewegingen, trillingen en schudden van het hele lichaam veroorzaken, wat resulteert in een gebrek aan motorische controle.<\/p>\n<p>Let op! 4-FMPH kan ook leiden tot bijwerkingen zoals dehydratatie, verhoogde hartslag, abnormale hartslag, zweten, tandenknarsen en vasoconstrictie. Sommige gebruikers melden een toename van seksueel verlangen bij hogere doses, hoewel dit minder intens is dan bij sommige andere stimulerende middelen. Het is echter van cruciaal belang op te merken dat het gebruik van 4-FMPH bij het uitvoeren van jouw onderzoek gepaard kan gaan met ernstige bijwerkingen en risico\u2019s. Daarom moet men uiterst voorzichtig zijn en verantwoordelijke gebruikspraktijken volgen.<\/p>\n<h2>Objedn\u00e1no do 18:00 = doru\u010deno z\u00edtra!<\/h2>\n<p><strong>Objedn\u00e1no do 18:00 = doru\u010deno z\u00edtra! <\/strong>Va\u0161e objedn\u00e1vka bude odesl\u00e1na anonymn\u011b a diskr\u00e9tn\u011b na\u0161\u00ed pravidelnou kur\u00fdrn\u00ed slu\u017ebou. Krom\u011b toho m\u016f\u017eete snadno a rychle zaplatit pomoc\u00ed iDEAL, Bancontact nebo Crypto. Objedn\u00e1vejte prost\u0159ednictv\u00edm webu nebo n\u00e1s kontaktujte p\u0159es chat. V p\u0159\u00edpad\u011b jak\u00fdchkoli dotaz\u016f a\/nebo p\u0159ipom\u00ednek n\u00e1m m\u016f\u017eete kdykoli zavolat, napsat e-mail nebo zavolat. V p\u0159\u00edpad\u011b objedn\u00e1vek v\u011bt\u0161\u00edho mno\u017estv\u00ed za\u0161lete e-mail na adresu info@dutchchemlabs.com. T\u011b\u0161\u00edme se na va\u0161i objedn\u00e1vku!<\/p>\n<h2>Dod\u00e1v\u00e1me tak\u00e9 velk\u00e9 mno\u017estv\u00ed<\/h2>\n<p>Wil je graag 4-FMPH pellets bestellen in grotere hoeveelheden? Neem dan via de chat contact met ons op. dutchchemlabs.com bied scherpe tarieven voor grotere hoeveelheden. Wacht niet langer en neem vandaag nog contact op.<\/p>\n<div id=\"ConnectiveDocSignExtentionInstalled\" data-extension-version=\"1.0.4\"><\/div>","protected":false},"excerpt":{"rendered":"<ul>\n<li><strong>Diskr\u00e9tn\u00ed a anonymn\u00ed p\u0159eprava<\/strong><\/li>\n<li><strong>Objedn\u00e1no do 18:00 = doru\u010deno z\u00edtra!<\/strong><\/li>\n<li><strong>Doprava zdarma nad 50 \u20ac<\/strong><\/li>\n<\/ul>\n<div id=\"ConnectiveDocSignExtentionInstalled\" data-extension-version=\"1.0.4\"><\/div>","protected":false},"featured_media":8769,"comment_status":"open","ping_status":"closed","template":"","meta":[],"product_brand":[],"product_cat":[326,573,187],"product_tag":[],"class_list":{"0":"post-7655","1":"product","2":"type-product","3":"status-publish","4":"has-post-thumbnail","6":"product_cat-4fmph","7":"product_cat-pellets","8":"product_cat-populair","10":"first","11":"instock","12":"taxable","13":"shipping-taxable","14":"purchasable","15":"product-type-variable"},"jetpack_sharing_enabled":true,"_links":{"self":[{"href":"https:\/\/dutchchemlabs.com\/cs\/wp-json\/wp\/v2\/product\/7655","targetHints":{"allow":["GET"]}}],"collection":[{"href":"https:\/\/dutchchemlabs.com\/cs\/wp-json\/wp\/v2\/product"}],"about":[{"href":"https:\/\/dutchchemlabs.com\/cs\/wp-json\/wp\/v2\/types\/product"}],"replies":[{"embeddable":true,"href":"https:\/\/dutchchemlabs.com\/cs\/wp-json\/wp\/v2\/comments?post=7655"}],"version-history":[{"count":2,"href":"https:\/\/dutchchemlabs.com\/cs\/wp-json\/wp\/v2\/product\/7655\/revisions"}],"predecessor-version":[{"id":8771,"href":"https:\/\/dutchchemlabs.com\/cs\/wp-json\/wp\/v2\/product\/7655\/revisions\/8771"}],"wp:featuredmedia":[{"embeddable":true,"href":"https:\/\/dutchchemlabs.com\/cs\/wp-json\/wp\/v2\/media\/8769"}],"wp:attachment":[{"href":"https:\/\/dutchchemlabs.com\/cs\/wp-json\/wp\/v2\/media?parent=7655"}],"wp:term":[{"taxonomy":"product_brand","embeddable":true,"href":"https:\/\/dutchchemlabs.com\/cs\/wp-json\/wp\/v2\/product_brand?post=7655"},{"taxonomy":"product_cat","embeddable":true,"href":"https:\/\/dutchchemlabs.com\/cs\/wp-json\/wp\/v2\/product_cat?post=7655"},{"taxonomy":"product_tag","embeddable":true,"href":"https:\/\/dutchchemlabs.com\/cs\/wp-json\/wp\/v2\/product_tag?post=7655"}],"curies":[{"name":"wp","href":"https:\/\/api.w.org\/{rel}","templated":true}]}}