{"id":7728,"date":"2025-09-20T19:28:45","date_gmt":"2025-09-20T19:28:45","guid":{"rendered":"https:\/\/dutchchemlabs.com\/?post_type=product&#038;p=7728"},"modified":"2025-11-08T07:39:03","modified_gmt":"2025-11-08T07:39:03","slug":"2fma-prasek","status":"publish","type":"product","link":"https:\/\/dutchchemlabs.com\/cs\/product\/2fma-prasek\/","title":{"rendered":"Pr\u00e1\u0161ek 2FMA"},"content":{"rendered":"<h1>Koupit pr\u00e1\u0161ek 2FMA<\/h1>\n<p>2FMA je v\u00fdzkumn\u00e1 chemick\u00e1 l\u00e1tka a nen\u00ed ur\u010dena k lidsk\u00e9 spot\u0159eb\u011b. 2FMA si m\u016f\u017eete zakoupit na str\u00e1nk\u00e1ch dutchchemlabs.com. Pokud si jej objedn\u00e1te do 18:00, bude v\u00e1m doru\u010den n\u00e1sleduj\u00edc\u00ed den! U n\u00e1s m\u016f\u017eete platit bezpe\u010dn\u011b a snadno pomoc\u00ed iDEAL, kreditn\u00ed karty, bankovn\u00edm p\u0159evodem a kryptom\u011bnami, jak jste zvykl\u00ed. Objednejte si 2FMA na dutchchemlabs.com. Nab\u00edz\u00edme tak\u00e9 <a href=\"https:\/\/dutchchemlabs.com\/product-categorie\/research-chemicals\/cathinonen\/2mmc-kopen\/\">2MMC<\/a>, <a href=\"https:\/\/dutchchemlabs.com\/product-categorie\/research-chemicals\/cathinonen\/pentedrone-nep\/\">Pentedrone (NEP)<\/a>,\u00a0<a href=\"https:\/\/dutchchemlabs.com\/product-categorie\/research-chemicals\/cathinonen\/3fmc\/\">3FMC<\/a> a dal\u0161\u00ed v\u00fdzkumn\u00e9 chemik\u00e1lie na.<\/p>\n<h2>Co je 2FMA?<\/h2>\n<p>2-fluorometamfetamin, zkr\u00e1cen\u011b 2FMA, je syntetick\u00e1 slou\u010denina pat\u0159\u00edc\u00ed do skupiny fenetylamin\u016f. Jedn\u00e1 se o l\u00e1tku se stimula\u010dn\u00edmi vlastnostmi, podobn\u011b jako amfetaminy, a je zn\u00e1m\u00e1 svou schopnost\u00ed zlep\u0161ovat n\u00e1ladu, zvy\u0161ovat bd\u011blost a zvy\u0161ovat energii. 2FMA byl vyvinut pro v\u011bdeck\u00e9 \u00fa\u010dely a v\u00fdzkum a prod\u00e1v\u00e1 se na dutchchemlabs.com jako v\u00fdzkumn\u00e1 chemik\u00e1lie. 2-FMA je stimulant ze skupiny amfetamin\u016f, kter\u00fd vyvol\u00e1v\u00e1 sv\u00e9 \u00fa\u010dinky p\u016fsoben\u00edm na dopaminov\u00e9 a noradrenalinov\u00e9 receptory a \u010dasto se pou\u017e\u00edv\u00e1 jako studijn\u00ed prost\u0159edek nebo prost\u0159edek na podporu produktivity.<\/p>\n<p>Nab\u00edz\u00edme tak\u00e9 <a href=\"https:\/\/dutchchemlabs.com\/product-categorie\/research-chemicals\/cathinonen\/2mmc-kopen\/\">2MMC<\/a>, <a href=\"https:\/\/dutchchemlabs.com\/product-categorie\/research-chemicals\/cathinonen\/pentedrone-nep\/\">Pentedrone (NEP)<\/a>,\u00a0<a href=\"https:\/\/dutchchemlabs.com\/product-categorie\/research-chemicals\/cathinonen\/3fmc\/\">3FMC<\/a> a dal\u0161\u00ed v\u00fdzkumn\u00e9 chemik\u00e1lie na.<\/p>\n<h2>\u00da\u010dinky 2FMA<\/h2>\n<p>2FMA je zn\u00e1m\u00fd sv\u00fdmi funk\u010dn\u00edmi stimula\u010dn\u00edmi vlastnostmi, kter\u00e9 zvy\u0161uj\u00ed produktivitu a soust\u0159ed\u011bn\u00ed, podobn\u011b jako amfetamin nebo lisdexamfetamin (Vyvanse). Na rozd\u00edl od mnoha jin\u00fdch n\u00e1hra\u017eek amfetamin\u016f v\u011bdci uv\u00e1d\u011bj\u00ed relativn\u011b m\u00e1lo vedlej\u0161\u00edch \u00fa\u010dink\u016f, jako je nevolnost, vysok\u00fd krevn\u00ed tlak a \u00fazkost. P\u0159i vy\u0161\u0161\u00edch d\u00e1vk\u00e1ch v\u0161ak 2FMA ztr\u00e1c\u00ed sv\u00e9 produktivn\u00ed vlastnosti a m\u016f\u017ee vyvolat rekrea\u010dn\u00ed \u00fa\u010dinky d\u00edky euforii, kterou vyvol\u00e1v\u00e1. Mezi fyzick\u00e9 \u00fa\u010dinky pat\u0159\u00ed zv\u00fd\u0161en\u00ed energie, sn\u00ed\u017een\u00ed chuti k j\u00eddlu a zlep\u0161en\u00ed fyzick\u00e9 v\u00fddr\u017ee, zat\u00edmco p\u0159i vysok\u00fdch d\u00e1vk\u00e1ch se mohou objevit i ne\u017e\u00e1douc\u00ed \u00fa\u010dinky, jako je zat\u00edn\u00e1n\u00ed \u010delist\u00ed a mimovoln\u00ed t\u0159es. Vizu\u00e1ln\u00ed \u00fa\u010dinky jsou m\u00e9n\u011b v\u00fdrazn\u00e9, ale p\u0159i vysok\u00fdch d\u00e1vk\u00e1ch mohou zahrnovat m\u00edrn\u00e9 zkreslen\u00ed a zm\u011bny jasu. Z kognitivn\u00edho hlediska nab\u00edz\u00ed 2FMA lep\u0161\u00ed anal\u00fdzu, soust\u0159ed\u011bn\u00ed a motivaci, a\u010dkoli p\u0159i nadm\u011brn\u00fdch d\u00e1vk\u00e1ch m\u016f\u017ee tak\u00e9 zp\u016fsobovat \u00fazkost a paranoiu. N\u00e1sledky u\u017e\u00edv\u00e1n\u00ed mohou zahrnovat nep\u0159\u00edjemn\u00e9 \u00fa\u010dinky, jako je \u00fazkost, \u00fanava a bolesti hlavy.<\/p>\n<p>Pozor! Pro minimalizaci rizika p\u0159i prov\u00e1d\u011bn\u00ed studie a zachov\u00e1n\u00ed spr\u00e1vn\u00fdch \u00fa\u010dink\u016f je nezbytn\u00e9 db\u00e1t zv\u00fd\u0161en\u00e9 opatrnosti a dodr\u017eovat doporu\u010den\u00e9 d\u00e1vkov\u00e1n\u00ed. Individu\u00e1ln\u00ed reakce na tuto l\u00e1tku se m\u016f\u017ee li\u0161it, proto je z\u00e1sadn\u00ed zodpov\u011bdn\u00e9 u\u017e\u00edv\u00e1n\u00ed.<\/p>\n<h2>Objedn\u00e1no do 18:00 = doru\u010deno z\u00edtra!<\/h2>\n<p><strong>Objedn\u00e1no do 18:00 = doru\u010deno z\u00edtra! <\/strong>Va\u0161e objedn\u00e1vka bude odesl\u00e1na anonymn\u011b a diskr\u00e9tn\u011b prost\u0159ednictv\u00edm na\u0161eho st\u00e1l\u00e9ho partnera, spole\u010dnosti PostNL. Krom\u011b toho m\u016f\u017eete snadno a rychle zaplatit pomoc\u00ed iDEAL nebo Bancontact. Objedn\u00e1vejte prost\u0159ednictv\u00edm webu nebo n\u00e1s kontaktujte p\u0159es chat. V p\u0159\u00edpad\u011b jak\u00fdchkoli dotaz\u016f a\/nebo p\u0159ipom\u00ednek n\u00e1m m\u016f\u017eete kdykoli zavolat, napsat e-mail nebo zavolat. V p\u0159\u00edpad\u011b objedn\u00e1vek v\u011bt\u0161\u00edho mno\u017estv\u00ed za\u0161lete e-mail na adresu info@dutchchemlabs.com. T\u011b\u0161\u00edme se na va\u0161i objedn\u00e1vku!<\/p>\n<h2>Dod\u00e1v\u00e1me tak\u00e9 velk\u00e9 mno\u017estv\u00ed<\/h2>\n<p>Chcete si objednat pr\u00e1\u0161ek 2FMA ve v\u011bt\u0161\u00edm mno\u017estv\u00ed? Pak n\u00e1s kontaktujte prost\u0159ednictv\u00edm chatu. dutchchemlabs.com nab\u00edz\u00ed konkurenceschopn\u00e9 ceny za v\u011bt\u0161\u00ed mno\u017estv\u00ed. Ne\u010dekejte d\u00e9le a kontaktujte n\u00e1s je\u0161t\u011b dnes.<\/p>\n<div id=\"ConnectiveDocSignExtentionInstalled\" data-extension-version=\"1.0.4\"><\/div>","protected":false},"excerpt":{"rendered":"<ul>\n<li><strong>Diskr\u00e9tn\u00ed a anonymn\u00ed p\u0159eprava<\/strong><\/li>\n<li><strong>Objedn\u00e1no do 18:00 = doru\u010deno z\u00edtra!<\/strong><\/li>\n<li><strong>Doprava zdarma nad 50 \u20ac<\/strong><\/li>\n<\/ul>\n<div id=\"ConnectiveDocSignExtentionInstalled\" data-extension-version=\"1.0.4\"><\/div>","protected":false},"featured_media":8760,"comment_status":"open","ping_status":"closed","template":"","meta":[],"product_brand":[],"product_cat":[170,89,187],"product_tag":[],"class_list":{"0":"post-7728","1":"product","2":"type-product","3":"status-publish","4":"has-post-thumbnail","6":"product_cat-2fma","7":"product_cat-gefluoreerden","8":"product_cat-populair","10":"first","11":"instock","12":"taxable","13":"shipping-taxable","14":"purchasable","15":"product-type-variable"},"jetpack_sharing_enabled":true,"_links":{"self":[{"href":"https:\/\/dutchchemlabs.com\/cs\/wp-json\/wp\/v2\/product\/7728","targetHints":{"allow":["GET"]}}],"collection":[{"href":"https:\/\/dutchchemlabs.com\/cs\/wp-json\/wp\/v2\/product"}],"about":[{"href":"https:\/\/dutchchemlabs.com\/cs\/wp-json\/wp\/v2\/types\/product"}],"replies":[{"embeddable":true,"href":"https:\/\/dutchchemlabs.com\/cs\/wp-json\/wp\/v2\/comments?post=7728"}],"version-history":[{"count":2,"href":"https:\/\/dutchchemlabs.com\/cs\/wp-json\/wp\/v2\/product\/7728\/revisions"}],"predecessor-version":[{"id":8763,"href":"https:\/\/dutchchemlabs.com\/cs\/wp-json\/wp\/v2\/product\/7728\/revisions\/8763"}],"wp:featuredmedia":[{"embeddable":true,"href":"https:\/\/dutchchemlabs.com\/cs\/wp-json\/wp\/v2\/media\/8760"}],"wp:attachment":[{"href":"https:\/\/dutchchemlabs.com\/cs\/wp-json\/wp\/v2\/media?parent=7728"}],"wp:term":[{"taxonomy":"product_brand","embeddable":true,"href":"https:\/\/dutchchemlabs.com\/cs\/wp-json\/wp\/v2\/product_brand?post=7728"},{"taxonomy":"product_cat","embeddable":true,"href":"https:\/\/dutchchemlabs.com\/cs\/wp-json\/wp\/v2\/product_cat?post=7728"},{"taxonomy":"product_tag","embeddable":true,"href":"https:\/\/dutchchemlabs.com\/cs\/wp-json\/wp\/v2\/product_tag?post=7728"}],"curies":[{"name":"wp","href":"https:\/\/api.w.org\/{rel}","templated":true}]}}