{"id":7879,"date":"2025-09-20T19:29:06","date_gmt":"2025-09-20T19:29:06","guid":{"rendered":"https:\/\/dutchchemlabs.com\/?post_type=product&#038;p=7879"},"modified":"2025-11-08T07:39:02","modified_gmt":"2025-11-08T07:39:02","slug":"pyrazolam-pelety-3mg","status":"publish","type":"product","link":"https:\/\/dutchchemlabs.com\/cs\/product\/pyrazolam-pelety-3mg\/","title":{"rendered":"Pyrazolam pelety (3 mg)"},"content":{"rendered":"<h1>Koupit pyrazolam pelety<\/h1>\n<p>Pyrazolam je v\u00fdzkumn\u00e1 chemick\u00e1 l\u00e1tka a nen\u00ed ur\u010dena k lidsk\u00e9 spot\u0159eb\u011b. Pyrazolam si m\u016f\u017eete koupit na str\u00e1nk\u00e1ch dutchchemlabs.com. Pokud si jej objedn\u00e1te do 18:00, bude v\u00e1m doru\u010den n\u00e1sleduj\u00edc\u00ed den! U n\u00e1s m\u016f\u017eete platit bezpe\u010dn\u011b a snadno pomoc\u00ed iDEAL, kreditn\u00ed karty, bankovn\u00edm p\u0159evodem a kryptom\u011bnami, jak jste zvykl\u00ed. Objednejte si pyrazolam z dutchchemlabs.com. Nab\u00edz\u00edme tak\u00e9 <a href=\"https:\/\/dutchchemlabs.com\/product-categorie\/research-chemicals\/cathinonen\/2mmc-kopen\/\">2MMC<\/a>, <a href=\"https:\/\/dutchchemlabs.com\/product-categorie\/research-chemicals\/cathinonen\/pentedrone-nep\/\">Pentedrone (NEP)<\/a>,\u00a0<a href=\"https:\/\/dutchchemlabs.com\/product-categorie\/research-chemicals\/cathinonen\/3fmc\/\">3FMC<\/a> a dal\u0161\u00ed v\u00fdzkumn\u00e9 chemik\u00e1lie na.<\/p>\n<h2>Co je pyrazolam?<\/h2>\n<p>Pyrazolam, ned\u00e1vno vyvinut\u00e9 depresivum pat\u0159\u00edc\u00ed do skupiny benzodiazepin\u016f, byl p\u016fvodn\u011b vyvinut spole\u010dnost\u00ed Hoffman-La Roche v 70. letech 20. stolet\u00ed a pozd\u011bji, od roku 2012, si z\u00edskal pozornost jako v\u00fdzkumn\u00e1 chemik\u00e1lie. Ve srovn\u00e1n\u00ed s ostatn\u00edmi benzodiazepiny je pyrazolam zn\u00e1m\u00fd sv\u00fdm d\u016frazem na sedaci a sn\u00ed\u017een\u00fdmi euforick\u00fdmi \u00fa\u010dinky, co\u017e \u010din\u00ed jeho v\u00fdzkum zaj\u00edmav\u00fdm.<\/p>\n<h2>\u00da\u010dinky pyrazolamu<\/h2>\n<p>\u00da\u010dinky pyrazolamu jsou \u010dasto popisov\u00e1ny jako v\u00fdrazn\u00e1 sedace a sn\u00ed\u017een\u00ed \u00fazkosti. Lid\u00e9, kte\u0159\u00ed sd\u00edlej\u00ed sv\u00e9 zku\u0161enosti online, \u010dasto za\u017e\u00edvaj\u00ed pocit uvoln\u011bn\u00ed a sn\u00ed\u017een\u00ed \u00fazkosti, co\u017e m\u016f\u017ee v\u00e9st ke zlep\u0161en\u00ed n\u00e1lady a pocitu klidu. Pyrazolam je nav\u00edc zn\u00e1m\u00fd svou schopnost\u00ed uvol\u0148ovat svaly, co\u017e m\u016f\u017ee p\u0159isp\u00edvat k pocitu fyzick\u00e9ho pohodl\u00ed a \u00falev\u011b od nap\u011bt\u00ed.<\/p>\n<p>Pozor! Je v\u0161ak velmi d\u016fle\u017eit\u00e9 si uv\u011bdomit, \u017ee pyrazolam nen\u00ed bez rizika. V n\u011bkter\u00fdch p\u0159\u00edpadech se mohou p\u0159i v\u00fdzkumu objevit paradoxn\u00ed reakce, jako je zv\u00fd\u0161en\u00e1 \u00fazkost, agrese, ztr\u00e1ta kontroly nad impulzy a dokonce i sebevra\u017eedn\u00e9 sklony. A\u010dkoli jsou tyto reakce v b\u011b\u017en\u00e9 populaci vz\u00e1cn\u00e9, mohou b\u00fdt \u010dast\u011bj\u0161\u00ed u rekrea\u010dn\u00edch u\u017eivatel\u016f, jedinc\u016f s du\u0161evn\u00edmi poruchami, d\u011bt\u00ed a t\u011bch, kte\u0159\u00ed u\u017e\u00edvaj\u00ed vysok\u00e9 d\u00e1vky. Proto se p\u0159i laboratorn\u00edm u\u017e\u00edv\u00e1n\u00ed pyrazolamu doporu\u010duje opatrnost a m\u011bl by b\u00fdt v\u017edy u\u017e\u00edv\u00e1n v souladu s p\u0159edepsan\u00fdm d\u00e1vkov\u00e1n\u00edm a pod l\u00e9ka\u0159sk\u00fdm dohledem, aby se minimalizovaly mo\u017en\u00e9 ne\u017e\u00e1douc\u00ed \u00fa\u010dinky a zdravotn\u00ed rizika.<\/p>\n<h2>Objedn\u00e1no do 18:00 = doru\u010deno z\u00edtra!<\/h2>\n<p><strong>Objedn\u00e1no do 18:00 = doru\u010deno z\u00edtra! <\/strong>Va\u0161e objedn\u00e1vka bude odesl\u00e1na anonymn\u011b a diskr\u00e9tn\u011b. Krom\u011b toho m\u016f\u017eete snadno a rychle zaplatit pomoc\u00ed iDEAL nebo Bancontact. Objedn\u00e1vejte prost\u0159ednictv\u00edm webu nebo n\u00e1s kontaktujte p\u0159es chat. V p\u0159\u00edpad\u011b jak\u00fdchkoli dotaz\u016f a\/nebo p\u0159ipom\u00ednek n\u00e1m m\u016f\u017eete kdykoli zavolat, poslat e-mail nebo n\u00e1s kontaktovat telefonicky. V p\u0159\u00edpad\u011b objedn\u00e1vek v\u011bt\u0161\u00edho mno\u017estv\u00ed za\u0161lete e-mail na adresu info@dutchchemlabs.com. T\u011b\u0161\u00edme se na va\u0161i objedn\u00e1vku!<\/p>\n<h2>Dod\u00e1v\u00e1me tak\u00e9 velk\u00e9 mno\u017estv\u00ed<\/h2>\n<p>Chcete si objednat pyrazolam pelety ve v\u011bt\u0161\u00edm mno\u017estv\u00ed? Pak n\u00e1s kontaktujte prost\u0159ednictv\u00edm chatu. dutchchemlabs.com nab\u00edz\u00ed konkurenceschopn\u00e9 ceny za v\u011bt\u0161\u00ed mno\u017estv\u00ed. Ne\u010dekejte d\u00e9le a kontaktujte n\u00e1s je\u0161t\u011b dnes.<\/p>\n<div id=\"ConnectiveDocSignExtentionInstalled\" data-extension-version=\"1.0.4\"><\/div>","protected":false},"excerpt":{"rendered":"<ul>\n<li><strong>Diskr\u00e9tn\u00ed a anonymn\u00ed p\u0159eprava<\/strong><\/li>\n<li><strong>Objedn\u00e1no do 18:00 = doru\u010deno z\u00edtra!<\/strong><\/li>\n<li><strong>Doprava zdarma nad 50 \u20ac<\/strong><\/li>\n<\/ul>\n<div id=\"ConnectiveDocSignExtentionInstalled\" data-extension-version=\"1.0.4\"><\/div>","protected":false},"featured_media":8792,"comment_status":"open","ping_status":"closed","template":"","meta":[],"product_brand":[],"product_cat":[323,573,187,358],"product_tag":[],"class_list":{"0":"post-7879","1":"product","2":"type-product","3":"status-publish","4":"has-post-thumbnail","6":"product_cat-benzodiazepinen","7":"product_cat-pellets","8":"product_cat-populair","9":"product_cat-pyrazolam","11":"first","12":"instock","13":"taxable","14":"shipping-taxable","15":"purchasable","16":"product-type-variable"},"jetpack_sharing_enabled":true,"_links":{"self":[{"href":"https:\/\/dutchchemlabs.com\/cs\/wp-json\/wp\/v2\/product\/7879","targetHints":{"allow":["GET"]}}],"collection":[{"href":"https:\/\/dutchchemlabs.com\/cs\/wp-json\/wp\/v2\/product"}],"about":[{"href":"https:\/\/dutchchemlabs.com\/cs\/wp-json\/wp\/v2\/types\/product"}],"replies":[{"embeddable":true,"href":"https:\/\/dutchchemlabs.com\/cs\/wp-json\/wp\/v2\/comments?post=7879"}],"version-history":[{"count":2,"href":"https:\/\/dutchchemlabs.com\/cs\/wp-json\/wp\/v2\/product\/7879\/revisions"}],"predecessor-version":[{"id":8793,"href":"https:\/\/dutchchemlabs.com\/cs\/wp-json\/wp\/v2\/product\/7879\/revisions\/8793"}],"wp:featuredmedia":[{"embeddable":true,"href":"https:\/\/dutchchemlabs.com\/cs\/wp-json\/wp\/v2\/media\/8792"}],"wp:attachment":[{"href":"https:\/\/dutchchemlabs.com\/cs\/wp-json\/wp\/v2\/media?parent=7879"}],"wp:term":[{"taxonomy":"product_brand","embeddable":true,"href":"https:\/\/dutchchemlabs.com\/cs\/wp-json\/wp\/v2\/product_brand?post=7879"},{"taxonomy":"product_cat","embeddable":true,"href":"https:\/\/dutchchemlabs.com\/cs\/wp-json\/wp\/v2\/product_cat?post=7879"},{"taxonomy":"product_tag","embeddable":true,"href":"https:\/\/dutchchemlabs.com\/cs\/wp-json\/wp\/v2\/product_tag?post=7879"}],"curies":[{"name":"wp","href":"https:\/\/api.w.org\/{rel}","templated":true}]}}