{"id":3667,"date":"2025-09-20T09:20:23","date_gmt":"2025-09-20T09:20:23","guid":{"rendered":"https:\/\/dutchchemlabs.com\/?post_type=product&#038;p=3667"},"modified":"2025-11-08T07:39:13","modified_gmt":"2025-11-08T07:39:13","slug":"poppers-super-rush-black-label-9ml","status":"publish","type":"product","link":"https:\/\/dutchchemlabs.com\/da\/product\/poppers-super-rush-black-label-9ml\/","title":{"rendered":"Poppers Super Rush Black Label 9 ml"},"content":{"rendered":"<h1><strong>Poppers Super Rush Black Label 9 ml<\/strong><\/h1>\n<p>Tr\u00e6d ind i en verden af uovertruffen nydelse med Poppers Super Rush Black Label 9ml, tilg\u00e6ngelig p\u00e5 dutchchemlabs.com! Disse kraftfulde poppers er designet til at overraske dig med et intenst rush, der vil tage dig til nye h\u00f8jder af nydelse.<\/p>\n<p>Med sin unikke formel af isopropylnitrit giver Poppers Super Rush Black Label et hurtigt og intenst rush, der vil pirre dine sanser og give dig en uforglemmelig oplevelse. Uanset om du er p\u00e5 udkig efter et ekstra boost i intime \u00f8jeblikke eller en sp\u00e6ndende tilf\u00f8jelse til dine fester, er disse poppers din ultimative ledsager.<\/p>\n<p>Takket v\u00e6re den praktiske 9 ml-flaske er Poppers Super Rush Black Label perfekt til at tage med p\u00e5 rejsen. Uanset om du skal i byen med vennerne, til fest eller bare vil give dine private stunder lidt ekstra krydderi, s\u00e5 er disse poppers altid lige ved h\u00e5nden.<\/p>\n<p>V\u00e6lg den ultimative nydelse med Poppers Super Rush Black Label 9ml fra dutchchemlabs.com. Bestil i dag og opdag de ubegr\u00e6nsede muligheder for nydelse med disse sensationelle poppers!<\/p>\n<h2>Bestilt f\u00f8r 18:00 = leveret i morgen!<\/h2>\n<p><strong>Bestilt f\u00f8r 18:00 = leveret i morgen! <\/strong>Din ordre vil blive sendt anonymt og diskret med vores faste partner, PostNL. Derudover kan du betale nemt og hurtigt med iDEAL eller Bancontact. Bestil via webstedet, eller kontakt os via chat. Hvis du har sp\u00f8rgsm\u00e5l og\/eller kommentarer, kan du altid ringe, sende en e-mail eller ringe til os. Ved bestillinger af st\u00f8rre m\u00e6ngder bedes du sende en e-mail til info@dutchchemlabs.com. Vi ser frem til at modtage din ordre!<\/p>\n<p>Vi tilbyder flere typer<a href=\"https:\/\/dutchchemlabs.com\/product-categorie\/poppers\/\">\u00a0Poppers<\/a>\u00a0til. Vi er ogs\u00e5\u00a0<a href=\"https:\/\/dutchchemlabs.com\/product-categorie\/research-chemicals\/\">Forskning i kemikalier<\/a>\u00a0Specialist.<\/p>\n<div id=\"ConnectiveDocSignExtentionInstalled\" data-extension-version=\"1.0.4\"><\/div>","protected":false},"excerpt":{"rendered":"<ul>\n<li><strong>Diskret og anonym forsendelse<\/strong><\/li>\n<li><strong>Bestilt f\u00f8r 18:00 = leveret i morgen!<\/strong><\/li>\n<li><strong>Gratis forsendelse over \u20ac50<\/strong><\/li>\n<\/ul>\n<div id=\"ConnectiveDocSignExtentionInstalled\" data-extension-version=\"1.0.4\"><\/div>","protected":false},"featured_media":3724,"comment_status":"open","ping_status":"closed","template":"","meta":[],"product_brand":[],"product_cat":[206,209],"product_tag":[],"class_list":{"0":"post-3667","1":"product","2":"type-product","3":"status-publish","4":"has-post-thumbnail","6":"product_cat-poppers","7":"product_cat-poppers-small","9":"first","10":"instock","11":"taxable","12":"shipping-taxable","13":"purchasable","14":"product-type-simple"},"jetpack_sharing_enabled":true,"_links":{"self":[{"href":"https:\/\/dutchchemlabs.com\/da\/wp-json\/wp\/v2\/product\/3667","targetHints":{"allow":["GET"]}}],"collection":[{"href":"https:\/\/dutchchemlabs.com\/da\/wp-json\/wp\/v2\/product"}],"about":[{"href":"https:\/\/dutchchemlabs.com\/da\/wp-json\/wp\/v2\/types\/product"}],"replies":[{"embeddable":true,"href":"https:\/\/dutchchemlabs.com\/da\/wp-json\/wp\/v2\/comments?post=3667"}],"version-history":[{"count":1,"href":"https:\/\/dutchchemlabs.com\/da\/wp-json\/wp\/v2\/product\/3667\/revisions"}],"predecessor-version":[{"id":3725,"href":"https:\/\/dutchchemlabs.com\/da\/wp-json\/wp\/v2\/product\/3667\/revisions\/3725"}],"wp:featuredmedia":[{"embeddable":true,"href":"https:\/\/dutchchemlabs.com\/da\/wp-json\/wp\/v2\/media\/3724"}],"wp:attachment":[{"href":"https:\/\/dutchchemlabs.com\/da\/wp-json\/wp\/v2\/media?parent=3667"}],"wp:term":[{"taxonomy":"product_brand","embeddable":true,"href":"https:\/\/dutchchemlabs.com\/da\/wp-json\/wp\/v2\/product_brand?post=3667"},{"taxonomy":"product_cat","embeddable":true,"href":"https:\/\/dutchchemlabs.com\/da\/wp-json\/wp\/v2\/product_cat?post=3667"},{"taxonomy":"product_tag","embeddable":true,"href":"https:\/\/dutchchemlabs.com\/da\/wp-json\/wp\/v2\/product_tag?post=3667"}],"curies":[{"name":"wp","href":"https:\/\/api.w.org\/{rel}","templated":true}]}}