{"id":5742,"date":"2025-09-20T11:30:51","date_gmt":"2025-09-20T11:30:51","guid":{"rendered":"https:\/\/dutchchemlabs.com\/?post_type=product&#038;p=5742"},"modified":"2025-11-08T07:39:10","modified_gmt":"2025-11-08T07:39:10","slug":"black-friday-deal-5-gram-2mmc","status":"publish","type":"product","link":"https:\/\/dutchchemlabs.com\/da\/product\/black-friday-deal-5-gram-2mmc\/","title":{"rendered":"Black Friday Deal: 5 gram 2MMC"},"content":{"rendered":"<h2>Black Friday Deal: 5 gram 2MMC<\/h2>\n<p><strong>\ud83c\udf1f Black Friday Deal: 5 gram 2MMC voor slechts 39,95! \ud83c\udf1f<\/strong><\/p>\n<p>Mis deze ongekende Black Friday Deal niet! Deze week bieden we je 5 gram hoogwaardige 2MMC aan voor een onverslaanbare prijs van slechts 39,95. Dit is een exclusieve actie, waarbij kortingscodes helaas niet geldig zijn. Grijp nu je kans en haal dit opmerkelijke product in huis.<\/p>\n<p>Houd er rekening mee dat 2MMC een krachtig product is en verantwoord gebruik ervan in jouw onderzoek van essentieel belang is. Zorg ervoor dat je op de hoogte bent van de lokale wetgeving en voorschriften voordat je dit product koopt.<\/p>\n<p>Wacht niet langer! Deze Black Friday Deal is slechts voor een beperkte tijd beschikbaar. Bestel vandaag nog je 5 gram 2MMC voor slechts 39,95 en beleef een onvergetelijke ervaring. Profiteer nu en maak van deze Black Friday een bijzondere gelegenheid!<\/p>\n<h2>Bestilt f\u00f8r 18:00 = leveret i morgen!<\/h2>\n<p><strong>Bestilt f\u00f8r 18:00 = leveret i morgen!\u00a0<\/strong>Din ordre vil blive sendt anonymt og diskret med vores faste partner, PostNL. Derudover kan du betale nemt og hurtigt med iDEAL eller Bancontact. Bestil via webstedet, eller kontakt os via chat. Hvis du har sp\u00f8rgsm\u00e5l og\/eller kommentarer, kan du altid ringe, sende en e-mail eller ringe til os. Ved bestillinger af st\u00f8rre m\u00e6ngder bedes du sende en e-mail til info@dutchchemlabs.com. Vi ser frem til at modtage din ordre!<\/p>\n<h2>K\u00f8b forskningskemikalier i l\u00f8s v\u00e6gt<\/h2>\n<p>Vil du gerne bestille st\u00f8rre m\u00e6ngder? S\u00e5 kontakt os via chat. dutchchemlabs.com tilbyder konkurrencedygtige priser for st\u00f8rre m\u00e6ngder. Vent ikke l\u00e6ngere, og kontakt os i dag.<\/p>","protected":false},"excerpt":{"rendered":"<ul>\n<li><strong>Diskret og anonym forsendelse<\/strong><\/li>\n<li><strong>Bestilt f\u00f8r 18:00 = leveret i morgen!<\/strong><\/li>\n<li><strong>Gratis forsendelse over \u20ac50<\/strong><\/li>\n<\/ul>","protected":false},"featured_media":8888,"comment_status":"open","ping_status":"closed","template":"","meta":[],"product_brand":[],"product_cat":[84],"product_tag":[],"class_list":{"0":"post-5742","1":"product","2":"type-product","3":"status-publish","4":"has-post-thumbnail","6":"product_cat-sale","8":"first","9":"instock","10":"sale","11":"taxable","12":"shipping-taxable","13":"purchasable","14":"product-type-variable"},"jetpack_sharing_enabled":true,"_links":{"self":[{"href":"https:\/\/dutchchemlabs.com\/da\/wp-json\/wp\/v2\/product\/5742","targetHints":{"allow":["GET"]}}],"collection":[{"href":"https:\/\/dutchchemlabs.com\/da\/wp-json\/wp\/v2\/product"}],"about":[{"href":"https:\/\/dutchchemlabs.com\/da\/wp-json\/wp\/v2\/types\/product"}],"replies":[{"embeddable":true,"href":"https:\/\/dutchchemlabs.com\/da\/wp-json\/wp\/v2\/comments?post=5742"}],"version-history":[{"count":2,"href":"https:\/\/dutchchemlabs.com\/da\/wp-json\/wp\/v2\/product\/5742\/revisions"}],"predecessor-version":[{"id":8890,"href":"https:\/\/dutchchemlabs.com\/da\/wp-json\/wp\/v2\/product\/5742\/revisions\/8890"}],"wp:featuredmedia":[{"embeddable":true,"href":"https:\/\/dutchchemlabs.com\/da\/wp-json\/wp\/v2\/media\/8888"}],"wp:attachment":[{"href":"https:\/\/dutchchemlabs.com\/da\/wp-json\/wp\/v2\/media?parent=5742"}],"wp:term":[{"taxonomy":"product_brand","embeddable":true,"href":"https:\/\/dutchchemlabs.com\/da\/wp-json\/wp\/v2\/product_brand?post=5742"},{"taxonomy":"product_cat","embeddable":true,"href":"https:\/\/dutchchemlabs.com\/da\/wp-json\/wp\/v2\/product_cat?post=5742"},{"taxonomy":"product_tag","embeddable":true,"href":"https:\/\/dutchchemlabs.com\/da\/wp-json\/wp\/v2\/product_tag?post=5742"}],"curies":[{"name":"wp","href":"https:\/\/api.w.org\/{rel}","templated":true}]}}