{"id":5865,"date":"2025-09-20T11:31:49","date_gmt":"2025-09-20T11:31:49","guid":{"rendered":"https:\/\/dutchchemlabs.com\/?post_type=product&#038;p=5865"},"modified":"2025-11-08T07:39:09","modified_gmt":"2025-11-08T07:39:09","slug":"bromonordiazepam-pellets-25mg","status":"publish","type":"product","link":"https:\/\/dutchchemlabs.com\/da\/product\/bromonordiazepam-pellets-25mg\/","title":{"rendered":"Bromonordiazepam-piller (2,5 mg)"},"content":{"rendered":"<h1>K\u00f8b bromonordiazepam pellets<\/h1>\n<p>Bromonordiazepam er et forskningskemikalie og er ikke beregnet til konsum. Du kan k\u00f8be Bromonordiazepam fra dutchchemlabs.com. Hvis du bestiller inden kl. 18:00, vil det blive leveret allerede n\u00e6ste dag! Hos os kan du betale sikkert og nemt med iDEAL, kreditkort, bankoverf\u00f8rsel og krypto, som du er vant til. Bestil bromonordiazepam fra dutchchemlabs.com. Vi tilbyder ogs\u00e5 <a href=\"https:\/\/dutchchemlabs.com\/product-categorie\/research-chemicals\/cathinonen\/2mmc-kopen\/\">2MMC<\/a>, <a href=\"https:\/\/dutchchemlabs.com\/product-categorie\/research-chemicals\/cathinonen\/pentedrone-nep\/\">Pentedrone (NEP)<\/a>,\u00a0<a href=\"https:\/\/dutchchemlabs.com\/product-categorie\/research-chemicals\/cathinonen\/3fmc\/\">3FMC<\/a> og andre forskningskemikalier til.<\/p>\n<h2>Hvad er bromonordiazepam?<\/h2>\n<p>Bromonordiazepam er et beroligende middel, der tilh\u00f8rer klassen af benzodiazepiner. Dette stof er kendt for sine afslappende virkninger, herunder angstlindring, stressreduktion og en f\u00f8lelse af indre fred. Vores pellets p\u00e5 2,5 mg er omhyggeligt doseret for at give dig en sikker og beroligende oplevelse.<\/p>\n<h2>Bestilt f\u00f8r 18:00 = leveret i morgen!<\/h2>\n<p><strong>Bestilt f\u00f8r 18:00 = leveret i morgen! <\/strong>Din ordre vil blive sendt anonymt og diskret. Desuden kan du betale nemt og hurtigt med iDEAL eller Bancontact. Bestil via webstedet eller kontakt os via chat. Hvis du har sp\u00f8rgsm\u00e5l og\/eller kommentarer, kan du altid ringe, sende en e-mail eller ringe til os p\u00e5 telefon. Ved bestillinger af st\u00f8rre m\u00e6ngder bedes du sende en e-mail til info@dutchchemlabs.com. Vi ser frem til at modtage din ordre!<\/p>\n<h2>Vi leverer ogs\u00e5 store m\u00e6ngder<\/h2>\n<p>Vil du gerne bestille Bromonordiazepam Pellets i st\u00f8rre m\u00e6ngder? S\u00e5 kontakt os via chat. dutchchemlabs.com tilbyder konkurrencedygtige priser for st\u00f8rre m\u00e6ngder. Vent ikke l\u00e6ngere og kontakt os i dag.<\/p>\n<div id=\"ConnectiveDocSignExtentionInstalled\" data-extension-version=\"1.0.4\"><\/div>","protected":false},"excerpt":{"rendered":"<ul>\n<li><strong>Diskret og anonym forsendelse<\/strong><\/li>\n<li><strong>Bestilt f\u00f8r 18:00 = leveret i morgen!<\/strong><\/li>\n<li><strong>Gratis forsendelse over \u20ac50<\/strong><\/li>\n<\/ul>\n<div id=\"ConnectiveDocSignExtentionInstalled\" data-extension-version=\"1.0.4\"><\/div>","protected":false},"featured_media":8798,"comment_status":"open","ping_status":"closed","template":"","meta":[],"product_brand":[],"product_cat":[323,324,573],"product_tag":[],"class_list":{"0":"post-5865","1":"product","2":"type-product","3":"status-publish","4":"has-post-thumbnail","6":"product_cat-benzodiazepinen","7":"product_cat-bromonordiazepam","8":"product_cat-pellets","10":"first","11":"instock","12":"taxable","13":"shipping-taxable","14":"purchasable","15":"product-type-variable"},"jetpack_sharing_enabled":true,"_links":{"self":[{"href":"https:\/\/dutchchemlabs.com\/da\/wp-json\/wp\/v2\/product\/5865","targetHints":{"allow":["GET"]}}],"collection":[{"href":"https:\/\/dutchchemlabs.com\/da\/wp-json\/wp\/v2\/product"}],"about":[{"href":"https:\/\/dutchchemlabs.com\/da\/wp-json\/wp\/v2\/types\/product"}],"replies":[{"embeddable":true,"href":"https:\/\/dutchchemlabs.com\/da\/wp-json\/wp\/v2\/comments?post=5865"}],"version-history":[{"count":2,"href":"https:\/\/dutchchemlabs.com\/da\/wp-json\/wp\/v2\/product\/5865\/revisions"}],"predecessor-version":[{"id":8799,"href":"https:\/\/dutchchemlabs.com\/da\/wp-json\/wp\/v2\/product\/5865\/revisions\/8799"}],"wp:featuredmedia":[{"embeddable":true,"href":"https:\/\/dutchchemlabs.com\/da\/wp-json\/wp\/v2\/media\/8798"}],"wp:attachment":[{"href":"https:\/\/dutchchemlabs.com\/da\/wp-json\/wp\/v2\/media?parent=5865"}],"wp:term":[{"taxonomy":"product_brand","embeddable":true,"href":"https:\/\/dutchchemlabs.com\/da\/wp-json\/wp\/v2\/product_brand?post=5865"},{"taxonomy":"product_cat","embeddable":true,"href":"https:\/\/dutchchemlabs.com\/da\/wp-json\/wp\/v2\/product_cat?post=5865"},{"taxonomy":"product_tag","embeddable":true,"href":"https:\/\/dutchchemlabs.com\/da\/wp-json\/wp\/v2\/product_tag?post=5865"}],"curies":[{"name":"wp","href":"https:\/\/api.w.org\/{rel}","templated":true}]}}