{"id":5884,"date":"2025-09-20T11:31:49","date_gmt":"2025-09-20T11:31:49","guid":{"rendered":"https:\/\/dutchchemlabs.com\/?post_type=product&#038;p=5884"},"modified":"2025-11-08T07:39:09","modified_gmt":"2025-11-08T07:39:09","slug":"pink-star-pellets-70mg-5-mapb-20mg-2-fma-2mg-5-meo-mipt","status":"publish","type":"product","link":"https:\/\/dutchchemlabs.com\/da\/product\/pink-star-pellets-70mg-5-mapb-20mg-2-fma-2mg-5-meo-mipt\/","title":{"rendered":"Pink Star Pellets (70mg 5-MAPB \/ 20mg 2-FMA \/ 2mg 5-MeO-MiPT)"},"content":{"rendered":"<h2>Pink Star Pellets kopen<\/h2>\n<p>Pink Star Pellets zijn een onderzoekschemische stof en niet bedoeld voor menselijke consumptie. Je kunt Pink Star Pellets kopen bij dutchchemlabs.com. Als je v\u00f3\u00f3r 18:00 uur bestelt, wordt het de volgende dag al geleverd! Bij ons kun je veilig en gemakkelijk betalen met iDEAL, CreditCard, bankoverschrijving en crypto, zoals je gewend bent. Pink Star Pellets bestellen doe je bij dutchchemlabs.com. Wij bieden ook <a href=\"https:\/\/dutchchemlabs.com\/product-categorie\/research-chemicals\/cathinonen\/2mmc-kopen\/\">2MMC<\/a>, <a href=\"https:\/\/dutchchemlabs.com\/product-categorie\/research-chemicals\/cathinonen\/pentedrone-nep\/\">Pentedrone (NEP)<\/a>,\u00a0<a href=\"https:\/\/dutchchemlabs.com\/product-categorie\/research-chemicals\/cathinonen\/3fmc\/\">3FMC<\/a> og andre forskningskemikalier til.<\/p>\n<p><span style=\"font-size: 23.04px; color: #333333;\">Wat zijn Pink Star Pellets?<\/span><\/p>\n<p>Pink Star Pellets bevatten een zorgvuldig samengestelde mix van drie opwindende stoffen: 5-MAPB, 2-FMA en 5-MeO-MiPT. Dit unieke mengsel staat bekend om zijn synergetische effecten, waaronder verhoogde stemming, energie, empathie en diepe innerlijke exploratie. Onze Pink Star Pellets zijn nauwkeurig gedoseerd om je een veilige, veelzijdige en meeslepende ervaring te bieden.<\/p>\n<p><span style=\"font-size: 23.04px; color: #333333;\">Bestilt f\u00f8r 18:00 = leveret i morgen!<\/span><\/p>\n<p><strong>Bestilt f\u00f8r 18:00 = leveret i morgen! <\/strong>Din ordre vil blive sendt anonymt og diskret. Desuden kan du betale nemt og hurtigt med iDEAL eller Bancontact. Bestil via webstedet eller kontakt os via chat. Hvis du har sp\u00f8rgsm\u00e5l og\/eller kommentarer, kan du altid ringe, sende en e-mail eller ringe til os p\u00e5 telefon. Ved bestillinger af st\u00f8rre m\u00e6ngder bedes du sende en e-mail til info@dutchchemlabs.com. Vi ser frem til at modtage din ordre!<\/p>\n<h2>Vi leverer ogs\u00e5 store m\u00e6ngder<\/h2>\n<p>Wil je graag Pink Star Pellets bestellen in grotere hoeveelheden? Neem dan via de chat contact met ons op. dutchchemlabs.com bied scherpe tarieven voor grotere hoeveelheden. Wacht niet langer en neem vandaag nog contact op.<\/p>\n<div id=\"ConnectiveDocSignExtentionInstalled\" data-extension-version=\"1.0.4\"><\/div>","protected":false},"excerpt":{"rendered":"<ul>\n<li><strong>Diskret og anonym forsendelse<\/strong><\/li>\n<li><strong>Bestilt f\u00f8r 18:00 = leveret i morgen!<\/strong><\/li>\n<li><strong>Gratis forsendelse over \u20ac50<\/strong><\/li>\n<\/ul>\n<div id=\"ConnectiveDocSignExtentionInstalled\" data-extension-version=\"1.0.4\"><\/div>","protected":false},"featured_media":8759,"comment_status":"open","ping_status":"closed","template":"","meta":[],"product_brand":[],"product_cat":[170,311,281,162,89,573,244],"product_tag":[],"class_list":{"0":"post-5884","1":"product","2":"type-product","3":"status-publish","4":"has-post-thumbnail","6":"product_cat-2fma","7":"product_cat-5-meo-mipt","8":"product_cat-5mapb","9":"product_cat-benzofuran","10":"product_cat-gefluoreerden","11":"product_cat-pellets","12":"product_cat-tryptamines","14":"first","15":"instock","16":"taxable","17":"shipping-taxable","18":"purchasable","19":"product-type-variable"},"jetpack_sharing_enabled":true,"_links":{"self":[{"href":"https:\/\/dutchchemlabs.com\/da\/wp-json\/wp\/v2\/product\/5884","targetHints":{"allow":["GET"]}}],"collection":[{"href":"https:\/\/dutchchemlabs.com\/da\/wp-json\/wp\/v2\/product"}],"about":[{"href":"https:\/\/dutchchemlabs.com\/da\/wp-json\/wp\/v2\/types\/product"}],"replies":[{"embeddable":true,"href":"https:\/\/dutchchemlabs.com\/da\/wp-json\/wp\/v2\/comments?post=5884"}],"version-history":[{"count":2,"href":"https:\/\/dutchchemlabs.com\/da\/wp-json\/wp\/v2\/product\/5884\/revisions"}],"predecessor-version":[{"id":8766,"href":"https:\/\/dutchchemlabs.com\/da\/wp-json\/wp\/v2\/product\/5884\/revisions\/8766"}],"wp:featuredmedia":[{"embeddable":true,"href":"https:\/\/dutchchemlabs.com\/da\/wp-json\/wp\/v2\/media\/8759"}],"wp:attachment":[{"href":"https:\/\/dutchchemlabs.com\/da\/wp-json\/wp\/v2\/media?parent=5884"}],"wp:term":[{"taxonomy":"product_brand","embeddable":true,"href":"https:\/\/dutchchemlabs.com\/da\/wp-json\/wp\/v2\/product_brand?post=5884"},{"taxonomy":"product_cat","embeddable":true,"href":"https:\/\/dutchchemlabs.com\/da\/wp-json\/wp\/v2\/product_cat?post=5884"},{"taxonomy":"product_tag","embeddable":true,"href":"https:\/\/dutchchemlabs.com\/da\/wp-json\/wp\/v2\/product_tag?post=5884"}],"curies":[{"name":"wp","href":"https:\/\/api.w.org\/{rel}","templated":true}]}}