{"id":5964,"date":"2025-09-20T11:32:04","date_gmt":"2025-09-20T11:32:04","guid":{"rendered":"https:\/\/dutchchemlabs.com\/?post_type=product&#038;p=5964"},"modified":"2025-11-08T07:39:09","modified_gmt":"2025-11-08T07:39:09","slug":"flunitrazolam-pellets","status":"publish","type":"product","link":"https:\/\/dutchchemlabs.com\/da\/product\/flunitrazolam-pellets\/","title":{"rendered":"Flunitrazolam piller"},"content":{"rendered":"<h1>Flunitrazolam pellets kopen<\/h1>\n<p>Flunitrazolam is een onderzoekschemische stof en niet bedoeld voor menselijke consumptie. Je kunt Flunitrazolam kopen bij dutchchemlabs.com. Als je v\u00f3\u00f3r 18:00 uur bestelt, wordt het de volgende dag al geleverd! Bij ons kun je veilig en gemakkelijk betalen met iDEAL, CreditCard, bankoverschrijving en crypto, zoals je gewend bent. Flunitrazolam bestellen doe je bij dutchchemlabs.com. Wij bieden ook <a href=\"https:\/\/dutchchemlabs.com\/product-categorie\/research-chemicals\/cathinonen\/2mmc-kopen\/\">2MMC<\/a>, <a href=\"https:\/\/dutchchemlabs.com\/product-categorie\/research-chemicals\/cathinonen\/pentedrone-nep\/\">Pentedrone (NEP)<\/a>,\u00a0<a href=\"https:\/\/dutchchemlabs.com\/product-categorie\/research-chemicals\/cathinonen\/3fmc\/\">3FMC<\/a> og andre forskningskemikalier til.<\/p>\n<h2>Flunitrazolam effecten<\/h2>\n<p>Flunitrazolam is een benzodiazepine met opvallende sedatieve en spierontspannende effecten, maar met beperkte angstvermindering en geen significante sedatie. Het vertoont dosisafhankelijke effecten, met lagere doses die milde effecten veroorzaken en hogere hoeveelheden die leiden tot geheugenverlies en zeer sterke sedatie. Fysieke effecten omvatten sedatie, verlies van motorische controle, ademhalingsdepressie, duizeligheid, en spierontspanning, met het zeldzame risico op toevallen bij zeer hoge hoeveelheden.<\/p>\n<p>Cognitieve effecten worden gekenmerkt door intense sedatie, geheugenverlies, vertraagde gedachten, onderdrukking van analyse, disinhibitie en het potentieel voor onterecht vertrouwen in nuchterheid, vooral bij zware doses. Slaperigheid en een groggy gevoel de ochtend na gebruik zijn veelvoorkomende nawerkingen.<\/p>\n<p>Het gebruik van flunitrazolam bij het uitvoeren van jouw onderzoek moet daarom met uiterste voorzichtigheid gebeuren vanwege het risico op geheugenverlies, afhankelijkheid en de onvoorspelbare aard van de effecten. Het kan leiden tot verslaving en heeft het potentieel voor ernstige bijwerkingen bij onjuist gebruik.<\/p>\n<p><span style=\"font-size: 23.04px; color: #333333;\">Bestilt f\u00f8r 18:00 = leveret i morgen!<\/span><\/p>\n<p><strong>Bestilt f\u00f8r 18:00 = leveret i morgen! <\/strong>Din ordre vil blive sendt anonymt og diskret. Desuden kan du betale nemt og hurtigt med iDEAL eller Bancontact. Bestil via webstedet eller kontakt os via chat. Hvis du har sp\u00f8rgsm\u00e5l og\/eller kommentarer, kan du altid ringe, sende en e-mail eller ringe til os p\u00e5 telefon. Ved bestillinger af st\u00f8rre m\u00e6ngder bedes du sende en e-mail til info@dutchchemlabs.com. Vi ser frem til at modtage din ordre!<\/p>\n<h2>Vi leverer ogs\u00e5 store m\u00e6ngder<\/h2>\n<p>Wil je graag Flunitrazolam pellets bestellen in grotere hoeveelheden? Neem dan via de chat contact met ons op. dutchchemlabs.com bied scherpe tarieven voor grotere hoeveelheden. Wacht niet langer en neem vandaag nog contact op.<\/p>\n<div id=\"ConnectiveDocSignExtentionInstalled\" data-extension-version=\"1.0.4\"><\/div>","protected":false},"excerpt":{"rendered":"<ul>\n<li><strong>Diskret og anonym forsendelse<\/strong><\/li>\n<li><strong>Bestilt f\u00f8r 18:00 = leveret i morgen!<\/strong><\/li>\n<li><strong>Gratis forsendelse over \u20ac50<\/strong><\/li>\n<\/ul>\n<div id=\"ConnectiveDocSignExtentionInstalled\" data-extension-version=\"1.0.4\"><\/div>","protected":false},"featured_media":8700,"comment_status":"open","ping_status":"closed","template":"","meta":[],"product_brand":[],"product_cat":[323,329,573],"product_tag":[],"class_list":{"0":"post-5964","1":"product","2":"type-product","3":"status-publish","4":"has-post-thumbnail","6":"product_cat-benzodiazepinen","7":"product_cat-flunitrazolam","8":"product_cat-pellets","10":"first","11":"instock","12":"taxable","13":"shipping-taxable","14":"purchasable","15":"product-type-variable"},"jetpack_sharing_enabled":true,"_links":{"self":[{"href":"https:\/\/dutchchemlabs.com\/da\/wp-json\/wp\/v2\/product\/5964","targetHints":{"allow":["GET"]}}],"collection":[{"href":"https:\/\/dutchchemlabs.com\/da\/wp-json\/wp\/v2\/product"}],"about":[{"href":"https:\/\/dutchchemlabs.com\/da\/wp-json\/wp\/v2\/types\/product"}],"replies":[{"embeddable":true,"href":"https:\/\/dutchchemlabs.com\/da\/wp-json\/wp\/v2\/comments?post=5964"}],"version-history":[{"count":2,"href":"https:\/\/dutchchemlabs.com\/da\/wp-json\/wp\/v2\/product\/5964\/revisions"}],"predecessor-version":[{"id":8701,"href":"https:\/\/dutchchemlabs.com\/da\/wp-json\/wp\/v2\/product\/5964\/revisions\/8701"}],"wp:featuredmedia":[{"embeddable":true,"href":"https:\/\/dutchchemlabs.com\/da\/wp-json\/wp\/v2\/media\/8700"}],"wp:attachment":[{"href":"https:\/\/dutchchemlabs.com\/da\/wp-json\/wp\/v2\/media?parent=5964"}],"wp:term":[{"taxonomy":"product_brand","embeddable":true,"href":"https:\/\/dutchchemlabs.com\/da\/wp-json\/wp\/v2\/product_brand?post=5964"},{"taxonomy":"product_cat","embeddable":true,"href":"https:\/\/dutchchemlabs.com\/da\/wp-json\/wp\/v2\/product_cat?post=5964"},{"taxonomy":"product_tag","embeddable":true,"href":"https:\/\/dutchchemlabs.com\/da\/wp-json\/wp\/v2\/product_tag?post=5964"}],"curies":[{"name":"wp","href":"https:\/\/api.w.org\/{rel}","templated":true}]}}