{"id":6899,"date":"2025-09-20T19:26:08","date_gmt":"2025-09-20T19:26:08","guid":{"rendered":"https:\/\/dutchchemlabs.com\/?post_type=product&#038;p=6899"},"modified":"2025-11-08T07:39:07","modified_gmt":"2025-11-08T07:39:07","slug":"colt-30-ml-poppers","status":"publish","type":"product","link":"https:\/\/dutchchemlabs.com\/da\/product\/colt-30-ml-poppers\/","title":{"rendered":"Colt 30 ml poppers"},"content":{"rendered":"<h2>Lockerroom Poppers Colt poppers bestellen<\/h2>\n<p>Bent u op zoek naar een krachtige formule om te ontspannen en uw grenzen te verleggen? Dan is Lockerroom Poppers Colt 30ml het product dat u zoekt! Deze hoogwaardige poppers zijn speciaal ontwikkeld om u een onvergetelijke ervaring te bieden en zijn verkrijgbaar om te kopen of te bestellen bij dutchchemlabs.com.<\/p>\n<p>De Lockerroom Poppers Colt 30ml zijn gemaakt van hoogwaardige ingredi\u00ebnten en bieden een snelle en effectieve rush. Deze formule is perfect voor mensen die op zoek zijn naar een intens gevoel van warmte en opwinding. Of u nu wilt ontspannen na een lange dag of gewoon een spannende ervaring wilt beleven, deze poppers zijn de ideale keuze.<\/p>\n<p>Bij dutchchemlabs.com kunt u eenvoudig en veilig poppers kopen of bestellen. Wij bieden een snelle en discrete verzending, zodat u snel kunt genieten van uw Lockerroom Poppers Colt 30ml. Wacht niet langer en ervaar zelf waarom deze poppers zo populair zijn bij onze klanten. Bestel nu en beleef een onvergetelijke ervaring!<\/p>\n<p>Vil du ogs\u00e5 gerne k\u00f8be 3CMC? P\u00e5 dutchchemlabs.com s\u00e6lger vi ogs\u00e5 <a href=\"https:\/\/dutchchemlabs.com\/product\/3cmc-kopen\/\">3CMC-pulver<\/a>, <a href=\"https:\/\/dutchchemlabs.com\/product\/3cmc-kopen-kristallen\/\">3CMC-krystaller<\/a> og <a href=\"https:\/\/dutchchemlabs.com\/product\/3cmc-kopen-capsules\/\">3CMC-kapsler<\/a>.<\/p>\n<h2>Colt Lockeroom review<\/h2>\n<p>Colt Fuel Poppers, geproduceerd door het inventieve merk Colt dat bekend staat om fantastische seksspeeltjes, betreedt nu ook de poppersmarkt met een unieke geur. Deze poppers zijn geweldig spul: sterk en ideaal in combinatie met allerlei speeltjes of mensen! Colt Fuel biedt een aroma dat perfect is voor elke gelegenheid en je voorziet van brandstof voor erotische avonturen. Met de 10 ml Colt Fuel Poppers heb je genoeg om mee te beginnen! Het is tijd om bij te tanken met Colt Fuel Poppers en te genieten van een ongeremd, opwindend en warm gevoel. Deze poppers zijn speciaal ontwikkeld voor iedereen die nieuwe sensaties op seksueel gebied wil verkennen.<\/p>\n<h2>K\u00f8b poppers p\u00e5 dutchchemlabs.com<\/h2>\n<p>P\u00e5 dutchchemlabs.com kan du for nylig bestille poppers. Vi har stadig travlt med at udvide vores produktsortiment. Har du forslag til, hvilke poppers eller andre produkter vi kunne tilbyde? <a href=\"https:\/\/dutchchemlabs.com\/contact\">Kontakt os<\/a> op en laat het ons weten! Naast de Lockerroom Poppers Colt 30ml poppers bieden wij <a href=\"https:\/\/dutchchemlabs.com\/product-categorie\/poppers\/\">meerdere soorten poppers aan<\/a>.<\/p>\n<h2>Bestilt f\u00f8r 18:00 = leveret i morgen!<\/h2>\n<p><strong>Bestilt f\u00f8r 18:00 = leveret i morgen! <\/strong>Din ordre vil blive sendt anonymt og diskret med vores faste partner, PostNL. Derudover kan du betale nemt og hurtigt med iDEAL eller Bancontact. Bestil via webstedet, eller kontakt os via chat. Hvis du har sp\u00f8rgsm\u00e5l og\/eller kommentarer, kan du altid ringe, sende en e-mail eller ringe til os. Ved bestillinger af st\u00f8rre m\u00e6ngder bedes du sende en e-mail til info@dutchchemlabs.com. Vi ser frem til at modtage din ordre!<\/p>\n<p>dutchchemlabs.com s\u00e6lger <a href=\"https:\/\/dutchchemlabs.com\/product-categorie\/research-chemicals\/\">Forskning i kemikalier<\/a> og meget mere.<\/p>\n<div id=\"ConnectiveDocSignExtentionInstalled\" data-extension-version=\"1.0.4\"><\/div>","protected":false},"excerpt":{"rendered":"<ul>\n<li><strong>Diskret og anonym forsendelse<\/strong><\/li>\n<li><strong>Bestilt f\u00f8r 18:00 = leveret i morgen!<\/strong><\/li>\n<li><strong>Gratis forsendelse over \u20ac50<\/strong><\/li>\n<\/ul>\n<div id=\"ConnectiveDocSignExtentionInstalled\" data-extension-version=\"1.0.4\"><\/div>","protected":false},"featured_media":6950,"comment_status":"open","ping_status":"closed","template":"","meta":[],"product_brand":[],"product_cat":[206,207],"product_tag":[],"class_list":{"0":"post-6899","1":"product","2":"type-product","3":"status-publish","4":"has-post-thumbnail","6":"product_cat-poppers","7":"product_cat-poppers-large","9":"first","10":"instock","11":"taxable","12":"shipping-taxable","13":"purchasable","14":"product-type-simple"},"jetpack_sharing_enabled":true,"_links":{"self":[{"href":"https:\/\/dutchchemlabs.com\/da\/wp-json\/wp\/v2\/product\/6899","targetHints":{"allow":["GET"]}}],"collection":[{"href":"https:\/\/dutchchemlabs.com\/da\/wp-json\/wp\/v2\/product"}],"about":[{"href":"https:\/\/dutchchemlabs.com\/da\/wp-json\/wp\/v2\/types\/product"}],"replies":[{"embeddable":true,"href":"https:\/\/dutchchemlabs.com\/da\/wp-json\/wp\/v2\/comments?post=6899"}],"version-history":[{"count":1,"href":"https:\/\/dutchchemlabs.com\/da\/wp-json\/wp\/v2\/product\/6899\/revisions"}],"predecessor-version":[{"id":6951,"href":"https:\/\/dutchchemlabs.com\/da\/wp-json\/wp\/v2\/product\/6899\/revisions\/6951"}],"wp:featuredmedia":[{"embeddable":true,"href":"https:\/\/dutchchemlabs.com\/da\/wp-json\/wp\/v2\/media\/6950"}],"wp:attachment":[{"href":"https:\/\/dutchchemlabs.com\/da\/wp-json\/wp\/v2\/media?parent=6899"}],"wp:term":[{"taxonomy":"product_brand","embeddable":true,"href":"https:\/\/dutchchemlabs.com\/da\/wp-json\/wp\/v2\/product_brand?post=6899"},{"taxonomy":"product_cat","embeddable":true,"href":"https:\/\/dutchchemlabs.com\/da\/wp-json\/wp\/v2\/product_cat?post=6899"},{"taxonomy":"product_tag","embeddable":true,"href":"https:\/\/dutchchemlabs.com\/da\/wp-json\/wp\/v2\/product_tag?post=6899"}],"curies":[{"name":"wp","href":"https:\/\/api.w.org\/{rel}","templated":true}]}}