{"id":7166,"date":"2025-09-20T19:27:09","date_gmt":"2025-09-20T19:27:09","guid":{"rendered":"https:\/\/dutchchemlabs.com\/?post_type=product&#038;p=7166"},"modified":"2025-11-08T07:39:05","modified_gmt":"2025-11-08T07:39:05","slug":"hulk-extra-strong-poppers-10ml","status":"publish","type":"product","link":"https:\/\/dutchchemlabs.com\/da\/product\/hulk-extra-strong-poppers-10ml\/","title":{"rendered":"Hulk Extra Strong Poppers (10ml)"},"content":{"rendered":"<h2>Hulk Extra Strong 10 ml<\/h2>\n<p>Poppers kopen? De Hulk Extra Strong 10 ml Poppers is een intens krachtige popper. Een van de sterkste op de markt. Dat is leuk voor op feestjes of tussen de lakens. Hulk Extra Strong 10 ml is ook een van de meest verkochte poppers ter wereld. Poppers maken je intieme momenten nog leuker en spannender! Wanneer je direct uit het flesje snuift voel je direct het effect. Het effect duurt enkele minuten. Hulk Extra Strong 10 ml poppers zijn een aantal keren gedistilleerd, waardoor de kwaliteit zeer zuiver is. Let op: Gebruik dit product niet in combinatie met erectiemiddelen.<\/p>\n<p>Har du ogs\u00e5 lyst til at <a href=\"https:\/\/dutchchemlabs.com\/product-categorie\/research-chemicals\/cathinonen\/pentedrone-nep\/\"><span class=\"breadcrumb_last\" aria-current=\"page\">Pentedrone (NEP)<\/span><\/a> eller <a href=\"https:\/\/dutchchemlabs.com\/product-categorie\/research-chemicals\/cathinonen\/2mmc-kopen\/\">K\u00f8b 2MMC<\/a> eller? P\u00e5 dutchchemlabs.com s\u00e6lger vi ogs\u00e5 flere typer forskningskemikalier.<\/p>\n<h2>Hulk Extra Strong review<\/h2>\n<p>Maak je klaar voor een onvergetelijke ervaring met Hulk Extra Strong Poppers. Deze popper, gebaseerd op de originele pentyl nitriet, voegt niet alleen een krachtige boost toe aan je seksleven, maar zorgt ook voor een sensationele kick op feestjes, in clubs, op concerten of festivals. Met Hulk Extra Strong Poppers word je ondergedompeld in een wereld waar kleuren intenser lijken en muziek je dieper raakt. De groene Hulk Extra Strong Poppers zullen ongetwijfeld je vrienden verrassen. Hulk Extra Strong biedt een unieke en opwindende ervaring die je zintuigen prikkelt en je energie geeft. Met slechts een kleine hoeveelheid geniet je van intense sensaties die je nog lang zullen bijblijven. Kies voor de kwaliteit en kracht van Hulk Extra Strong Poppers en laat je betoveren door zijn indrukwekkende impact!<\/p>\n<h2>K\u00f8b poppers p\u00e5 dutchchemlabs.com<\/h2>\n<p>P\u00e5 dutchchemlabs.com kan du for nylig bestille poppers. Vi har stadig travlt med at udvide vores produktsortiment. Har du forslag til, hvilke poppers eller andre produkter vi kunne tilbyde? <a href=\"https:\/\/dutchchemlabs.com\/contact\">Kontakt os<\/a> op en laat het ons weten! Naast de Super Rush Red 25 ml bieden we <a href=\"https:\/\/dutchchemlabs.com\/product-categorie\/poppers\/\">flere typer poppers.<\/a><\/p>\n<h2>Bestilt f\u00f8r 18:00 = leveret i morgen!<\/h2>\n<p><strong>Bestilt f\u00f8r 18:00 = leveret i morgen! <\/strong>Din ordre vil blive sendt anonymt og diskret med vores faste partner, PostNL. Derudover kan du betale nemt og hurtigt med iDEAL eller Bancontact. Bestil via webstedet, eller kontakt os via chat. Hvis du har sp\u00f8rgsm\u00e5l og\/eller kommentarer, kan du altid ringe, sende en e-mail eller ringe til os. Ved bestillinger af st\u00f8rre m\u00e6ngder bedes du sende en e-mail til info@dutchchemlabs.com. Vi ser frem til at modtage din ordre!<\/p>\n<p>dutchchemlabs.com verkoopt meerdere soorten <a href=\"https:\/\/dutchchemlabs.com\/product-categorie\/poppers\/\">poppers<\/a>, <a href=\"https:\/\/dutchchemlabs.com\/product-categorie\/research-chemicals\/\">Forskning i kemikalier<\/a> og meget mere.<\/p>\n<div id=\"ConnectiveDocSignExtentionInstalled\" data-extension-version=\"1.0.4\"><\/div>","protected":false},"excerpt":{"rendered":"<ul>\n<li><strong>Diskret og anonym forsendelse<\/strong><\/li>\n<li><strong>Bestilt f\u00f8r 18:00 = leveret i morgen!<\/strong><\/li>\n<li><strong>Gratis forsendelse over \u20ac50<\/strong><\/li>\n<\/ul>\n<div id=\"ConnectiveDocSignExtentionInstalled\" data-extension-version=\"1.0.4\"><\/div>","protected":false},"featured_media":7235,"comment_status":"open","ping_status":"closed","template":"","meta":[],"product_brand":[],"product_cat":[206,209],"product_tag":[],"class_list":{"0":"post-7166","1":"product","2":"type-product","3":"status-publish","4":"has-post-thumbnail","6":"product_cat-poppers","7":"product_cat-poppers-small","9":"first","10":"instock","11":"taxable","12":"shipping-taxable","13":"purchasable","14":"product-type-simple"},"jetpack_sharing_enabled":true,"_links":{"self":[{"href":"https:\/\/dutchchemlabs.com\/da\/wp-json\/wp\/v2\/product\/7166","targetHints":{"allow":["GET"]}}],"collection":[{"href":"https:\/\/dutchchemlabs.com\/da\/wp-json\/wp\/v2\/product"}],"about":[{"href":"https:\/\/dutchchemlabs.com\/da\/wp-json\/wp\/v2\/types\/product"}],"replies":[{"embeddable":true,"href":"https:\/\/dutchchemlabs.com\/da\/wp-json\/wp\/v2\/comments?post=7166"}],"version-history":[{"count":1,"href":"https:\/\/dutchchemlabs.com\/da\/wp-json\/wp\/v2\/product\/7166\/revisions"}],"predecessor-version":[{"id":7236,"href":"https:\/\/dutchchemlabs.com\/da\/wp-json\/wp\/v2\/product\/7166\/revisions\/7236"}],"wp:featuredmedia":[{"embeddable":true,"href":"https:\/\/dutchchemlabs.com\/da\/wp-json\/wp\/v2\/media\/7235"}],"wp:attachment":[{"href":"https:\/\/dutchchemlabs.com\/da\/wp-json\/wp\/v2\/media?parent=7166"}],"wp:term":[{"taxonomy":"product_brand","embeddable":true,"href":"https:\/\/dutchchemlabs.com\/da\/wp-json\/wp\/v2\/product_brand?post=7166"},{"taxonomy":"product_cat","embeddable":true,"href":"https:\/\/dutchchemlabs.com\/da\/wp-json\/wp\/v2\/product_cat?post=7166"},{"taxonomy":"product_tag","embeddable":true,"href":"https:\/\/dutchchemlabs.com\/da\/wp-json\/wp\/v2\/product_tag?post=7166"}],"curies":[{"name":"wp","href":"https:\/\/api.w.org\/{rel}","templated":true}]}}