{"id":7361,"date":"2025-09-20T19:27:36","date_gmt":"2025-09-20T19:27:36","guid":{"rendered":"https:\/\/dutchchemlabs.com\/?post_type=product&#038;p=7361"},"modified":"2025-11-08T07:39:04","modified_gmt":"2025-11-08T07:39:04","slug":"popper-inhaler","status":"publish","type":"product","link":"https:\/\/dutchchemlabs.com\/da\/product\/popper-inhaler\/","title":{"rendered":"Popper Inhaler"},"content":{"rendered":"<h2>Poppers inhaler<\/h2>\n<p>De Popper inhaler is ideaal te gebruiken om jouw favoriete popper in te nemen. Gemakkelijk te gebruiken. Vul het flesje met jouw popper en neem het overal mee! Dat is leuk voor op feestjes of tussen de lakens. Poppers maken jouw intieme momenten nog leuker en spannender! Wanneer je direct uit het flesje snuift voel je direct het effect. Het effect duurt een aantal minuten. Let op: Gebruik poppers niet in combinatie met erectiemiddelen.<\/p>\n<p>Har du ogs\u00e5 lyst til at <a href=\"https:\/\/dutchchemlabs.com\/product-categorie\/research-chemicals\/cathinonen\/pentedrone-nep\/\"><span class=\"breadcrumb_last\" aria-current=\"page\">Pentedrone (NEP)<\/span><\/a> eller <a href=\"https:\/\/dutchchemlabs.com\/product-categorie\/research-chemicals\/cathinonen\/2mmc-kopen\/\">K\u00f8b 2MMC<\/a> eller? P\u00e5 dutchchemlabs.com s\u00e6lger vi ogs\u00e5 flere typer forskningskemikalier.<\/p>\n<h2>Hoe werkt een popper inhaler?<\/h2>\n<p>Met een popper inhaler kun je poppers veilig en discreet consumeren. Een popper inhaler is een apparaatje dat is ontworpen om een geconcentreerde dosis poppers of alkylnitrieten af te geven, meestal door inhalatie. De inhaler biedt een snelle en gemakkelijke manier om het medicijn toe te dienen, waarbij de effecten bijna onmiddellijk voelbaar zijn. De poppers inhaler kan gebruikers een aangenaam, euforisch gevoel en een gevoel van ontspanning geven. Een popper inhaler is met andere woorden een apparaatje dat is ontworpen voor het inhaleren van poppers, dit zijn vloeibare middelen die worden ingeademd voor een onmiddellijke high.<\/p>\n<h2>Bestilt f\u00f8r 18:00 = leveret i morgen!<\/h2>\n<p><strong>Bestilt f\u00f8r 18:00 = leveret i morgen! <\/strong>Din ordre vil blive sendt anonymt og diskret med vores faste partner, PostNL. Derudover kan du betale nemt og hurtigt med iDEAL eller Bancontact. For ordrer i st\u00f8rre m\u00e6ngder bedes du sende en e-mail til info@dutchchemlabs.com. Vi ser frem til at modtage din ordre!<\/p>\n<p>dutchchemlabs.com verkoopt meerdere soorten <a href=\"https:\/\/dutchchemlabs.com\/product-categorie\/poppers\/\">poppers<\/a>, <a href=\"https:\/\/dutchchemlabs.com\/product-categorie\/research-chemicals\/\">Forskning i kemikalier<\/a> og meget mere.<\/p>\n<p>&nbsp;<\/p>\n<div id=\"ConnectiveDocSignExtentionInstalled\" data-extension-version=\"1.0.4\"><\/div>","protected":false},"excerpt":{"rendered":"<ul>\n<li><strong>Diskret og anonym forsendelse<\/strong><\/li>\n<li><strong>Bestilt f\u00f8r 18:00 = leveret i morgen!<\/strong><\/li>\n<li><strong>Gratis forsendelse over \u20ac50<\/strong><\/li>\n<\/ul>\n<div id=\"ConnectiveDocSignExtentionInstalled\" data-extension-version=\"1.0.4\"><\/div>","protected":false},"featured_media":7384,"comment_status":"open","ping_status":"closed","template":"","meta":[],"product_brand":[],"product_cat":[206,207,208,209],"product_tag":[],"class_list":{"0":"post-7361","1":"product","2":"type-product","3":"status-publish","4":"has-post-thumbnail","6":"product_cat-poppers","7":"product_cat-poppers-large","8":"product_cat-poppers-medium","9":"product_cat-poppers-small","11":"first","12":"instock","13":"taxable","14":"shipping-taxable","15":"purchasable","16":"product-type-variable"},"jetpack_sharing_enabled":true,"_links":{"self":[{"href":"https:\/\/dutchchemlabs.com\/da\/wp-json\/wp\/v2\/product\/7361","targetHints":{"allow":["GET"]}}],"collection":[{"href":"https:\/\/dutchchemlabs.com\/da\/wp-json\/wp\/v2\/product"}],"about":[{"href":"https:\/\/dutchchemlabs.com\/da\/wp-json\/wp\/v2\/types\/product"}],"replies":[{"embeddable":true,"href":"https:\/\/dutchchemlabs.com\/da\/wp-json\/wp\/v2\/comments?post=7361"}],"version-history":[{"count":1,"href":"https:\/\/dutchchemlabs.com\/da\/wp-json\/wp\/v2\/product\/7361\/revisions"}],"predecessor-version":[{"id":7385,"href":"https:\/\/dutchchemlabs.com\/da\/wp-json\/wp\/v2\/product\/7361\/revisions\/7385"}],"wp:featuredmedia":[{"embeddable":true,"href":"https:\/\/dutchchemlabs.com\/da\/wp-json\/wp\/v2\/media\/7384"}],"wp:attachment":[{"href":"https:\/\/dutchchemlabs.com\/da\/wp-json\/wp\/v2\/media?parent=7361"}],"wp:term":[{"taxonomy":"product_brand","embeddable":true,"href":"https:\/\/dutchchemlabs.com\/da\/wp-json\/wp\/v2\/product_brand?post=7361"},{"taxonomy":"product_cat","embeddable":true,"href":"https:\/\/dutchchemlabs.com\/da\/wp-json\/wp\/v2\/product_cat?post=7361"},{"taxonomy":"product_tag","embeddable":true,"href":"https:\/\/dutchchemlabs.com\/da\/wp-json\/wp\/v2\/product_tag?post=7361"}],"curies":[{"name":"wp","href":"https:\/\/api.w.org\/{rel}","templated":true}]}}