{"id":8281,"date":"2025-09-20T19:30:33","date_gmt":"2025-09-20T19:30:33","guid":{"rendered":"https:\/\/dutchchemlabs.com\/?post_type=product&#038;p=8281"},"modified":"2025-11-08T07:39:01","modified_gmt":"2025-11-08T07:39:01","slug":"actie-51-gratis-3cmc-kristallen-of-poeder","status":"publish","type":"product","link":"https:\/\/dutchchemlabs.com\/da\/product\/actie-51-gratis-3cmc-kristallen-of-poeder\/","title":{"rendered":"ACTIE: 5+1 GRATIS! | 3CMC Kristallen of Poeder"},"content":{"rendered":"<p><strong>3CMC kopen met korting? Bestel de allerhoogste kwaliteit 3CMC bij dutchchemlabs.com. <em>Voor 18:00 besteld is morgen al in huis!<\/em> Wij doen er alles aan om onze producten zo snel mogelijk bij jou te krijgen. Zo kan je zo snel mogelijk beginnen aan jouw onderzoek. Daarnaast kan je gemakkelijk en veilig betalen met iDEAL, zoals je gewend bent. 3CMC kopen doe je bij dutchchemlabs.com, de snelste, beste en goedkoopste!<\/strong><\/p>\n<h2>3CMC kopen met korting<\/h2>\n<p>3CMC, ook wel miauw miauw genoemd, is op de markt gekomen als vervanger op het populaire 3MMC. 3MMC valt sinds een tijd onder de opiumwet en is daardoor dus illegaal in Nederland. 3CMC is helemaal legaal in Nederland en is daarom ook 100% veilig te bestellen bij dutchchemlabs.com. Door het opwekkende gevoel is het een populair middel om te gebruiken in het uitgaansleven. Gebruikers ervaren een vrolijk, euforisch en opgewekt gevoel. dutchchemlabs.com is niet verantwoordelijk voor het onjuist gebruik van deze Research Chemical die niet voor menselijke consumptie geschikt is. 3CMC bewaar je op een donkere, koele en droge plek. Ook dient 3CMC ten aller tijden buiten het bereik van kinderen en huisdieren gehouden te worden.<\/p>\n<h2 id=\"h-3cmc-werking\">3CMC werking<\/h2>\n<p>Wil je 3CMC bestellen maar ook meer weten over de werking? Hoe werkt 3CMC precies? De 3CMC werking is volgens online-rapporten vrij kort en na anderhalf uur is het toppunt in principe al bereikt. Het effect van 3CMC duurt in totaal tussen de 2 en 4 uur maar de nawerkingen kunnen 4 tot 12 uur blijven duren. Sommigen melden dat ze 1 tot 2 uur onder invloed zijn, terwijl anderen beweren 5-6 uur de effecten te voelen. Het hangt dus af van persoon tot persoon.<\/p>\n<p>De \u201cbody high\u201d van 3CMC kan worden gekarakteriseerd als een matig tot extreem euforisch tintelend gevoel dat het hele lichaam omvat. Bij een hogere dosis kan het een overweldigend plezierig gevoel geven. 3-CMC zorgt er voor dat je lichamelijk euforisch wordt, wat vaak wordt beschreven als diepe gevoelens van sociale en fysieke ontremming.<\/p>\n<h2>Bestilt f\u00f8r 18:00 = leveret i morgen!<\/h2>\n<p><strong>Bestilt f\u00f8r 18:00 = leveret i morgen!\u00a0<\/strong>Din ordre vil blive sendt anonymt og diskret med vores faste partner, PostNL. Derudover kan du betale nemt og hurtigt med iDEAL eller Bancontact. Bestil via webstedet, eller kontakt os via chat. Hvis du har sp\u00f8rgsm\u00e5l og\/eller kommentarer, kan du altid ringe, sende en e-mail eller ringe til os. Ved bestillinger af st\u00f8rre m\u00e6ngder bedes du sende en e-mail til info@dutchchemlabs.com. Vi ser frem til at modtage din ordre!<\/p>\n<h2>K\u00f8b forskningskemikalier i l\u00f8s v\u00e6gt<\/h2>\n<p>Vil du gerne bestille st\u00f8rre m\u00e6ngder? S\u00e5 kontakt os via chat. dutchchemlabs.com tilbyder konkurrencedygtige priser for st\u00f8rre m\u00e6ngder. Vent ikke l\u00e6ngere, og kontakt os i dag.<\/p>","protected":false},"excerpt":{"rendered":"<ul>\n<li><strong>Diskret og anonym forsendelse<\/strong><\/li>\n<li><strong>Bestilt f\u00f8r 18:00 = leveret i morgen!<\/strong><\/li>\n<li><strong>Gratis forsendelse over \u20ac50<\/strong><\/li>\n<\/ul>","protected":false},"featured_media":8704,"comment_status":"open","ping_status":"closed","template":"","meta":[],"product_brand":[],"product_cat":[15],"product_tag":[],"class_list":{"0":"post-8281","1":"product","2":"type-product","3":"status-publish","4":"has-post-thumbnail","6":"product_cat-uncategorized","8":"first","9":"instock","10":"taxable","11":"shipping-taxable","12":"purchasable","13":"product-type-variable"},"jetpack_sharing_enabled":true,"_links":{"self":[{"href":"https:\/\/dutchchemlabs.com\/da\/wp-json\/wp\/v2\/product\/8281","targetHints":{"allow":["GET"]}}],"collection":[{"href":"https:\/\/dutchchemlabs.com\/da\/wp-json\/wp\/v2\/product"}],"about":[{"href":"https:\/\/dutchchemlabs.com\/da\/wp-json\/wp\/v2\/types\/product"}],"replies":[{"embeddable":true,"href":"https:\/\/dutchchemlabs.com\/da\/wp-json\/wp\/v2\/comments?post=8281"}],"version-history":[{"count":2,"href":"https:\/\/dutchchemlabs.com\/da\/wp-json\/wp\/v2\/product\/8281\/revisions"}],"predecessor-version":[{"id":8977,"href":"https:\/\/dutchchemlabs.com\/da\/wp-json\/wp\/v2\/product\/8281\/revisions\/8977"}],"wp:featuredmedia":[{"embeddable":true,"href":"https:\/\/dutchchemlabs.com\/da\/wp-json\/wp\/v2\/media\/8704"}],"wp:attachment":[{"href":"https:\/\/dutchchemlabs.com\/da\/wp-json\/wp\/v2\/media?parent=8281"}],"wp:term":[{"taxonomy":"product_brand","embeddable":true,"href":"https:\/\/dutchchemlabs.com\/da\/wp-json\/wp\/v2\/product_brand?post=8281"},{"taxonomy":"product_cat","embeddable":true,"href":"https:\/\/dutchchemlabs.com\/da\/wp-json\/wp\/v2\/product_cat?post=8281"},{"taxonomy":"product_tag","embeddable":true,"href":"https:\/\/dutchchemlabs.com\/da\/wp-json\/wp\/v2\/product_tag?post=8281"}],"curies":[{"name":"wp","href":"https:\/\/api.w.org\/{rel}","templated":true}]}}