{"id":9168,"date":"2025-11-17T14:18:59","date_gmt":"2025-11-17T14:18:59","guid":{"rendered":"https:\/\/dutchchemlabs.com\/?page_id=9168"},"modified":"2025-11-17T14:20:34","modified_gmt":"2025-11-17T14:20:34","slug":"algemene-voorwaarden","status":"publish","type":"page","link":"https:\/\/dutchchemlabs.com\/de\/algemene-voorwaarden\/","title":{"rendered":"Allgemeine Bedingungen und Konditionen"},"content":{"rendered":"<div data-elementor-type=\"wp-page\" data-elementor-id=\"9168\" class=\"elementor elementor-9168\" data-elementor-post-type=\"page\">\n\t\t\t\t<div class=\"wd-negative-gap elementor-element elementor-element-b2f94f4 e-flex e-con-boxed e-con e-parent\" data-id=\"b2f94f4\" data-element_type=\"container\" data-e-type=\"container\">\n\t\t\t\t\t<div class=\"e-con-inner\">\n\t\t\t\t<div class=\"elementor-element elementor-element-c2ac29e elementor-widget elementor-widget-wd_text_block\" data-id=\"c2ac29e\" data-element_type=\"widget\" data-e-type=\"widget\" data-widget_type=\"wd_text_block.default\">\n\t\t\t\t<div class=\"elementor-widget-container\">\n\t\t\t\t\t\t\t<div class=\"wd-text-block reset-last-child text-left\">\n\t\t\t\n\t\t\t<p data-start=\"0\" data-end=\"24\"><strong data-start=\"0\" data-end=\"24\">Allgemeine Bedingungen und Konditionen<\/strong><\/p><p data-start=\"26\" data-end=\"54\">Datum des Inkrafttretens: 03\/06\/2024<\/p><p data-start=\"56\" data-end=\"360\">Willkommen bei Dutch Chem Labs. Durch den Zugriff auf oder die Nutzung unserer Website, <strong data-start=\"153\" data-end=\"174\">DutchChemLabs.com<\/strong>, stimmen Sie folgendem zu <strong data-start=\"211\" data-end=\"235\">Allgemeine Bedingungen und Konditionen<\/strong> (de \"Overeenkomst\"). Als u niet akkoord gaat met deze voorwaarden, verzoeken wij u de website en diensten niet te gebruiken.<\/p><h3 data-start=\"367\" data-end=\"421\"><strong data-start=\"371\" data-end=\"421\">1. Einleitung \/ Zustimmung zu den Bedingungen<\/strong><\/h3><p data-start=\"423\" data-end=\"757\">Door gebruik te maken van DutchChemLabs.com (de \"Website\") en producten aan te schaffen bij Dutch Chem Labs (\"wij,\" \"ons,\" of \"onze\"), gaat u akkoord met deze Algemene Voorwaarden en ons Privacybeleid. Deze Voorwaarden regelen uw gebruik van de Website, de producten, diensten en alle transacties die via de Website worden uitgevoerd.<\/p><p data-start=\"759\" data-end=\"954\">Bitte lesen Sie diese Bedingungen sorgf\u00e4ltig, da sie eine rechtsverbindliche Vereinbarung zwischen Ihnen und Dutch Chem Labs darstellen. Wenn Sie unter 18 Jahre alt sind, ist es Ihnen untersagt, die Website zu nutzen.<\/p><h3 data-start=\"961\" data-end=\"982\"><strong data-start=\"965\" data-end=\"982\">2. Begriffsbestimmungen<\/strong><\/h3><p data-start=\"984\" data-end=\"1094\">F\u00fcr die Zwecke dieser Bedingungen haben die folgenden Begriffe die nachstehend angegebene Bedeutung:<\/p><ul data-start=\"1096\" data-end=\"1940\"><li data-start=\"1096\" data-end=\"1261\"><p data-start=\"1098\" data-end=\"1261\"><strong data-start=\"1098\" data-end=\"1113\">\"Gebruiker\"<\/strong>: Jede Person, die auf die Website zugreift oder sie nutzt, einschlie\u00dflich registrierter Benutzer und nicht registrierter Besucher.<\/p><\/li><li data-start=\"1262\" data-end=\"1413\"><p data-start=\"1264\" data-end=\"1413\"><strong data-start=\"1264\" data-end=\"1278\">\"Diensten\"<\/strong>Die \u00fcber die Website angebotenen Produkte und Dienstleistungen, einschlie\u00dflich des Verkaufs von Forschungschemikalien, Informationen und Ressourcen.<\/p><\/li><li data-start=\"1414\" data-end=\"1634\"><p data-start=\"1416\" data-end=\"1634\"><strong data-start=\"1416\" data-end=\"1428\">\"Inhoud\"<\/strong>: Alle tekst, afbeeldingen, grafische elementen, logo's, video's en andere materialen die op de Website worden aangeboden, inclusief maar niet beperkt tot productomschrijvingen, marketingmateriaal en blogs.<\/p><\/li><li data-start=\"1635\" data-end=\"1829\"><p data-start=\"1637\" data-end=\"1829\"><strong data-start=\"1637\" data-end=\"1650\">\"Account\"<\/strong>Ein von einem registrierten Benutzer auf der Website erstelltes Benutzerprofil, in dem pers\u00f6nliche Daten, Bestellhistorie und Kontoeinstellungen gespeichert werden.<\/p><\/li><li data-start=\"1830\" data-end=\"1940\"><p data-start=\"1832\" data-end=\"1940\"><strong data-start=\"1832\" data-end=\"1847\">\"Producten\"<\/strong>Die Forschungschemikalien und verwandte Artikel, die \u00fcber die Website erworben werden k\u00f6nnen.<\/p><\/li><\/ul><h3 data-start=\"1947\" data-end=\"1993\"><strong data-start=\"1951\" data-end=\"1993\">3. Zulassungsvoraussetzungen \/ Altersbeschr\u00e4nkungen<\/strong><\/h3><p data-start=\"1995\" data-end=\"2076\">Um die Website nutzen zu k\u00f6nnen, m\u00fcssen Sie die folgenden Teilnahmebedingungen erf\u00fcllen:<\/p><ul data-start=\"2078\" data-end=\"2491\"><li data-start=\"2078\" data-end=\"2212\"><p data-start=\"2080\" data-end=\"2212\"><strong data-start=\"2080\" data-end=\"2101\">Mindestalter<\/strong>Sie m\u00fcssen mindestens \u00fcber <strong data-start=\"2119\" data-end=\"2134\">18 Jahre alt<\/strong> eine Bestellung aufgeben oder ein Konto auf der Website einrichten m\u00fcssen.<\/p><\/li><li data-start=\"2213\" data-end=\"2491\"><p data-start=\"2215\" data-end=\"2491\"><strong data-start=\"2215\" data-end=\"2241\">Einhaltung der Rechtsvorschriften<\/strong>Durch die Nutzung der Website erkl\u00e4ren Sie, dass Sie rechtlich befugt sind, die Produkte in Ihrer Gerichtsbarkeit zu kaufen und zu verwenden. Es liegt in Ihrer Verantwortung, den rechtlichen Status eines jeden Produkts an Ihrem Standort zu \u00fcberpr\u00fcfen.<\/p><\/li><\/ul><h3 data-start=\"2498\" data-end=\"2531\"><strong data-start=\"2502\" data-end=\"2531\">4. Konten &amp; Registrierung<\/strong><\/h3><p data-start=\"2533\" data-end=\"2697\">Wenn Sie einen Kauf t\u00e4tigen oder auf bestimmte Funktionen der Website zugreifen m\u00f6chten, m\u00fcssen Sie m\u00f6glicherweise ein Konto erstellen. Um ein Konto zu erstellen, m\u00fcssen Sie:<\/p><ul data-start=\"2699\" data-end=\"3309\"><li data-start=\"2699\" data-end=\"2857\"><p data-start=\"2701\" data-end=\"2857\"><strong data-start=\"2701\" data-end=\"2734\">Korrekte Informationen bereitstellen<\/strong>Sie m\u00fcssen bei der Registrierung genaue und vollst\u00e4ndige Angaben machen, einschlie\u00dflich Ihres Namens, Ihrer Adresse, Ihrer E-Mail-Adresse und Ihrer Zahlungsangaben.<\/p><\/li><li data-start=\"2858\" data-end=\"3020\"><p data-start=\"2860\" data-end=\"3020\"><strong data-start=\"2860\" data-end=\"2891\">Sicherheit des Kontos<\/strong>Sie sind verantwortlich f\u00fcr die Sicherung Ihrer Kontodaten und f\u00fcr alle Aktivit\u00e4ten, die \u00fcber Ihr Konto stattfinden.<\/p><\/li><li data-start=\"3021\" data-end=\"3120\"><p data-start=\"3023\" data-end=\"3120\"><strong data-start=\"3023\" data-end=\"3040\">Kontof\u00fchrung<\/strong>Sie k\u00f6nnen Ihre Kontodaten jederzeit \u00fcber die Kontoeinstellungen aktualisieren.<\/p><\/li><li data-start=\"3121\" data-end=\"3309\"><p data-start=\"3123\" data-end=\"3309\"><strong data-start=\"3123\" data-end=\"3138\">Terminierung<\/strong>Wir behalten uns das Recht vor, Ihr Konto zu sperren oder zu k\u00fcndigen, wenn wir einen Verdacht auf Betrug oder einen Versto\u00df gegen diese Allgemeinen Gesch\u00e4ftsbedingungen haben.<\/p><\/li><\/ul><h3 data-start=\"3316\" data-end=\"3379\"><strong data-start=\"3320\" data-end=\"3379\">5. Pflichten des Nutzers \/ Annehmbare Nutzung<\/strong><\/h3><p data-start=\"3381\" data-end=\"3442\">Als Nutzer der Website erkl\u00e4ren Sie sich mit den folgenden Bestimmungen einverstanden:<\/p><ul data-start=\"3444\" data-end=\"4014\"><li data-start=\"3444\" data-end=\"3591\"><p data-start=\"3446\" data-end=\"3591\"><strong data-start=\"3446\" data-end=\"3464\">Rechtliche Verwendung<\/strong>Sie werden die Website nur f\u00fcr rechtm\u00e4\u00dfige Zwecke nutzen und alle geltenden Gesetze und Vorschriften einhalten.<\/p><\/li><li data-start=\"3592\" data-end=\"4014\"><p data-start=\"3594\" data-end=\"3670\"><strong data-start=\"3594\" data-end=\"3619\">Verbotene Aktivit\u00e4ten<\/strong>Sie sollten sich nicht an Aktivit\u00e4ten beteiligen, die:<\/p><ul data-start=\"3673\" data-end=\"4014\"><li data-start=\"3673\" data-end=\"3749\"><p data-start=\"3675\" data-end=\"3749\">die Rechte anderer verletzen, einschlie\u00dflich der Rechte an geistigem Eigentum.<\/p><\/li><li data-start=\"3752\" data-end=\"3813\"><p data-start=\"3754\" data-end=\"3813\">die Funktionalit\u00e4t oder Sicherheit der Website zu st\u00f6ren.<\/p><\/li><li data-start=\"3816\" data-end=\"3917\"><p data-start=\"3818\" data-end=\"3917\">Verkauf, Vertrieb oder Missbrauch von Chemikalien zu anderen als legitimen Forschungszwecken.<\/p><\/li><li data-start=\"3920\" data-end=\"4014\"><p data-start=\"3922\" data-end=\"4014\">Der Versuch, sich unbefugten Zugang zur Website oder den damit verbundenen Systemen zu verschaffen.<\/p><\/li><\/ul><\/li><\/ul><h3 data-start=\"4021\" data-end=\"4069\"><strong data-start=\"4025\" data-end=\"4069\">6. Produkte, Bestellungen und Zahlungen<\/strong><\/h3><ul data-start=\"4071\" data-end=\"4935\"><li data-start=\"4071\" data-end=\"4232\"><p data-start=\"4073\" data-end=\"4232\"><strong data-start=\"4073\" data-end=\"4096\">Bestellung aufgeben<\/strong>: Bestellungen k\u00f6nnen \u00fcber die Website aufgegeben werden, indem Sie Produkte in Ihren Warenkorb legen und den Bestellvorgang abschlie\u00dfen.<\/p><\/li><li data-start=\"4233\" data-end=\"4456\"><p data-start=\"4235\" data-end=\"4456\"><strong data-start=\"4235\" data-end=\"4254\">Annahme der Bestellung<\/strong>Eine Bestellung wird erst dann angenommen, wenn sie per E-Mail best\u00e4tigt wurde oder die Zahlung erfolgt ist. Wir behalten uns das Recht vor, eine Bestellung nach eigenem Ermessen abzulehnen oder zu stornieren.<\/p><\/li><li data-start=\"4457\" data-end=\"4624\"><p data-start=\"4459\" data-end=\"4624\"><strong data-start=\"4459\" data-end=\"4470\">Preise<\/strong>Preise werden angezeigt in <strong data-start=\"4505\" data-end=\"4517\">Euro (\u20ac)<\/strong>, sofern nicht anders angegeben. Die Preise k\u00f6nnen jederzeit ohne Vorank\u00fcndigung ge\u00e4ndert werden.<\/p><\/li><li data-start=\"4625\" data-end=\"4742\"><p data-start=\"4627\" data-end=\"4742\"><strong data-start=\"4627\" data-end=\"4641\">Zahlungen<\/strong>Wir akzeptieren verschiedene Zahlungsarten, darunter Kreditkarten und andere Online-Zahlungsarten.<\/p><\/li><li data-start=\"4743\" data-end=\"4935\"><p data-start=\"4745\" data-end=\"4935\"><strong data-start=\"4745\" data-end=\"4760\">Erstattungen<\/strong>: R\u00fcckerstattungen werden nur f\u00fcr besch\u00e4digte oder defekte Produkte gew\u00e4hrt. Wir bieten keine R\u00fcckerstattungen f\u00fcr Bestellungen an, sobald sie versandt wurden, es sei denn, dies ist gesetzlich vorgeschrieben.<\/p><\/li><\/ul><h3 data-start=\"4942\" data-end=\"4974\"><strong data-start=\"4946\" data-end=\"4974\">7. Versand &amp; Lieferung<\/strong><\/h3><ul data-start=\"4976\" data-end=\"5465\"><li data-start=\"4976\" data-end=\"5186\"><p data-start=\"4978\" data-end=\"5186\"><strong data-start=\"4978\" data-end=\"4995\">Versandpolitik<\/strong>Wir bieten unseren Kunden mehrere Versandoptionen an, einschlie\u00dflich des internationalen Versands. Versandzeiten und -kosten variieren je nach Standort und gew\u00e4hlter Versandart.<\/p><\/li><li data-start=\"5187\" data-end=\"5303\"><p data-start=\"5189\" data-end=\"5303\"><strong data-start=\"5189\" data-end=\"5211\">Risiko des Verlustes<\/strong>Sobald eine Bestellung versandt wird, geht das Risiko des Verlusts oder der Besch\u00e4digung auf den Kunden \u00fcber.<\/p><\/li><li data-start=\"5304\" data-end=\"5465\"><p data-start=\"5306\" data-end=\"5465\"><strong data-start=\"5306\" data-end=\"5333\">Zoll- und Einfuhrbestimmungen<\/strong>Kunden sind daf\u00fcr verantwortlich, alle Einfuhrbestimmungen und Zollgeb\u00fchren in ihrem jeweiligen Land zu kennen und einzuhalten.<\/p><\/li><\/ul><h3 data-start=\"5472\" data-end=\"5513\"><strong data-start=\"5476\" data-end=\"5513\">8. Rechte an geistigem Eigentum<\/strong><\/h3><ul data-start=\"5515\" data-end=\"6207\"><li data-start=\"5515\" data-end=\"5797\"><p data-start=\"5517\" data-end=\"5797\"><strong data-start=\"5517\" data-end=\"5529\">Eigentum<\/strong>: Alle inhoud op de Website, inclusief maar niet beperkt tot tekst, afbeeldingen, video\u2019s, grafische elementen en logo's, is eigendom van Dutch Chem Labs of haar licentiegevers en is beschermd door auteursrechten, handelsmerken en andere intellectuele eigendomswetten.<\/p><\/li><li data-start=\"5798\" data-end=\"6072\"><p data-start=\"5800\" data-end=\"6072\"><strong data-start=\"5800\" data-end=\"5832\">Benutzergenerierte Inhalte<\/strong>Durch die \u00dcbermittlung von Inhalten an die Website (z. B. Produktbewertungen oder Feedback) gew\u00e4hren Sie Dutch Chem Labs eine unbefristete, geb\u00fchrenfreie und \u00fcbertragbare Lizenz zur Nutzung, \u00c4nderung oder Verbreitung dieser Inhalte.<\/p><\/li><li data-start=\"6073\" data-end=\"6207\"><p data-start=\"6075\" data-end=\"6207\"><strong data-start=\"6075\" data-end=\"6095\">Verbotene Verwendung<\/strong>Sie d\u00fcrfen den Inhalt der Website ohne Genehmigung von Dutch Chem Labs nicht f\u00fcr kommerzielle Zwecke verwenden.<\/p><\/li><\/ul><h3 data-start=\"6214\" data-end=\"6249\"><strong data-start=\"6218\" data-end=\"6249\">9. Ausschluss von Garantien<\/strong><\/h3><p data-start=\"6251\" data-end=\"6635\">Die Website, Inhalte und Produkte werden bereitgestellt <strong data-start=\"6305\" data-end=\"6324\">\"zoals ze zijn\"<\/strong> und <strong data-start=\"6328\" data-end=\"6351\">\"zoals beschikbaar\"<\/strong> ohne jegliche ausdr\u00fcckliche oder stillschweigende Garantie, einschlie\u00dflich, aber nicht beschr\u00e4nkt auf stillschweigende Garantien der Marktg\u00e4ngigkeit, der Eignung f\u00fcr einen bestimmten Zweck oder der Nichtverletzung von Rechten. Dutch Chem Labs \u00fcbernimmt keine Garantie f\u00fcr die Richtigkeit, Vollst\u00e4ndigkeit oder Verf\u00fcgbarkeit der Website oder ihres Inhalts.<\/p><h3 data-start=\"6642\" data-end=\"6685\"><strong data-start=\"6646\" data-end=\"6685\">10. Begrenzung der Haftung<\/strong><\/h3><p data-start=\"6687\" data-end=\"7006\">Soweit gesetzlich zul\u00e4ssig, haftet Dutch Chem Labs nicht f\u00fcr indirekte, zuf\u00e4llige, besondere oder Folgesch\u00e4den, die sich aus der Nutzung oder der Unm\u00f6glichkeit der Nutzung der Website ergeben, selbst wenn wir im Voraus auf die M\u00f6glichkeit solcher Sch\u00e4den hingewiesen wurden.<\/p><p data-start=\"7008\" data-end=\"7225\">Unsere Haftung ist unabh\u00e4ngig davon, ob sie sich aus einem Vertrag, einer unerlaubten Handlung oder aus anderen Gr\u00fcnden ergibt, auf den Betrag beschr\u00e4nkt, den der Kunde f\u00fcr das spezifische Produkt bezahlt hat, das die Grundlage f\u00fcr den Anspruch bildet.<\/p><h3 data-start=\"7232\" data-end=\"7262\"><strong data-start=\"7236\" data-end=\"7262\">11. Entsch\u00e4digung<\/strong><\/h3><p data-start=\"7264\" data-end=\"7654\">Sie erkl\u00e4ren sich damit einverstanden, Dutch Chem Labs, seine verbundenen Unternehmen, leitenden Angestellten, Direktoren, Mitarbeiter und Agenten zu entsch\u00e4digen, zu verteidigen und schadlos zu halten von und gegen jegliche Anspr\u00fcche, Sch\u00e4den, Haftungen und Kosten (einschlie\u00dflich angemessener Anwaltsgeb\u00fchren), die sich aus oder im Zusammenhang mit Ihrer Nutzung der Website, der Verletzung dieser Bedingungen oder der Verletzung von geistigem Eigentum oder anderen Rechten ergeben.<\/p><h3 data-start=\"7661\" data-end=\"7705\"><strong data-start=\"7665\" data-end=\"7705\">12. Anwendbares Recht und Gerichtsbarkeit<\/strong><\/h3><p data-start=\"7707\" data-end=\"7968\">Diese Bedingungen unterliegen den Gesetzen der folgenden L\u00e4nder und sind nach diesen auszulegen <strong data-start=\"7801\" data-end=\"7814\">Niederlande<\/strong>. F\u00fcr Streitigkeiten, die sich aus oder im Zusammenhang mit diesen Bedingungen ergeben, sind ausschlie\u00dflich die zust\u00e4ndigen Gerichte in <strong data-start=\"7954\" data-end=\"7967\">Niederlande<\/strong>.<\/p><h3 data-start=\"7975\" data-end=\"7998\"><strong data-start=\"7979\" data-end=\"7998\">13. Beendigung<\/strong><\/h3><p data-start=\"8000\" data-end=\"8271\">Dutch Chem Labs beh\u00e4lt sich das Recht vor, Ihren Zugang zur Website und zu den Diensten jederzeit und ohne Vorank\u00fcndigung auszusetzen oder zu beenden, wenn wir den Verdacht haben, dass Sie gegen diese Bedingungen versto\u00dfen oder sich an betr\u00fcgerischen Aktivit\u00e4ten beteiligt haben.<\/p><h3 data-start=\"8278\" data-end=\"8319\"><strong data-start=\"8282\" data-end=\"8319\">14. \u00c4nderungen der Bedingungen<\/strong><\/h3><p data-start=\"8321\" data-end=\"8647\">We kunnen deze Voorwaarden van tijd tot tijd bijwerken. Wijzigingen worden op deze pagina gepost met een bijgewerkte \"Ingangsdatum\". Het is uw verantwoordelijkheid om deze Voorwaarden periodiek te herzien. Het voortzetten van het gebruik van de Website na het plaatsen van wijzigingen geldt als acceptatie van die wijzigingen.<\/p><h3 data-start=\"8654\" data-end=\"8684\"><strong data-start=\"8658\" data-end=\"8684\">15. Sonstige Bestimmungen<\/strong><\/h3><ul data-start=\"8686\" data-end=\"9307\"><li data-start=\"8686\" data-end=\"8833\"><p data-start=\"8688\" data-end=\"8833\"><strong data-start=\"8688\" data-end=\"8701\">Trennung<\/strong>: Sollte sich eine Bestimmung dieser Bedingungen als ung\u00fcltig oder nicht durchsetzbar erweisen, bleiben die \u00fcbrigen Bestimmungen in vollem Umfang in Kraft und wirksam.<\/p><\/li><li data-start=\"8834\" data-end=\"8970\"><p data-start=\"8836\" data-end=\"8970\"><strong data-start=\"8836\" data-end=\"8850\">Z\u00fcndung<\/strong>Das Vers\u00e4umnis, eine Bestimmung dieser Bedingungen durchzusetzen, stellt keinen Verzicht auf diese oder eine andere Bestimmung dar.<\/p><\/li><li data-start=\"8971\" data-end=\"9098\"><p data-start=\"8973\" data-end=\"9098\"><strong data-start=\"8973\" data-end=\"8987\">Zuteilung<\/strong>Sie d\u00fcrfen ohne unsere schriftliche Zustimmung keine Rechte oder Verpflichtungen aus diesen Bedingungen abtreten.<\/p><\/li><li data-start=\"9099\" data-end=\"9307\"><p data-start=\"9101\" data-end=\"9307\"><strong data-start=\"9101\" data-end=\"9127\">Vollst\u00e4ndiges Abkommen<\/strong>Diese Bedingungen stellen die gesamte Vereinbarung zwischen Ihnen und Dutch Chem Labs in Bezug auf die Nutzung der Website dar und ersetzen alle vorherigen Absprachen oder Vereinbarungen.<\/p><\/li><\/ul><h3 data-start=\"9314\" data-end=\"9343\"><strong data-start=\"9318\" data-end=\"9343\">16. Kontaktinformationen<\/strong><\/h3><p data-start=\"9345\" data-end=\"9418\">F\u00fcr rechtliche Fragen oder Kommentare wenden Sie sich bitte an uns:<\/p><ul data-start=\"9420\" data-end=\"9488\"><li data-start=\"9420\" data-end=\"9456\"><p data-start=\"9422\" data-end=\"9456\"><strong data-start=\"9422\" data-end=\"9432\">E-Mail<\/strong>: <a class=\"decorated-link cursor-pointer\" rel=\"noopener\" data-start=\"9434\" data-end=\"9456\">info@dutchchemlabs.com<\/a><\/p><\/li><li data-start=\"9457\" data-end=\"9488\"><p data-start=\"9459\" data-end=\"9488\"><strong data-start=\"9459\" data-end=\"9471\">Telefon<\/strong>: +31 20 123 4567<\/p><\/li><\/ul><h3 data-start=\"9495\" data-end=\"9519\"><strong data-start=\"9499\" data-end=\"9519\">Abschnitt FAQ \/ Fragen und Antworten<\/strong><\/h3><p data-start=\"9521\" data-end=\"9734\"><strong data-start=\"9521\" data-end=\"9576\">Q1: Was passiert, wenn ich meine Bestellung storniere?<\/strong><br data-start=\"9576\" data-end=\"9579\" \/>A1: Bestellungen k\u00f6nnen nur storniert werden, bevor sie versandt werden. Sobald die Bestellung bearbeitet und versandt wurde, ist eine Stornierung nicht mehr m\u00f6glich.<\/p><p data-start=\"9736\" data-end=\"9950\"><strong data-start=\"9736\" data-end=\"9775\">F2: Wie funktioniert das Erstattungsverfahren?<\/strong><br data-start=\"9775\" data-end=\"9778\" \/>A2: Erstattungen werden nur f\u00fcr besch\u00e4digte oder fehlerhafte Produkte gew\u00e4hrt. Antr\u00e4ge auf R\u00fcckerstattung m\u00fcssen innerhalb von 14 Tagen nach Erhalt des Produkts gestellt werden.<\/p><p data-start=\"9952\" data-end=\"10196\"><strong data-start=\"9952\" data-end=\"10005\">F3: Kann ich mein Konto aktualisieren oder l\u00f6schen?<\/strong><br data-start=\"10005\" data-end=\"10008\" \/>A3: Ja, Sie k\u00f6nnen Ihre Kontodaten jederzeit \u00fcber Ihre Kontoeinstellungen aktualisieren. Sie k\u00f6nnen auch die L\u00f6schung Ihres Kontos beantragen, indem Sie sich direkt an uns wenden.<\/p><p data-start=\"10198\" data-end=\"10434\"><strong data-start=\"10198\" data-end=\"10252\">F4: Was geschieht mit meinen pers\u00f6nlichen Daten?<\/strong><br data-start=\"10252\" data-end=\"10255\" \/>A4: Wir respektieren Ihre Privatsph\u00e4re und behandeln Ihre pers\u00f6nlichen Daten gem\u00e4\u00df unserer <strong data-start=\"10336\" data-end=\"10353\">Datenschutzbestimmungen<\/strong>. Wir geben Ihre Daten nicht an Dritte weiter, es sei denn, dies ist gesetzlich vorgeschrieben.<\/p><p data-start=\"10436\" data-end=\"10576\"><strong data-start=\"10436\" data-end=\"10472\">F5: Speichern Sie Zahlungsinformationen?<\/strong><br data-start=\"10472\" data-end=\"10475\" \/>A5: Wir speichern Ihre Zahlungsinformationen nicht. Alle Zahlungen werden \u00fcber sichere Drittanbieter abgewickelt.<\/p><p data-start=\"10578\" data-end=\"10778\"><strong data-start=\"10578\" data-end=\"10626\">F6: Werden meine Daten an Dritte weitergegeben?<\/strong><br data-start=\"10626\" data-end=\"10629\" \/>A6: Wir geben Ihre personenbezogenen Daten nicht an Dritte weiter, es sei denn, um Ihre Bestellungen zu bearbeiten oder um gesetzlichen Verpflichtungen nachzukommen.<\/p><p data-start=\"10780\" data-end=\"11036\"><strong data-start=\"10780\" data-end=\"10848\">F7: Welche Rechte habe ich nach den Datenschutzgesetzen (z. B. AVG)?<\/strong><br data-start=\"10848\" data-end=\"10851\" \/>A7: Sie haben das Recht, Ihre Daten einzusehen, zu korrigieren oder zu l\u00f6schen. Bitte konsultieren Sie unser <strong data-start=\"10959\" data-end=\"10976\">Datenschutzbestimmungen<\/strong> f\u00fcr weitere Informationen dar\u00fcber, wie Sie Ihre Rechte wahrnehmen k\u00f6nnen.<\/p><p data-start=\"11038\" data-end=\"11242\"><strong data-start=\"11038\" data-end=\"11091\">F8: Wie melde ich einen Versto\u00df gegen die Nutzungsbedingungen?<\/strong><br data-start=\"11091\" data-end=\"11094\" \/>A8: Wenn Sie einen Versto\u00df gegen diese Bedingungen vermuten, kontaktieren Sie uns bitte unverz\u00fcglich unter <strong data-start=\"11215\" data-end=\"11241\"><a class=\"decorated-link cursor-pointer\" rel=\"noopener\" data-start=\"11217\" data-end=\"11239\">info@dutchchemlabs.com<\/a><\/strong>.<\/p><p data-start=\"11244\" data-end=\"11444\"><strong data-start=\"11244\" data-end=\"11301\">F9: Welches Recht gilt f\u00fcr diese Bedingungen?<\/strong><br data-start=\"11301\" data-end=\"11304\" \/>A9: Diese Bedingungen unterliegen den Gesetzen von <strong data-start=\"11360\" data-end=\"11373\">Niederlande<\/strong>, und Streitigkeiten werden vor den niederl\u00e4ndischen Gerichten ausgetragen.<\/p><p data-start=\"11446\" data-end=\"11699\" data-is-last-node=\"\" data-is-only-node=\"\"><strong data-start=\"11446\" data-end=\"11522\">F10: Wie werde ich \u00fcber \u00c4nderungen der Allgemeinen Gesch\u00e4ftsbedingungen informiert?<\/strong><br data-start=\"11522\" data-end=\"11525\" \/>A10: Wir werden \u00c4nderungen an diesen Bedingungen auf dieser Seite ver\u00f6ffentlichen und das \u201cDatum des Inkrafttretens\u201d aktualisieren. Es liegt in Ihrer Verantwortung, diese Bedingungen regelm\u00e4\u00dfig zu \u00fcberpr\u00fcfen.<\/p>\n\t\t\t\t\t<\/div>\n\t\t\t\t\t\t<\/div>\n\t\t\t\t<\/div>\n\t\t\t\t\t<\/div>\n\t\t\t\t<\/div>\n\t\t\t\t<\/div>","protected":false},"excerpt":{"rendered":"<p>Algemene Voorwaarden Ingangsdatum: 03\/06\/2024 Welkom bij Dutch Chem Labs. Door toegang te verkrijgen tot of gebruik te maken van onze<\/p>","protected":false},"author":1,"featured_media":0,"parent":0,"menu_order":0,"comment_status":"closed","ping_status":"closed","template":"","meta":{"footnotes":""},"class_list":["post-9168","page","type-page","status-publish","hentry"],"jetpack_sharing_enabled":true,"_links":{"self":[{"href":"https:\/\/dutchchemlabs.com\/de\/wp-json\/wp\/v2\/pages\/9168","targetHints":{"allow":["GET"]}}],"collection":[{"href":"https:\/\/dutchchemlabs.com\/de\/wp-json\/wp\/v2\/pages"}],"about":[{"href":"https:\/\/dutchchemlabs.com\/de\/wp-json\/wp\/v2\/types\/page"}],"author":[{"embeddable":true,"href":"https:\/\/dutchchemlabs.com\/de\/wp-json\/wp\/v2\/users\/1"}],"replies":[{"embeddable":true,"href":"https:\/\/dutchchemlabs.com\/de\/wp-json\/wp\/v2\/comments?post=9168"}],"version-history":[{"count":4,"href":"https:\/\/dutchchemlabs.com\/de\/wp-json\/wp\/v2\/pages\/9168\/revisions"}],"predecessor-version":[{"id":9173,"href":"https:\/\/dutchchemlabs.com\/de\/wp-json\/wp\/v2\/pages\/9168\/revisions\/9173"}],"wp:attachment":[{"href":"https:\/\/dutchchemlabs.com\/de\/wp-json\/wp\/v2\/media?parent=9168"}],"curies":[{"name":"wp","href":"https:\/\/api.w.org\/{rel}","templated":true}]}}