{"id":3664,"date":"2025-09-20T09:20:23","date_gmt":"2025-09-20T09:20:23","guid":{"rendered":"https:\/\/dutchchemlabs.com\/?post_type=product&#038;p=3664"},"modified":"2025-11-08T07:39:13","modified_gmt":"2025-11-08T07:39:13","slug":"rave-ultra-strong-10ml","status":"publish","type":"product","link":"https:\/\/dutchchemlabs.com\/de\/product\/rave-ultra-strong-10ml\/","title":{"rendered":"Rave Ultra Strong 10ml"},"content":{"rendered":"<h1><strong>Poppers Rave Ultra Strong 10ml<\/strong><\/h1>\n<p>Stort je in een wereld van ongekende sensaties met Poppers Rave Ultra Strong 10ml, verkrijgbaar bij dutchchemlabs.com! Deze krachtige poppers zijn ontworpen om je te betoveren met een intense rush die je naar nieuwe hoogten van genot zal brengen.<\/p>\n<p>Met zijn unieke formule van isopropyl nitriet biedt Poppers Rave Ultra Strong een snelle en intense rush die je zintuigen zal prikkelen en je zal laten genieten van een explosie van plezier. Of je nu op zoek bent naar een extra stimulans tijdens intieme momenten of naar een spannende toevoeging aan je feestjes, deze poppers zijn jouw ultieme metgezel.<\/p>\n<p>Dankzij de handige fles van 10ml is Poppers Rave Ultra Strong perfect voor onderweg. Of je nu een avondje uitgaat met vrienden, een feestje hebt of gewoon wat extra pit wilt toevoegen aan je priv\u00e9momenten, deze poppers zijn altijd binnen handbereik.<\/p>\n<p>Kies voor ultieme sensatie met Poppers Rave Ultra Strong 10ml van dutchchemlabs.com. Bestel vandaag nog en ontdek de grenzeloze mogelijkheden van genot met deze sensationele poppers!<\/p>\n<h2>Vor 18:00 Uhr bestellt = morgen geliefert!<\/h2>\n<p><strong>Vor 18:00 Uhr bestellt = morgen geliefert! <\/strong>Ihre Bestellung wird anonym und diskret mit unserem festen Partner PostNL verschickt. Dar\u00fcber hinaus k\u00f6nnen Sie einfach und schnell mit iDEAL oder Bancontact bezahlen. Bestellen Sie \u00fcber die Website oder kontaktieren Sie uns \u00fcber den Chat. Wenn Sie Fragen und\/oder Anmerkungen haben, k\u00f6nnen Sie uns jederzeit anrufen, mailen oder anrufen. F\u00fcr Bestellungen in gr\u00f6\u00dferen Mengen senden Sie bitte eine E-Mail an info@dutchchemlabs.com. Wir freuen uns auf Ihre Bestellung!<\/p>\n<p>Wir bieten mehrere Arten<a href=\"https:\/\/dutchchemlabs.com\/product-categorie\/poppers\/\">\u00a0Poppers<\/a>\u00a0zu. Wir sind auch\u00a0<a href=\"https:\/\/dutchchemlabs.com\/product-categorie\/research-chemicals\/\">Forschungschemikalien<\/a>\u00a0Spezialist.<\/p>\n<div id=\"ConnectiveDocSignExtentionInstalled\" data-extension-version=\"1.0.4\"><\/div>","protected":false},"excerpt":{"rendered":"<ul>\n<li><strong>Diskreter &amp; anonymer Versand<\/strong><\/li>\n<li><strong>Vor 18:00 Uhr bestellt = morgen geliefert!<\/strong><\/li>\n<li><strong>Kostenloser Versand ab 50 \u20ac<\/strong><\/li>\n<\/ul>\n<div id=\"ConnectiveDocSignExtentionInstalled\" data-extension-version=\"1.0.4\"><\/div>","protected":false},"featured_media":3718,"comment_status":"open","ping_status":"closed","template":"","meta":[],"product_brand":[],"product_cat":[206,209],"product_tag":[],"class_list":{"0":"post-3664","1":"product","2":"type-product","3":"status-publish","4":"has-post-thumbnail","6":"product_cat-poppers","7":"product_cat-poppers-small","9":"first","10":"instock","11":"taxable","12":"shipping-taxable","13":"purchasable","14":"product-type-simple"},"jetpack_sharing_enabled":true,"_links":{"self":[{"href":"https:\/\/dutchchemlabs.com\/de\/wp-json\/wp\/v2\/product\/3664","targetHints":{"allow":["GET"]}}],"collection":[{"href":"https:\/\/dutchchemlabs.com\/de\/wp-json\/wp\/v2\/product"}],"about":[{"href":"https:\/\/dutchchemlabs.com\/de\/wp-json\/wp\/v2\/types\/product"}],"replies":[{"embeddable":true,"href":"https:\/\/dutchchemlabs.com\/de\/wp-json\/wp\/v2\/comments?post=3664"}],"version-history":[{"count":1,"href":"https:\/\/dutchchemlabs.com\/de\/wp-json\/wp\/v2\/product\/3664\/revisions"}],"predecessor-version":[{"id":3719,"href":"https:\/\/dutchchemlabs.com\/de\/wp-json\/wp\/v2\/product\/3664\/revisions\/3719"}],"wp:featuredmedia":[{"embeddable":true,"href":"https:\/\/dutchchemlabs.com\/de\/wp-json\/wp\/v2\/media\/3718"}],"wp:attachment":[{"href":"https:\/\/dutchchemlabs.com\/de\/wp-json\/wp\/v2\/media?parent=3664"}],"wp:term":[{"taxonomy":"product_brand","embeddable":true,"href":"https:\/\/dutchchemlabs.com\/de\/wp-json\/wp\/v2\/product_brand?post=3664"},{"taxonomy":"product_cat","embeddable":true,"href":"https:\/\/dutchchemlabs.com\/de\/wp-json\/wp\/v2\/product_cat?post=3664"},{"taxonomy":"product_tag","embeddable":true,"href":"https:\/\/dutchchemlabs.com\/de\/wp-json\/wp\/v2\/product_tag?post=3664"}],"curies":[{"name":"wp","href":"https:\/\/api.w.org\/{rel}","templated":true}]}}