{"id":5924,"date":"2025-09-20T11:31:58","date_gmt":"2025-09-20T11:31:58","guid":{"rendered":"https:\/\/dutchchemlabs.com\/?post_type=product&#038;p=5924"},"modified":"2025-11-08T07:39:09","modified_gmt":"2025-11-08T07:39:09","slug":"2mmc-pellets-220mg","status":"publish","type":"product","link":"https:\/\/dutchchemlabs.com\/de\/product\/2mmc-pellets-220mg\/","title":{"rendered":"2MMC-K\u00fcgelchen (220mg)"},"content":{"rendered":"<h1>2MMC pellets kopen<\/h1>\n<p>Ben je op zoek naar een research chemical met stimulerende effecten? Ontdek dan nu onze hoogwaardige 2MMC pellets (220mg), verkrijgbaar bij dutchchemlabs.com!<\/p>\n<p>2MMC pellets kopen doe je bij dutchchemlabs.com. Naast 2MMC kristallen verkopen we ook <a href=\"https:\/\/dutchchemlabs.com\/product\/2mmc-poeder-kopen-3mmc-vervanger\/\">2MMC poeder<\/a>, <a href=\"https:\/\/dutchchemlabs.com\/product\/2mmc-kristallen-kopen-3mmc-vervanger\/\">2MMC kristallen<\/a> und <a href=\"https:\/\/dutchchemlabs.com\/product\/2mmc-capsules-kopen\/\">2MMC capsules.<\/a> Wir bieten auch\u00a0<a href=\"https:\/\/dutchchemlabs.com\/product-categorie\/research-chemicals\/cathinonen\/pentedrone-nep\/\" data-cke-saved-href=\"https:\/\/dutchchemlabs.com\/product-categorie\/research-chemicals\/cathinonen\/pentedrone-nep\/\">Pentedrone (NEP)<\/a>,\u00a0<a href=\"https:\/\/dutchchemlabs.com\/product-categorie\/research-chemicals\/cathinonen\/3fmc\/\" data-cke-saved-href=\"https:\/\/dutchchemlabs.com\/product-categorie\/research-chemicals\/cathinonen\/3fmc\/\">3FMC<\/a> und andere Forschungschemikalien zu.<\/p>\n<h2>Was ist 2MMC?<\/h2>\n<p>2-Methylmethcathinone, vaak afgekort als 2MMC, is een chemische verbinding die behoort tot de klasse van psychoactieve stoffen bekend als cathinonen. Deze chemische stof vertoont structurele overeenkomsten met andere cathinonen, zoals mephedrone en methylone, en is een synthetische analogon van cathinon, een natuurlijk voorkomende alkalo\u00efde in de khatplant (Catha edulis). 2MMC wordt gewaardeerd binnen de wetenschappelijke gemeenschap vanwege zijn potentieel om inzicht te verschaffen in de structuur-activiteitsrelaties van cathinon-analogen en hun interactie met neurotransmittersystemen in het menselijk brein. Onderzoek naar 2MMC richt zich met name op het begrijpen van de farmacologische eigenschappen, mechanismen van actie en potenti\u00eble effecten op de neuromodulatie. Hoewel 2MMC wetenschappelijk wordt bestudeerd, benadrukken we dat het gebruik ervan buiten gecontroleerde laboratoriumomstandigheden onwettig en potentieel gevaarlijk kan zijn, en we moedigen geen enkele vorm van recreatief gebruik aan.<\/p>\n<h2>2MMC effecten<\/h2>\n<p>De effecten van 2MMC worden onderzocht met een focus op zowel fysieke als cognitieve aspecten. Fysiek gezien is 2MMC gekenmerkt door stimulerende eigenschappen, die kunnen resulteren in een toename van hartslag en pupilverwijding. Deze stimulatie is een indicatie van verhoogde sympathische zenuwstelselactiviteit, een gangbare reactie bij bepaalde psychoactieve stoffen. Cognitief heeft 2MMC potentieel interessante effecten. Het kan leiden tot een staat van cognitieve euforie, wat wijst op een verhoogde vrijgave van neurotransmitters die betrokken zijn bij belonings- en genotscentra in de hersenen. Daarnaast is er bewijs dat suggereert dat 2MMC de analytische vaardigheden kan verbeteren en een staat van waakzaamheid kan induceren. Deze effecten zijn voornamelijk het gevolg van de interactie van 2MMC met verschillende neurotransmittersystemen in het brein, wat de complexiteit en veelzijdigheid van deze stof onderstreept. Deze onderzoeksresultaten zijn relevant voor het begrijpen van de werking van 2MMC in laboratoriumomstandigheden en bieden inzichten in de mogelijke farmacologische toepassingen.<\/p>\n<h2>Vor 18:00 Uhr bestellt = morgen geliefert!<\/h2>\n<p><strong>Vor 18:00 Uhr bestellt = morgen geliefert! <\/strong>Ihre Bestellung wird anonym und diskret mit unserem festen Partner PostNL verschickt. Dar\u00fcber hinaus k\u00f6nnen Sie einfach und schnell mit iDEAL oder Bancontact bezahlen. Bestellen Sie \u00fcber die Website oder kontaktieren Sie uns \u00fcber den Chat. Wenn Sie Fragen und\/oder Anmerkungen haben, k\u00f6nnen Sie uns jederzeit anrufen, mailen oder anrufen. F\u00fcr Bestellungen in gr\u00f6\u00dferen Mengen senden Sie bitte eine E-Mail an info@dutchchemlabs.com. Wir freuen uns auf Ihre Bestellung!<\/p>\n<h2>Wir liefern auch gro\u00dfe Mengen<\/h2>\n<p>M\u00f6chten Sie 2MMC-Pulver in gr\u00f6\u00dferen Mengen bestellen? Dann kontaktieren Sie uns per Chat. dutchchemlabs.com bietet wettbewerbsf\u00e4hige Preise f\u00fcr gr\u00f6\u00dfere Mengen. Warten Sie nicht l\u00e4nger und kontaktieren Sie uns noch heute.<\/p>\n<div id=\"ConnectiveDocSignExtentionInstalled\" data-extension-version=\"1.0.4\"><\/div>","protected":false},"excerpt":{"rendered":"<ul>\n<li><strong>Diskreter &amp; anonymer Versand<\/strong><\/li>\n<li><strong>Vor 18:00 Uhr bestellt = morgen geliefert!<\/strong><\/li>\n<li><strong>Kostenloser Versand ab 50 \u20ac<\/strong><\/li>\n<\/ul>\n<div id=\"ConnectiveDocSignExtentionInstalled\" data-extension-version=\"1.0.4\"><\/div>","protected":false},"featured_media":8753,"comment_status":"open","ping_status":"closed","template":"","meta":[],"product_brand":[],"product_cat":[320,102,573],"product_tag":[],"class_list":{"0":"post-5924","1":"product","2":"type-product","3":"status-publish","4":"has-post-thumbnail","6":"product_cat-2mmc","7":"product_cat-cathinonen","8":"product_cat-pellets","10":"first","11":"instock","12":"taxable","13":"shipping-taxable","14":"purchasable","15":"product-type-variable"},"jetpack_sharing_enabled":true,"_links":{"self":[{"href":"https:\/\/dutchchemlabs.com\/de\/wp-json\/wp\/v2\/product\/5924","targetHints":{"allow":["GET"]}}],"collection":[{"href":"https:\/\/dutchchemlabs.com\/de\/wp-json\/wp\/v2\/product"}],"about":[{"href":"https:\/\/dutchchemlabs.com\/de\/wp-json\/wp\/v2\/types\/product"}],"replies":[{"embeddable":true,"href":"https:\/\/dutchchemlabs.com\/de\/wp-json\/wp\/v2\/comments?post=5924"}],"version-history":[{"count":2,"href":"https:\/\/dutchchemlabs.com\/de\/wp-json\/wp\/v2\/product\/5924\/revisions"}],"predecessor-version":[{"id":8755,"href":"https:\/\/dutchchemlabs.com\/de\/wp-json\/wp\/v2\/product\/5924\/revisions\/8755"}],"wp:featuredmedia":[{"embeddable":true,"href":"https:\/\/dutchchemlabs.com\/de\/wp-json\/wp\/v2\/media\/8753"}],"wp:attachment":[{"href":"https:\/\/dutchchemlabs.com\/de\/wp-json\/wp\/v2\/media?parent=5924"}],"wp:term":[{"taxonomy":"product_brand","embeddable":true,"href":"https:\/\/dutchchemlabs.com\/de\/wp-json\/wp\/v2\/product_brand?post=5924"},{"taxonomy":"product_cat","embeddable":true,"href":"https:\/\/dutchchemlabs.com\/de\/wp-json\/wp\/v2\/product_cat?post=5924"},{"taxonomy":"product_tag","embeddable":true,"href":"https:\/\/dutchchemlabs.com\/de\/wp-json\/wp\/v2\/product_tag?post=5924"}],"curies":[{"name":"wp","href":"https:\/\/api.w.org\/{rel}","templated":true}]}}