{"id":6517,"date":"2025-09-20T19:25:01","date_gmt":"2025-09-20T19:25:01","guid":{"rendered":"https:\/\/dutchchemlabs.com\/?post_type=product&#038;p=6517"},"modified":"2025-11-08T07:39:08","modified_gmt":"2025-11-08T07:39:08","slug":"1v-lsd-blotters-150mcg","status":"publish","type":"product","link":"https:\/\/dutchchemlabs.com\/de\/product\/1v-lsd-blotters-150mcg\/","title":{"rendered":"1V-LSD Blotters (150mcg)"},"content":{"rendered":"<p>M\u00f6chten Sie 1V-LSD kaufen? Bestellen Sie 1V-LSD Art Blotters in h\u00f6chster Qualit\u00e4t noch heute bei dutchchemlabs.com. Bestellt vor 18:00 Uhr wird morgen geliefert! Wir bem\u00fchen uns, unsere Produkte so schnell wie m\u00f6glich zu Ihnen zu bringen. Dar\u00fcber hinaus k\u00f6nnen Sie einfach und sicher mit iDEAL bezahlen. Kaufen Sie 1V-LSD Art Blotters auf dutchchemlabs.com, dem schnellsten, besten und g\u00fcnstigsten!<\/p>\n<h2>Was ist 1V-LSD?<\/h2>\n<p>1-Valeroyl-d-Lysergs\u00e4urediethylamid, auch bekannt als 1V-LSD oder Valerie, ist eine neue psychedelische Droge aus der Klasse der Lysergamide. Sie ist eng mit LSD und 1P-LSD verwandt und soll nahezu identische Wirkungen haben. Obwohl ihre Pharmakologie nicht vollst\u00e4ndig bekannt ist, d\u00fcrfte sie \u00e4hnlich wie LSD auf Serotonin-, Dopamin- und Noradrenalinrezeptoren im Gehirn wirken. Diese Forschungschemikalie scheint im Juni oder Juli 2021 erstmals synthetisiert worden zu sein.<\/p>\n<p>Wir bieten auch <a href=\"https:\/\/dutchchemlabs.com\/product-categorie\/research-chemicals\/cathinonen\/2mmc-kopen\/\">2MMC<\/a>, <a href=\"https:\/\/dutchchemlabs.com\/product-categorie\/research-chemicals\/cathinonen\/pentedrone-nep\/\">Pentedrone (NEP)<\/a>,\u00a0<a href=\"https:\/\/dutchchemlabs.com\/product-categorie\/research-chemicals\/cathinonen\/3fmc\/\">3FMC<\/a> und andere Forschungschemikalien zu.<\/p>\n<h2>1V-LSD-Wirkungen<\/h2>\n<p>Die Konsumenten berichten, dass die subjektive Wirkung von 1V-LSD fast identisch mit der von LSD ist und sich kaum von der von LSD unterscheidet. Im Vergleich zu anderen Psychedelika wie Psilocybin, LSA und Ayahuasca wird 1V-LSD sowohl in Bezug auf die k\u00f6rperliche als auch auf die kognitive Wirkung als deutlich anregender und energetisierender empfunden.<\/p>\n<p>Zu den positiven Wirkungen geh\u00f6rt eine starke Stimulation, ein intensives k\u00f6rperliches Gef\u00fchl, das als ekstatisches, schnelles, starkes Kribbeln beschrieben wird, das mit dem Trip ansteigt und seinen H\u00f6hepunkt erreicht. Das taktile Empfinden und die Ausdauer werden gesteigert, w\u00e4hrend der Appetit unterdr\u00fcckt wird. Es kann jedoch auch zu unangenehmen k\u00f6rperlichen Wirkungen f\u00fchren, darunter leichte \u00dcbelkeit, erh\u00f6hte Herzfrequenz und Muskelkr\u00e4mpfe.<\/p>\n<p>Visuell f\u00fchrt 1V-LSD zu verst\u00e4rkten Farben, Mustern und Sch\u00e4rfe, mit langsamen, cartoonartigen visuellen Verzerrungen. Halluzinatorische Wirkungen, wie innere und \u00e4u\u00dfere visuelle Halluzinationen, sind selten und uneinheitlich, und 1V-LSD f\u00fchrt in der Regel zu komplexen geometrischen Mustern. In h\u00f6heren Dosen kann es sehr intensive und weniger vorhersehbare Wirkungen hervorrufen, wie z. B. eine Maschinenlandschaft.<\/p>\n<p>Warnung! Es ist wichtig zu beachten, dass die Wirkungen von 1V-LSD nicht immer vorhersehbar sind und bei h\u00f6heren Dosen negative Auswirkungen wie \u00dcbelkeit, Muskelkr\u00e4mpfe und sogar Krampfanf\u00e4lle auftreten k\u00f6nnen, insbesondere bei Personen, die genetisch anf\u00e4llig sind. Bei der Verwendung dieser Substanz im Rahmen von Forschungsarbeiten ist Vorsicht geboten.<\/p>\n<h2>Vor 18:00 Uhr bestellt = morgen geliefert!<\/h2>\n<p><strong>Vor 18:00 Uhr bestellt = morgen geliefert! <\/strong>Ihre Bestellung wird anonym und diskret mit unserem festen Partner PostNL verschickt. Dar\u00fcber hinaus k\u00f6nnen Sie einfach und schnell mit iDEAL oder Bancontact bezahlen. Bestellen Sie \u00fcber die Website oder kontaktieren Sie uns \u00fcber den Chat. Wenn Sie Fragen und\/oder Anmerkungen haben, k\u00f6nnen Sie uns jederzeit anrufen, mailen oder anrufen. F\u00fcr Bestellungen in gr\u00f6\u00dferen Mengen senden Sie bitte eine E-Mail an info@dutchchemlabs.com. Wir freuen uns auf Ihre Bestellung!<\/p>\n<div id=\"ConnectiveDocSignExtentionInstalled\" data-extension-version=\"1.0.4\"><\/div>","protected":false},"excerpt":{"rendered":"<ul>\n<li><strong>Diskreter &amp; anonymer Versand<\/strong><\/li>\n<li><strong>Vor 18:00 Uhr bestellt = morgen geliefert!<\/strong><\/li>\n<li><strong>Kostenloser Versand ab 50 \u20ac<\/strong><\/li>\n<\/ul>\n<div id=\"ConnectiveDocSignExtentionInstalled\" data-extension-version=\"1.0.4\"><\/div>","protected":false},"featured_media":8958,"comment_status":"open","ping_status":"closed","template":"","meta":[],"product_brand":[],"product_cat":[341,574,91],"product_tag":[],"class_list":{"0":"post-6517","1":"product","2":"type-product","3":"status-publish","4":"has-post-thumbnail","6":"product_cat-1v-lsd","7":"product_cat-blotters","8":"product_cat-lysergamides","10":"first","11":"instock","12":"taxable","13":"shipping-taxable","14":"purchasable","15":"product-type-variable"},"jetpack_sharing_enabled":true,"_links":{"self":[{"href":"https:\/\/dutchchemlabs.com\/de\/wp-json\/wp\/v2\/product\/6517","targetHints":{"allow":["GET"]}}],"collection":[{"href":"https:\/\/dutchchemlabs.com\/de\/wp-json\/wp\/v2\/product"}],"about":[{"href":"https:\/\/dutchchemlabs.com\/de\/wp-json\/wp\/v2\/types\/product"}],"replies":[{"embeddable":true,"href":"https:\/\/dutchchemlabs.com\/de\/wp-json\/wp\/v2\/comments?post=6517"}],"version-history":[{"count":2,"href":"https:\/\/dutchchemlabs.com\/de\/wp-json\/wp\/v2\/product\/6517\/revisions"}],"predecessor-version":[{"id":8959,"href":"https:\/\/dutchchemlabs.com\/de\/wp-json\/wp\/v2\/product\/6517\/revisions\/8959"}],"wp:featuredmedia":[{"embeddable":true,"href":"https:\/\/dutchchemlabs.com\/de\/wp-json\/wp\/v2\/media\/8958"}],"wp:attachment":[{"href":"https:\/\/dutchchemlabs.com\/de\/wp-json\/wp\/v2\/media?parent=6517"}],"wp:term":[{"taxonomy":"product_brand","embeddable":true,"href":"https:\/\/dutchchemlabs.com\/de\/wp-json\/wp\/v2\/product_brand?post=6517"},{"taxonomy":"product_cat","embeddable":true,"href":"https:\/\/dutchchemlabs.com\/de\/wp-json\/wp\/v2\/product_cat?post=6517"},{"taxonomy":"product_tag","embeddable":true,"href":"https:\/\/dutchchemlabs.com\/de\/wp-json\/wp\/v2\/product_tag?post=6517"}],"curies":[{"name":"wp","href":"https:\/\/api.w.org\/{rel}","templated":true}]}}