{"id":6535,"date":"2025-09-20T19:25:02","date_gmt":"2025-09-20T19:25:02","guid":{"rendered":"https:\/\/dutchchemlabs.com\/?post_type=product&#038;p=6535"},"modified":"2025-11-08T07:39:07","modified_gmt":"2025-11-08T07:39:07","slug":"purple-mandala-liquid-5ml-5-mapb-4-fma","status":"publish","type":"product","link":"https:\/\/dutchchemlabs.com\/de\/product\/purple-mandala-liquid-5ml-5-mapb-4-fma\/","title":{"rendered":"Lila Mandala Fl\u00fcssigkeit 5ml - (5-MAPB\/4-FMA)"},"content":{"rendered":"<p><strong>Purple Mandala Liquid 5ml Kopen. Nu tijdelijk tegen een geweldige actie prijs! Bestel vandaag nog de allerhoogste kwaliteit Liquid Research Chemicals bij dutchchemlabs.com. <em>Voor 18:00 besteld is morgen al in huis!<\/em> Wij doen er alles aan om onze producten zo snel mogelijk bij jou te krijgen. Daarnaast kan je gemakkelijk en veilig betalen met iDeal. Purple Mandala Liquid 5ml kopen doe je bij dutchchemlabs.com, de snelste, beste en goedkoopste! Daarnaast meerdere soorten<a href=\"https:\/\/dutchchemlabs.com\/product-categorie\/research-chemicals\/\"> Forschungschemikalien<\/a> zu.<\/strong><\/p>\n<h2>Purple Mandala Liquid 5ml &#8211; (5-MAPB\/4-FMA) Kopen<\/h2>\n<p>Bij dutchchemlabs.com bieden we de Purple Mandala mix aan, met de perfecte combinatie van 5-MAPB en 4-FMA voor onderzoeksdoeleinden door \u00e9\u00e9n persoon. We raden aan om je onderzoek te starten met een half buisje. Als het gewenste onderzoeksresultaat behaald wordt, kan het onderzoek worden voortgezet.<\/p>\n<p>Um zu verhindern, dass Dritte (z. B. Kinder oder Haustiere) unsere Mandala-Mischungen mit Konsumg\u00fctern verwechseln, f\u00fcgen wir keine Duft- und Aromastoffe hinzu.<\/p>\n<p>Houd er rekening mee dat 5-MAPB en 4-FMA alleen verkocht worden voor research doeleinden en niet bedoeld zijn voor consumptie.<\/p>\n<p>Onze Purple Mandala mix behoudt zijn stabiliteit tot minimaal 2 jaar wanneer deze in de juiste omgeving wordt bewaard (koel, droog en donker). Houd er rekening mee dat dit product uitsluitend bedoeld is voor onderzoeksdoeleinden en buiten het bereik van kinderen en huisdieren moet worden bewaard.<\/p>\n<p>Bei dutchchemlabs.com bieten wir Forschungschemikalien in guter Qualit\u00e4t zu einem fairen Preis und versenden Ihre Bestellung t\u00e4glich innerhalb von 24 Stunden. Bestellen Sie jetzt sicher und schnell \u00fcber unsere Website.<\/p>\n<p><strong>5-MAPB:<\/strong><br \/> Synoniem:\u00a01-(benzofuran-5-yl)-N-methylpropan-2-amine<br \/> CAS Nummer:\u00a01354631-77-8<br \/> Formule:\u00a0C12H15NO HCl<br \/> Molmassa:\u00a0189,25 g\/mol<br \/> Zuiverheid:\u00a0&gt;97%<\/p>\n<p><strong>4-FMA:<\/strong><br \/> Synoniem: 4-Fluoromethamphetamine<br \/> CAS\u00a0Nummer: 52063-62-4<br \/> Formule: C10H14FN \u2022 HCL<br \/> Molmassa: 203,7 g\/mol<br \/> Zuiverheid: \u226599%<\/p>\n<p><strong>Gefahrenhinweis:<\/strong><br \/> 5-MAPB en 4-FMA kunnen luchtweg- en oogirritatie veroorzaken. Lozing van research chemicals in het milieu is verboden.<\/p>\n<p>Bei Augenkontakt: Augen f\u00fcnf Minuten lang sorgf\u00e4ltig mit Wasser aussp\u00fclen und Kontaktlinsen nach M\u00f6glichkeit entfernen.<\/p>\n<p>Bei Ber\u00fchrung mit der Haut: Haut mit Wasser und Seife waschen.<\/p>\n<p>Bij inademing van 5-MAPB en 4-FMA: breng het slachtoffer naar buiten en laat het in een comfortabele houding ademen.<\/p>\n<h2>Gro\u00dfe Mengen<\/h2>\n<p>M\u00f6chten Sie in gro\u00dfen Mengen bestellen? Dann kontaktieren Sie uns \u00fcber den Chat. dutchchemlabs.com bietet g\u00fcnstige Preise f\u00fcr gr\u00f6\u00dfere Mengen. Warten Sie nicht l\u00e4nger und kontaktieren Sie uns noch heute.<\/p>","protected":false},"excerpt":{"rendered":"<ul>\n<li><strong>Diskreter &amp; anonymer Versand<\/strong><\/li>\n<li><strong>Vor 18:00 Uhr bestellt = morgen geliefert!<\/strong><\/li>\n<li><strong>Kostenloser Versand ab 50 \u20ac<\/strong><\/li>\n<\/ul>","protected":false},"featured_media":6570,"comment_status":"open","ping_status":"closed","template":"","meta":[],"product_brand":[],"product_cat":[345],"product_tag":[],"class_list":{"0":"post-6535","1":"product","2":"type-product","3":"status-publish","4":"has-post-thumbnail","6":"product_cat-liquids","8":"first","9":"instock","10":"taxable","11":"shipping-taxable","12":"purchasable","13":"product-type-simple"},"jetpack_sharing_enabled":true,"_links":{"self":[{"href":"https:\/\/dutchchemlabs.com\/de\/wp-json\/wp\/v2\/product\/6535","targetHints":{"allow":["GET"]}}],"collection":[{"href":"https:\/\/dutchchemlabs.com\/de\/wp-json\/wp\/v2\/product"}],"about":[{"href":"https:\/\/dutchchemlabs.com\/de\/wp-json\/wp\/v2\/types\/product"}],"replies":[{"embeddable":true,"href":"https:\/\/dutchchemlabs.com\/de\/wp-json\/wp\/v2\/comments?post=6535"}],"version-history":[{"count":1,"href":"https:\/\/dutchchemlabs.com\/de\/wp-json\/wp\/v2\/product\/6535\/revisions"}],"predecessor-version":[{"id":6571,"href":"https:\/\/dutchchemlabs.com\/de\/wp-json\/wp\/v2\/product\/6535\/revisions\/6571"}],"wp:featuredmedia":[{"embeddable":true,"href":"https:\/\/dutchchemlabs.com\/de\/wp-json\/wp\/v2\/media\/6570"}],"wp:attachment":[{"href":"https:\/\/dutchchemlabs.com\/de\/wp-json\/wp\/v2\/media?parent=6535"}],"wp:term":[{"taxonomy":"product_brand","embeddable":true,"href":"https:\/\/dutchchemlabs.com\/de\/wp-json\/wp\/v2\/product_brand?post=6535"},{"taxonomy":"product_cat","embeddable":true,"href":"https:\/\/dutchchemlabs.com\/de\/wp-json\/wp\/v2\/product_cat?post=6535"},{"taxonomy":"product_tag","embeddable":true,"href":"https:\/\/dutchchemlabs.com\/de\/wp-json\/wp\/v2\/product_tag?post=6535"}],"curies":[{"name":"wp","href":"https:\/\/api.w.org\/{rel}","templated":true}]}}