{"id":6883,"date":"2025-09-20T19:26:08","date_gmt":"2025-09-20T19:26:08","guid":{"rendered":"https:\/\/dutchchemlabs.com\/?post_type=product&#038;p=6883"},"modified":"2025-11-08T07:39:06","modified_gmt":"2025-11-08T07:39:06","slug":"amsterdam-platinum-poppers-10ml","status":"publish","type":"product","link":"https:\/\/dutchchemlabs.com\/de\/product\/amsterdam-platinum-poppers-10ml\/","title":{"rendered":"Amsterdam Platin-Knallbonbons (10ml)"},"content":{"rendered":"<h2>Amsterdam Platinum 10 ml<\/h2>\n<p>Poppers kopen? De Amsterdam Platinum popper is een van de favoriete poppers van vele popper fans. Poppers maken je intieme momenten nog leuker en spannender! Wanneer je direct uit het flesje snuift voel je direct het effect. Het effect duurt enkele minuten. Amsterdam Platinum 10 ml poppers zijn enkele keren gedistilleerd, waardoor de kwaliteit zeer zuiver is. Let op: Gebruik dit product niet in combinatie met erectiemiddelen.<\/p>\n<p>M\u00f6chten Sie auch <a href=\"https:\/\/dutchchemlabs.com\/product-categorie\/research-chemicals\/cathinonen\/pentedrone-nep\/\"><span class=\"breadcrumb_last\" aria-current=\"page\">Pentedrone (NEP)<\/span><\/a> oder <a href=\"https:\/\/dutchchemlabs.com\/product-categorie\/research-chemicals\/cathinonen\/2mmc-kopen\/\">2MMC kaufen<\/a> oder? Bei dutchchemlabs.com verkaufen wir auch verschiedene Arten von Forschungschemikalien.<\/p>\n<h2>Amsterdam Platinum review<\/h2>\n<p>Ben je toe aan iets nieuws en op zoek naar een spannende ervaring? Dan is de bestseller Poppers Amsterdam Platinum absoluut iets voor jou. Deze poppers staan garant voor een onge\u00ebvenaarde sensatie die je zintuigen prikkelt en je naar ongekende hoogten van plezier brengt. Of je nu alleen op ontdekkingstocht gaat of samen met een partner, de Amsterdam Platinum poppers zullen je zeker niet teleurstellen. Ze hebben een krachtige formule en een intense geur die direct een opwindend effect heeft. Ze zijn de ideale keuze voor wie op zoek is naar een nieuwe dimensie in genot.<\/p>\n<h2>Poppers kaufen bei dutchchemlabs.com<\/h2>\n<p>Bei dutchchemlabs.com k\u00f6nnen Sie seit kurzem Poppers bestellen. Wir sind immer noch dabei, unsere Produktpalette zu erweitern. Haben Sie Vorschl\u00e4ge, welche Poppers oder andere Produkte wir anbieten k\u00f6nnten? <a href=\"https:\/\/dutchchemlabs.com\/contact\">Kontakt<\/a> und lassen Sie es uns wissen!<\/p>\n<h2>Vor 18:00 Uhr bestellt = morgen geliefert!<\/h2>\n<p><strong>Vor 18:00 Uhr bestellt = morgen geliefert! <\/strong>Ihre Bestellung wird anonym und diskret mit unserem festen Partner PostNL verschickt. Dar\u00fcber hinaus k\u00f6nnen Sie einfach und schnell mit iDEAL oder Bancontact bezahlen. Bestellen Sie \u00fcber die Website oder kontaktieren Sie uns \u00fcber den Chat. Wenn Sie Fragen und\/oder Anmerkungen haben, k\u00f6nnen Sie uns jederzeit anrufen, mailen oder anrufen. F\u00fcr Bestellungen in gr\u00f6\u00dferen Mengen senden Sie bitte eine E-Mail an info@dutchchemlabs.com. Wir freuen uns auf Ihre Bestellung!<\/p>\n<p>Wir bieten mehrere Arten<a href=\"https:\/\/dutchchemlabs.com\/product-categorie\/poppers\/\">\u00a0Poppers<\/a>\u00a0zu. Wir sind auch\u00a0<a href=\"https:\/\/dutchchemlabs.com\/product-categorie\/research-chemicals\/\">Forschungschemikalien<\/a>\u00a0Spezialist.<\/p>\n<div id=\"ConnectiveDocSignExtentionInstalled\" data-extension-version=\"1.0.4\"><\/div>","protected":false},"excerpt":{"rendered":"<ul>\n<li><strong>Diskreter &amp; anonymer Versand<\/strong><\/li>\n<li><strong>Vor 18:00 Uhr bestellt = morgen geliefert!<\/strong><\/li>\n<li><strong>Kostenloser Versand ab 50 \u20ac<\/strong><\/li>\n<\/ul>\n<div id=\"ConnectiveDocSignExtentionInstalled\" data-extension-version=\"1.0.4\"><\/div>","protected":false},"featured_media":6914,"comment_status":"open","ping_status":"closed","template":"","meta":[],"product_brand":[],"product_cat":[206,209],"product_tag":[],"class_list":{"0":"post-6883","1":"product","2":"type-product","3":"status-publish","4":"has-post-thumbnail","6":"product_cat-poppers","7":"product_cat-poppers-small","9":"first","10":"instock","11":"taxable","12":"shipping-taxable","13":"purchasable","14":"product-type-simple"},"jetpack_sharing_enabled":true,"_links":{"self":[{"href":"https:\/\/dutchchemlabs.com\/de\/wp-json\/wp\/v2\/product\/6883","targetHints":{"allow":["GET"]}}],"collection":[{"href":"https:\/\/dutchchemlabs.com\/de\/wp-json\/wp\/v2\/product"}],"about":[{"href":"https:\/\/dutchchemlabs.com\/de\/wp-json\/wp\/v2\/types\/product"}],"replies":[{"embeddable":true,"href":"https:\/\/dutchchemlabs.com\/de\/wp-json\/wp\/v2\/comments?post=6883"}],"version-history":[{"count":1,"href":"https:\/\/dutchchemlabs.com\/de\/wp-json\/wp\/v2\/product\/6883\/revisions"}],"predecessor-version":[{"id":6915,"href":"https:\/\/dutchchemlabs.com\/de\/wp-json\/wp\/v2\/product\/6883\/revisions\/6915"}],"wp:featuredmedia":[{"embeddable":true,"href":"https:\/\/dutchchemlabs.com\/de\/wp-json\/wp\/v2\/media\/6914"}],"wp:attachment":[{"href":"https:\/\/dutchchemlabs.com\/de\/wp-json\/wp\/v2\/media?parent=6883"}],"wp:term":[{"taxonomy":"product_brand","embeddable":true,"href":"https:\/\/dutchchemlabs.com\/de\/wp-json\/wp\/v2\/product_brand?post=6883"},{"taxonomy":"product_cat","embeddable":true,"href":"https:\/\/dutchchemlabs.com\/de\/wp-json\/wp\/v2\/product_cat?post=6883"},{"taxonomy":"product_tag","embeddable":true,"href":"https:\/\/dutchchemlabs.com\/de\/wp-json\/wp\/v2\/product_tag?post=6883"}],"curies":[{"name":"wp","href":"https:\/\/api.w.org\/{rel}","templated":true}]}}