{"id":6995,"date":"2025-09-20T19:26:25","date_gmt":"2025-09-20T19:26:25","guid":{"rendered":"https:\/\/dutchchemlabs.com\/?post_type=product&#038;p=6995"},"modified":"2025-11-08T07:39:06","modified_gmt":"2025-11-08T07:39:06","slug":"3-fpm-pellets-60mg","status":"publish","type":"product","link":"https:\/\/dutchchemlabs.com\/de\/product\/3-fpm-pellets-60mg\/","title":{"rendered":"3-FPM Pellets (60mg)"},"content":{"rendered":"<h1>3FPM pellets kopen<\/h1>\n<p>3-FPM is een onderzoekschemische stof en niet bedoeld voor menselijke consumptie. Je kunt 3-FPM kopen bij dutchchemlabs.com. Als je v\u00f3\u00f3r 18:00 uur bestelt, wordt het de volgende dag al geleverd! Bij ons kun je veilig en gemakkelijk betalen met iDEAL, CreditCard, bankoverschrijving en crypto, zoals je gewend bent. 3-FPM bestellen doe je bij dutchchemlabs.com. Wij bieden ook <a href=\"https:\/\/dutchchemlabs.com\/product-categorie\/research-chemicals\/cathinonen\/2mmc-kopen\/\">2MMC<\/a>, <a href=\"https:\/\/dutchchemlabs.com\/product-categorie\/research-chemicals\/cathinonen\/pentedrone-nep\/\">Pentedrone (NEP)<\/a>,\u00a0<a href=\"https:\/\/dutchchemlabs.com\/product-categorie\/research-chemicals\/cathinonen\/3fmc\/\">3FMC<\/a> und andere Forschungschemikalien zu.<\/p>\n<h2>Wat is 3FPM?<\/h2>\n<p>3FPM, of 3-Fluorophenmetrazine, is een stimulerende stof die behoort tot de klasse van fenethylamines. Deze verbinding staat bekend om haar opwekkende effecten, zoals verhoogde energie, verbeterde concentratie en een toename van de alertheid. Ons 3FPM poeder is van de hoogste kwaliteit en zorgvuldig geproduceerd om je een veilige en stimulerende ervaring te bieden. Wil je je energie en concentratie verhogen? Ontdek dan nu ons hoogwaardige 3FPM poeder, exclusief verkrijgbaar bij dutchchemlabs.com! Dit poeder is ideaal voor liefhebbers van stimulatie en verbeterde mentale alertheid.<\/p>\n<h2>3FPM effecten<\/h2>\n<p>3-FPM staat bekend als een subtiele stimulant, minder intens dan amfetamine of coca\u00efne, en wordt vaak gebruikt voor studie en productiviteit. Het bevordert fysieke activiteiten en veroorzaakt milde tot matige stimulatie, abnormale hartslag, verhoogde hartslag, onderdrukte eetlust, verhoogde transpiratie, uitdroging, en pupilverwijdering. Cognitieve effecten omvatten verbeterde focus, analyse en motivatie, evenals lichte euforie en gedachteversnelling. Na-effecten kunnen angst, cognitieve vermoeidheid, depressie en prikkelbaarheid omvatten. Visuele effecten zijn meestal mild en treden voornamelijk op bij hogere doseringen en slaaptekort. Over het algemeen biedt 3-FPM functionele voordelen met minder intense euforie en comedowns in vergelijking met sterkere stimulanten.<\/p>\n<h2>Voor 18:00 besteld, morgen in huis!<\/h2>\n<p>3-FPM Pellets 60mg kopen? Bestel vandaag nog de allerhoogste kwaliteit 3-FPM Pellets 60mg bij dutchchemlabs.com.<strong> Vor 18:00 Uhr bestellt = morgen geliefert! <\/strong>Ihre Bestellung wird anonym und diskret mit unserem regul\u00e4ren Kurierdienst verschickt. Dar\u00fcber hinaus k\u00f6nnen Sie einfach und schnell mit iDEAL, Bancontact oder Crypto bezahlen. Bestellen Sie \u00fcber die Website oder kontaktieren Sie uns \u00fcber den Chat. Wenn Sie Fragen und\/oder Anmerkungen haben, k\u00f6nnen Sie uns jederzeit anrufen, mailen oder anrufen. F\u00fcr Bestellungen in gr\u00f6\u00dferen Mengen, senden Sie bitte eine E-Mail an info@dutchchemlabs.com. Wir freuen uns auf Ihre Bestellung!<\/p>\n<h2>Grote hoeveelheden 3-FPM Pellets 60mg kopen<\/h2>\n<p>Wil je graag 3-FPM Pellets 60mg bestellen in grotere hoeveelheden? Neem dan via de chat contact met ons op. dutchchemlabs.com bied scherpe tarieven voor grotere hoeveelheden. Wacht niet langer en neem vandaag nog contact op.<\/p>\n<div id=\"ConnectiveDocSignExtentionInstalled\" data-extension-version=\"1.0.4\"><\/div>","protected":false},"excerpt":{"rendered":"<ul>\n<li><strong>Diskreter &amp; anonymer Versand<\/strong><\/li>\n<li><strong>Vor 18:00 Uhr bestellt = morgen geliefert!<\/strong><\/li>\n<li><strong>Kostenloser Versand ab 50 \u20ac<\/strong><\/li>\n<\/ul>\n<div id=\"ConnectiveDocSignExtentionInstalled\" data-extension-version=\"1.0.4\"><\/div>","protected":false},"featured_media":8844,"comment_status":"open","ping_status":"closed","template":"","meta":[],"product_brand":[],"product_cat":[325,89,573],"product_tag":[],"class_list":{"0":"post-6995","1":"product","2":"type-product","3":"status-publish","4":"has-post-thumbnail","6":"product_cat-3fpm","7":"product_cat-gefluoreerden","8":"product_cat-pellets","10":"first","11":"instock","12":"taxable","13":"shipping-taxable","14":"purchasable","15":"product-type-variable"},"jetpack_sharing_enabled":true,"_links":{"self":[{"href":"https:\/\/dutchchemlabs.com\/de\/wp-json\/wp\/v2\/product\/6995","targetHints":{"allow":["GET"]}}],"collection":[{"href":"https:\/\/dutchchemlabs.com\/de\/wp-json\/wp\/v2\/product"}],"about":[{"href":"https:\/\/dutchchemlabs.com\/de\/wp-json\/wp\/v2\/types\/product"}],"replies":[{"embeddable":true,"href":"https:\/\/dutchchemlabs.com\/de\/wp-json\/wp\/v2\/comments?post=6995"}],"version-history":[{"count":2,"href":"https:\/\/dutchchemlabs.com\/de\/wp-json\/wp\/v2\/product\/6995\/revisions"}],"predecessor-version":[{"id":8845,"href":"https:\/\/dutchchemlabs.com\/de\/wp-json\/wp\/v2\/product\/6995\/revisions\/8845"}],"wp:featuredmedia":[{"embeddable":true,"href":"https:\/\/dutchchemlabs.com\/de\/wp-json\/wp\/v2\/media\/8844"}],"wp:attachment":[{"href":"https:\/\/dutchchemlabs.com\/de\/wp-json\/wp\/v2\/media?parent=6995"}],"wp:term":[{"taxonomy":"product_brand","embeddable":true,"href":"https:\/\/dutchchemlabs.com\/de\/wp-json\/wp\/v2\/product_brand?post=6995"},{"taxonomy":"product_cat","embeddable":true,"href":"https:\/\/dutchchemlabs.com\/de\/wp-json\/wp\/v2\/product_cat?post=6995"},{"taxonomy":"product_tag","embeddable":true,"href":"https:\/\/dutchchemlabs.com\/de\/wp-json\/wp\/v2\/product_tag?post=6995"}],"curies":[{"name":"wp","href":"https:\/\/api.w.org\/{rel}","templated":true}]}}