{"id":7271,"date":"2025-09-20T19:27:24","date_gmt":"2025-09-20T19:27:24","guid":{"rendered":"https:\/\/dutchchemlabs.com\/?post_type=product&#038;p=7271"},"modified":"2025-11-08T07:39:05","modified_gmt":"2025-11-08T07:39:05","slug":"highrise-ultra-strong-red-poppers","status":"publish","type":"product","link":"https:\/\/dutchchemlabs.com\/de\/product\/highrise-ultra-strong-red-poppers\/","title":{"rendered":"Highrise Ultra Strong Red Poppers"},"content":{"rendered":"<h2>Highrise Ultra Strong poppers bestellen<\/h2>\n<p>Op zoek naar een sterke rush? De Highrise Ultra Strong &#8211; 30ml Poppers hebben een sterk effect en een ontspannend aroma. Een van de beste poppers van de marktleider Lockerroom. Leuk voor op feestjes of tussen de lakens. Poppers maken jouw intieme momenten nog leuker en spannender! Wanneer je direct uit het flesje snuift voel je direct het effect. Het effect duurt slechts enkele minuten. Let op: Gebruik dit product niet in combinatie met erectiemiddelen.<\/p>\n<h2>Highrise Ultra Strong Red review<\/h2>\n<p>Als je van de <a href=\"https:\/\/dutchchemlabs.com\/product\/highrise-blue-tall-30ml\/\">Highrise Blue Tall<\/a> poppers houdt, kun je nu de nieuwe Highrise Ultra Strong Red variant eens proberen. Deze popper heeft dezelfde kenmerken als zijn broertje, maar is nog krachtiger. Net als de Highrise Blue Tall poppers ziet het flesje er een beetje uit als een aansteker, waardoor je deze poppers heel discreet kunt bij je hebben en gebruiken. Highrise Ultra Strong Red poppers zijn een van de meest populaire poppers op de markt. Veel mensen zeggen dat ze een intense en krachtige kick geven die moeilijk te verslaan is. Degenen die Ultra Strong Red poppers hebben geproefd, geven vaak aan een tintelend gevoel te voelen dat in de neus begint en zich door het lichaam verspreidt.<\/p>\n<h2>Vor 18:00 Uhr bestellt = morgen geliefert!<\/h2>\n<p><strong>Vor 18:00 Uhr bestellt = morgen geliefert! <\/strong>Ihre Bestellung wird anonym und diskret mit unserem festen Partner PostNL verschickt. Dar\u00fcber hinaus k\u00f6nnen Sie einfach und schnell mit iDEAL oder Bancontact bezahlen. Bestellen Sie \u00fcber die Website oder kontaktieren Sie uns \u00fcber den Chat. Wenn Sie Fragen und\/oder Anmerkungen haben, k\u00f6nnen Sie uns jederzeit anrufen, mailen oder anrufen. F\u00fcr Bestellungen in gr\u00f6\u00dferen Mengen senden Sie bitte eine E-Mail an info@dutchchemlabs.com. Wir freuen uns auf Ihre Bestellung!<\/p>\n<p>Wir bieten mehrere Arten<a href=\"https:\/\/dutchchemlabs.com\/product-categorie\/poppers\/\">\u00a0Poppers<\/a>\u00a0zu. Wir sind auch\u00a0<a href=\"https:\/\/dutchchemlabs.com\/product-categorie\/research-chemicals\/\">Forschungschemikalien<\/a>\u00a0Spezialist.<\/p>\n<div id=\"ConnectiveDocSignExtentionInstalled\" data-extension-version=\"1.0.4\"><\/div>","protected":false},"excerpt":{"rendered":"<ul>\n<li><strong>Diskreter &amp; anonymer Versand<\/strong><\/li>\n<li><strong>Vor 18:00 Uhr bestellt = morgen geliefert!<\/strong><\/li>\n<li><strong>Kostenloser Versand ab 50 \u20ac<\/strong><\/li>\n<\/ul>\n<div id=\"ConnectiveDocSignExtentionInstalled\" data-extension-version=\"1.0.4\"><\/div>","protected":false},"featured_media":7335,"comment_status":"open","ping_status":"closed","template":"","meta":[],"product_brand":[],"product_cat":[206,207],"product_tag":[],"class_list":{"0":"post-7271","1":"product","2":"type-product","3":"status-publish","4":"has-post-thumbnail","6":"product_cat-poppers","7":"product_cat-poppers-large","9":"first","10":"instock","11":"taxable","12":"shipping-taxable","13":"purchasable","14":"product-type-simple"},"jetpack_sharing_enabled":true,"_links":{"self":[{"href":"https:\/\/dutchchemlabs.com\/de\/wp-json\/wp\/v2\/product\/7271","targetHints":{"allow":["GET"]}}],"collection":[{"href":"https:\/\/dutchchemlabs.com\/de\/wp-json\/wp\/v2\/product"}],"about":[{"href":"https:\/\/dutchchemlabs.com\/de\/wp-json\/wp\/v2\/types\/product"}],"replies":[{"embeddable":true,"href":"https:\/\/dutchchemlabs.com\/de\/wp-json\/wp\/v2\/comments?post=7271"}],"version-history":[{"count":1,"href":"https:\/\/dutchchemlabs.com\/de\/wp-json\/wp\/v2\/product\/7271\/revisions"}],"predecessor-version":[{"id":7336,"href":"https:\/\/dutchchemlabs.com\/de\/wp-json\/wp\/v2\/product\/7271\/revisions\/7336"}],"wp:featuredmedia":[{"embeddable":true,"href":"https:\/\/dutchchemlabs.com\/de\/wp-json\/wp\/v2\/media\/7335"}],"wp:attachment":[{"href":"https:\/\/dutchchemlabs.com\/de\/wp-json\/wp\/v2\/media?parent=7271"}],"wp:term":[{"taxonomy":"product_brand","embeddable":true,"href":"https:\/\/dutchchemlabs.com\/de\/wp-json\/wp\/v2\/product_brand?post=7271"},{"taxonomy":"product_cat","embeddable":true,"href":"https:\/\/dutchchemlabs.com\/de\/wp-json\/wp\/v2\/product_cat?post=7271"},{"taxonomy":"product_tag","embeddable":true,"href":"https:\/\/dutchchemlabs.com\/de\/wp-json\/wp\/v2\/product_tag?post=7271"}],"curies":[{"name":"wp","href":"https:\/\/api.w.org\/{rel}","templated":true}]}}