{"id":7711,"date":"2025-09-20T19:28:44","date_gmt":"2025-09-20T19:28:44","guid":{"rendered":"https:\/\/dutchchemlabs.com\/?post_type=product&#038;p=7711"},"modified":"2025-11-08T07:39:03","modified_gmt":"2025-11-08T07:39:03","slug":"orange-4fma-liquid-5ml","status":"publish","type":"product","link":"https:\/\/dutchchemlabs.com\/de\/product\/orange-4fma-liquid-5ml\/","title":{"rendered":"Orange &#8211; 4FMA Liquid 5ml"},"content":{"rendered":"<p><strong>Orange &#8211; 4FMA Liquid Kopen. Nu tijdelijk tegen een geweldige actie prijs! Bestel vandaag nog de allerhoogste kwaliteit Liquid Research Chemicals bij dutchchemlabs.com. <em>Voor 18:00 besteld is morgen al in huis!<\/em> Wij doen er alles aan om onze producten zo snel mogelijk bij jou te krijgen. Daarnaast kan je gemakkelijk en veilig betalen met iDeal. Orange 4FMA liquid kopen doe je bij dutchchemlabs.com, de snelste, beste en goedkoopste! Daarnaast meerdere soorten<a href=\"https:\/\/dutchchemlabs.com\/product-categorie\/research-chemicals\/\"> Forschungschemikalien<\/a> zu.<\/strong><\/p>\n<h2>4FMA, wat is dat?<\/h2>\n<p>4FMA, oftwel 1-(4-Fluorophenyl)-N-methylpropan-2-amine is op de markt gekomen als vervanger op de populaire Research Chemical 4FMP. 4FMP valt sinds een tijd onder de opiumwet en wordt daardoor dus illegaal. 4FMA nog niet en is daarom 100% veilig te bestellen bij dutchchemlabs.com. Door het opwekkende gevoel is het een populair middel om te gebruiken in het uitgaansleven. Gebruikers ervaren een vrolijk, euforisch en opgewekt gevoel. dutchchemlabs.com is niet verantwoordelijk voor het onjuist gebruik van deze Research Chemical die niet voor menselijke consumptie geschikt is. 4FMA bewaar je op een donkere, koele en droge plek. Ook dient 4FMA ten aller tijden buiten het bereik van kinderen en huisdieren gehouden te worden.<\/p>\n<h2>Vor 18:00 Uhr bestellt = morgen geliefert!<\/h2>\n<p><strong>Vor 18:00 Uhr bestellt = morgen geliefert!\u00a0<\/strong>Ihre Bestellung wird anonym und diskret mit unserem festen Partner PostNL verschickt. Dar\u00fcber hinaus k\u00f6nnen Sie einfach und schnell mit iDeal oder Bancontact bezahlen. Bestellen Sie \u00fcber die Website oder kontaktieren Sie uns \u00fcber den Chat. Bei Fragen und\/oder Anmerkungen k\u00f6nnen Sie uns jederzeit anrufen oder eine E-Mail schicken. F\u00fcr Bestellungen in gr\u00f6\u00dferen Mengen senden Sie bitte eine E-Mail an info@dutchchemlabs.com. Wir freuen uns auf Ihre Bestellung!<\/p>\n<h2>Gro\u00dfe Mengen<\/h2>\n<p>Wil je graag 4FMA bestellen in grotere hoeveelheden? Neem dan via de chat contact met ons op. dutchchemlabs.com bied scherpe tarieven voor grotere hoeveelheden. Wacht niet langer en neem vandaag nog contact op.<\/p>\n<div id=\"ConnectiveDocSignExtentionInstalled\" data-extension-version=\"1.0.4\"><\/div>","protected":false},"excerpt":{"rendered":"<ul>\n<li><strong>Diskreter &amp; anonymer Versand<\/strong><\/li>\n<li><strong>Vor 18:00 Uhr bestellt = morgen geliefert!<\/strong><\/li>\n<li><strong>Kostenloser Versand ab 50 \u20ac<\/strong><\/li>\n<\/ul>\n<div id=\"ConnectiveDocSignExtentionInstalled\" data-extension-version=\"1.0.4\"><\/div>","protected":false},"featured_media":7743,"comment_status":"open","ping_status":"closed","template":"","meta":[],"product_brand":[],"product_cat":[137,89,345],"product_tag":[],"class_list":{"0":"post-7711","1":"product","2":"type-product","3":"status-publish","4":"has-post-thumbnail","6":"product_cat-4fma","7":"product_cat-gefluoreerden","8":"product_cat-liquids","10":"first","11":"instock","12":"taxable","13":"shipping-taxable","14":"purchasable","15":"product-type-simple"},"jetpack_sharing_enabled":true,"_links":{"self":[{"href":"https:\/\/dutchchemlabs.com\/de\/wp-json\/wp\/v2\/product\/7711","targetHints":{"allow":["GET"]}}],"collection":[{"href":"https:\/\/dutchchemlabs.com\/de\/wp-json\/wp\/v2\/product"}],"about":[{"href":"https:\/\/dutchchemlabs.com\/de\/wp-json\/wp\/v2\/types\/product"}],"replies":[{"embeddable":true,"href":"https:\/\/dutchchemlabs.com\/de\/wp-json\/wp\/v2\/comments?post=7711"}],"version-history":[{"count":1,"href":"https:\/\/dutchchemlabs.com\/de\/wp-json\/wp\/v2\/product\/7711\/revisions"}],"predecessor-version":[{"id":7744,"href":"https:\/\/dutchchemlabs.com\/de\/wp-json\/wp\/v2\/product\/7711\/revisions\/7744"}],"wp:featuredmedia":[{"embeddable":true,"href":"https:\/\/dutchchemlabs.com\/de\/wp-json\/wp\/v2\/media\/7743"}],"wp:attachment":[{"href":"https:\/\/dutchchemlabs.com\/de\/wp-json\/wp\/v2\/media?parent=7711"}],"wp:term":[{"taxonomy":"product_brand","embeddable":true,"href":"https:\/\/dutchchemlabs.com\/de\/wp-json\/wp\/v2\/product_brand?post=7711"},{"taxonomy":"product_cat","embeddable":true,"href":"https:\/\/dutchchemlabs.com\/de\/wp-json\/wp\/v2\/product_cat?post=7711"},{"taxonomy":"product_tag","embeddable":true,"href":"https:\/\/dutchchemlabs.com\/de\/wp-json\/wp\/v2\/product_tag?post=7711"}],"curies":[{"name":"wp","href":"https:\/\/api.w.org\/{rel}","templated":true}]}}