{"id":8358,"date":"2025-09-20T19:30:45","date_gmt":"2025-09-20T19:30:45","guid":{"rendered":"https:\/\/dutchchemlabs.com\/?post_type=product&#038;p=8358"},"modified":"2025-11-08T07:39:00","modified_gmt":"2025-11-08T07:39:00","slug":"3mmc-kristallen-kopen","status":"publish","type":"product","link":"https:\/\/dutchchemlabs.com\/de\/product\/3mmc-kristallen-kopen\/","title":{"rendered":"3MMC Kristallen kopen"},"content":{"rendered":"<p><strong>Bestel de allerhoogste kwaliteit 3MMC kristallen bij dutchchemlabs.com.\u00a0<em>Voor 18:00 besteld is morgen al in huis!<\/em>\u00a0Wij doen er alles aan om onze producten zo snel mogelijk bij jou te krijgen. Zo kan je zo snel mogelijk beginnen aan jouw onderzoek. Daarnaast kan je gemakkelijk en veilig betalen met iDeal, zoals je gewend bent. 3MMC kristallen kopen doe je bij dutchchemlabs.com, de snelste, beste en goedkoopste! Daarnaast bieden wij ook\u00a0<a href=\"https:\/\/dutchchemlabs.com\/product\/3mmc-poeder-kopen\/\">3MMC poeder<\/a>\u00a0aan, evenals\u00a0<a href=\"https:\/\/dutchchemlabs.com\/product\/3mmc-capsules-kopen\/\">3MMC capsules.<\/a><\/strong><\/p>\n<p><strong>\u00a0<\/strong><\/p>\n<h2>3MMC kristallen kopen, wat zijn dat?<\/h2>\n<p>3MMC, ook wel miauw miauw genoemd, is op de markt gekomen als vervanger op het populaire 4MMC. 4MMC valt sinds een tijd onder de opiumwet en is daardoor dus illegaal. 3MMC nog niet en is daarom 100% veilig te bestellen bij dutchchemlabs.com. Door het opwekkende gevoel is het een populair middel om te gebruiken in het uitgaansleven. Daarom is het een populair middel om te gebruiken in het uitgaansleven. Gebruikers ervaren een vrolijk, euforisch en opgewekt gevoel. dutchchemlabs.com is niet verantwoordelijk voor het onjuist gebruik van deze Research Chemical die niet voor menselijke consumptie geschikt is. 3MMC bewaar je op een donkere, koele en droge plek. Ook dient 3MMC ten aller tijden buiten het bereik van kinderen en huisdieren gehouden te worden.<\/p>\n<p>&nbsp;<\/p>\n<h2>3MMC kristallen kopen, Voor 18:00 besteld, morgen in huis!<\/h2>\n<p><strong>Vor 18:00 Uhr bestellt = morgen geliefert!\u00a0<\/strong>Ihre Bestellung wird anonym und diskret mit unserem festen Partner PostNL verschickt. Dar\u00fcber hinaus k\u00f6nnen Sie einfach und schnell mit iDeal oder Bancontact bezahlen. Bestellen Sie \u00fcber die Website oder kontaktieren Sie uns \u00fcber den Chat. Bei Fragen und\/oder Anmerkungen k\u00f6nnen Sie uns jederzeit anrufen oder eine E-Mail schicken. F\u00fcr Bestellungen in gr\u00f6\u00dferen Mengen senden Sie bitte eine E-Mail an info@dutchchemlabs.com. Wir freuen uns auf Ihre Bestellung!<\/p>\n<p>&nbsp;<\/p>\n<h2>Gro\u00dfe Mengen<\/h2>\n<p>Wil je graag bestellen in grotere hoeveelheden? Neem dan via de chat contact met ons op. dutchchemlabs.com bied scherpe tarieven voor grotere hoeveelheden. Wacht niet langer en neem vandaag nog contact op.<\/p>","protected":false},"excerpt":{"rendered":"<ul>\n<li><strong>Diskreter &amp; anonymer Versand<\/strong><\/li>\n<li><strong>Vor 18:00 Uhr bestellt = morgen geliefert!<\/strong><\/li>\n<li><strong>Kostenloser Versand ab 50 \u20ac<\/strong><\/li>\n<\/ul>","protected":false},"featured_media":8693,"comment_status":"open","ping_status":"closed","template":"","meta":[],"product_brand":[],"product_cat":[363],"product_tag":[],"class_list":{"0":"post-8358","1":"product","2":"type-product","3":"status-publish","4":"has-post-thumbnail","6":"product_cat-3mmc-kopen","8":"first","9":"instock","10":"sale","11":"taxable","12":"shipping-taxable","13":"purchasable","14":"product-type-variable"},"jetpack_sharing_enabled":true,"_links":{"self":[{"href":"https:\/\/dutchchemlabs.com\/de\/wp-json\/wp\/v2\/product\/8358","targetHints":{"allow":["GET"]}}],"collection":[{"href":"https:\/\/dutchchemlabs.com\/de\/wp-json\/wp\/v2\/product"}],"about":[{"href":"https:\/\/dutchchemlabs.com\/de\/wp-json\/wp\/v2\/types\/product"}],"replies":[{"embeddable":true,"href":"https:\/\/dutchchemlabs.com\/de\/wp-json\/wp\/v2\/comments?post=8358"}],"version-history":[{"count":5,"href":"https:\/\/dutchchemlabs.com\/de\/wp-json\/wp\/v2\/product\/8358\/revisions"}],"predecessor-version":[{"id":8935,"href":"https:\/\/dutchchemlabs.com\/de\/wp-json\/wp\/v2\/product\/8358\/revisions\/8935"}],"wp:featuredmedia":[{"embeddable":true,"href":"https:\/\/dutchchemlabs.com\/de\/wp-json\/wp\/v2\/media\/8693"}],"wp:attachment":[{"href":"https:\/\/dutchchemlabs.com\/de\/wp-json\/wp\/v2\/media?parent=8358"}],"wp:term":[{"taxonomy":"product_brand","embeddable":true,"href":"https:\/\/dutchchemlabs.com\/de\/wp-json\/wp\/v2\/product_brand?post=8358"},{"taxonomy":"product_cat","embeddable":true,"href":"https:\/\/dutchchemlabs.com\/de\/wp-json\/wp\/v2\/product_cat?post=8358"},{"taxonomy":"product_tag","embeddable":true,"href":"https:\/\/dutchchemlabs.com\/de\/wp-json\/wp\/v2\/product_tag?post=8358"}],"curies":[{"name":"wp","href":"https:\/\/api.w.org\/{rel}","templated":true}]}}