{"id":2404,"date":"2025-09-20T09:13:58","date_gmt":"2025-09-20T09:13:58","guid":{"rendered":"https:\/\/dutchchemlabs.com\/?post_type=product&#038;p=2404"},"modified":"2025-11-08T07:39:15","modified_gmt":"2025-11-08T07:39:15","slug":"poppers-el-nuevo-amsterdam-10ml","status":"publish","type":"product","link":"https:\/\/dutchchemlabs.com\/es\/product\/poppers-el-nuevo-amsterdam-10ml\/","title":{"rendered":"Poppers La Nueva Amsterdam (10ml)"},"content":{"rendered":"<h1>Comprar Poppers The New Amsterdam (10ml)<\/h1>\n<p>Experimenta una intensa excitaci\u00f3n y relajaci\u00f3n con Poppers The New Amsterdam 10ml, disponible exclusivamente en dutchchemlabs.com. Estos potentes poppers ofrecen una experiencia sin igual, perfecta tanto para principiantes como para usuarios experimentados que buscan estimular sus sentidos.<\/p>\n<h2>\u00bfQu\u00e9 son los poppers de The New Amsterdam?<\/h2>\n<h3>Caracter\u00edsticas del producto<\/h3>\n<ul>\n<li><strong>F\u00f3rmula Premium<\/strong>: Elaborado con ingredientes de alta calidad para un efecto potente y duradero que estimula sus sentidos.<\/li>\n<li><strong>Tama\u00f1o compacto<\/strong>: El pr\u00e1ctico frasco de 10 ml es perfecto para un uso y almacenamiento discretos, para que puedas disfrutar en cualquier momento y lugar.<\/li>\n<li><strong>Dise\u00f1o elegante<\/strong>La botella tiene un dise\u00f1o moderno y elegante, ideal para cualquier ocasi\u00f3n.<\/li>\n<li><strong>De acci\u00f3n r\u00e1pida<\/strong>Los efectos de Poppers The New Amsterdam se notan en cuesti\u00f3n de segundos, permiti\u00e9ndole disfrutar inmediatamente de una mayor sensibilidad y relajaci\u00f3n.<\/li>\n<li><strong>Uso vers\u00e1til<\/strong>Ideal tanto para uso en solitario como en pareja, para intensificar tus experiencias sexuales.<\/li>\n<\/ul>\n<h3>Ventajas<\/h3>\n<ul>\n<li><strong>Aumento de las sensaciones<\/strong>: Su potente f\u00f3rmula proporciona una mayor sensibilidad y experiencias intensas.<\/li>\n<li><strong>Funcionamiento r\u00e1pido<\/strong>: En cuesti\u00f3n de segundos, se sienten los efectos que proporcionan una sensaci\u00f3n relajada y sensual.<\/li>\n<li><strong>Compacto y manejable<\/strong>: El frasco de 10 ml es f\u00e1cil de transportar y guardar discretamente, para que siempre est\u00e9 preparado.<\/li>\n<li><strong>F\u00e1cil de usar<\/strong>La botella es f\u00e1cil de abrir y usar, lo que le permite disfrutar r\u00e1pidamente de los beneficios de los poppers.<\/li>\n<li><strong>Discreto y port\u00e1til<\/strong>El tama\u00f1o compacto permite guardar y transportar discretamente los poppers dondequiera que est\u00e9s.<\/li>\n<\/ul>\n<h3>\u00bfPor qu\u00e9 elegir Poppers The New Amsterdam?<\/h3>\n<p>Poppers The New Amsterdam 10ml es la elecci\u00f3n perfecta para cualquiera que busque una forma potente y excitante de intensificar sus experiencias sexuales. Con su f\u00f3rmula de primera calidad, acci\u00f3n r\u00e1pida y c\u00f3modo tama\u00f1o, estos poppers ofrecen una experiencia \u00fanica y excitante que querr\u00e1s repetir una y otra vez.<\/p>\n<h3>Instrucciones de uso<\/h3>\n<ol>\n<li><strong>Preparaci\u00f3n<\/strong>Antes de utilizar poppers, aseg\u00farate de que te encuentras en un entorno c\u00f3modo y relajado.<\/li>\n<li><strong>Abrir<\/strong>El producto: Abra el frasco con cuidado y p\u00f3ngaselo bajo la nariz.<\/li>\n<li><strong>Inhalaci\u00f3n<\/strong>: Inhale los vapores suavemente y disfrute de los efectos r\u00e1pidos y excitantes.<\/li>\n<li><strong>Guardar<\/strong>Cierre bien el frasco despu\u00e9s de usarlo y gu\u00e1rdelo en un lugar fresco y seco, protegido de la luz solar directa.<\/li>\n<\/ol>\n<h3>Pedir poppers a dutchchemlabs.com<\/h3>\n<p>Pide tu Poppers The New Amsterdam 10ml en dutchchemlabs.com hoy mismo y experimenta la combinaci\u00f3n definitiva de placer intenso y relajaci\u00f3n. Ofrecemos un env\u00edo r\u00e1pido y discreto, para que puedas disfrutar r\u00e1pidamente de esta excitante adici\u00f3n a tu colecci\u00f3n.<\/p>\n<h2>Pedido antes de las 18:00 = \u00a1entregado ma\u00f1ana!<\/h2>\n<p><strong>Pedido antes de las 18:00 = \u00a1entregado ma\u00f1ana! <\/strong>Su pedido se enviar\u00e1 de forma an\u00f3nima y discreta con nuestro socio habitual, PostNL. Adem\u00e1s, puede pagar f\u00e1cil y r\u00e1pidamente con iDEAL o Bancontact. Haga su pedido a trav\u00e9s del sitio web o p\u00f3ngase en contacto con nosotros a trav\u00e9s del chat. Si tiene alguna pregunta y\/o comentario, siempre puede llamarnos, enviarnos un correo electr\u00f3nico o llamarnos por tel\u00e9fono. Para pedidos en grandes cantidades, env\u00ede un correo electr\u00f3nico a info@dutchchemlabs.com. \u00a1Esperamos recibir su pedido!<\/p>\n<p>Ofrecemos varios tipos<a href=\"https:\/\/dutchchemlabs.com\/product-categorie\/poppers\/\">\u00a0Poppers<\/a>\u00a0a. Tambi\u00e9n somos\u00a0<a href=\"https:\/\/dutchchemlabs.com\/product-categorie\/research-chemicals\/\">Productos qu\u00edmicos de investigaci\u00f3n<\/a>\u00a0Especialista.<\/p>\n<div id=\"ConnectiveDocSignExtentionInstalled\" data-extension-version=\"1.0.4\"><\/div>","protected":false},"excerpt":{"rendered":"<ul>\n<li><strong>Env\u00edo discreto y an\u00f3nimo<\/strong><\/li>\n<li><strong>Pedido antes de las 18:00 = \u00a1entregado ma\u00f1ana!<\/strong><\/li>\n<li><strong>Env\u00edo gratuito a partir de 50<\/strong><\/li>\n<\/ul>\n<div id=\"ConnectiveDocSignExtentionInstalled\" data-extension-version=\"1.0.4\"><\/div>","protected":false},"featured_media":2440,"comment_status":"open","ping_status":"closed","template":"","meta":[],"product_brand":[],"product_cat":[206,209],"product_tag":[],"class_list":{"0":"post-2404","1":"product","2":"type-product","3":"status-publish","4":"has-post-thumbnail","6":"product_cat-poppers","7":"product_cat-poppers-small","9":"first","10":"instock","11":"taxable","12":"shipping-taxable","13":"purchasable","14":"product-type-simple"},"jetpack_sharing_enabled":true,"_links":{"self":[{"href":"https:\/\/dutchchemlabs.com\/es\/wp-json\/wp\/v2\/product\/2404","targetHints":{"allow":["GET"]}}],"collection":[{"href":"https:\/\/dutchchemlabs.com\/es\/wp-json\/wp\/v2\/product"}],"about":[{"href":"https:\/\/dutchchemlabs.com\/es\/wp-json\/wp\/v2\/types\/product"}],"replies":[{"embeddable":true,"href":"https:\/\/dutchchemlabs.com\/es\/wp-json\/wp\/v2\/comments?post=2404"}],"version-history":[{"count":1,"href":"https:\/\/dutchchemlabs.com\/es\/wp-json\/wp\/v2\/product\/2404\/revisions"}],"predecessor-version":[{"id":2441,"href":"https:\/\/dutchchemlabs.com\/es\/wp-json\/wp\/v2\/product\/2404\/revisions\/2441"}],"wp:featuredmedia":[{"embeddable":true,"href":"https:\/\/dutchchemlabs.com\/es\/wp-json\/wp\/v2\/media\/2440"}],"wp:attachment":[{"href":"https:\/\/dutchchemlabs.com\/es\/wp-json\/wp\/v2\/media?parent=2404"}],"wp:term":[{"taxonomy":"product_brand","embeddable":true,"href":"https:\/\/dutchchemlabs.com\/es\/wp-json\/wp\/v2\/product_brand?post=2404"},{"taxonomy":"product_cat","embeddable":true,"href":"https:\/\/dutchchemlabs.com\/es\/wp-json\/wp\/v2\/product_cat?post=2404"},{"taxonomy":"product_tag","embeddable":true,"href":"https:\/\/dutchchemlabs.com\/es\/wp-json\/wp\/v2\/product_tag?post=2404"}],"curies":[{"name":"wp","href":"https:\/\/api.w.org\/{rel}","templated":true}]}}