{"id":5321,"date":"2025-09-20T09:25:40","date_gmt":"2025-09-20T09:25:40","guid":{"rendered":"https:\/\/dutchchemlabs.com\/?post_type=product&#038;p=5321"},"modified":"2025-11-08T07:39:11","modified_gmt":"2025-11-08T07:39:11","slug":"isopropylfenidaat-ipph-25mg-pellets","status":"publish","type":"product","link":"https:\/\/dutchchemlabs.com\/es\/product\/isopropylfenidaat-ipph-25mg-pellets\/","title":{"rendered":"Isopropylfenidaat (IPPH) 25mg Pellets"},"content":{"rendered":"<div class=\"product-title-container\">\n<h1 class=\"product-title product_title entry-title\">Isopropylfenidaat (IPPH) 25mg Pellets kopen?<\/h1>\n<\/div>\n<p><strong>Betreed de wereld van concentratie en focus met Isopropylfenidaat (IPPH) 25mg Pellets!<\/strong><\/p>\n<p>Ben je op zoek naar een betrouwbare en effectieve manier om je concentratie te verbeteren en je productiviteit te verhogen? Ontdek dan onze Isopropylfenidaat (IPPH) 25mg Pellets, speciaal ontworpen om je te helpen je doelen te bereiken en je werk gedaan te krijgen.<\/p>\n<h3>Wat maakt Isopropylfenidaat (IPPH) 25mg Pellets zo bijzonder?<\/h3>\n<p><strong>1. Hoogwaardige Kwaliteit:<\/strong> Onze pellets bevatten zuiver Isopropylfenidaat (IPPH) van de hoogste kwaliteit, nauwkeurig gedoseerd op 25mg per pellet, voor consistente en betrouwbare resultaten.<\/p>\n<p><strong>2. Exacte Dosering:<\/strong> Elke pellet biedt een nauwkeurig afgemeten dosis, waardoor je de vrijheid hebt om je concentratie te verbeteren zonder zorgen over het afmeten van de juiste hoeveelheid.<\/p>\n<p><strong>3. Veiligheid voorop:<\/strong> We hechten de hoogste waarde aan de veiligheid van onze klanten. Onze producten worden zorgvuldig getest om ervoor te zorgen dat je een veilige en effectieve ervaring hebt.<\/p>\n<p><strong>4. Verbeterde Concentratie:<\/strong> Isopropylfenidaat (IPPH) staat bekend om zijn vermogen om de concentratie te verbeteren, de aandachtsspanne te verlengen en mentale helderheid te bevorderen. Het is de perfecte metgezel voor studie- en werksessies.<\/p>\n<p><strong>5. Discrete Verpakking:<\/strong> Je bestelling wordt discreet verpakt en verzonden om je privacy te waarborgen.<\/p>\n<p>Waarschuwing: Isopropylfenidaat (IPPH) 25mg Pellets zijn bedoeld voor gebruik als no\u00f6tropisch supplement en moeten verantwoordelijk worden ingenomen. Raadpleeg altijd een professionele zorgverlener voordat je nieuwe supplementen probeert.<\/p>\n<p>Bestel vandaag nog je Isopropylfenidaat (IPPH) 25mg Pellets en bereik maximale concentratie en productiviteit. Bij IPPHPellets.nl zijn we er om je te helpen je doelen te bereiken en je beste zelf te zijn in je dagelijkse taken.<\/p>\n<h2>Isopropylfenidaat (IPPH) 25mg Pellets risico\u2019s<\/h2>\n<ul>\n<li>Isopropylfenidaat (IPPH) 25mg Pellets kan irritatie van de luchtwegen veroorzaken.<\/li>\n<li>Isopropylfenidaat (IPPH) 25mg Pellets kan irritatie van de ogen veroorzaken.<\/li>\n<li>Isopropylfenidaat (IPPH) 25mg Pellets is niet voor menselijke consumptie<\/li>\n<\/ul>\n<h2>Pedido antes de las 18:00 = \u00a1entregado ma\u00f1ana!<\/h2>\n<p><strong>Pedido antes de las 18:00 = \u00a1entregado ma\u00f1ana!\u00a0<\/strong>Su pedido se enviar\u00e1 de forma an\u00f3nima y discreta con nuestro socio habitual, PostNL. Adem\u00e1s, puede pagar f\u00e1cil y r\u00e1pidamente con iDeal o Bancontact. Haga su pedido a trav\u00e9s del sitio o p\u00f3ngase en contacto con nosotros por chat. Para preguntas y\/o comentarios, siempre puede llamarnos, enviarnos un correo electr\u00f3nico o llamarnos por tel\u00e9fono. Para pedidos en grandes cantidades, env\u00ede un correo electr\u00f3nico a info@dutchchemlabs.com. \u00a1Esperamos recibir su pedido!<\/p>\n<h2>Grote hoeveelheden Isopropylfenidaat (IPPH) 25mg Pellets bestellen<\/h2>\n<p>Wil je graag Isopropylfenidaat (IPPH) 25mg Pellets bestellen in grotere hoeveelheden? Neem dan via de chat contact met ons op. dutchchemlabs.com bied scherpe tarieven voor grotere hoeveelheden. Wacht niet langer en neem vandaag nog contact op.<\/p>\n<div id=\"ConnectiveDocSignExtentionInstalled\" data-extension-version=\"1.0.4\"><\/div>","protected":false},"excerpt":{"rendered":"<ul>\n<li><strong>Env\u00edo discreto y an\u00f3nimo<\/strong><\/li>\n<li><strong>Pedido antes de las 18:00 = \u00a1entregado ma\u00f1ana!<\/strong><\/li>\n<li><strong>Env\u00edo gratuito a partir de 50<\/strong><\/li>\n<\/ul>\n<div id=\"ConnectiveDocSignExtentionInstalled\" data-extension-version=\"1.0.4\"><\/div>","protected":false},"featured_media":8894,"comment_status":"open","ping_status":"closed","template":"","meta":[],"product_brand":[],"product_cat":[306,307,573],"product_tag":[],"class_list":{"0":"post-5321","1":"product","2":"type-product","3":"status-publish","4":"has-post-thumbnail","6":"product_cat-fenidaten","7":"product_cat-isopropylfenidaat-ipph","8":"product_cat-pellets","10":"first","11":"instock","12":"taxable","13":"shipping-taxable","14":"purchasable","15":"product-type-variable"},"jetpack_sharing_enabled":true,"_links":{"self":[{"href":"https:\/\/dutchchemlabs.com\/es\/wp-json\/wp\/v2\/product\/5321","targetHints":{"allow":["GET"]}}],"collection":[{"href":"https:\/\/dutchchemlabs.com\/es\/wp-json\/wp\/v2\/product"}],"about":[{"href":"https:\/\/dutchchemlabs.com\/es\/wp-json\/wp\/v2\/types\/product"}],"replies":[{"embeddable":true,"href":"https:\/\/dutchchemlabs.com\/es\/wp-json\/wp\/v2\/comments?post=5321"}],"version-history":[{"count":2,"href":"https:\/\/dutchchemlabs.com\/es\/wp-json\/wp\/v2\/product\/5321\/revisions"}],"predecessor-version":[{"id":8895,"href":"https:\/\/dutchchemlabs.com\/es\/wp-json\/wp\/v2\/product\/5321\/revisions\/8895"}],"wp:featuredmedia":[{"embeddable":true,"href":"https:\/\/dutchchemlabs.com\/es\/wp-json\/wp\/v2\/media\/8894"}],"wp:attachment":[{"href":"https:\/\/dutchchemlabs.com\/es\/wp-json\/wp\/v2\/media?parent=5321"}],"wp:term":[{"taxonomy":"product_brand","embeddable":true,"href":"https:\/\/dutchchemlabs.com\/es\/wp-json\/wp\/v2\/product_brand?post=5321"},{"taxonomy":"product_cat","embeddable":true,"href":"https:\/\/dutchchemlabs.com\/es\/wp-json\/wp\/v2\/product_cat?post=5321"},{"taxonomy":"product_tag","embeddable":true,"href":"https:\/\/dutchchemlabs.com\/es\/wp-json\/wp\/v2\/product_tag?post=5321"}],"curies":[{"name":"wp","href":"https:\/\/api.w.org\/{rel}","templated":true}]}}