{"id":5820,"date":"2025-09-20T11:31:37","date_gmt":"2025-09-20T11:31:37","guid":{"rendered":"https:\/\/dutchchemlabs.com\/?post_type=product&#038;p=5820"},"modified":"2025-11-08T07:39:10","modified_gmt":"2025-11-08T07:39:10","slug":"actie-vriendenpakket-2mmc","status":"publish","type":"product","link":"https:\/\/dutchchemlabs.com\/es\/product\/actie-vriendenpakket-2mmc\/","title":{"rendered":"ACTIE: Vriendenpakket 2MMC"},"content":{"rendered":"<p>ACTIE: vriendenpakket 2MMC, met hoge korting! Bestel de allerhoogste kwaliteit 2MMC bij dutchchemlabs.com. Voor 18:00 besteld is morgen al in huis!<\/p>\n<h2>Vriendenpakket 2MMC, wat zit er in?<\/h2>\n<h4><strong>Klein: <\/strong>5 x 1 gram 2MMC poeder<br \/>\n<strong>Middel: <\/strong>10 x 1 gram 2MMC poeder<\/h4>\n<h2>Wat is 2MMC?<\/h2>\n<p>2MMC is een synthetische stimulerende stof die chemisch verwant is aan amfetamine en cathinon. Het staat bekend om zijn stimulerende effecten en wordt vaak gezocht door mensen die op zoek zijn naar een oppepper in hun onderzoek. 2MMC is een afgeleide van cathinone en vertoont sterke gelijkenissen met andere bekende verbindingen, zoals 3-methylmethcathinone en 4-methylmethcathinone (mephedrone). Hoewel 2MMC in 2014 voor het eerst werd ge\u00efdentificeerd in Zweden, heeft het sindsdien aan populariteit gewonnen als research chemical.<\/p>\n<p>Wij bieden ook <a href=\"https:\/\/dutchchemlabs.com\/product-categorie\/research-chemicals\/cathinonen\/pentedrone-nep\/\" data-cke-saved-href=\"https:\/\/dutchchemlabs.com\/product-categorie\/research-chemicals\/cathinonen\/pentedrone-nep\/\">Pentedrone (NEP)<\/a>,\u00a0<a href=\"https:\/\/dutchchemlabs.com\/product-categorie\/research-chemicals\/cathinonen\/3fmc\/\" data-cke-saved-href=\"https:\/\/dutchchemlabs.com\/product-categorie\/research-chemicals\/cathinonen\/3fmc\/\">3FMC<\/a> y otros productos qu\u00edmicos de investigaci\u00f3n.<\/p>\n<h2>Pedido antes de las 18:00 = \u00a1entregado ma\u00f1ana!<\/h2>\n<p><strong>Pedido antes de las 18:00 = \u00a1entregado ma\u00f1ana! <\/strong>Su pedido se enviar\u00e1 de forma an\u00f3nima y discreta con nuestro socio habitual, PostNL. Adem\u00e1s, puede pagar f\u00e1cil y r\u00e1pidamente con iDEAL o Bancontact. Haga su pedido a trav\u00e9s del sitio web o p\u00f3ngase en contacto con nosotros a trav\u00e9s del chat. Si tiene alguna pregunta y\/o comentario, siempre puede llamarnos, enviarnos un correo electr\u00f3nico o llamarnos por tel\u00e9fono. Para pedidos en grandes cantidades, env\u00ede un correo electr\u00f3nico a info@dutchchemlabs.com. \u00a1Esperamos recibir su pedido!<\/p>\n<h2>We leveren ook grote hoeveelheden<\/h2>\n<p>Wil je graag 2MMC Poeder bestellen in grotere hoeveelheden? Neem dan via de chat contact met ons op. dutchchemlabs.com bied scherpe tarieven voor grotere hoeveelheden. Wacht niet langer en neem vandaag nog contact op.<\/p>\n<p>&nbsp;<\/p>","protected":false},"excerpt":{"rendered":"<ul>\n<li><strong>Env\u00edo discreto y an\u00f3nimo<\/strong><\/li>\n<li><strong>Pedido antes de las 18:00 = \u00a1entregado ma\u00f1ana!<\/strong><\/li>\n<li><strong>Env\u00edo gratuito a partir de 50<\/strong><\/li>\n<\/ul>","protected":false},"featured_media":8751,"comment_status":"open","ping_status":"closed","template":"","meta":[],"product_brand":[],"product_cat":[320,102,190,189,187,84],"product_tag":[],"class_list":{"0":"post-5820","1":"product","2":"type-product","3":"status-publish","4":"has-post-thumbnail","6":"product_cat-2mmc","7":"product_cat-cathinonen","8":"product_cat-combi-packs","9":"product_cat-overig","10":"product_cat-populair","11":"product_cat-sale","13":"first","14":"instock","15":"sale","16":"taxable","17":"shipping-taxable","18":"purchasable","19":"product-type-variable"},"jetpack_sharing_enabled":true,"_links":{"self":[{"href":"https:\/\/dutchchemlabs.com\/es\/wp-json\/wp\/v2\/product\/5820","targetHints":{"allow":["GET"]}}],"collection":[{"href":"https:\/\/dutchchemlabs.com\/es\/wp-json\/wp\/v2\/product"}],"about":[{"href":"https:\/\/dutchchemlabs.com\/es\/wp-json\/wp\/v2\/types\/product"}],"replies":[{"embeddable":true,"href":"https:\/\/dutchchemlabs.com\/es\/wp-json\/wp\/v2\/comments?post=5820"}],"version-history":[{"count":2,"href":"https:\/\/dutchchemlabs.com\/es\/wp-json\/wp\/v2\/product\/5820\/revisions"}],"predecessor-version":[{"id":8752,"href":"https:\/\/dutchchemlabs.com\/es\/wp-json\/wp\/v2\/product\/5820\/revisions\/8752"}],"wp:featuredmedia":[{"embeddable":true,"href":"https:\/\/dutchchemlabs.com\/es\/wp-json\/wp\/v2\/media\/8751"}],"wp:attachment":[{"href":"https:\/\/dutchchemlabs.com\/es\/wp-json\/wp\/v2\/media?parent=5820"}],"wp:term":[{"taxonomy":"product_brand","embeddable":true,"href":"https:\/\/dutchchemlabs.com\/es\/wp-json\/wp\/v2\/product_brand?post=5820"},{"taxonomy":"product_cat","embeddable":true,"href":"https:\/\/dutchchemlabs.com\/es\/wp-json\/wp\/v2\/product_cat?post=5820"},{"taxonomy":"product_tag","embeddable":true,"href":"https:\/\/dutchchemlabs.com\/es\/wp-json\/wp\/v2\/product_tag?post=5820"}],"curies":[{"name":"wp","href":"https:\/\/api.w.org\/{rel}","templated":true}]}}