{"id":6522,"date":"2025-09-20T19:25:01","date_gmt":"2025-09-20T19:25:01","guid":{"rendered":"https:\/\/dutchchemlabs.com\/?post_type=product&#038;p=6522"},"modified":"2025-11-08T07:39:08","modified_gmt":"2025-11-08T07:39:08","slug":"1v-lsd-art-blotters-225mcg","status":"publish","type":"product","link":"https:\/\/dutchchemlabs.com\/es\/product\/1v-lsd-art-blotters-225mcg\/","title":{"rendered":"1V-LSD Art Blotters (225mcg)"},"content":{"rendered":"<h2>1V-LSD Art Blotters (225mcg) kopen<\/h2>\n<p>1V-LSD is een onderzoekschemische stof en niet bedoeld voor menselijke consumptie. Je kunt 1V-LSD kopen bij dutchchemlabs.com. Als je v\u00f3\u00f3r 18:00 uur bestelt, wordt het de volgende dag al geleverd! Bij ons kun je veilig en gemakkelijk betalen met iDEAL, CreditCard, bankoverschrijving en crypto, zoals je gewend bent. 1V-LSD bestellen doe je bij dutchchemlabs.com. Wij bieden ook <a href=\"https:\/\/dutchchemlabs.com\/product-categorie\/research-chemicals\/cathinonen\/2mmc-kopen\/\">2MMC<\/a>, <a href=\"https:\/\/dutchchemlabs.com\/product-categorie\/research-chemicals\/cathinonen\/pentedrone-nep\/\">Pentedrone (NEP)<\/a>,\u00a0<a href=\"https:\/\/dutchchemlabs.com\/product-categorie\/research-chemicals\/cathinonen\/3fmc\/\">3FMC<\/a> y otros productos qu\u00edmicos de investigaci\u00f3n.<\/p>\n<h2>Wat is 1V-LSD?<\/h2>\n<p>1-Valeroyl-d-lysergic acid diethylamide, ook bekend als 1V-LSD of Valerie, is een nieuw psychedelisch middel uit de lysergamideklasse. Het staat nauw in verband met LSD en 1P-LSD en zou naar verluidt vrijwel identieke effecten produceren. Hoewel de farmacologie niet volledig bekend is, lijkt het waarschijnlijk vergelijkbaar met die van LSD, dat werkt op serotonine-, dopamine- en noradrenaline-receptoren in de hersenen. Deze research chemical lijkt voor het eerst te zijn gesynthetiseerd in juni of juli 2021.<\/p>\n<h2>1V-LSD effecten<\/h2>\n<p>Gebruikers melden dat de subjectieve effecten van 1V-LSD vrijwel identiek zijn aan die van LSD, met weinig onderscheid tussen de twee. Vergeleken met andere psychedelica, zoals psilocybine, LSA en ayahuasca, wordt 1V-LSD als significant meer stimulerend en energiek ervaren in zowel fysieke als cognitieve effecten.<\/p>\n<p>De positieve effecten omvatten een sterke stimulatie, een intens lichamelijk gevoel dat wordt omschreven als een extatische, snelle, scherpe tinteling die opkomt en piekt met de trip. Er is een verhoogde tactiele waarneming en uithoudingsvermogen, terwijl eetlust wordt onderdrukt. Het kan echter ook leiden tot onplezierige fysieke effecten, waaronder milde misselijkheid, verhoogde hartslag en spierspasmen.<\/p>\n<p>Visueel veroorzaakt 1V-LSD versterkte kleuren, patronen en scherpte, met langzame, cartoonachtige bewegende visuele vervormingen. Hallucinatoire effecten, zoals interne en externe visuele hallucinaties, zijn zeldzaam en inconsistent, en 1V-LSD leidt meestal tot complexe geometrische patronen. Bij hogere doses kan het zeer intense en minder voorspelbare effecten veroorzaken, zoals machinescapes.<\/p>\n<p>Let op! Het is belangrijk om op te merken dat de effecten van 1V-LSD niet altijd voorspelbaar zijn en bij hogere doses negatieve effecten kunnen optreden, zoals misselijkheid, spierspasmen en zelfs epileptische aanvallen, vooral bij personen die daar genetisch vatbaar voor zijn. Voorzichtigheid is geboden bij het gebruik van deze stof bij het uitvoeren van jouw onderzoek.<\/p>\n<h2>Pedido antes de las 18:00 = \u00a1entregado ma\u00f1ana!<\/h2>\n<p><strong>Pedido antes de las 18:00 = \u00a1entregado ma\u00f1ana! <\/strong>Su pedido se enviar\u00e1 de forma an\u00f3nima y discreta con nuestro socio habitual, PostNL. Adem\u00e1s, puede pagar f\u00e1cil y r\u00e1pidamente con iDEAL o Bancontact. Haga su pedido a trav\u00e9s del sitio web o p\u00f3ngase en contacto con nosotros a trav\u00e9s del chat. Si tiene alguna pregunta y\/o comentario, siempre puede llamarnos, enviarnos un correo electr\u00f3nico o llamarnos por tel\u00e9fono. Para pedidos en grandes cantidades, env\u00ede un correo electr\u00f3nico a info@dutchchemlabs.com. \u00a1Esperamos recibir su pedido!<\/p>\n<h2>Grote hoeveelheden 1V-LSD bestellen<\/h2>\n<p>Wil je graag 1V-LSD bestellen in grotere hoeveelheden? Neem dan via de chat contact op. dutchchemlabs.com bied scherpe tarieven voor grotere hoeveelheden. Wacht niet langer en neem vandaag nog contact op.<\/p>\n<div id=\"ConnectiveDocSignExtentionInstalled\" data-extension-version=\"1.0.4\"><\/div>","protected":false},"excerpt":{"rendered":"<ul>\n<li><strong>Env\u00edo discreto y an\u00f3nimo<\/strong><\/li>\n<li><strong>Pedido antes de las 18:00 = \u00a1entregado ma\u00f1ana!<\/strong><\/li>\n<li><strong>Env\u00edo gratuito a partir de 50<\/strong><\/li>\n<\/ul>\n<div id=\"ConnectiveDocSignExtentionInstalled\" data-extension-version=\"1.0.4\"><\/div>","protected":false},"featured_media":8956,"comment_status":"open","ping_status":"closed","template":"","meta":[],"product_brand":[],"product_cat":[341,574,91],"product_tag":[],"class_list":{"0":"post-6522","1":"product","2":"type-product","3":"status-publish","4":"has-post-thumbnail","6":"product_cat-1v-lsd","7":"product_cat-blotters","8":"product_cat-lysergamides","10":"first","11":"instock","12":"taxable","13":"shipping-taxable","14":"purchasable","15":"product-type-variable"},"jetpack_sharing_enabled":true,"_links":{"self":[{"href":"https:\/\/dutchchemlabs.com\/es\/wp-json\/wp\/v2\/product\/6522","targetHints":{"allow":["GET"]}}],"collection":[{"href":"https:\/\/dutchchemlabs.com\/es\/wp-json\/wp\/v2\/product"}],"about":[{"href":"https:\/\/dutchchemlabs.com\/es\/wp-json\/wp\/v2\/types\/product"}],"replies":[{"embeddable":true,"href":"https:\/\/dutchchemlabs.com\/es\/wp-json\/wp\/v2\/comments?post=6522"}],"version-history":[{"count":2,"href":"https:\/\/dutchchemlabs.com\/es\/wp-json\/wp\/v2\/product\/6522\/revisions"}],"predecessor-version":[{"id":8957,"href":"https:\/\/dutchchemlabs.com\/es\/wp-json\/wp\/v2\/product\/6522\/revisions\/8957"}],"wp:featuredmedia":[{"embeddable":true,"href":"https:\/\/dutchchemlabs.com\/es\/wp-json\/wp\/v2\/media\/8956"}],"wp:attachment":[{"href":"https:\/\/dutchchemlabs.com\/es\/wp-json\/wp\/v2\/media?parent=6522"}],"wp:term":[{"taxonomy":"product_brand","embeddable":true,"href":"https:\/\/dutchchemlabs.com\/es\/wp-json\/wp\/v2\/product_brand?post=6522"},{"taxonomy":"product_cat","embeddable":true,"href":"https:\/\/dutchchemlabs.com\/es\/wp-json\/wp\/v2\/product_cat?post=6522"},{"taxonomy":"product_tag","embeddable":true,"href":"https:\/\/dutchchemlabs.com\/es\/wp-json\/wp\/v2\/product_tag?post=6522"}],"curies":[{"name":"wp","href":"https:\/\/api.w.org\/{rel}","templated":true}]}}