{"id":8208,"date":"2025-09-20T19:30:23","date_gmt":"2025-09-20T19:30:23","guid":{"rendered":"https:\/\/dutchchemlabs.com\/?post_type=product&#038;p=8208"},"modified":"2025-11-08T07:39:01","modified_gmt":"2025-11-08T07:39:01","slug":"4fma-poeder","status":"publish","type":"product","link":"https:\/\/dutchchemlabs.com\/es\/product\/4fma-poeder\/","title":{"rendered":"4FMA Poeder"},"content":{"rendered":"<h1>4FMA poeder kopen<\/h1>\n<p>4FMA is een onderzoekschemische stof en niet bedoeld voor menselijke consumptie. Je kunt 4FMA kopen bij dutchchemlabs.com. Als je v\u00f3\u00f3r 18:00 uur bestelt, wordt het de volgende dag al geleverd! Bij ons kun je veilig en gemakkelijk betalen met iDEAL, CreditCard, bankoverschrijving en crypto, zoals je gewend bent. 4FMA bestellen doe je bij dutchchemlabs.com. Wij bieden ook <a href=\"https:\/\/dutchchemlabs.com\/product-categorie\/research-chemicals\/cathinonen\/2mmc-kopen\/\">2MMC<\/a>, <a href=\"https:\/\/dutchchemlabs.com\/product-categorie\/research-chemicals\/cathinonen\/pentedrone-nep\/\">Pentedrone (NEP)<\/a>,\u00a0<a href=\"https:\/\/dutchchemlabs.com\/product-categorie\/research-chemicals\/cathinonen\/3fmc\/\">3FMC<\/a> y otros productos qu\u00edmicos de investigaci\u00f3n.<\/p>\n<h2>4FMA effecten<\/h2>\n<p>De effecten van 4-FMA zijn onderwerp van discussie, maar er zijn enkele rapporten die suggereren dat het enkele aantrekkelijke eigenschappen heeft. In lage doses wordt 4-FMA beschreven als een no\u00f6tropisch middel dat de algemene productiviteit kan verbeteren. Sommige gebruikers melden een verhoogde motivatie, verbeterde focus en een zekere mate van empathie en sociabiliteit. De euforische golven die sporadisch optreden, kunnen als plezierig worden ervaren. Het biedt ook een zekere mate van fysieke euforie, die echter intenser kan zijn dan de fysieke stimulatie zelf.<\/p>\n<p>Let op! Desondanks is het van cruciaal belang om te benadrukken dat frequent gebruik van enig entactogeen, inclusief 4-FMA, als gevaarlijk wordt beschouwd. Het kan leiden tot neurotoxiciteit en andere schadelijke bijwerkingen. Bovendien kunnen bij hogere doseringen disfunctie en recreatieve effecten optreden. Het is essentieel om de mogelijke risico\u2019s in overweging te nemen en verantwoordelijkheid te tonen bij het uitvoeren van jouw onderzoek. Het misbruik ervan kan leiden tot verslaving, ernstige schade of zelfs de dood. Gebruik met mate en wees je bewust van de mogelijke gevaren.<\/p>\n<h2>Pedido antes de las 18:00 = \u00a1entregado ma\u00f1ana!<\/h2>\n<p><strong>Pedido antes de las 18:00 = \u00a1entregado ma\u00f1ana! <\/strong>Su pedido se enviar\u00e1 de forma an\u00f3nima y discreta con nuestro socio habitual, PostNL. Adem\u00e1s, puede pagar f\u00e1cil y r\u00e1pidamente con iDEAL o Bancontact. Haga su pedido a trav\u00e9s del sitio web o p\u00f3ngase en contacto con nosotros a trav\u00e9s del chat. Si tiene alguna pregunta y\/o comentario, siempre puede llamarnos, enviarnos un correo electr\u00f3nico o llamarnos por tel\u00e9fono. Para pedidos en grandes cantidades, env\u00ede un correo electr\u00f3nico a info@dutchchemlabs.com. \u00a1Esperamos recibir su pedido!<\/p>\n<h2>Tambi\u00e9n suministramos grandes cantidades<\/h2>\n<p>Wil je graag 4FMA Poeder bestellen in grotere hoeveelheden? Neem dan via de chat contact met ons op. dutchchemlabs.com bied scherpe tarieven voor grotere hoeveelheden. Wacht niet langer en neem vandaag nog contact op.<\/p>\n<div id=\"ConnectiveDocSignExtentionInstalled\" data-extension-version=\"1.0.4\"><\/div>","protected":false},"excerpt":{"rendered":"<ul>\n<li><strong>Env\u00edo discreto y an\u00f3nimo<\/strong><\/li>\n<li><strong>Pedido antes de las 18:00 = \u00a1entregado ma\u00f1ana!<\/strong><\/li>\n<li><strong>Env\u00edo gratuito a partir de 50<\/strong><\/li>\n<\/ul>\n<div id=\"ConnectiveDocSignExtentionInstalled\" data-extension-version=\"1.0.4\"><\/div>","protected":false},"featured_media":8723,"comment_status":"open","ping_status":"closed","template":"","meta":[],"product_brand":[],"product_cat":[137,89],"product_tag":[],"class_list":{"0":"post-8208","1":"product","2":"type-product","3":"status-publish","4":"has-post-thumbnail","6":"product_cat-4fma","7":"product_cat-gefluoreerden","9":"first","10":"instock","11":"taxable","12":"shipping-taxable","13":"purchasable","14":"product-type-variable"},"jetpack_sharing_enabled":true,"_links":{"self":[{"href":"https:\/\/dutchchemlabs.com\/es\/wp-json\/wp\/v2\/product\/8208","targetHints":{"allow":["GET"]}}],"collection":[{"href":"https:\/\/dutchchemlabs.com\/es\/wp-json\/wp\/v2\/product"}],"about":[{"href":"https:\/\/dutchchemlabs.com\/es\/wp-json\/wp\/v2\/types\/product"}],"replies":[{"embeddable":true,"href":"https:\/\/dutchchemlabs.com\/es\/wp-json\/wp\/v2\/comments?post=8208"}],"version-history":[{"count":2,"href":"https:\/\/dutchchemlabs.com\/es\/wp-json\/wp\/v2\/product\/8208\/revisions"}],"predecessor-version":[{"id":8724,"href":"https:\/\/dutchchemlabs.com\/es\/wp-json\/wp\/v2\/product\/8208\/revisions\/8724"}],"wp:featuredmedia":[{"embeddable":true,"href":"https:\/\/dutchchemlabs.com\/es\/wp-json\/wp\/v2\/media\/8723"}],"wp:attachment":[{"href":"https:\/\/dutchchemlabs.com\/es\/wp-json\/wp\/v2\/media?parent=8208"}],"wp:term":[{"taxonomy":"product_brand","embeddable":true,"href":"https:\/\/dutchchemlabs.com\/es\/wp-json\/wp\/v2\/product_brand?post=8208"},{"taxonomy":"product_cat","embeddable":true,"href":"https:\/\/dutchchemlabs.com\/es\/wp-json\/wp\/v2\/product_cat?post=8208"},{"taxonomy":"product_tag","embeddable":true,"href":"https:\/\/dutchchemlabs.com\/es\/wp-json\/wp\/v2\/product_tag?post=8208"}],"curies":[{"name":"wp","href":"https:\/\/api.w.org\/{rel}","templated":true}]}}