{"id":2358,"date":"2025-09-20T09:13:50","date_gmt":"2025-09-20T09:13:50","guid":{"rendered":"https:\/\/dutchchemlabs.com\/?post_type=product&#038;p=2358"},"modified":"2025-11-08T07:39:15","modified_gmt":"2025-11-08T07:39:15","slug":"poppers-rush-special-eu-formula-25-ml","status":"publish","type":"product","link":"https:\/\/dutchchemlabs.com\/et\/product\/poppers-rush-special-eu-formula-25-ml\/","title":{"rendered":"Poppers Rush Special EU Formula (25 ml)"},"content":{"rendered":"<h1>Osta Poppers Rush Special EU Formula (25ml)<\/h1>\n<p>Dutchchemlabs.com pakub uhkusega Poppers Rush Special EU Formula 25 ml. Need premium-popperid on armastatud oma v\u00f5imsa toime ja usaldusv\u00e4\u00e4rse koostisega, mis on spetsiaalselt v\u00e4lja t\u00f6\u00f6tatud Euroopa turu jaoks. Avastage, miks Rush Special EU Formula on popperite kasutajate lemmik.<\/p>\n<h2>Miks valida Poppers Rush Special EU Formula?<\/h2>\n<ul>\n<li><strong>ELi erivormel:<\/strong> Rush Special EU Formula on loodud vastavalt k\u00f5rgeimatele Euroopa kvaliteedistandarditele, mis tagab ohutu ja t\u00f5husa kogemuse.<\/li>\n<li><strong>V\u00f5imas operatsioon:<\/strong> Need popperid on tuntud oma tugeva ja kauakestva m\u00f5ju poolest, mis pakub iga kord maksimaalset naudingut.<\/li>\n<li><strong>Suur sisu:<\/strong> Suuremahulise 25ml mahuga saate nautida Rush'i v\u00f5imsat m\u00f5ju kauem. Sobib ideaalselt regulaarseks kasutamiseks v\u00f5i s\u00f5pradega jagamiseks.<\/li>\n<li><strong>Mitmek\u00fclgne kasutamine:<\/strong> Kas soovite l\u00f5\u00f5gastuda p\u00e4rast pingelist p\u00e4eva v\u00f5i intensiivistada oma intiimseid hetki, Poppers Rush Special EU Formula pakub t\u00e4iuslikku lahendust igaks juhuks.<\/li>\n<\/ul>\n<p><strong>Kasutusnipid:<\/strong><\/p>\n<ul>\n<li><strong>Enne kasutamist loksutada:<\/strong> Loksutage pudelit h\u00e4sti, et segada koostisosad optimaalselt, et saavutada parimad tulemused.<\/li>\n<li><strong>Vastutustundlik kasutamine:<\/strong> Kasutage poppereid vastavalt soovitatud annusele ja ohutult. Lugege hoolikalt pakendil olevaid juhiseid, et tagada ohutu ja nauditav kogemus.<\/li>\n<li><strong>N\u00f5uanded ladustamise kohta:<\/strong> S\u00e4ilitage poppereid jahedas ja pimedas kohas, et s\u00e4ilitada nende kvaliteet ja t\u00f5husus. Nii saate nautida Rush Special EU Formula v\u00f5imsat m\u00f5ju kauem.<\/li>\n<\/ul>\n<h2>Miks tellida dutchchemlabs.com?<\/h2>\n<ul>\n<li><strong>Diskreetselt pakendatud:<\/strong> Me m\u00f5istame, kui oluline on meie klientide privaatsus. Seep\u00e4rast hoolitseme selle eest, et k\u00f5ik meie tellimused pakitakse ja saadetakse diskreetselt, nii et te ei pea muretsema uudishimulike silmade p\u00e4rast.<\/li>\n<li><strong>Kiire tarne:<\/strong> Dutchchemlabs.com p\u00fc\u00fcab tagada kiire ja usaldusv\u00e4\u00e4rse tarne. Tellige juba t\u00e4na ja saate oma Poppers Rush Special EU Formula 25 ml kiiresti ja turvaliselt koju.<\/li>\n<li><strong>Suurep\u00e4rane klienditeenindus:<\/strong> Meie p\u00fchendunud meeskond on siin, et aidata teid k\u00f5igi teie k\u00fcsimuste ja muredega. Kas vajate n\u00f5uandeid meie toodete kasutamise kohta v\u00f5i abi tellimuse vormistamisel, oleme siin, et teid toetada.<\/li>\n<\/ul>\n<h2>Telli n\u00fc\u00fcd ja koge Poppers Rush Special EU Formula Retro v\u00f5imsust!<\/h2>\n<p>\u00c4ra oota kauem ja lisa Poppers Rush Special EU Formula 25 ml oma ostukorvi aadressil dutchchemlabs.com. Kogege ise, millist v\u00f5imsuse, usaldusv\u00e4\u00e4rsuse ja kauakestva m\u00f5ju kombinatsiooni need premium-popperid pakuvad. dutchchemlabs.com on teie sihtkoht turu parimate popperite jaoks!<\/p>\n<hr \/>\n<p><strong>Tellitud enne 18:00 = homme<\/strong> majas! Teie tellimus saadetakse anon\u00fc\u00fcmselt ja diskreetselt meie tavalise kulleriga. Lisaks saate h\u00f5lpsasti ja kiiresti maksta iDeal v\u00f5i Bancontactiga. Tellige veebilehe kaudu v\u00f5i v\u00f5tke meiega \u00fchendust chat'i kaudu. K\u00fcsimuste ja\/v\u00f5i m\u00e4rkuste korral v\u00f5ite alati helistada, saata meile e-kirja v\u00f5i helistada meile. Suuremate koguste tellimuste puhul saatke e-kiri aadressile info@dutchchemlabs.com. Ootame huviga teie tellimust!<\/p>","protected":false},"excerpt":{"rendered":"<ul>\n<li><strong>Diskreetne ja anon\u00fc\u00fcmne laevandus<\/strong><\/li>\n<li><strong>Tellitud enne 18:00 = tarnitud homme!<\/strong><\/li>\n<li><strong>Tasuta kohaletoimetamine \u00fcle 50 euro<\/strong><\/li>\n<\/ul>\n<div id=\"ConnectiveDocSignExtentionInstalled\" data-extension-version=\"1.0.4\"><\/div>","protected":false},"featured_media":2394,"comment_status":"open","ping_status":"closed","template":"","meta":[],"product_brand":[],"product_cat":[206,207,208],"product_tag":[],"class_list":{"0":"post-2358","1":"product","2":"type-product","3":"status-publish","4":"has-post-thumbnail","6":"product_cat-poppers","7":"product_cat-poppers-large","8":"product_cat-poppers-medium","10":"first","11":"instock","12":"taxable","13":"shipping-taxable","14":"purchasable","15":"product-type-simple"},"jetpack_sharing_enabled":true,"_links":{"self":[{"href":"https:\/\/dutchchemlabs.com\/et\/wp-json\/wp\/v2\/product\/2358","targetHints":{"allow":["GET"]}}],"collection":[{"href":"https:\/\/dutchchemlabs.com\/et\/wp-json\/wp\/v2\/product"}],"about":[{"href":"https:\/\/dutchchemlabs.com\/et\/wp-json\/wp\/v2\/types\/product"}],"replies":[{"embeddable":true,"href":"https:\/\/dutchchemlabs.com\/et\/wp-json\/wp\/v2\/comments?post=2358"}],"version-history":[{"count":1,"href":"https:\/\/dutchchemlabs.com\/et\/wp-json\/wp\/v2\/product\/2358\/revisions"}],"predecessor-version":[{"id":2395,"href":"https:\/\/dutchchemlabs.com\/et\/wp-json\/wp\/v2\/product\/2358\/revisions\/2395"}],"wp:featuredmedia":[{"embeddable":true,"href":"https:\/\/dutchchemlabs.com\/et\/wp-json\/wp\/v2\/media\/2394"}],"wp:attachment":[{"href":"https:\/\/dutchchemlabs.com\/et\/wp-json\/wp\/v2\/media?parent=2358"}],"wp:term":[{"taxonomy":"product_brand","embeddable":true,"href":"https:\/\/dutchchemlabs.com\/et\/wp-json\/wp\/v2\/product_brand?post=2358"},{"taxonomy":"product_cat","embeddable":true,"href":"https:\/\/dutchchemlabs.com\/et\/wp-json\/wp\/v2\/product_cat?post=2358"},{"taxonomy":"product_tag","embeddable":true,"href":"https:\/\/dutchchemlabs.com\/et\/wp-json\/wp\/v2\/product_tag?post=2358"}],"curies":[{"name":"wp","href":"https:\/\/api.w.org\/{rel}","templated":true}]}}