{"id":2401,"date":"2025-09-20T09:13:58","date_gmt":"2025-09-20T09:13:58","guid":{"rendered":"https:\/\/dutchchemlabs.com\/?post_type=product&#038;p=2401"},"modified":"2025-11-08T07:39:15","modified_gmt":"2025-11-08T07:39:15","slug":"poppers-hero-10ml","status":"publish","type":"product","link":"https:\/\/dutchchemlabs.com\/et\/product\/poppers-hero-10ml\/","title":{"rendered":"Poppers Hero (10ml)"},"content":{"rendered":"<h1>Osta Poppers Hero (10ml)<\/h1>\n<p>Kogege v\u00f5rratut erutust ja tunnetust koos Poppers Hero 10ml'ga, mis on saadaval ainult dutchchemlabs.com'is. Need v\u00f5imsad popperid on loodud erutama teie meeli ja intensiivistama teie seksuaalseid kogemusi, mis sobivad ideaalselt nii algajatele kui ka kogenud kasutajatele.<\/p>\n<h3>Toote omadused<\/h3>\n<ul>\n<li><strong>Premium valemiga<\/strong>: Valmistatud kvaliteetsetest koostisosadest, et saavutada v\u00f5imas ja kauakestev toime, mis stimuleerib teie meeli.<\/li>\n<li><strong>Kompaktne suurus<\/strong>: K\u00e4ep\u00e4rane 10ml pudel on ideaalne diskreetseks kasutamiseks ja s\u00e4ilitamiseks, nii et saate seda igal ajal ja igal pool nautida.<\/li>\n<li><strong>Kangelaslik disain<\/strong>: Pudelil on julge ja pilkup\u00fc\u00fcdev disain, mis sobib ideaalselt kokku v\u00f5imsa nimega Hero.<\/li>\n<li><strong>Kiiretoimeline<\/strong>: Poppers Hero m\u00f5ju on m\u00e4rgatav m\u00f5ne sekundiga, v\u00f5imaldades teil kohe nautida suurenenud tundlikkust ja l\u00f5\u00f5gastust.<\/li>\n<li><strong>Mitmek\u00fclgne kasutamine<\/strong>: Sobib suurep\u00e4raselt nii soolokasutamiseks kui ka koos partneriga, et intensiivistada oma seksuaalset kogemust.<\/li>\n<\/ul>\n<h3>Eelised<\/h3>\n<ul>\n<li><strong>K\u00f5rgendatud tunded<\/strong>: V\u00f5imas valem pakub suuremat tundlikkust ja intensiivseid elamusi.<\/li>\n<li><strong>Kiire t\u00f6\u00f6<\/strong>: Te tunnete m\u00f5ne sekundiga m\u00f5ju, mis annab l\u00f5dvestunud ja sensuaalse tunde.<\/li>\n<li><strong>Kompaktne ja k\u00e4ep\u00e4rane<\/strong>: 10ml pudelit on lihtne kaasas kanda ja diskreetselt hoiustada, nii et olete alati valmis.<\/li>\n<li><strong>Kasutajas\u00f5bralik<\/strong>: Pudelit on lihtne avada ja kasutada, mis v\u00f5imaldab teil kiiresti nautida poppide eeliseid.<\/li>\n<li><strong>Diskreetne ja kaasaskantav<\/strong>: T\u00e4nu kompaktsele suurusele on neid lihtne diskreetselt hoiustada ja kaasas kanda, kus iganes te ka ei viibiks.<\/li>\n<\/ul>\n<h3>Miks valida Poppers Hero?<\/h3>\n<p>Poppers Hero 10ml on ideaalne valik k\u00f5igile, kes otsivad v\u00f5imsat ja p\u00f5nevat viisi oma seksuaalsete kogemuste intensiivistamiseks. T\u00e4nu k\u00f5rgekvaliteedilisele valemile, kiirele toimele ja mugavale suurusele pakuvad need popperid ainulaadset ja erutavamat kogemust, mida soovite ikka ja j\u00e4lle korrata.<\/p>\n<h3>Kasutusjuhend<\/h3>\n<ol>\n<li><strong>Ettevalmistus<\/strong>: Veenduge, et olete enne poppide kasutamist mugavas ja rahulikus keskkonnas.<\/li>\n<li><strong>Avatud<\/strong>: Avage pudel ettevaatlikult ja hoidke seda oma nina all.<\/li>\n<li><strong>Sissehingamine<\/strong>: Hingake auru \u00f5rnalt sisse ja nautige kiiret ja p\u00f5nevat m\u00f5ju.<\/li>\n<li><strong>Salvesta<\/strong>: P\u00e4rast kasutamist sulgege pudel tihedalt ja hoidke seda jahedas ja kuivas kohas, eemal otsesest p\u00e4ikesevalgusest.<\/li>\n<\/ol>\n<h3>Poppersi tellimine dutchchemlabs.com veebilehelt<\/h3>\n<p>Tellige oma Poppers Hero 10ml dutchchemlabs.com'ist juba t\u00e4na ja kogege v\u00f5imsuse ja intensiivsuse \u00fclimat kombinatsiooni. Pakume kiiret ja diskreetset kohaletoimetamist, nii et saate kiiresti nautida seda p\u00f5nevat lisa oma kollektsiooni.<\/p>\n<h2>Tellitud enne 18:00 = tarnitud homme!<\/h2>\n<p><strong>Tellitud enne 18:00 = tarnitud homme! <\/strong>Teie tellimus saadetakse anon\u00fc\u00fcmselt ja diskreetselt meie tavap\u00e4rase partneri PostNLi kaudu. Lisaks saate lihtsalt ja kiiresti maksta iDEALi v\u00f5i Bancontactiga. Tellige veebilehe kaudu v\u00f5i v\u00f5tke meiega \u00fchendust chat'i kaudu. Kui teil on k\u00fcsimusi ja\/v\u00f5i m\u00e4rkusi, v\u00f5ite alati helistada, saata meile e-kirja v\u00f5i helistada meile. Suuremate koguste tellimuste puhul saatke e-kiri aadressil info@dutchchemlabs.com. Ootame huviga teie tellimust!<\/p>\n<p>Pakume mitut t\u00fc\u00fcpi<a href=\"https:\/\/dutchchemlabs.com\/product-categorie\/poppers\/\">\u00a0Poppers<\/a>\u00a0to. Me oleme ka\u00a0<a href=\"https:\/\/dutchchemlabs.com\/product-categorie\/research-chemicals\/\">Teadusuuringute kemikaalid<\/a>\u00a0Spetsialist.<\/p>\n<div id=\"ConnectiveDocSignExtentionInstalled\" data-extension-version=\"1.0.4\"><\/div>","protected":false},"excerpt":{"rendered":"<ul>\n<li><strong>Diskreetne ja anon\u00fc\u00fcmne laevandus<\/strong><\/li>\n<li><strong>Tellitud enne 18:00 = tarnitud homme!<\/strong><\/li>\n<li><strong>Tasuta kohaletoimetamine \u00fcle 50 euro<\/strong><\/li>\n<\/ul>\n<div id=\"ConnectiveDocSignExtentionInstalled\" data-extension-version=\"1.0.4\"><\/div>","protected":false},"featured_media":2433,"comment_status":"open","ping_status":"closed","template":"","meta":[],"product_brand":[],"product_cat":[206,209],"product_tag":[],"class_list":{"0":"post-2401","1":"product","2":"type-product","3":"status-publish","4":"has-post-thumbnail","6":"product_cat-poppers","7":"product_cat-poppers-small","9":"first","10":"instock","11":"taxable","12":"shipping-taxable","13":"purchasable","14":"product-type-simple"},"jetpack_sharing_enabled":true,"_links":{"self":[{"href":"https:\/\/dutchchemlabs.com\/et\/wp-json\/wp\/v2\/product\/2401","targetHints":{"allow":["GET"]}}],"collection":[{"href":"https:\/\/dutchchemlabs.com\/et\/wp-json\/wp\/v2\/product"}],"about":[{"href":"https:\/\/dutchchemlabs.com\/et\/wp-json\/wp\/v2\/types\/product"}],"replies":[{"embeddable":true,"href":"https:\/\/dutchchemlabs.com\/et\/wp-json\/wp\/v2\/comments?post=2401"}],"version-history":[{"count":1,"href":"https:\/\/dutchchemlabs.com\/et\/wp-json\/wp\/v2\/product\/2401\/revisions"}],"predecessor-version":[{"id":2434,"href":"https:\/\/dutchchemlabs.com\/et\/wp-json\/wp\/v2\/product\/2401\/revisions\/2434"}],"wp:featuredmedia":[{"embeddable":true,"href":"https:\/\/dutchchemlabs.com\/et\/wp-json\/wp\/v2\/media\/2433"}],"wp:attachment":[{"href":"https:\/\/dutchchemlabs.com\/et\/wp-json\/wp\/v2\/media?parent=2401"}],"wp:term":[{"taxonomy":"product_brand","embeddable":true,"href":"https:\/\/dutchchemlabs.com\/et\/wp-json\/wp\/v2\/product_brand?post=2401"},{"taxonomy":"product_cat","embeddable":true,"href":"https:\/\/dutchchemlabs.com\/et\/wp-json\/wp\/v2\/product_cat?post=2401"},{"taxonomy":"product_tag","embeddable":true,"href":"https:\/\/dutchchemlabs.com\/et\/wp-json\/wp\/v2\/product_tag?post=2401"}],"curies":[{"name":"wp","href":"https:\/\/api.w.org\/{rel}","templated":true}]}}