{"id":3661,"date":"2025-09-20T09:20:23","date_gmt":"2025-09-20T09:20:23","guid":{"rendered":"https:\/\/dutchchemlabs.com\/?post_type=product&#038;p=3661"},"modified":"2025-11-08T07:39:13","modified_gmt":"2025-11-08T07:39:13","slug":"osta-korgklassi-kuld-24ml","status":"publish","type":"product","link":"https:\/\/dutchchemlabs.com\/et\/product\/osta-korgklassi-kuld-24ml\/","title":{"rendered":"High Class Gold 24ml Osta"},"content":{"rendered":"<h1><strong>Poppers High Class Gold 24ml<\/strong><\/h1>\n<p>Hellita ennast eksklusiivse Poppers High Class Gold 24ml sensatsiooniga, mis on saadaval aadressil dutchchemlabs.com! Need esmaklassilised popperid on luksuse ja naudingu s\u00fcmbol, mis on loodud selleks, et v\u00f5luda teid v\u00f5rratu elamusega.<\/p>\n<p>Oma unikaalse isoprop\u00fc\u00fclnitriti valemiga pakub Poppers High Class Gold kiiret ja intensiivset kiirust, mis erutab teie meeli ja j\u00e4tab teile unustamatu elamuse. Kas otsite lisat\u00f5uke intiimsetel hetkedel v\u00f5i p\u00f5nevat lisa oma pidudele, need popperid \u00fcletavad teie ootusi.<\/p>\n<p>T\u00e4nu rikkalikule 24ml pudelile saate Poppers High Class Gold'i nautida pikka aega. Olenemata sellest, kas teil on \u00f5htu s\u00f5pradega, pidu v\u00f5i soovite lihtsalt lisada oma privaatsetele hetkedele veidi lisav\u00fcrtsi, need popperid on alati k\u00e4ep\u00e4rast.<\/p>\n<p>Kogege \u00fclimat luksust koos Poppers High Class Gold 24ml'ga dutchchemlabs.com'ist. Tellige juba t\u00e4na ja lase end v\u00f5luda nende sensatsiooniliste popperite luksuslikest aistingutest!<\/p>\n<h2>Tellitud enne 18:00 = tarnitud homme!<\/h2>\n<p><strong>Tellitud enne 18:00 = tarnitud homme! <\/strong>Teie tellimus saadetakse anon\u00fc\u00fcmselt ja diskreetselt meie tavap\u00e4rase partneri PostNLi kaudu. Lisaks saate lihtsalt ja kiiresti maksta iDEALi v\u00f5i Bancontactiga. Tellige veebilehe kaudu v\u00f5i v\u00f5tke meiega \u00fchendust chat'i kaudu. Kui teil on k\u00fcsimusi ja\/v\u00f5i m\u00e4rkusi, v\u00f5ite alati helistada, saata meile e-kirja v\u00f5i helistada meile. Suuremate koguste tellimuste puhul saatke e-kiri aadressil info@dutchchemlabs.com. Ootame huviga teie tellimust!<\/p>\n<p>dutchchemlabs.com m\u00fc\u00fcb mitmeid sorte <a href=\"https:\/\/dutchchemlabs.com\/product-categorie\/poppers\/\">poppers<\/a>, <a href=\"https:\/\/dutchchemlabs.com\/product-categorie\/research-chemicals\/\">Teadusuuringute kemikaalid<\/a> ja muud.<\/p>\n<p>&nbsp;<\/p>\n<div id=\"ConnectiveDocSignExtentionInstalled\" data-extension-version=\"1.0.4\"><\/div>","protected":false},"excerpt":{"rendered":"<ul>\n<li><strong>Diskreetne ja anon\u00fc\u00fcmne laevandus<\/strong><\/li>\n<li><strong>Tellitud enne 18:00 = tarnitud homme!<\/strong><\/li>\n<li><strong>Tasuta kohaletoimetamine \u00fcle 50 euro<\/strong><\/li>\n<\/ul>\n<div id=\"ConnectiveDocSignExtentionInstalled\" data-extension-version=\"1.0.4\"><\/div>","protected":false},"featured_media":3712,"comment_status":"open","ping_status":"closed","template":"","meta":[],"product_brand":[],"product_cat":[206,207],"product_tag":[],"class_list":{"0":"post-3661","1":"product","2":"type-product","3":"status-publish","4":"has-post-thumbnail","6":"product_cat-poppers","7":"product_cat-poppers-large","9":"first","10":"instock","11":"taxable","12":"shipping-taxable","13":"purchasable","14":"product-type-simple"},"jetpack_sharing_enabled":true,"_links":{"self":[{"href":"https:\/\/dutchchemlabs.com\/et\/wp-json\/wp\/v2\/product\/3661","targetHints":{"allow":["GET"]}}],"collection":[{"href":"https:\/\/dutchchemlabs.com\/et\/wp-json\/wp\/v2\/product"}],"about":[{"href":"https:\/\/dutchchemlabs.com\/et\/wp-json\/wp\/v2\/types\/product"}],"replies":[{"embeddable":true,"href":"https:\/\/dutchchemlabs.com\/et\/wp-json\/wp\/v2\/comments?post=3661"}],"version-history":[{"count":1,"href":"https:\/\/dutchchemlabs.com\/et\/wp-json\/wp\/v2\/product\/3661\/revisions"}],"predecessor-version":[{"id":3713,"href":"https:\/\/dutchchemlabs.com\/et\/wp-json\/wp\/v2\/product\/3661\/revisions\/3713"}],"wp:featuredmedia":[{"embeddable":true,"href":"https:\/\/dutchchemlabs.com\/et\/wp-json\/wp\/v2\/media\/3712"}],"wp:attachment":[{"href":"https:\/\/dutchchemlabs.com\/et\/wp-json\/wp\/v2\/media?parent=3661"}],"wp:term":[{"taxonomy":"product_brand","embeddable":true,"href":"https:\/\/dutchchemlabs.com\/et\/wp-json\/wp\/v2\/product_brand?post=3661"},{"taxonomy":"product_cat","embeddable":true,"href":"https:\/\/dutchchemlabs.com\/et\/wp-json\/wp\/v2\/product_cat?post=3661"},{"taxonomy":"product_tag","embeddable":true,"href":"https:\/\/dutchchemlabs.com\/et\/wp-json\/wp\/v2\/product_tag?post=3661"}],"curies":[{"name":"wp","href":"https:\/\/api.w.org\/{rel}","templated":true}]}}