{"id":3675,"date":"2025-09-20T09:20:23","date_gmt":"2025-09-20T09:20:23","guid":{"rendered":"https:\/\/dutchchemlabs.com\/?post_type=product&#038;p=3675"},"modified":"2025-11-08T07:39:13","modified_gmt":"2025-11-08T07:39:13","slug":"poppers-wings-brown-10ml","status":"publish","type":"product","link":"https:\/\/dutchchemlabs.com\/et\/product\/poppers-wings-brown-10ml\/","title":{"rendered":"Poppers Wings Brown 10ml"},"content":{"rendered":"<h1><strong>Poppers Wings Brown 10ml<\/strong><\/h1>\n<p>&nbsp;<\/p>\n<p>Vlieg naar nieuwe hoogten van genot met Poppers Wings Brown 10ml, verkrijgbaar bij dutchchemlabs.com! Deze krachtige poppers zijn ontworpen om je te laten zweven op een golf van opwinding en stimulatie, waardoor je avonturen naar ongekende hoogten worden gestuwd.<\/p>\n<p>Met zijn unieke mix van isopropyl nitriet biedt Poppers Wings Brown een snelle en intense rush die je zintuigen zal prikkelen en je naar een staat van zalige extase zal brengen. Of je nu op zoek bent naar een extra stimulans tijdens intieme momenten of naar een spannende toevoeging aan je feestjes, deze poppers leveren een onvergetelijke ervaring.<\/p>\n<p>Dankzij de handige fles van 10ml is Poppers Wings Brown perfect voor onderweg. Of je nu een avondje uitgaat met vrienden, een feestje hebt of gewoon wat extra pit wilt toevoegen aan je priv\u00e9momenten, deze poppers zijn jouw ultieme metgezel.<\/p>\n<p>Kies voor een sensationele vlucht met Poppers Wings Brown 10ml van dutchchemlabs.com. Bestel vandaag nog en laat je verleiden door de grenzeloze mogelijkheden van genot en stimulatie met deze sensationele poppers!<\/p>\n<h2>Tellitud enne 18:00 = tarnitud homme!<\/h2>\n<p><strong>Tellitud enne 18:00 = tarnitud homme! <\/strong>Teie tellimus saadetakse anon\u00fc\u00fcmselt ja diskreetselt meie tavap\u00e4rase partneri PostNLi kaudu. Lisaks saate lihtsalt ja kiiresti maksta iDEALi v\u00f5i Bancontactiga. Tellige veebilehe kaudu v\u00f5i v\u00f5tke meiega \u00fchendust chat'i kaudu. Kui teil on k\u00fcsimusi ja\/v\u00f5i m\u00e4rkusi, v\u00f5ite alati helistada, saata meile e-kirja v\u00f5i helistada meile. Suuremate koguste tellimuste puhul saatke e-kiri aadressil info@dutchchemlabs.com. Ootame huviga teie tellimust!<\/p>\n<p>Pakume mitut t\u00fc\u00fcpi<a href=\"https:\/\/dutchchemlabs.com\/product-categorie\/poppers\/\">\u00a0Poppers<\/a>\u00a0to. Me oleme ka\u00a0<a href=\"https:\/\/dutchchemlabs.com\/product-categorie\/research-chemicals\/\">Teadusuuringute kemikaalid<\/a>\u00a0Spetsialist.<\/p>\n<div id=\"ConnectiveDocSignExtentionInstalled\" data-extension-version=\"1.0.4\"><\/div>","protected":false},"excerpt":{"rendered":"<ul>\n<li><strong>Diskreetne ja anon\u00fc\u00fcmne laevandus<\/strong><\/li>\n<li><strong>Tellitud enne 18:00 = tarnitud homme!<\/strong><\/li>\n<li><strong>Tasuta kohaletoimetamine \u00fcle 50 euro<\/strong><\/li>\n<\/ul>\n<div id=\"ConnectiveDocSignExtentionInstalled\" data-extension-version=\"1.0.4\"><\/div>","protected":false},"featured_media":3740,"comment_status":"open","ping_status":"closed","template":"","meta":[],"product_brand":[],"product_cat":[206,209],"product_tag":[],"class_list":{"0":"post-3675","1":"product","2":"type-product","3":"status-publish","4":"has-post-thumbnail","6":"product_cat-poppers","7":"product_cat-poppers-small","9":"first","10":"instock","11":"taxable","12":"shipping-taxable","13":"purchasable","14":"product-type-simple"},"jetpack_sharing_enabled":true,"_links":{"self":[{"href":"https:\/\/dutchchemlabs.com\/et\/wp-json\/wp\/v2\/product\/3675","targetHints":{"allow":["GET"]}}],"collection":[{"href":"https:\/\/dutchchemlabs.com\/et\/wp-json\/wp\/v2\/product"}],"about":[{"href":"https:\/\/dutchchemlabs.com\/et\/wp-json\/wp\/v2\/types\/product"}],"replies":[{"embeddable":true,"href":"https:\/\/dutchchemlabs.com\/et\/wp-json\/wp\/v2\/comments?post=3675"}],"version-history":[{"count":1,"href":"https:\/\/dutchchemlabs.com\/et\/wp-json\/wp\/v2\/product\/3675\/revisions"}],"predecessor-version":[{"id":3741,"href":"https:\/\/dutchchemlabs.com\/et\/wp-json\/wp\/v2\/product\/3675\/revisions\/3741"}],"wp:featuredmedia":[{"embeddable":true,"href":"https:\/\/dutchchemlabs.com\/et\/wp-json\/wp\/v2\/media\/3740"}],"wp:attachment":[{"href":"https:\/\/dutchchemlabs.com\/et\/wp-json\/wp\/v2\/media?parent=3675"}],"wp:term":[{"taxonomy":"product_brand","embeddable":true,"href":"https:\/\/dutchchemlabs.com\/et\/wp-json\/wp\/v2\/product_brand?post=3675"},{"taxonomy":"product_cat","embeddable":true,"href":"https:\/\/dutchchemlabs.com\/et\/wp-json\/wp\/v2\/product_cat?post=3675"},{"taxonomy":"product_tag","embeddable":true,"href":"https:\/\/dutchchemlabs.com\/et\/wp-json\/wp\/v2\/product_tag?post=3675"}],"curies":[{"name":"wp","href":"https:\/\/api.w.org\/{rel}","templated":true}]}}