{"id":3747,"date":"2025-09-20T09:20:37","date_gmt":"2025-09-20T09:20:37","guid":{"rendered":"https:\/\/dutchchemlabs.com\/?post_type=product&#038;p=3747"},"modified":"2025-11-08T07:39:12","modified_gmt":"2025-11-08T07:39:12","slug":"poppers-dzungli-mahl-pluss-15ml","status":"publish","type":"product","link":"https:\/\/dutchchemlabs.com\/et\/product\/poppers-dzungli-mahl-pluss-15ml\/","title":{"rendered":"Poppers Jungle Juice Plus 15ml"},"content":{"rendered":"<h1><strong>Poppers Jungle Juice Plus 15ml<\/strong><\/h1>\n<p>Sukeldu p\u00f5nevuse ja naudingu maailma koos Poppers Jungle Juice Plus 15ml, mis on saadaval aadressil dutchchemlabs.com! Need v\u00f5imsad popperid on formuleeritud unikaalse isoprop\u00fc\u00fclnitriti seguga, mis on loodud selleks, et viia teie seiklused uutesse naudingute k\u00f5rgustesse.<\/p>\n<p>Poppers Jungle Juice Plus pakub kiiret ja intensiivset kiirust, mis erutab teie meeli ja paneb teid \u00f5ndsasse ekstaasi seisundisse. \u00dcksk\u00f5ik, kas otsite lisak\u00e4ivitust intiimsetel hetkedel v\u00f5i p\u00f5nevat lisa oma pidudele, need popperid pakuvad unustamatu elamuse.<\/p>\n<p>Poppers Jungle Juice Plus on oma mugava 15 ml pudeliga ideaalne reisimiseks. Kui teil on \u00f5htu koos s\u00f5pradega, pidu v\u00f5i soovite lihtsalt lisada oma privaatsetele hetkedele veidi lisav\u00fcrtsi, on need popperid teie parimaks kaaslaseks.<\/p>\n<p>Vali r\u00f5\u00f5m ja p\u00f5nevus koos Poppers Jungle Juice Plus 15ml'iga dutchchemlabs.com'ist. Tellige juba t\u00e4na ja avastage piiramatud naudingu ja stimulatsiooni v\u00f5imalused nende sensatsiooniliste popperitega!<\/p>\n<h2>Tellitud enne 18:00 = tarnitud homme!<\/h2>\n<p><strong>Tellitud enne 18:00 = tarnitud homme! <\/strong>Teie tellimus saadetakse anon\u00fc\u00fcmselt ja diskreetselt meie tavap\u00e4rase partneri PostNLi kaudu. Lisaks saate lihtsalt ja kiiresti maksta iDEALi v\u00f5i Bancontactiga. Tellige veebilehe kaudu v\u00f5i v\u00f5tke meiega \u00fchendust chat'i kaudu. Kui teil on k\u00fcsimusi ja\/v\u00f5i m\u00e4rkusi, v\u00f5ite alati helistada, saata meile e-kirja v\u00f5i helistada meile. Suuremate koguste tellimuste puhul saatke e-kiri aadressil info@dutchchemlabs.com. Ootame huviga teie tellimust!<\/p>\n<p>dutchchemlabs.com m\u00fc\u00fcb <a href=\"https:\/\/dutchchemlabs.com\/product-categorie\/research-chemicals\/\">Teadusuuringute kemikaalid<\/a> ja muud.<\/p>\n<div id=\"ConnectiveDocSignExtentionInstalled\" data-extension-version=\"1.0.4\"><\/div>","protected":false},"excerpt":{"rendered":"<ul>\n<li><strong>Diskreetne ja anon\u00fc\u00fcmne laevandus<\/strong><\/li>\n<li><strong>Tellitud enne 18:00 = tarnitud homme!<\/strong><\/li>\n<li><strong>Tasuta kohaletoimetamine \u00fcle 50 euro<\/strong><\/li>\n<\/ul>\n<div id=\"ConnectiveDocSignExtentionInstalled\" data-extension-version=\"1.0.4\"><\/div>","protected":false},"featured_media":3773,"comment_status":"open","ping_status":"closed","template":"","meta":[],"product_brand":[],"product_cat":[206,208],"product_tag":[],"class_list":{"0":"post-3747","1":"product","2":"type-product","3":"status-publish","4":"has-post-thumbnail","6":"product_cat-poppers","7":"product_cat-poppers-medium","9":"first","10":"instock","11":"taxable","12":"shipping-taxable","13":"purchasable","14":"product-type-simple"},"jetpack_sharing_enabled":true,"_links":{"self":[{"href":"https:\/\/dutchchemlabs.com\/et\/wp-json\/wp\/v2\/product\/3747","targetHints":{"allow":["GET"]}}],"collection":[{"href":"https:\/\/dutchchemlabs.com\/et\/wp-json\/wp\/v2\/product"}],"about":[{"href":"https:\/\/dutchchemlabs.com\/et\/wp-json\/wp\/v2\/types\/product"}],"replies":[{"embeddable":true,"href":"https:\/\/dutchchemlabs.com\/et\/wp-json\/wp\/v2\/comments?post=3747"}],"version-history":[{"count":1,"href":"https:\/\/dutchchemlabs.com\/et\/wp-json\/wp\/v2\/product\/3747\/revisions"}],"predecessor-version":[{"id":3774,"href":"https:\/\/dutchchemlabs.com\/et\/wp-json\/wp\/v2\/product\/3747\/revisions\/3774"}],"wp:featuredmedia":[{"embeddable":true,"href":"https:\/\/dutchchemlabs.com\/et\/wp-json\/wp\/v2\/media\/3773"}],"wp:attachment":[{"href":"https:\/\/dutchchemlabs.com\/et\/wp-json\/wp\/v2\/media?parent=3747"}],"wp:term":[{"taxonomy":"product_brand","embeddable":true,"href":"https:\/\/dutchchemlabs.com\/et\/wp-json\/wp\/v2\/product_brand?post=3747"},{"taxonomy":"product_cat","embeddable":true,"href":"https:\/\/dutchchemlabs.com\/et\/wp-json\/wp\/v2\/product_cat?post=3747"},{"taxonomy":"product_tag","embeddable":true,"href":"https:\/\/dutchchemlabs.com\/et\/wp-json\/wp\/v2\/product_tag?post=3747"}],"curies":[{"name":"wp","href":"https:\/\/api.w.org\/{rel}","templated":true}]}}