{"id":5742,"date":"2025-09-20T11:30:51","date_gmt":"2025-09-20T11:30:51","guid":{"rendered":"https:\/\/dutchchemlabs.com\/?post_type=product&#038;p=5742"},"modified":"2025-11-08T07:39:10","modified_gmt":"2025-11-08T07:39:10","slug":"black-friday-deal-5-gram-2mmc","status":"publish","type":"product","link":"https:\/\/dutchchemlabs.com\/et\/product\/black-friday-deal-5-gram-2mmc\/","title":{"rendered":"Black Friday Deal: 5 gram 2MMC"},"content":{"rendered":"<h2>Black Friday Deal: 5 gram 2MMC<\/h2>\n<p><strong>\ud83c\udf1f Black Friday Deal: 5 gram 2MMC voor slechts 39,95! \ud83c\udf1f<\/strong><\/p>\n<p>Mis deze ongekende Black Friday Deal niet! Deze week bieden we je 5 gram hoogwaardige 2MMC aan voor een onverslaanbare prijs van slechts 39,95. Dit is een exclusieve actie, waarbij kortingscodes helaas niet geldig zijn. Grijp nu je kans en haal dit opmerkelijke product in huis.<\/p>\n<p>Houd er rekening mee dat 2MMC een krachtig product is en verantwoord gebruik ervan in jouw onderzoek van essentieel belang is. Zorg ervoor dat je op de hoogte bent van de lokale wetgeving en voorschriften voordat je dit product koopt.<\/p>\n<p>Wacht niet langer! Deze Black Friday Deal is slechts voor een beperkte tijd beschikbaar. Bestel vandaag nog je 5 gram 2MMC voor slechts 39,95 en beleef een onvergetelijke ervaring. Profiteer nu en maak van deze Black Friday een bijzondere gelegenheid!<\/p>\n<h2>Tellitud enne 18:00 = tarnitud homme!<\/h2>\n<p><strong>Tellitud enne 18:00 = tarnitud homme!\u00a0<\/strong>Teie tellimus saadetakse anon\u00fc\u00fcmselt ja diskreetselt meie tavap\u00e4rase partneri PostNLi kaudu. Lisaks saate lihtsalt ja kiiresti maksta iDEALi v\u00f5i Bancontactiga. Tellige veebilehe kaudu v\u00f5i v\u00f5tke meiega \u00fchendust chat'i kaudu. K\u00fcsimuste ja\/v\u00f5i m\u00e4rkuste korral v\u00f5ite alati helistada, saata meile e-kirja v\u00f5i helistada meile. Suuremate koguste tellimuste puhul saatke palun e-kiri aadressil info@dutchchemlabs.com. Ootame huviga teie tellimust!<\/p>\n<h2>Osta teadusuuringute kemikaale lahtiselt<\/h2>\n<p>Kas soovite tellida suuremaid koguseid? Siis v\u00f5tke meiega vestluse kaudu \u00fchendust. dutchchemlabs.com pakub suuremate koguste puhul konkurentsiv\u00f5imelisi hindu. \u00c4rge oodake enam ja v\u00f5tke \u00fchendust juba t\u00e4na.<\/p>","protected":false},"excerpt":{"rendered":"<ul>\n<li><strong>Diskreetne ja anon\u00fc\u00fcmne laevandus<\/strong><\/li>\n<li><strong>Tellitud enne 18:00 = tarnitud homme!<\/strong><\/li>\n<li><strong>Tasuta kohaletoimetamine \u00fcle 50 euro<\/strong><\/li>\n<\/ul>","protected":false},"featured_media":8888,"comment_status":"open","ping_status":"closed","template":"","meta":[],"product_brand":[],"product_cat":[84],"product_tag":[],"class_list":{"0":"post-5742","1":"product","2":"type-product","3":"status-publish","4":"has-post-thumbnail","6":"product_cat-sale","8":"first","9":"instock","10":"sale","11":"taxable","12":"shipping-taxable","13":"purchasable","14":"product-type-variable"},"jetpack_sharing_enabled":true,"_links":{"self":[{"href":"https:\/\/dutchchemlabs.com\/et\/wp-json\/wp\/v2\/product\/5742","targetHints":{"allow":["GET"]}}],"collection":[{"href":"https:\/\/dutchchemlabs.com\/et\/wp-json\/wp\/v2\/product"}],"about":[{"href":"https:\/\/dutchchemlabs.com\/et\/wp-json\/wp\/v2\/types\/product"}],"replies":[{"embeddable":true,"href":"https:\/\/dutchchemlabs.com\/et\/wp-json\/wp\/v2\/comments?post=5742"}],"version-history":[{"count":2,"href":"https:\/\/dutchchemlabs.com\/et\/wp-json\/wp\/v2\/product\/5742\/revisions"}],"predecessor-version":[{"id":8890,"href":"https:\/\/dutchchemlabs.com\/et\/wp-json\/wp\/v2\/product\/5742\/revisions\/8890"}],"wp:featuredmedia":[{"embeddable":true,"href":"https:\/\/dutchchemlabs.com\/et\/wp-json\/wp\/v2\/media\/8888"}],"wp:attachment":[{"href":"https:\/\/dutchchemlabs.com\/et\/wp-json\/wp\/v2\/media?parent=5742"}],"wp:term":[{"taxonomy":"product_brand","embeddable":true,"href":"https:\/\/dutchchemlabs.com\/et\/wp-json\/wp\/v2\/product_brand?post=5742"},{"taxonomy":"product_cat","embeddable":true,"href":"https:\/\/dutchchemlabs.com\/et\/wp-json\/wp\/v2\/product_cat?post=5742"},{"taxonomy":"product_tag","embeddable":true,"href":"https:\/\/dutchchemlabs.com\/et\/wp-json\/wp\/v2\/product_tag?post=5742"}],"curies":[{"name":"wp","href":"https:\/\/api.w.org\/{rel}","templated":true}]}}