{"id":5865,"date":"2025-09-20T11:31:49","date_gmt":"2025-09-20T11:31:49","guid":{"rendered":"https:\/\/dutchchemlabs.com\/?post_type=product&#038;p=5865"},"modified":"2025-11-08T07:39:09","modified_gmt":"2025-11-08T07:39:09","slug":"bromonordiazepam-pellets-25mg","status":"publish","type":"product","link":"https:\/\/dutchchemlabs.com\/et\/product\/bromonordiazepam-pellets-25mg\/","title":{"rendered":"Bromonordiazepam Pellets (2,5mg)"},"content":{"rendered":"<h1>Bromonordiazepam pellets kopen<\/h1>\n<p>Bromonordiazepam is een onderzoekschemische stof en niet bedoeld voor menselijke consumptie. Je kunt Bromonordiazepam kopen bij dutchchemlabs.com. Als je v\u00f3\u00f3r 18:00 uur bestelt, wordt het de volgende dag al geleverd! Bij ons kun je veilig en gemakkelijk betalen met iDEAL, CreditCard, bankoverschrijving en crypto, zoals je gewend bent. Bromonordiazepam bestellen doe je bij dutchchemlabs.com. Wij bieden ook <a href=\"https:\/\/dutchchemlabs.com\/product-categorie\/research-chemicals\/cathinonen\/2mmc-kopen\/\">2MMC<\/a>, <a href=\"https:\/\/dutchchemlabs.com\/product-categorie\/research-chemicals\/cathinonen\/pentedrone-nep\/\">Pentedrone (NEP)<\/a>,\u00a0<a href=\"https:\/\/dutchchemlabs.com\/product-categorie\/research-chemicals\/cathinonen\/3fmc\/\">3FMC<\/a> ja muud uurimiskemikaalid.<\/p>\n<h2>Wat is Bromonordiazepam?<\/h2>\n<p>Bromonordiazepam is een kalmerende stof die behoort tot de klasse van benzodiazepinen. Deze verbinding staat bekend om haar ontspannende effecten, waaronder angstverlichting, stressvermindering en een gevoel van innerlijke rust. Onze 2,5mg pellets zijn zorgvuldig gedoseerd om je een veilige en kalmerende ervaring te bieden.<\/p>\n<h2>Tellitud enne 18:00 = tarnitud homme!<\/h2>\n<p><strong>Tellitud enne 18:00 = tarnitud homme! <\/strong>Teie tellimus saadetakse anon\u00fc\u00fcmselt ja diskreetselt. Lisaks saate lihtsalt ja kiiresti maksta iDEALi v\u00f5i Bancontactiga. Tellige veebilehe kaudu v\u00f5i v\u00f5tke meiega \u00fchendust chat'i kaudu. Kui teil on k\u00fcsimusi v\u00f5i m\u00e4rkusi, v\u00f5ite alati helistada, saata meile e-kirja v\u00f5i helistada meile e-posti teel. Suuremate koguste tellimuste puhul saatke e-kiri aadressile info@dutchchemlabs.com. Ootame huviga teie tellimust!<\/p>\n<h2>Pakume ka suurtes kogustes<\/h2>\n<p>Wil je graag Bromonordiazepam Pellets bestellen in grotere hoeveelheden? Neem dan via de chat contact met ons op. dutchchemlabs.com bied scherpe tarieven voor grotere hoeveelheden. Wacht niet langer en neem vandaag nog contact op.<\/p>\n<div id=\"ConnectiveDocSignExtentionInstalled\" data-extension-version=\"1.0.4\"><\/div>","protected":false},"excerpt":{"rendered":"<ul>\n<li><strong>Diskreetne ja anon\u00fc\u00fcmne laevandus<\/strong><\/li>\n<li><strong>Tellitud enne 18:00 = tarnitud homme!<\/strong><\/li>\n<li><strong>Tasuta kohaletoimetamine \u00fcle 50 euro<\/strong><\/li>\n<\/ul>\n<div id=\"ConnectiveDocSignExtentionInstalled\" data-extension-version=\"1.0.4\"><\/div>","protected":false},"featured_media":8798,"comment_status":"open","ping_status":"closed","template":"","meta":[],"product_brand":[],"product_cat":[323,324,573],"product_tag":[],"class_list":{"0":"post-5865","1":"product","2":"type-product","3":"status-publish","4":"has-post-thumbnail","6":"product_cat-benzodiazepinen","7":"product_cat-bromonordiazepam","8":"product_cat-pellets","10":"first","11":"instock","12":"taxable","13":"shipping-taxable","14":"purchasable","15":"product-type-variable"},"jetpack_sharing_enabled":true,"_links":{"self":[{"href":"https:\/\/dutchchemlabs.com\/et\/wp-json\/wp\/v2\/product\/5865","targetHints":{"allow":["GET"]}}],"collection":[{"href":"https:\/\/dutchchemlabs.com\/et\/wp-json\/wp\/v2\/product"}],"about":[{"href":"https:\/\/dutchchemlabs.com\/et\/wp-json\/wp\/v2\/types\/product"}],"replies":[{"embeddable":true,"href":"https:\/\/dutchchemlabs.com\/et\/wp-json\/wp\/v2\/comments?post=5865"}],"version-history":[{"count":2,"href":"https:\/\/dutchchemlabs.com\/et\/wp-json\/wp\/v2\/product\/5865\/revisions"}],"predecessor-version":[{"id":8799,"href":"https:\/\/dutchchemlabs.com\/et\/wp-json\/wp\/v2\/product\/5865\/revisions\/8799"}],"wp:featuredmedia":[{"embeddable":true,"href":"https:\/\/dutchchemlabs.com\/et\/wp-json\/wp\/v2\/media\/8798"}],"wp:attachment":[{"href":"https:\/\/dutchchemlabs.com\/et\/wp-json\/wp\/v2\/media?parent=5865"}],"wp:term":[{"taxonomy":"product_brand","embeddable":true,"href":"https:\/\/dutchchemlabs.com\/et\/wp-json\/wp\/v2\/product_brand?post=5865"},{"taxonomy":"product_cat","embeddable":true,"href":"https:\/\/dutchchemlabs.com\/et\/wp-json\/wp\/v2\/product_cat?post=5865"},{"taxonomy":"product_tag","embeddable":true,"href":"https:\/\/dutchchemlabs.com\/et\/wp-json\/wp\/v2\/product_tag?post=5865"}],"curies":[{"name":"wp","href":"https:\/\/api.w.org\/{rel}","templated":true}]}}