{"id":5924,"date":"2025-09-20T11:31:58","date_gmt":"2025-09-20T11:31:58","guid":{"rendered":"https:\/\/dutchchemlabs.com\/?post_type=product&#038;p=5924"},"modified":"2025-11-08T07:39:09","modified_gmt":"2025-11-08T07:39:09","slug":"2mmc-graanulid-220mg","status":"publish","type":"product","link":"https:\/\/dutchchemlabs.com\/et\/product\/2mmc-graanulid-220mg\/","title":{"rendered":"2MMC tabletid (220mg)"},"content":{"rendered":"<h1>2MMC pellets kopen<\/h1>\n<p>Ben je op zoek naar een research chemical met stimulerende effecten? Ontdek dan nu onze hoogwaardige 2MMC pellets (220mg), verkrijgbaar bij dutchchemlabs.com!<\/p>\n<p>2MMC pellets kopen doe je bij dutchchemlabs.com. Naast 2MMC kristallen verkopen we ook <a href=\"https:\/\/dutchchemlabs.com\/product\/2mmc-poeder-kopen-3mmc-vervanger\/\">2MMC poeder<\/a>, <a href=\"https:\/\/dutchchemlabs.com\/product\/2mmc-kristallen-kopen-3mmc-vervanger\/\">2MMC kristallen<\/a> ja <a href=\"https:\/\/dutchchemlabs.com\/product\/2mmc-capsules-kopen\/\">2MMC capsules.<\/a> Pakume ka\u00a0<a href=\"https:\/\/dutchchemlabs.com\/product-categorie\/research-chemicals\/cathinonen\/pentedrone-nep\/\" data-cke-saved-href=\"https:\/\/dutchchemlabs.com\/product-categorie\/research-chemicals\/cathinonen\/pentedrone-nep\/\">Pentedrone (NEP)<\/a>,\u00a0<a href=\"https:\/\/dutchchemlabs.com\/product-categorie\/research-chemicals\/cathinonen\/3fmc\/\" data-cke-saved-href=\"https:\/\/dutchchemlabs.com\/product-categorie\/research-chemicals\/cathinonen\/3fmc\/\">3FMC<\/a> ja muud uurimiskemikaalid.<\/p>\n<h2>Mis on 2MMC?<\/h2>\n<p>2-Methylmethcathinone, vaak afgekort als 2MMC, is een chemische verbinding die behoort tot de klasse van psychoactieve stoffen bekend als cathinonen. Deze chemische stof vertoont structurele overeenkomsten met andere cathinonen, zoals mephedrone en methylone, en is een synthetische analogon van cathinon, een natuurlijk voorkomende alkalo\u00efde in de khatplant (Catha edulis). 2MMC wordt gewaardeerd binnen de wetenschappelijke gemeenschap vanwege zijn potentieel om inzicht te verschaffen in de structuur-activiteitsrelaties van cathinon-analogen en hun interactie met neurotransmittersystemen in het menselijk brein. Onderzoek naar 2MMC richt zich met name op het begrijpen van de farmacologische eigenschappen, mechanismen van actie en potenti\u00eble effecten op de neuromodulatie. Hoewel 2MMC wetenschappelijk wordt bestudeerd, benadrukken we dat het gebruik ervan buiten gecontroleerde laboratoriumomstandigheden onwettig en potentieel gevaarlijk kan zijn, en we moedigen geen enkele vorm van recreatief gebruik aan.<\/p>\n<h2>2MMC effecten<\/h2>\n<p>De effecten van 2MMC worden onderzocht met een focus op zowel fysieke als cognitieve aspecten. Fysiek gezien is 2MMC gekenmerkt door stimulerende eigenschappen, die kunnen resulteren in een toename van hartslag en pupilverwijding. Deze stimulatie is een indicatie van verhoogde sympathische zenuwstelselactiviteit, een gangbare reactie bij bepaalde psychoactieve stoffen. Cognitief heeft 2MMC potentieel interessante effecten. Het kan leiden tot een staat van cognitieve euforie, wat wijst op een verhoogde vrijgave van neurotransmitters die betrokken zijn bij belonings- en genotscentra in de hersenen. Daarnaast is er bewijs dat suggereert dat 2MMC de analytische vaardigheden kan verbeteren en een staat van waakzaamheid kan induceren. Deze effecten zijn voornamelijk het gevolg van de interactie van 2MMC met verschillende neurotransmittersystemen in het brein, wat de complexiteit en veelzijdigheid van deze stof onderstreept. Deze onderzoeksresultaten zijn relevant voor het begrijpen van de werking van 2MMC in laboratoriumomstandigheden en bieden inzichten in de mogelijke farmacologische toepassingen.<\/p>\n<h2>Tellitud enne 18:00 = tarnitud homme!<\/h2>\n<p><strong>Tellitud enne 18:00 = tarnitud homme! <\/strong>Teie tellimus saadetakse anon\u00fc\u00fcmselt ja diskreetselt meie tavap\u00e4rase partneri PostNLi kaudu. Lisaks saate lihtsalt ja kiiresti maksta iDEALi v\u00f5i Bancontactiga. Tellige veebilehe kaudu v\u00f5i v\u00f5tke meiega \u00fchendust chat'i kaudu. Kui teil on k\u00fcsimusi ja\/v\u00f5i m\u00e4rkusi, v\u00f5ite alati helistada, saata meile e-kirja v\u00f5i helistada meile. Suuremate koguste tellimuste puhul saatke e-kiri aadressil info@dutchchemlabs.com. Ootame huviga teie tellimust!<\/p>\n<h2>Pakume ka suurtes kogustes<\/h2>\n<p>Kas soovite tellida 2MMC pulbrit suuremates kogustes? Siis v\u00f5tke meiega vestluse kaudu \u00fchendust. dutchchemlabs.com pakub suuremate koguste puhul konkurentsiv\u00f5imelisi hindu. \u00c4rge oodake enam ja v\u00f5tke meiega juba t\u00e4na \u00fchendust.<\/p>\n<div id=\"ConnectiveDocSignExtentionInstalled\" data-extension-version=\"1.0.4\"><\/div>","protected":false},"excerpt":{"rendered":"<ul>\n<li><strong>Diskreetne ja anon\u00fc\u00fcmne laevandus<\/strong><\/li>\n<li><strong>Tellitud enne 18:00 = tarnitud homme!<\/strong><\/li>\n<li><strong>Tasuta kohaletoimetamine \u00fcle 50 euro<\/strong><\/li>\n<\/ul>\n<div id=\"ConnectiveDocSignExtentionInstalled\" data-extension-version=\"1.0.4\"><\/div>","protected":false},"featured_media":8753,"comment_status":"open","ping_status":"closed","template":"","meta":[],"product_brand":[],"product_cat":[320,102,573],"product_tag":[],"class_list":{"0":"post-5924","1":"product","2":"type-product","3":"status-publish","4":"has-post-thumbnail","6":"product_cat-2mmc","7":"product_cat-cathinonen","8":"product_cat-pellets","10":"first","11":"instock","12":"taxable","13":"shipping-taxable","14":"purchasable","15":"product-type-variable"},"jetpack_sharing_enabled":true,"_links":{"self":[{"href":"https:\/\/dutchchemlabs.com\/et\/wp-json\/wp\/v2\/product\/5924","targetHints":{"allow":["GET"]}}],"collection":[{"href":"https:\/\/dutchchemlabs.com\/et\/wp-json\/wp\/v2\/product"}],"about":[{"href":"https:\/\/dutchchemlabs.com\/et\/wp-json\/wp\/v2\/types\/product"}],"replies":[{"embeddable":true,"href":"https:\/\/dutchchemlabs.com\/et\/wp-json\/wp\/v2\/comments?post=5924"}],"version-history":[{"count":2,"href":"https:\/\/dutchchemlabs.com\/et\/wp-json\/wp\/v2\/product\/5924\/revisions"}],"predecessor-version":[{"id":8755,"href":"https:\/\/dutchchemlabs.com\/et\/wp-json\/wp\/v2\/product\/5924\/revisions\/8755"}],"wp:featuredmedia":[{"embeddable":true,"href":"https:\/\/dutchchemlabs.com\/et\/wp-json\/wp\/v2\/media\/8753"}],"wp:attachment":[{"href":"https:\/\/dutchchemlabs.com\/et\/wp-json\/wp\/v2\/media?parent=5924"}],"wp:term":[{"taxonomy":"product_brand","embeddable":true,"href":"https:\/\/dutchchemlabs.com\/et\/wp-json\/wp\/v2\/product_brand?post=5924"},{"taxonomy":"product_cat","embeddable":true,"href":"https:\/\/dutchchemlabs.com\/et\/wp-json\/wp\/v2\/product_cat?post=5924"},{"taxonomy":"product_tag","embeddable":true,"href":"https:\/\/dutchchemlabs.com\/et\/wp-json\/wp\/v2\/product_tag?post=5924"}],"curies":[{"name":"wp","href":"https:\/\/api.w.org\/{rel}","templated":true}]}}