{"id":6374,"date":"2025-09-20T11:34:09","date_gmt":"2025-09-20T11:34:09","guid":{"rendered":"https:\/\/dutchchemlabs.com\/?post_type=product&#038;p=6374"},"modified":"2025-11-08T07:39:08","modified_gmt":"2025-11-08T07:39:08","slug":"fluoritud-kombipakett","status":"publish","type":"product","link":"https:\/\/dutchchemlabs.com\/et\/product\/fluoritud-kombipakett\/","title":{"rendered":"Fluoritud kombipakett"},"content":{"rendered":"<p><strong>Soovite osta fluoritud kombipaketti? Ei tea, milline Gefluoridae on teie jaoks parim? Siis tellige Fluoriente Combi Pack juba t\u00e4na. Kombipakist leiate 5 erinevat Fluorescenti.<br \/>\n<\/strong><\/p>\n<p>Fluoritud on uurimiskemikaal ja ei sobi inimtoiduks. Tellitud enne 18:00 tarnitakse homme! Saate maksta lihtsalt ja turvaliselt iDEALiga, nagu olete harjunud. Osta fluoritud kemikaale dutchchemlabs.com, mis on kiireim, parim ja odavaim teadusuuringute kemikaalide spetsialist Hollandis! Pakume ka teisi <a href=\"https:\/\/dutchchemlabs.com\/product-categorie\/research-chemicals\/\"> Teadusuuringute kemikaalid<\/a> to.<\/p>\n<p>Pakume ka <a href=\"https:\/\/dutchchemlabs.com\/product-categorie\/research-chemicals\/cathinonen\/2mmc-kopen\/\">2MMC<\/a>, <a href=\"https:\/\/dutchchemlabs.com\/product-categorie\/research-chemicals\/cathinonen\/pentedrone-nep\/\">Pentedrone (NEP)<\/a>,\u00a0<a href=\"https:\/\/dutchchemlabs.com\/product\/dck-deschloroketamine-kristallen-kopen\/\">DCK pulber<\/a>\u00a0ja muud uurimiskemikaalid.<\/p>\n<h2>Fluoreeritud kombipakett, mida see sisaldab?<\/h2>\n<h4>Fluoreeritud kombipakett Small:<\/h4>\n<ul>\n<li>1 gramm 4F-MPH pulber<\/li>\n<li>1 gramm 2-FEA pulber<\/li>\n<li>1 gramm 3-MMA pulber<\/li>\n<li>5x 4F-MPH 25mg tabletid<\/li>\n<li>5x 3-FPM 60mg tabletid<\/li>\n<\/ul>\n<h4>Fluoreeritud kombipakendi keskkond:<\/h4>\n<ul>\n<li>2 grammi 4F-MPH pulbrit<\/li>\n<li>2 grammi 2-FEA pulbrit<\/li>\n<li>2 grammi 3-MMA pulbrit<\/li>\n<li>10x 4F-MPH 25mg tabletid<\/li>\n<li>10x 3-FPM 60mg tabletid<\/li>\n<\/ul>\n<h4>Fluoreeritud kombipakett Large:<\/h4>\n<ul>\n<li>5 grammi 4F-MPH pulbrit<\/li>\n<li>5 grammi 2-FEA pulbrit<\/li>\n<li>5 grammi 3-MMA pulbrit<\/li>\n<li>20x 4F-MPH 25mg tabletid<\/li>\n<li>20x 3-FPM 60mg tabletid<\/li>\n<\/ul>\n<h2>Osta fluoritud<\/h2>\n<p>Fluoriidipakett on suurep\u00e4rane lahendus inimestele, kes soovivad uurida erinevaid fluoriidit\u00fc\u00fcpe. See pakett sisaldab erinevaid l\u00f5hnasid, nii et saate proovida mitut, et leida endale sobivaim. Fluorinated Combi Packi abil saate leida teile k\u00f5ige paremini sobiva Fluorinatedi, ilma et peaksite tellima erinevaid pakendeid.<\/p>\n<h2>Tellitud enne 18:00 = tarnitud homme!<\/h2>\n<p><strong>Tellitud enne 18:00 = tarnitud homme! <\/strong>Teie tellimus saadetakse anon\u00fc\u00fcmselt ja diskreetselt. Lisaks saate lihtsalt ja kiiresti maksta iDEALi v\u00f5i Bancontactiga. Tellige veebilehe kaudu v\u00f5i v\u00f5tke meiega \u00fchendust chat'i kaudu. Kui teil on k\u00fcsimusi ja\/v\u00f5i kommentaare, v\u00f5ite alati helistada, saata meile e-kirja v\u00f5i helistada meile. Suuremate koguste tellimuste puhul palume saata e-kiri aadressile info@dutchchemlabs.com. Ootame huviga teie tellimust! Meie bensodiasepiinid on laboratoorselt testitud ja 100% puhtad.<\/p>\n<h2>Pakume ka suurtes kogustes<\/h2>\n<p>Kas soovite tellida bensodiasepiine suuremates kogustes? Siis v\u00f5tke meiega \u00fchendust chati kaudu. dutchchemlabs.com pakub konkurentsiv\u00f5imelisi hindu suuremate koguste puhul. \u00c4rge oodake enam ja v\u00f5tke meiega juba t\u00e4na \u00fchendust. <a href=\"https:\/\/dutchchemlabs.com\/contact\">Kl\u00f5psake siin, et meiega otse \u00fchendust v\u00f5tta.<\/a><\/p>\n<div id=\"ConnectiveDocSignExtentionInstalled\" data-extension-version=\"1.0.4\"><\/div>","protected":false},"excerpt":{"rendered":"<ul>\n<li><strong>Diskreetne ja anon\u00fc\u00fcmne laevandus<\/strong><\/li>\n<li><strong>Tellitud enne 18:00 = tarnitud homme!<\/strong><\/li>\n<li><strong>Tasuta kohaletoimetamine \u00fcle 50 euro<\/strong><\/li>\n<\/ul>\n<div id=\"ConnectiveDocSignExtentionInstalled\" data-extension-version=\"1.0.4\"><\/div>","protected":false},"featured_media":8768,"comment_status":"open","ping_status":"closed","template":"","meta":[],"product_brand":[],"product_cat":[216,325,336,326,190,89,189,187,84],"product_tag":[],"class_list":{"0":"post-6374","1":"product","2":"type-product","3":"status-publish","4":"has-post-thumbnail","6":"product_cat-2fea","7":"product_cat-3fpm","8":"product_cat-3mma","9":"product_cat-4fmph","10":"product_cat-combi-packs","11":"product_cat-gefluoreerden","12":"product_cat-overig","13":"product_cat-populair","14":"product_cat-sale","16":"first","17":"instock","18":"sale","19":"taxable","20":"shipping-taxable","21":"purchasable","22":"product-type-variable"},"jetpack_sharing_enabled":true,"_links":{"self":[{"href":"https:\/\/dutchchemlabs.com\/et\/wp-json\/wp\/v2\/product\/6374","targetHints":{"allow":["GET"]}}],"collection":[{"href":"https:\/\/dutchchemlabs.com\/et\/wp-json\/wp\/v2\/product"}],"about":[{"href":"https:\/\/dutchchemlabs.com\/et\/wp-json\/wp\/v2\/types\/product"}],"replies":[{"embeddable":true,"href":"https:\/\/dutchchemlabs.com\/et\/wp-json\/wp\/v2\/comments?post=6374"}],"version-history":[{"count":2,"href":"https:\/\/dutchchemlabs.com\/et\/wp-json\/wp\/v2\/product\/6374\/revisions"}],"predecessor-version":[{"id":8772,"href":"https:\/\/dutchchemlabs.com\/et\/wp-json\/wp\/v2\/product\/6374\/revisions\/8772"}],"wp:featuredmedia":[{"embeddable":true,"href":"https:\/\/dutchchemlabs.com\/et\/wp-json\/wp\/v2\/media\/8768"}],"wp:attachment":[{"href":"https:\/\/dutchchemlabs.com\/et\/wp-json\/wp\/v2\/media?parent=6374"}],"wp:term":[{"taxonomy":"product_brand","embeddable":true,"href":"https:\/\/dutchchemlabs.com\/et\/wp-json\/wp\/v2\/product_brand?post=6374"},{"taxonomy":"product_cat","embeddable":true,"href":"https:\/\/dutchchemlabs.com\/et\/wp-json\/wp\/v2\/product_cat?post=6374"},{"taxonomy":"product_tag","embeddable":true,"href":"https:\/\/dutchchemlabs.com\/et\/wp-json\/wp\/v2\/product_tag?post=6374"}],"curies":[{"name":"wp","href":"https:\/\/api.w.org\/{rel}","templated":true}]}}