{"id":6891,"date":"2025-09-20T19:26:08","date_gmt":"2025-09-20T19:26:08","guid":{"rendered":"https:\/\/dutchchemlabs.com\/?post_type=product&#038;p=6891"},"modified":"2025-11-08T07:39:06","modified_gmt":"2025-11-08T07:39:06","slug":"blue-boy-retro-poppers-25ml","status":"publish","type":"product","link":"https:\/\/dutchchemlabs.com\/et\/product\/blue-boy-retro-poppers-25ml\/","title":{"rendered":"Blue Boy Retro Poppers 25ml"},"content":{"rendered":"<h2>Blue Boy Retro poppers bestellen<\/h2>\n<p>De Blue Boy Retro is een absolute klassieker onder de poppers en is al sinds de jaren zeventig op de markt. Deze poppers worden geleverd in de originele vierkante bruine fles met het herkenbare blauwe label. En goed nieuws: de fles is nu uitgerust met een gloednieuwe 100% luchtdichte en lekvrije veiligheidsdop!<\/p>\n<p>Dankzij deze nieuwe dop hoef jij je geen zorgen meer te maken over lekkages tijdens het transport. Maar er is nog meer goed nieuws: de dop zorgt er namelijk ook voor dat de poppers langer vers blijven! Het hermetisch afsluiten van de fles zorgt ervoor dat de krachtige isopropylnitriet nog langer zijn werk kan doen.<\/p>\n<p>Bij dutchchemlabs.com kun je deze Blue Boy Retro poppers nu eenvoudig bestellen. Profiteer van onze snelle en discrete verzending en geniet binnenkort van deze klassieke en verbeterde poppers!<\/p>\n<p>Kas soovite osta ka 3CMC? Dutchchemlabs.com, me m\u00fc\u00fcme ka <a href=\"https:\/\/dutchchemlabs.com\/product\/3cmc-kopen\/\">3CMC pulber<\/a>, <a href=\"https:\/\/dutchchemlabs.com\/product\/3cmc-kopen-kristallen\/\">3CMC kristallid<\/a> ja <a href=\"https:\/\/dutchchemlabs.com\/product\/3cmc-kopen-capsules\/\">3CMC kapslid<\/a>.<\/p>\n<h2>Blue Boy Retro poppers review<\/h2>\n<div class=\"text-red-500 markdown prose w-full break-words dark:prose-invert light\">\n<p>De poppers genaamd Blue Boy Retro zijn geliefde klassiekers vanwege hun kwaliteit en herkenbare geur. Deze poppers van het gerenommeerde merk Blue Boy zijn populair bij zowel beginners als ervaren gebruikers. Bij het openen van de fles komt er een krachtige en verleidelijke geur vrij, die direct de zintuigen prikkelt. Deze poppers bieden een ontspannend effect en versterken de sensaties, wat ideaal is voor het verkennen van seksuele grenzen. De Poppers Blue Boy Retro zijn eenvoudig in gebruik en bieden snelle resultaten. Ze helpen bij het ontspannen van spieren en verhogen de bloedtoevoer naar specifieke gebieden, waardoor de opwinding en het plezier worden versterkt. Of je nu een feestje wilt opvrolijken of je intieme momenten wilt intensiveren, deze poppers bieden een betrouwbare en plezierige ervaring met hun klassieke geur en stimulerende effecten.<\/p>\n<\/p><\/div>\n<h2>Osta poppereid aadressil dutchchemlabs.com<\/h2>\n<p>Veebilehel dutchchemlabs.com saate hiljuti tellida poppereid. Oleme endiselt h\u00f5ivatud oma tootevaliku laiendamisega. Kas teil on ettepanekuid, milliseid poppereid v\u00f5i muid tooteid v\u00f5iksime pakkuda? <a href=\"https:\/\/dutchchemlabs.com\/contact\">V\u00f5tke meiega \u00fchendust<\/a> op en laat het ons weten! Naast de Poppers Blue Boy Retro 25ml bieden wij <a href=\"https:\/\/dutchchemlabs.com\/product-categorie\/poppers\/\">mitut t\u00fc\u00fcpi poppers, et<\/a>.<\/p>\n<h2>Tellitud enne 18:00 = tarnitud homme!<\/h2>\n<p><strong>Tellitud enne 18:00 = tarnitud homme! <\/strong>Teie tellimus saadetakse anon\u00fc\u00fcmselt ja diskreetselt meie tavap\u00e4rase partneri PostNLi kaudu. Lisaks saate lihtsalt ja kiiresti maksta iDEALi v\u00f5i Bancontactiga. Tellige veebilehe kaudu v\u00f5i v\u00f5tke meiega \u00fchendust chat'i kaudu. Kui teil on k\u00fcsimusi ja\/v\u00f5i m\u00e4rkusi, v\u00f5ite alati helistada, saata meile e-kirja v\u00f5i helistada meile. Suuremate koguste tellimuste puhul saatke e-kiri aadressil info@dutchchemlabs.com. Ootame huviga teie tellimust!<\/p>\n<p>dutchchemlabs.com m\u00fc\u00fcb <a href=\"https:\/\/dutchchemlabs.com\/product-categorie\/research-chemicals\/\">Teadusuuringute kemikaalid<\/a> ja muud.<\/p>\n<div id=\"ConnectiveDocSignExtentionInstalled\" data-extension-version=\"1.0.4\"><\/div>","protected":false},"excerpt":{"rendered":"<ul>\n<li><strong>Diskreetne ja anon\u00fc\u00fcmne laevandus<\/strong><\/li>\n<li><strong>Tellitud enne 18:00 = tarnitud homme!<\/strong><\/li>\n<li><strong>Tasuta kohaletoimetamine \u00fcle 50 euro<\/strong><\/li>\n<\/ul>\n<div id=\"ConnectiveDocSignExtentionInstalled\" data-extension-version=\"1.0.4\"><\/div>","protected":false},"featured_media":6931,"comment_status":"open","ping_status":"closed","template":"","meta":[],"product_brand":[],"product_cat":[206,207],"product_tag":[],"class_list":{"0":"post-6891","1":"product","2":"type-product","3":"status-publish","4":"has-post-thumbnail","6":"product_cat-poppers","7":"product_cat-poppers-large","9":"first","10":"instock","11":"taxable","12":"shipping-taxable","13":"purchasable","14":"product-type-simple"},"jetpack_sharing_enabled":true,"_links":{"self":[{"href":"https:\/\/dutchchemlabs.com\/et\/wp-json\/wp\/v2\/product\/6891","targetHints":{"allow":["GET"]}}],"collection":[{"href":"https:\/\/dutchchemlabs.com\/et\/wp-json\/wp\/v2\/product"}],"about":[{"href":"https:\/\/dutchchemlabs.com\/et\/wp-json\/wp\/v2\/types\/product"}],"replies":[{"embeddable":true,"href":"https:\/\/dutchchemlabs.com\/et\/wp-json\/wp\/v2\/comments?post=6891"}],"version-history":[{"count":1,"href":"https:\/\/dutchchemlabs.com\/et\/wp-json\/wp\/v2\/product\/6891\/revisions"}],"predecessor-version":[{"id":6932,"href":"https:\/\/dutchchemlabs.com\/et\/wp-json\/wp\/v2\/product\/6891\/revisions\/6932"}],"wp:featuredmedia":[{"embeddable":true,"href":"https:\/\/dutchchemlabs.com\/et\/wp-json\/wp\/v2\/media\/6931"}],"wp:attachment":[{"href":"https:\/\/dutchchemlabs.com\/et\/wp-json\/wp\/v2\/media?parent=6891"}],"wp:term":[{"taxonomy":"product_brand","embeddable":true,"href":"https:\/\/dutchchemlabs.com\/et\/wp-json\/wp\/v2\/product_brand?post=6891"},{"taxonomy":"product_cat","embeddable":true,"href":"https:\/\/dutchchemlabs.com\/et\/wp-json\/wp\/v2\/product_cat?post=6891"},{"taxonomy":"product_tag","embeddable":true,"href":"https:\/\/dutchchemlabs.com\/et\/wp-json\/wp\/v2\/product_tag?post=6891"}],"curies":[{"name":"wp","href":"https:\/\/api.w.org\/{rel}","templated":true}]}}