{"id":6898,"date":"2025-09-20T19:26:08","date_gmt":"2025-09-20T19:26:08","guid":{"rendered":"https:\/\/dutchchemlabs.com\/?post_type=product&#038;p=6898"},"modified":"2025-11-08T07:39:07","modified_gmt":"2025-11-08T07:39:07","slug":"highrise-city-30ml-poppers","status":"publish","type":"product","link":"https:\/\/dutchchemlabs.com\/et\/product\/highrise-city-30ml-poppers\/","title":{"rendered":"Highrise City 30ml poppers"},"content":{"rendered":"<h2>Tellimine Lockerroom Poppers Highrise City<\/h2>\n<p>Kas otsite intensiivset ja sensatsioonilist kogemust? Siis Lockerroom Poppers Highrise City 30ml on toode, mida otsite! Need kvaliteetsed popperid on spetsiaalselt loodud selleks, et aidata teil l\u00f5\u00f5gastuda ja oma piire \u00fcletada, ning neid saab osta v\u00f5i tellida dutchchemlabs.com.<\/p>\n<p>Lockerroom Poppers Highrise City 30ml on valmistatud kvaliteetsetest koostisosadest ning pakub kiiret ja t\u00f5husat kiiret. See v\u00f5imas valem sobib ideaalselt inimestele, kes otsivad intensiivset kuumuse ja erutuse tunnet. Kui soovite p\u00e4rast pikka p\u00e4eva l\u00f5\u00f5gastuda v\u00f5i lihtsalt p\u00f5nevat elamust, on need popperid ideaalne valik.<\/p>\n<p>Veebilehel dutchchemlabs.com saate osta v\u00f5i tellida poppereid lihtsalt ja turvaliselt. Pakume kiiret ja diskreetset kohaletoimetamist, nii et saate kiiresti nautida oma Lockerroom Poppers Highrise City 30ml. \u00c4rge oodake enam ja kogege ise, miks need popperid on meie klientide seas nii populaarsed. Tellige kohe ja nautige unustamatut kogemust!<\/p>\n<h2>Lockerroom Poppers Highrise City l\u00e4bivaatamine<\/h2>\n<p>Lockerroom Poppers Highrise City on p\u00f5nev t\u00e4iendus Lockerroomi popperside valikusse. Nende popperside abil saate sukelduda linna p\u00f5nevusse ja nautida intensiivset elamust. Highrise City on spetsiaalselt loodud selleks, et stimuleerida teie meeli ja viia teid uutesse k\u00f5rgustesse. Nende popperite v\u00f5imas koostis tagab kiire ja kauakestva toime, mis v\u00f5imaldab teil nautida pikemat ja intensiivsemat joovastust. Olenemata sellest, kas otsite hoogu oma peo\u00f5htute ajal v\u00f5i soovite lisada oma intiimsetele hetkedele lisatooni, Lockerroom Poppers Highrise City pakub usaldusv\u00e4\u00e4rset ja rahuldust pakkuvat kogemust. Pidage meeles, et j\u00e4rgige juhiseid ja kasutage neid poppereid ainult vastavalt juhistele. Avastage Lockerroom Poppers Highrise City p\u00f5nevat maailma ja laske end selle sensatsioonidest kaasa haarata.<\/p>\n<h2>Osta poppereid aadressil dutchchemlabs.com<\/h2>\n<p>Veebilehel dutchchemlabs.com saate hiljuti tellida poppereid. Oleme endiselt h\u00f5ivatud oma tootevaliku laiendamisega. Kas teil on ettepanekuid, milliseid poppereid v\u00f5i muid tooteid v\u00f5iksime pakkuda? <a href=\"https:\/\/dutchchemlabs.com\/contact\">V\u00f5tke meiega \u00fchendust<\/a> \u00fcles ja anna meile teada! Lisaks Lockerroom Poppers Highrise City 30ml poppersile pakume ka <a href=\"https:\/\/dutchchemlabs.com\/product-categorie\/poppers\/\">mitut t\u00fc\u00fcpi poppers, et<\/a>.<\/p>\n<h2>Tellitud enne 18:00 = tarnitud homme!<\/h2>\n<p><strong>Tellitud enne 18:00 = tarnitud homme! <\/strong>Teie tellimus saadetakse anon\u00fc\u00fcmselt ja diskreetselt meie tavap\u00e4rase partneri PostNLi kaudu. Lisaks saate lihtsalt ja kiiresti maksta iDEALi v\u00f5i Bancontactiga. Tellige veebilehe kaudu v\u00f5i v\u00f5tke meiega \u00fchendust chat'i kaudu. Kui teil on k\u00fcsimusi ja\/v\u00f5i m\u00e4rkusi, v\u00f5ite alati helistada, saata meile e-kirja v\u00f5i helistada meile. Suuremate koguste tellimuste puhul saatke e-kiri aadressil info@dutchchemlabs.com. Ootame huviga teie tellimust!<\/p>\n<p>Pakume mitut t\u00fc\u00fcpi <a href=\"https:\/\/dutchchemlabs.com\/product-categorie\/poppers\/\">Poppers<\/a>\u00a0to. Me oleme ka\u00a0<a href=\"https:\/\/dutchchemlabs.com\/product-categorie\/research-chemicals\/\">Teadusuuringute kemikaalid<\/a>\u00a0Spetsialist.<\/p>\n<div id=\"ConnectiveDocSignExtentionInstalled\" data-extension-version=\"1.0.4\"><\/div>","protected":false},"excerpt":{"rendered":"<ul>\n<li><strong>Diskreetne ja anon\u00fc\u00fcmne laevandus<\/strong><\/li>\n<li><strong>Tellitud enne 18:00 = tarnitud homme!<\/strong><\/li>\n<li><strong>Tasuta kohaletoimetamine \u00fcle 50 euro<\/strong><\/li>\n<\/ul>\n<div id=\"ConnectiveDocSignExtentionInstalled\" data-extension-version=\"1.0.4\"><\/div>","protected":false},"featured_media":6947,"comment_status":"open","ping_status":"closed","template":"","meta":[],"product_brand":[],"product_cat":[206,207],"product_tag":[],"class_list":{"0":"post-6898","1":"product","2":"type-product","3":"status-publish","4":"has-post-thumbnail","6":"product_cat-poppers","7":"product_cat-poppers-large","9":"first","10":"instock","11":"taxable","12":"shipping-taxable","13":"purchasable","14":"product-type-simple"},"jetpack_sharing_enabled":true,"_links":{"self":[{"href":"https:\/\/dutchchemlabs.com\/et\/wp-json\/wp\/v2\/product\/6898","targetHints":{"allow":["GET"]}}],"collection":[{"href":"https:\/\/dutchchemlabs.com\/et\/wp-json\/wp\/v2\/product"}],"about":[{"href":"https:\/\/dutchchemlabs.com\/et\/wp-json\/wp\/v2\/types\/product"}],"replies":[{"embeddable":true,"href":"https:\/\/dutchchemlabs.com\/et\/wp-json\/wp\/v2\/comments?post=6898"}],"version-history":[{"count":1,"href":"https:\/\/dutchchemlabs.com\/et\/wp-json\/wp\/v2\/product\/6898\/revisions"}],"predecessor-version":[{"id":6948,"href":"https:\/\/dutchchemlabs.com\/et\/wp-json\/wp\/v2\/product\/6898\/revisions\/6948"}],"wp:featuredmedia":[{"embeddable":true,"href":"https:\/\/dutchchemlabs.com\/et\/wp-json\/wp\/v2\/media\/6947"}],"wp:attachment":[{"href":"https:\/\/dutchchemlabs.com\/et\/wp-json\/wp\/v2\/media?parent=6898"}],"wp:term":[{"taxonomy":"product_brand","embeddable":true,"href":"https:\/\/dutchchemlabs.com\/et\/wp-json\/wp\/v2\/product_brand?post=6898"},{"taxonomy":"product_cat","embeddable":true,"href":"https:\/\/dutchchemlabs.com\/et\/wp-json\/wp\/v2\/product_cat?post=6898"},{"taxonomy":"product_tag","embeddable":true,"href":"https:\/\/dutchchemlabs.com\/et\/wp-json\/wp\/v2\/product_tag?post=6898"}],"curies":[{"name":"wp","href":"https:\/\/api.w.org\/{rel}","templated":true}]}}